{"id":83647,"date":"2025-08-21T15:25:48","date_gmt":"2025-08-21T07:25:48","guid":{"rendered":"https:\/\/www.chinee-inflatable.com\/product\/s4-592-inflatable-pig-statue-giant-inflatable-mascot-cartoon-animal-dancing-pig-decoration-party-event\/"},"modified":"2025-08-21T16:22:47","modified_gmt":"2025-08-21T08:22:47","slug":"s4-592-estatua-de-porco-insuflavel-mascote-insuflavel-gigante-animal-de-desenho-animado-porco-dancante-decoracao-festa-evento","status":"publish","type":"product","link":"https:\/\/www.chinee-inflatable.com\/pt\/produto\/s4-592-estatua-de-porco-insuflavel-mascote-insuflavel-gigante-animal-de-desenho-animado-porco-dancante-decoracao-festa-evento\/","title":{"rendered":"S4-592 Est\u00e1tua de porco insufl\u00e1vel Mascote gigante insufl\u00e1vel Animal dos desenhos animados Porco dan\u00e7ante Decora\u00e7\u00e3o de festa\/evento"},"content":{"rendered":"","protected":false},"excerpt":{"rendered":"","protected":false},"featured_media":83646,"template":"","meta":{"_acf_changed":false},"product_brand":[],"product_cat":[573],"product_tag":[256,443,272],"class_list":{"0":"post-83647","1":"product","2":"type-product","3":"status-publish","4":"has-post-thumbnail","6":"product_cat-inflatable-cartoons-inflatable-decoration","7":"product_tag-chinese-style","8":"product_tag-custom-inflatables","9":"product_tag-pig","11":"first","12":"instock","13":"shipping-taxable","14":"product-type-simple"},"acf":[],"gallery_images":[],"yoast_head":"<!-- This site is optimized with the Yoast SEO Premium plugin v24.1 (Yoast SEO v25.0) - https:\/\/yoast.com\/wordpress\/plugins\/seo\/ -->\n<title>S4-592 Inflatable Pig Statue Giant Inflatable Mascot Cartoon Animal Dancing Pig Decoration Party\/Event - Chinee Inflatable<\/title>\n<meta name=\"description\" content=\"Model: S4-592 ; Size : Can be customized ; Weight: Customized ; Material: 0.55 mm and 0.9 mm PVC Tarpaulin\" \/>\n<meta name=\"robots\" content=\"index, follow, max-snippet:-1, max-image-preview:large, max-video-preview:-1\" \/>\n<link rel=\"canonical\" href=\"https:\/\/www.chinee-inflatable.com\/pt\/produto\/s4-592-estatua-de-porco-insuflavel-mascote-insuflavel-gigante-animal-de-desenho-animado-porco-dancante-decoracao-festa-evento\/\" \/>\n<meta property=\"og:locale\" content=\"pt_PT\" \/>\n<meta property=\"og:type\" content=\"article\" \/>\n<meta property=\"og:title\" content=\"S4-592 Inflatable Pig Statue Giant Inflatable Mascot Cartoon Animal Dancing Pig Decoration Party\/Event\" \/>\n<meta property=\"og:description\" content=\"Model: S4-592 ; Size : Can be customized ; Weight: Customized ; Material: 0.55 mm and 0.9 mm PVC Tarpaulin\" \/>\n<meta property=\"og:url\" content=\"https:\/\/www.chinee-inflatable.com\/pt\/produto\/s4-592-estatua-de-porco-insuflavel-mascote-insuflavel-gigante-animal-de-desenho-animado-porco-dancante-decoracao-festa-evento\/\" \/>\n<meta property=\"og:site_name\" content=\"Chinee Inflatable\" \/>\n<meta property=\"article:publisher\" content=\"https:\/\/www.facebook.com\/ChineeInflatabletian\/\" \/>\n<meta property=\"article:modified_time\" content=\"2025-08-21T08:22:47+00:00\" \/>\n<meta property=\"og:image\" content=\"https:\/\/www.chinee-inflatable.com\/wp-content\/uploads\/2025\/08\/S4-592.jpg\" \/>\n\t<meta property=\"og:image:width\" content=\"1000\" \/>\n\t<meta property=\"og:image:height\" content=\"954\" \/>\n\t<meta property=\"og:image:type\" content=\"image\/jpeg\" \/>\n<meta name=\"twitter:card\" content=\"summary_large_image\" \/>\n<meta name=\"twitter:description\" content=\"Model: S4-592 ; Size : Can be customized ; Weight: Customized ; Material: 0.55 mm and 0.9 mm PVC Tarpaulin\" \/>\n<script type=\"application\/ld+json\" class=\"yoast-schema-graph\">{\"@context\":\"https:\/\/schema.org\",\"@graph\":[{\"@type\":\"WebPage\",\"@id\":\"https:\/\/www.chinee-inflatable.com\/product\/s4-592-inflatable-pig-statue-giant-inflatable-mascot-cartoon-animal-dancing-pig-decoration-party-event\/\",\"url\":\"https:\/\/www.chinee-inflatable.com\/product\/s4-592-inflatable-pig-statue-giant-inflatable-mascot-cartoon-animal-dancing-pig-decoration-party-event\/\",\"name\":\"S4-592 Inflatable Pig Statue Giant Inflatable Mascot Cartoon Animal Dancing Pig Decoration Party\/Event - Chinee Inflatable\",\"isPartOf\":{\"@id\":\"https:\/\/www.chinee-inflatable.com\/#website\"},\"primaryImageOfPage\":{\"@id\":\"https:\/\/www.chinee-inflatable.com\/product\/s4-592-inflatable-pig-statue-giant-inflatable-mascot-cartoon-animal-dancing-pig-decoration-party-event\/#primaryimage\"},\"image\":{\"@id\":\"https:\/\/www.chinee-inflatable.com\/product\/s4-592-inflatable-pig-statue-giant-inflatable-mascot-cartoon-animal-dancing-pig-decoration-party-event\/#primaryimage\"},\"thumbnailUrl\":\"https:\/\/www.chinee-inflatable.com\/wp-content\/uploads\/2025\/08\/S4-592.jpg\",\"datePublished\":\"2025-08-21T07:25:48+00:00\",\"dateModified\":\"2025-08-21T08:22:47+00:00\",\"description\":\"Model: S4-592 ; Size : Can be customized ; Weight: Customized ; Material: 0.55 mm and 0.9 mm PVC Tarpaulin\",\"breadcrumb\":{\"@id\":\"https:\/\/www.chinee-inflatable.com\/product\/s4-592-inflatable-pig-statue-giant-inflatable-mascot-cartoon-animal-dancing-pig-decoration-party-event\/#breadcrumb\"},\"inLanguage\":\"pt-PT\",\"potentialAction\":[{\"@type\":\"ReadAction\",\"target\":[\"https:\/\/www.chinee-inflatable.com\/product\/s4-592-inflatable-pig-statue-giant-inflatable-mascot-cartoon-animal-dancing-pig-decoration-party-event\/\"]}]},{\"@type\":\"ImageObject\",\"inLanguage\":\"pt-PT\",\"@id\":\"https:\/\/www.chinee-inflatable.com\/product\/s4-592-inflatable-pig-statue-giant-inflatable-mascot-cartoon-animal-dancing-pig-decoration-party-event\/#primaryimage\",\"url\":\"https:\/\/www.chinee-inflatable.com\/wp-content\/uploads\/2025\/08\/S4-592.jpg\",\"contentUrl\":\"https:\/\/www.chinee-inflatable.com\/wp-content\/uploads\/2025\/08\/S4-592.jpg\",\"width\":1000,\"height\":954,\"caption\":\"Inflatable Cartoons\"},{\"@type\":\"BreadcrumbList\",\"@id\":\"https:\/\/www.chinee-inflatable.com\/product\/s4-592-inflatable-pig-statue-giant-inflatable-mascot-cartoon-animal-dancing-pig-decoration-party-event\/#breadcrumb\",\"itemListElement\":[{\"@type\":\"ListItem\",\"position\":1,\"name\":\"Home\",\"item\":\"https:\/\/www.chinee-inflatable.com\/\"},{\"@type\":\"ListItem\",\"position\":2,\"name\":\"Products\",\"item\":\"https:\/\/www.chinee-inflatable.com\/shop\/\"},{\"@type\":\"ListItem\",\"position\":3,\"name\":\"S4-592 Inflatable Pig Statue Giant Inflatable Mascot Cartoon Animal Dancing Pig Decoration Party\/Event\"}]},{\"@type\":\"WebSite\",\"@id\":\"https:\/\/www.chinee-inflatable.com\/#website\",\"url\":\"https:\/\/www.chinee-inflatable.com\/\",\"name\":\"Chinee Inflatable Factory\",\"description\":\"Offer you lower price &amp; higher quality inflatables.\",\"publisher\":{\"@id\":\"https:\/\/www.chinee-inflatable.com\/#organization\"},\"alternateName\":\"Chinee Inflatable Bounce\",\"potentialAction\":[{\"@type\":\"SearchAction\",\"target\":{\"@type\":\"EntryPoint\",\"urlTemplate\":\"https:\/\/www.chinee-inflatable.com\/?s={search_term_string}\"},\"query-input\":{\"@type\":\"PropertyValueSpecification\",\"valueRequired\":true,\"valueName\":\"search_term_string\"}}],\"inLanguage\":\"pt-PT\"},{\"@type\":\"Organization\",\"@id\":\"https:\/\/www.chinee-inflatable.com\/#organization\",\"name\":\"Chinee Inflatable\",\"alternateName\":\"Chinee Inflatable Bounce\",\"url\":\"https:\/\/www.chinee-inflatable.com\/\",\"logo\":{\"@type\":\"ImageObject\",\"inLanguage\":\"pt-PT\",\"@id\":\"https:\/\/www.chinee-inflatable.com\/#\/schema\/logo\/image\/\",\"url\":\"https:\/\/www.chinee-inflatable.com\/wp-content\/uploads\/2021\/11\/cropped-CHINEE-INFLATABLE-LOGO.png\",\"contentUrl\":\"https:\/\/www.chinee-inflatable.com\/wp-content\/uploads\/2021\/11\/cropped-CHINEE-INFLATABLE-LOGO.png\",\"width\":200,\"height\":190,\"caption\":\"Chinee Inflatable\"},\"image\":{\"@id\":\"https:\/\/www.chinee-inflatable.com\/#\/schema\/logo\/image\/\"},\"sameAs\":[\"https:\/\/www.facebook.com\/ChineeInflatabletian\/\"],\"description\":\"Chinee Inflatable established in 1998, Chinee has grown to become one of the largest inflatable manufacturers in China.At Chinee, we take pride in our skilled workforce and our ability to cater to the unique needs of our clients. We specialize in producing custom inflatable designs, providing our clients with a diverse range of options for their specific requirements.\",\"email\":\"info@chinee-inflatable.com\",\"telephone\":\"+86-18826065077\",\"legalName\":\"Chinee Inflatable\",\"foundingDate\":\"1998-01-02\",\"numberOfEmployees\":{\"@type\":\"QuantitativeValue\",\"minValue\":\"501\",\"maxValue\":\"1000\"}}]}<\/script>\n<!-- \/ Yoast SEO Premium plugin. -->","yoast_head_json":{"title":"S4-592 Inflatable Pig Statue Giant Inflatable Mascot Cartoon Animal Dancing Pig Decoration Party\/Event - Chinee Inflatable","description":"Model: S4-592 ; Size : Can be customized ; Weight: Customized ; Material: 0.55 mm and 0.9 mm PVC Tarpaulin","robots":{"index":"index","follow":"follow","max-snippet":"max-snippet:-1","max-image-preview":"max-image-preview:large","max-video-preview":"max-video-preview:-1"},"canonical":"https:\/\/www.chinee-inflatable.com\/pt\/produto\/s4-592-estatua-de-porco-insuflavel-mascote-insuflavel-gigante-animal-de-desenho-animado-porco-dancante-decoracao-festa-evento\/","og_locale":"pt_PT","og_type":"article","og_title":"S4-592 Inflatable Pig Statue Giant Inflatable Mascot Cartoon Animal Dancing Pig Decoration Party\/Event","og_description":"Model: S4-592 ; Size : Can be customized ; Weight: Customized ; Material: 0.55 mm and 0.9 mm PVC Tarpaulin","og_url":"https:\/\/www.chinee-inflatable.com\/pt\/produto\/s4-592-estatua-de-porco-insuflavel-mascote-insuflavel-gigante-animal-de-desenho-animado-porco-dancante-decoracao-festa-evento\/","og_site_name":"Chinee Inflatable","article_publisher":"https:\/\/www.facebook.com\/ChineeInflatabletian\/","article_modified_time":"2025-08-21T08:22:47+00:00","og_image":[{"width":1000,"height":954,"url":"https:\/\/www.chinee-inflatable.com\/wp-content\/uploads\/2025\/08\/S4-592.jpg","type":"image\/jpeg"}],"twitter_card":"summary_large_image","twitter_description":"Model: S4-592 ; Size : Can be customized ; Weight: Customized ; Material: 0.55 mm and 0.9 mm PVC Tarpaulin","schema":{"@context":"https:\/\/schema.org","@graph":[{"@type":"WebPage","@id":"https:\/\/www.chinee-inflatable.com\/product\/s4-592-inflatable-pig-statue-giant-inflatable-mascot-cartoon-animal-dancing-pig-decoration-party-event\/","url":"https:\/\/www.chinee-inflatable.com\/product\/s4-592-inflatable-pig-statue-giant-inflatable-mascot-cartoon-animal-dancing-pig-decoration-party-event\/","name":"S4-592 Inflatable Pig Statue Giant Inflatable Mascot Cartoon Animal Dancing Pig Decoration Party\/Event - Chinee Inflatable","isPartOf":{"@id":"https:\/\/www.chinee-inflatable.com\/#website"},"primaryImageOfPage":{"@id":"https:\/\/www.chinee-inflatable.com\/product\/s4-592-inflatable-pig-statue-giant-inflatable-mascot-cartoon-animal-dancing-pig-decoration-party-event\/#primaryimage"},"image":{"@id":"https:\/\/www.chinee-inflatable.com\/product\/s4-592-inflatable-pig-statue-giant-inflatable-mascot-cartoon-animal-dancing-pig-decoration-party-event\/#primaryimage"},"thumbnailUrl":"https:\/\/www.chinee-inflatable.com\/wp-content\/uploads\/2025\/08\/S4-592.jpg","datePublished":"2025-08-21T07:25:48+00:00","dateModified":"2025-08-21T08:22:47+00:00","description":"Model: S4-592 ; Size : Can be customized ; Weight: Customized ; Material: 0.55 mm and 0.9 mm PVC Tarpaulin","breadcrumb":{"@id":"https:\/\/www.chinee-inflatable.com\/product\/s4-592-inflatable-pig-statue-giant-inflatable-mascot-cartoon-animal-dancing-pig-decoration-party-event\/#breadcrumb"},"inLanguage":"pt-PT","potentialAction":[{"@type":"ReadAction","target":["https:\/\/www.chinee-inflatable.com\/product\/s4-592-inflatable-pig-statue-giant-inflatable-mascot-cartoon-animal-dancing-pig-decoration-party-event\/"]}]},{"@type":"ImageObject","inLanguage":"pt-PT","@id":"https:\/\/www.chinee-inflatable.com\/product\/s4-592-inflatable-pig-statue-giant-inflatable-mascot-cartoon-animal-dancing-pig-decoration-party-event\/#primaryimage","url":"https:\/\/www.chinee-inflatable.com\/wp-content\/uploads\/2025\/08\/S4-592.jpg","contentUrl":"https:\/\/www.chinee-inflatable.com\/wp-content\/uploads\/2025\/08\/S4-592.jpg","width":1000,"height":954,"caption":"Inflatable Cartoons"},{"@type":"BreadcrumbList","@id":"https:\/\/www.chinee-inflatable.com\/product\/s4-592-inflatable-pig-statue-giant-inflatable-mascot-cartoon-animal-dancing-pig-decoration-party-event\/#breadcrumb","itemListElement":[{"@type":"ListItem","position":1,"name":"Home","item":"https:\/\/www.chinee-inflatable.com\/"},{"@type":"ListItem","position":2,"name":"Products","item":"https:\/\/www.chinee-inflatable.com\/shop\/"},{"@type":"ListItem","position":3,"name":"S4-592 Inflatable Pig Statue Giant Inflatable Mascot Cartoon Animal Dancing Pig Decoration Party\/Event"}]},{"@type":"WebSite","@id":"https:\/\/www.chinee-inflatable.com\/#website","url":"https:\/\/www.chinee-inflatable.com\/","name":"Chinee Inflatable Factory","description":"Offer you lower price &amp; higher quality inflatables.","publisher":{"@id":"https:\/\/www.chinee-inflatable.com\/#organization"},"alternateName":"Chinee Inflatable Bounce","potentialAction":[{"@type":"SearchAction","target":{"@type":"EntryPoint","urlTemplate":"https:\/\/www.chinee-inflatable.com\/?s={search_term_string}"},"query-input":{"@type":"PropertyValueSpecification","valueRequired":true,"valueName":"search_term_string"}}],"inLanguage":"pt-PT"},{"@type":"Organization","@id":"https:\/\/www.chinee-inflatable.com\/#organization","name":"Chinee Inflatable","alternateName":"Chinee Inflatable Bounce","url":"https:\/\/www.chinee-inflatable.com\/","logo":{"@type":"ImageObject","inLanguage":"pt-PT","@id":"https:\/\/www.chinee-inflatable.com\/#\/schema\/logo\/image\/","url":"https:\/\/www.chinee-inflatable.com\/wp-content\/uploads\/2021\/11\/cropped-CHINEE-INFLATABLE-LOGO.png","contentUrl":"https:\/\/www.chinee-inflatable.com\/wp-content\/uploads\/2021\/11\/cropped-CHINEE-INFLATABLE-LOGO.png","width":200,"height":190,"caption":"Chinee Inflatable"},"image":{"@id":"https:\/\/www.chinee-inflatable.com\/#\/schema\/logo\/image\/"},"sameAs":["https:\/\/www.facebook.com\/ChineeInflatabletian\/"],"description":"Chinee Inflatable established in 1998, Chinee has grown to become one of the largest inflatable manufacturers in China.At Chinee, we take pride in our skilled workforce and our ability to cater to the unique needs of our clients. We specialize in producing custom inflatable designs, providing our clients with a diverse range of options for their specific requirements.","email":"info@chinee-inflatable.com","telephone":"+86-18826065077","legalName":"Chinee Inflatable","foundingDate":"1998-01-02","numberOfEmployees":{"@type":"QuantitativeValue","minValue":"501","maxValue":"1000"}}]}},"_links":{"self":[{"href":"https:\/\/www.chinee-inflatable.com\/pt\/wp-json\/wp\/v2\/product\/83647","targetHints":{"allow":["GET"]}}],"collection":[{"href":"https:\/\/www.chinee-inflatable.com\/pt\/wp-json\/wp\/v2\/product"}],"about":[{"href":"https:\/\/www.chinee-inflatable.com\/pt\/wp-json\/wp\/v2\/types\/product"}],"wp:featuredmedia":[{"embeddable":true,"href":"https:\/\/www.chinee-inflatable.com\/pt\/wp-json\/wp\/v2\/media\/83646"}],"wp:attachment":[{"href":"https:\/\/www.chinee-inflatable.com\/pt\/wp-json\/wp\/v2\/media?parent=83647"}],"wp:term":[{"taxonomy":"product_brand","embeddable":true,"href":"https:\/\/www.chinee-inflatable.com\/pt\/wp-json\/wp\/v2\/product_brand?post=83647"},{"taxonomy":"product_cat","embeddable":true,"href":"https:\/\/www.chinee-inflatable.com\/pt\/wp-json\/wp\/v2\/product_cat?post=83647"},{"taxonomy":"product_tag","embeddable":true,"href":"https:\/\/www.chinee-inflatable.com\/pt\/wp-json\/wp\/v2\/product_tag?post=83647"}],"curies":[{"name":"wp","href":"https:\/\/api.w.org\/{rel}","templated":true}]}}