{"id":7096,"date":"2021-10-15T17:16:03","date_gmt":"2021-10-15T09:16:03","guid":{"rendered":"http:\/\/www.chinee-inflatable.com\/?post_type=product&#038;p=7096"},"modified":"2025-08-27T14:54:49","modified_gmt":"2025-08-27T06:54:49","slug":"tent1-441-tenda-insuflavel","status":"publish","type":"product","link":"https:\/\/www.chinee-inflatable.com\/pt\/produto\/tent1-441-tenda-insuflavel\/","title":{"rendered":"Tent1-441 Tenda insufl\u00e1vel para exterior Tenda m\u00f3vel port\u00e1til Tenda de campismo Fabricante profissional de tendas"},"content":{"rendered":"","protected":false},"excerpt":{"rendered":"","protected":false},"featured_media":52451,"template":"","meta":{"_acf_changed":false},"product_brand":[],"product_cat":[155],"product_tag":[23,169],"class_list":{"0":"post-7096","1":"product","2":"type-product","3":"status-publish","4":"has-post-thumbnail","6":"product_cat-inflatable-tent","7":"product_tag-hot-inflatables","8":"product_tag-in-stock-fast-delivery","10":"first","11":"instock","12":"product-type-simple"},"acf":[],"gallery_images":[52452,52453,52454,52455,52456,52457,52458,52459,52460,52461],"yoast_head":"<!-- This site is optimized with the Yoast SEO Premium plugin v24.1 (Yoast SEO v25.0) - https:\/\/yoast.com\/wordpress\/plugins\/seo\/ -->\n<title>Tent1-441 Outdoor Inflatable Tent Portable Mobile Tent Camping Tent Professional Tent Manufacturer - Chinee Inflatable<\/title>\n<meta name=\"description\" content=\"Model: Tent1-441 ; Size : 5\u00d74\u00d73 m \/ 16.4\u00d713.1\u00d79.8 ft ; Weight: 95 Kg \/ 209.4 lbs ; Material: 0.55 mm and 0.9 mm PVC Tarpaulin\" \/>\n<meta name=\"robots\" content=\"index, follow, max-snippet:-1, max-image-preview:large, max-video-preview:-1\" \/>\n<link rel=\"canonical\" href=\"https:\/\/www.chinee-inflatable.com\/pt\/produto\/tent1-441-tenda-insuflavel\/\" \/>\n<meta property=\"og:locale\" content=\"pt_PT\" \/>\n<meta property=\"og:type\" content=\"article\" \/>\n<meta property=\"og:title\" content=\"Tent1-441 Outdoor Inflatable Tent Portable Mobile Tent Camping Tent Professional Tent Manufacturer\" \/>\n<meta property=\"og:description\" content=\"Model: Tent1-441 ; Size : 5\u00d74\u00d73 m \/ 16.4\u00d713.1\u00d79.8 ft ; Weight: 95 Kg \/ 209.4 lbs ; Material: 0.55 mm and 0.9 mm PVC Tarpaulin\" \/>\n<meta property=\"og:url\" content=\"https:\/\/www.chinee-inflatable.com\/pt\/produto\/tent1-441-tenda-insuflavel\/\" \/>\n<meta property=\"og:site_name\" content=\"Chinee Inflatable\" \/>\n<meta property=\"article:publisher\" content=\"https:\/\/www.facebook.com\/ChineeInflatabletian\/\" \/>\n<meta property=\"article:modified_time\" content=\"2025-08-27T06:54:49+00:00\" \/>\n<meta property=\"og:image\" content=\"https:\/\/www.chinee-inflatable.com\/wp-content\/uploads\/2022\/06\/DJI_0576.jpg\" \/>\n\t<meta property=\"og:image:width\" content=\"1200\" \/>\n\t<meta property=\"og:image:height\" content=\"900\" \/>\n\t<meta property=\"og:image:type\" content=\"image\/jpeg\" \/>\n<meta name=\"twitter:card\" content=\"summary_large_image\" \/>\n<meta name=\"twitter:description\" content=\"Model: Tent1-441 ; Size : 5\u00d74\u00d73 m \/ 16.4\u00d713.1\u00d79.8 ft ; Weight: 95 Kg \/ 209.4 lbs ; Material: 0.55 mm and 0.9 mm PVC Tarpaulin\" \/>\n<script type=\"application\/ld+json\" class=\"yoast-schema-graph\">{\"@context\":\"https:\/\/schema.org\",\"@graph\":[{\"@type\":\"WebPage\",\"@id\":\"https:\/\/www.chinee-inflatable.com\/product\/tent1-441-inflatable-tent\/\",\"url\":\"https:\/\/www.chinee-inflatable.com\/product\/tent1-441-inflatable-tent\/\",\"name\":\"Tent1-441 Outdoor Inflatable Tent Portable Mobile Tent Camping Tent Professional Tent Manufacturer - Chinee Inflatable\",\"isPartOf\":{\"@id\":\"https:\/\/www.chinee-inflatable.com\/#website\"},\"primaryImageOfPage\":{\"@id\":\"https:\/\/www.chinee-inflatable.com\/product\/tent1-441-inflatable-tent\/#primaryimage\"},\"image\":{\"@id\":\"https:\/\/www.chinee-inflatable.com\/product\/tent1-441-inflatable-tent\/#primaryimage\"},\"thumbnailUrl\":\"https:\/\/www.chinee-inflatable.com\/wp-content\/uploads\/2022\/06\/DJI_0576.jpg\",\"datePublished\":\"2021-10-15T09:16:03+00:00\",\"dateModified\":\"2025-08-27T06:54:49+00:00\",\"description\":\"Model: Tent1-441 ; Size : 5\u00d74\u00d73 m \/ 16.4\u00d713.1\u00d79.8 ft ; Weight: 95 Kg \/ 209.4 lbs ; Material: 0.55 mm and 0.9 mm PVC Tarpaulin\",\"breadcrumb\":{\"@id\":\"https:\/\/www.chinee-inflatable.com\/product\/tent1-441-inflatable-tent\/#breadcrumb\"},\"inLanguage\":\"pt-PT\",\"potentialAction\":[{\"@type\":\"ReadAction\",\"target\":[\"https:\/\/www.chinee-inflatable.com\/product\/tent1-441-inflatable-tent\/\"]}]},{\"@type\":\"ImageObject\",\"inLanguage\":\"pt-PT\",\"@id\":\"https:\/\/www.chinee-inflatable.com\/product\/tent1-441-inflatable-tent\/#primaryimage\",\"url\":\"https:\/\/www.chinee-inflatable.com\/wp-content\/uploads\/2022\/06\/DJI_0576.jpg\",\"contentUrl\":\"https:\/\/www.chinee-inflatable.com\/wp-content\/uploads\/2022\/06\/DJI_0576.jpg\",\"width\":1200,\"height\":900},{\"@type\":\"BreadcrumbList\",\"@id\":\"https:\/\/www.chinee-inflatable.com\/product\/tent1-441-inflatable-tent\/#breadcrumb\",\"itemListElement\":[{\"@type\":\"ListItem\",\"position\":1,\"name\":\"Home\",\"item\":\"https:\/\/www.chinee-inflatable.com\/\"},{\"@type\":\"ListItem\",\"position\":2,\"name\":\"Products\",\"item\":\"https:\/\/www.chinee-inflatable.com\/shop\/\"},{\"@type\":\"ListItem\",\"position\":3,\"name\":\"Tent1-441 Outdoor Inflatable Tent Portable Mobile Tent Camping Tent Professional Tent Manufacturer\"}]},{\"@type\":\"WebSite\",\"@id\":\"https:\/\/www.chinee-inflatable.com\/#website\",\"url\":\"https:\/\/www.chinee-inflatable.com\/\",\"name\":\"Chinee Inflatable Factory\",\"description\":\"Offer you lower price &amp; higher quality inflatables.\",\"publisher\":{\"@id\":\"https:\/\/www.chinee-inflatable.com\/#organization\"},\"alternateName\":\"Chinee Inflatable Bounce\",\"potentialAction\":[{\"@type\":\"SearchAction\",\"target\":{\"@type\":\"EntryPoint\",\"urlTemplate\":\"https:\/\/www.chinee-inflatable.com\/?s={search_term_string}\"},\"query-input\":{\"@type\":\"PropertyValueSpecification\",\"valueRequired\":true,\"valueName\":\"search_term_string\"}}],\"inLanguage\":\"pt-PT\"},{\"@type\":\"Organization\",\"@id\":\"https:\/\/www.chinee-inflatable.com\/#organization\",\"name\":\"Chinee Inflatable\",\"alternateName\":\"Chinee Inflatable Bounce\",\"url\":\"https:\/\/www.chinee-inflatable.com\/\",\"logo\":{\"@type\":\"ImageObject\",\"inLanguage\":\"pt-PT\",\"@id\":\"https:\/\/www.chinee-inflatable.com\/#\/schema\/logo\/image\/\",\"url\":\"https:\/\/www.chinee-inflatable.com\/wp-content\/uploads\/2021\/11\/cropped-CHINEE-INFLATABLE-LOGO.png\",\"contentUrl\":\"https:\/\/www.chinee-inflatable.com\/wp-content\/uploads\/2021\/11\/cropped-CHINEE-INFLATABLE-LOGO.png\",\"width\":200,\"height\":190,\"caption\":\"Chinee Inflatable\"},\"image\":{\"@id\":\"https:\/\/www.chinee-inflatable.com\/#\/schema\/logo\/image\/\"},\"sameAs\":[\"https:\/\/www.facebook.com\/ChineeInflatabletian\/\"],\"description\":\"Chinee Inflatable established in 1998, Chinee has grown to become one of the largest inflatable manufacturers in China.At Chinee, we take pride in our skilled workforce and our ability to cater to the unique needs of our clients. We specialize in producing custom inflatable designs, providing our clients with a diverse range of options for their specific requirements.\",\"email\":\"info@chinee-inflatable.com\",\"telephone\":\"+86-18826065077\",\"legalName\":\"Chinee Inflatable\",\"foundingDate\":\"1998-01-02\",\"numberOfEmployees\":{\"@type\":\"QuantitativeValue\",\"minValue\":\"501\",\"maxValue\":\"1000\"}}]}<\/script>\n<!-- \/ Yoast SEO Premium plugin. -->","yoast_head_json":{"title":"Tent1-441 Outdoor Inflatable Tent Portable Mobile Tent Camping Tent Professional Tent Manufacturer - Chinee Inflatable","description":"Model: Tent1-441 ; Size : 5\u00d74\u00d73 m \/ 16.4\u00d713.1\u00d79.8 ft ; Weight: 95 Kg \/ 209.4 lbs ; Material: 0.55 mm and 0.9 mm PVC Tarpaulin","robots":{"index":"index","follow":"follow","max-snippet":"max-snippet:-1","max-image-preview":"max-image-preview:large","max-video-preview":"max-video-preview:-1"},"canonical":"https:\/\/www.chinee-inflatable.com\/pt\/produto\/tent1-441-tenda-insuflavel\/","og_locale":"pt_PT","og_type":"article","og_title":"Tent1-441 Outdoor Inflatable Tent Portable Mobile Tent Camping Tent Professional Tent Manufacturer","og_description":"Model: Tent1-441 ; Size : 5\u00d74\u00d73 m \/ 16.4\u00d713.1\u00d79.8 ft ; Weight: 95 Kg \/ 209.4 lbs ; Material: 0.55 mm and 0.9 mm PVC Tarpaulin","og_url":"https:\/\/www.chinee-inflatable.com\/pt\/produto\/tent1-441-tenda-insuflavel\/","og_site_name":"Chinee Inflatable","article_publisher":"https:\/\/www.facebook.com\/ChineeInflatabletian\/","article_modified_time":"2025-08-27T06:54:49+00:00","og_image":[{"width":1200,"height":900,"url":"https:\/\/www.chinee-inflatable.com\/wp-content\/uploads\/2022\/06\/DJI_0576.jpg","type":"image\/jpeg"}],"twitter_card":"summary_large_image","twitter_description":"Model: Tent1-441 ; Size : 5\u00d74\u00d73 m \/ 16.4\u00d713.1\u00d79.8 ft ; Weight: 95 Kg \/ 209.4 lbs ; Material: 0.55 mm and 0.9 mm PVC Tarpaulin","schema":{"@context":"https:\/\/schema.org","@graph":[{"@type":"WebPage","@id":"https:\/\/www.chinee-inflatable.com\/product\/tent1-441-inflatable-tent\/","url":"https:\/\/www.chinee-inflatable.com\/product\/tent1-441-inflatable-tent\/","name":"Tent1-441 Outdoor Inflatable Tent Portable Mobile Tent Camping Tent Professional Tent Manufacturer - Chinee Inflatable","isPartOf":{"@id":"https:\/\/www.chinee-inflatable.com\/#website"},"primaryImageOfPage":{"@id":"https:\/\/www.chinee-inflatable.com\/product\/tent1-441-inflatable-tent\/#primaryimage"},"image":{"@id":"https:\/\/www.chinee-inflatable.com\/product\/tent1-441-inflatable-tent\/#primaryimage"},"thumbnailUrl":"https:\/\/www.chinee-inflatable.com\/wp-content\/uploads\/2022\/06\/DJI_0576.jpg","datePublished":"2021-10-15T09:16:03+00:00","dateModified":"2025-08-27T06:54:49+00:00","description":"Model: Tent1-441 ; Size : 5\u00d74\u00d73 m \/ 16.4\u00d713.1\u00d79.8 ft ; Weight: 95 Kg \/ 209.4 lbs ; Material: 0.55 mm and 0.9 mm PVC Tarpaulin","breadcrumb":{"@id":"https:\/\/www.chinee-inflatable.com\/product\/tent1-441-inflatable-tent\/#breadcrumb"},"inLanguage":"pt-PT","potentialAction":[{"@type":"ReadAction","target":["https:\/\/www.chinee-inflatable.com\/product\/tent1-441-inflatable-tent\/"]}]},{"@type":"ImageObject","inLanguage":"pt-PT","@id":"https:\/\/www.chinee-inflatable.com\/product\/tent1-441-inflatable-tent\/#primaryimage","url":"https:\/\/www.chinee-inflatable.com\/wp-content\/uploads\/2022\/06\/DJI_0576.jpg","contentUrl":"https:\/\/www.chinee-inflatable.com\/wp-content\/uploads\/2022\/06\/DJI_0576.jpg","width":1200,"height":900},{"@type":"BreadcrumbList","@id":"https:\/\/www.chinee-inflatable.com\/product\/tent1-441-inflatable-tent\/#breadcrumb","itemListElement":[{"@type":"ListItem","position":1,"name":"Home","item":"https:\/\/www.chinee-inflatable.com\/"},{"@type":"ListItem","position":2,"name":"Products","item":"https:\/\/www.chinee-inflatable.com\/shop\/"},{"@type":"ListItem","position":3,"name":"Tent1-441 Outdoor Inflatable Tent Portable Mobile Tent Camping Tent Professional Tent Manufacturer"}]},{"@type":"WebSite","@id":"https:\/\/www.chinee-inflatable.com\/#website","url":"https:\/\/www.chinee-inflatable.com\/","name":"Chinee Inflatable Factory","description":"Offer you lower price &amp; higher quality inflatables.","publisher":{"@id":"https:\/\/www.chinee-inflatable.com\/#organization"},"alternateName":"Chinee Inflatable Bounce","potentialAction":[{"@type":"SearchAction","target":{"@type":"EntryPoint","urlTemplate":"https:\/\/www.chinee-inflatable.com\/?s={search_term_string}"},"query-input":{"@type":"PropertyValueSpecification","valueRequired":true,"valueName":"search_term_string"}}],"inLanguage":"pt-PT"},{"@type":"Organization","@id":"https:\/\/www.chinee-inflatable.com\/#organization","name":"Chinee Inflatable","alternateName":"Chinee Inflatable Bounce","url":"https:\/\/www.chinee-inflatable.com\/","logo":{"@type":"ImageObject","inLanguage":"pt-PT","@id":"https:\/\/www.chinee-inflatable.com\/#\/schema\/logo\/image\/","url":"https:\/\/www.chinee-inflatable.com\/wp-content\/uploads\/2021\/11\/cropped-CHINEE-INFLATABLE-LOGO.png","contentUrl":"https:\/\/www.chinee-inflatable.com\/wp-content\/uploads\/2021\/11\/cropped-CHINEE-INFLATABLE-LOGO.png","width":200,"height":190,"caption":"Chinee Inflatable"},"image":{"@id":"https:\/\/www.chinee-inflatable.com\/#\/schema\/logo\/image\/"},"sameAs":["https:\/\/www.facebook.com\/ChineeInflatabletian\/"],"description":"Chinee Inflatable established in 1998, Chinee has grown to become one of the largest inflatable manufacturers in China.At Chinee, we take pride in our skilled workforce and our ability to cater to the unique needs of our clients. We specialize in producing custom inflatable designs, providing our clients with a diverse range of options for their specific requirements.","email":"info@chinee-inflatable.com","telephone":"+86-18826065077","legalName":"Chinee Inflatable","foundingDate":"1998-01-02","numberOfEmployees":{"@type":"QuantitativeValue","minValue":"501","maxValue":"1000"}}]}},"_links":{"self":[{"href":"https:\/\/www.chinee-inflatable.com\/pt\/wp-json\/wp\/v2\/product\/7096","targetHints":{"allow":["GET"]}}],"collection":[{"href":"https:\/\/www.chinee-inflatable.com\/pt\/wp-json\/wp\/v2\/product"}],"about":[{"href":"https:\/\/www.chinee-inflatable.com\/pt\/wp-json\/wp\/v2\/types\/product"}],"wp:featuredmedia":[{"embeddable":true,"href":"https:\/\/www.chinee-inflatable.com\/pt\/wp-json\/wp\/v2\/media\/52451"}],"wp:attachment":[{"href":"https:\/\/www.chinee-inflatable.com\/pt\/wp-json\/wp\/v2\/media?parent=7096"}],"wp:term":[{"taxonomy":"product_brand","embeddable":true,"href":"https:\/\/www.chinee-inflatable.com\/pt\/wp-json\/wp\/v2\/product_brand?post=7096"},{"taxonomy":"product_cat","embeddable":true,"href":"https:\/\/www.chinee-inflatable.com\/pt\/wp-json\/wp\/v2\/product_cat?post=7096"},{"taxonomy":"product_tag","embeddable":true,"href":"https:\/\/www.chinee-inflatable.com\/pt\/wp-json\/wp\/v2\/product_tag?post=7096"}],"curies":[{"name":"wp","href":"https:\/\/api.w.org\/{rel}","templated":true}]}}