{"id":59462,"date":"2022-12-12T10:26:43","date_gmt":"2022-12-12T02:26:43","guid":{"rendered":"http:\/\/www.chinee-inflatable.com\/product\/s45-inflatable-water-park-aqua-park-water-island-from-chinee-inflatables-2\/"},"modified":"2025-07-29T17:39:12","modified_gmt":"2025-07-29T09:39:12","slug":"s45-parque-aquatico-insuflavel-aqua-park-ilha-de-agua-da-chinee-insuflaveis-2","status":"publish","type":"product","link":"https:\/\/www.chinee-inflatable.com\/pt\/produto\/s45-parque-aquatico-insuflavel-aqua-park-ilha-de-agua-da-chinee-insuflaveis-2\/","title":{"rendered":"S45 Parque aqu\u00e1tico insufl\u00e1vel Aqua Park Ilha de \u00e1gua da Chinee Inflatables"},"content":{"rendered":"<p><img fetchpriority=\"high\" decoding=\"async\" class=\"alignnone size-full wp-image-67855\" src=\"https:\/\/www.china-inflatable.com\/wp-content\/uploads\/2019\/12\/15617156038070.jpg\" alt=\"\" width=\"820\" height=\"524\" \/><\/p>\n<table class=\"table table-bordered table-hover\" style=\"text-align: center;vertical-align: middle\" align=\"center\" data-sort=\"sortDisabled\">\n<tbody>\n<tr class=\"firstRow\" style=\"background-color: #99cc66;font-weight: bold;color: #fff\">\n<td>Fotografia<\/td>\n<td>Descri\u00e7\u00e3o<\/td>\n<td>Quantidade<\/td>\n<td>Fotografia<\/td>\n<td>Descri\u00e7\u00e3o<\/td>\n<td>Quantidade<\/td>\n<\/tr>\n<tr>\n<td colspan=\"1\" rowspan=\"1\" align=\"center\" valign=\"middle\" width=\"255\"><img decoding=\"async\" title=\"\" src=\"https:\/\/www.china-inflatable.com\/wp-content\/uploads\/2020\/08\/15617159352813.jpg\" alt=\" - Jogos de parque aqu\u00e1tico com insufl\u00e1veis de lago Egito Parque aqu\u00e1tico insufl\u00e1vel-1\" \/><\/td>\n<td rowspan=\"1\" align=\"center\" valign=\"middle\" width=\"255\"><span style=\"font-size: 14px\">torre de deslizamento<\/span><\/td>\n<td rowspan=\"1\" align=\"center\" valign=\"middle\" width=\"255\">1<\/td>\n<td colspan=\"1\" rowspan=\"1\" align=\"center\" valign=\"middle\">&nbsp;<\/p>\n<p><img decoding=\"async\" title=\"\" src=\"https:\/\/www.china-inflatable.com\/wp-content\/uploads\/2020\/08\/15617159503053.jpg\" alt=\" - Jogos de Parque Aqu\u00e1tico Infl\u00e1vel do Lago Jogos de Parque Aqu\u00e1tico Infl\u00e1vel do Egito-2\" \/><\/td>\n<td colspan=\"1\" rowspan=\"1\" align=\"center\" valign=\"middle\"><span style=\"font-size: 14px\">ponte de colum<\/span><\/td>\n<td colspan=\"1\" rowspan=\"1\" align=\"center\" valign=\"middle\">1<\/td>\n<\/tr>\n<tr>\n<td align=\"center\" valign=\"middle\"><img decoding=\"async\" title=\"\" src=\"https:\/\/www.china-inflatable.com\/wp-content\/uploads\/2020\/08\/15617159902883.jpg\" alt=\" - Jogos de Parque Aqu\u00e1tico Infl\u00e1vel do Lago Jogos de Parque Aqu\u00e1tico Infl\u00e1vel do Egito-3\" \/><\/td>\n<td align=\"center\" valign=\"middle\">\n<p class=\"juzhong1111\">trampolim<\/p>\n<\/td>\n<td align=\"center\" valign=\"middle\">\n<p class=\"juzhong1111\">1<\/p>\n<\/td>\n<td colspan=\"1\" rowspan=\"1\" align=\"center\" valign=\"middle\" width=\"241\">\n<p style=\"text-align: center\"><img decoding=\"async\" title=\"\" src=\"https:\/\/www.china-inflatable.com\/wp-content\/uploads\/2020\/08\/15617160044463.jpg\" alt=\" - Jogos de parque aqu\u00e1tico insufl\u00e1veis do lago Egito Parque aqu\u00e1tico insufl\u00e1vel-4\" \/><\/p>\n<\/td>\n<td rowspan=\"1\" align=\"center\" valign=\"middle\" width=\"241\">penhasco<\/td>\n<td rowspan=\"1\" align=\"center\" valign=\"middle\" width=\"241\">1<\/td>\n<\/tr>\n<tr>\n<td align=\"center\" valign=\"middle\">&nbsp;<\/p>\n<p><img decoding=\"async\" title=\"\" src=\"https:\/\/www.china-inflatable.com\/wp-content\/uploads\/2020\/08\/15617160235422.jpg\" alt=\" - Jogos de parque aqu\u00e1tico com insufl\u00e1veis de lago Egito Parque aqu\u00e1tico insufl\u00e1vel-5\" \/><\/td>\n<td align=\"center\" valign=\"middle\">\n<p class=\"juzhong1111\">onda deslizante<\/p>\n<\/td>\n<td align=\"center\" valign=\"middle\">\n<p class=\"juzhong1111\">1<\/p>\n<\/td>\n<td><img decoding=\"async\" title=\"\" src=\"https:\/\/www.china-inflatable.com\/wp-content\/uploads\/2020\/08\/15617160629550.jpg\" alt=\" - Jogos de parque aqu\u00e1tico insufl\u00e1veis do lago Jogos de parque aqu\u00e1tico insufl\u00e1veis do Egito-6\" \/><\/td>\n<td>\n<p class=\"juzhong1111\">bar da selva<\/p>\n<\/td>\n<td>\n<p class=\"juzhong1111\">1<\/p>\n<\/td>\n<\/tr>\n<tr>\n<td align=\"center\" valign=\"middle\"><img decoding=\"async\" title=\"\" src=\"https:\/\/www.china-inflatable.com\/wp-content\/uploads\/2020\/08\/15617160833016.jpg\" alt=\" - Jogos de parque aqu\u00e1tico insufl\u00e1veis do lago Egito Parque aqu\u00e1tico insufl\u00e1vel-7\" \/><\/td>\n<td align=\"center\" valign=\"middle\">\n<p class=\"juzhong1111\">pilares de divers\u00e3o<\/p>\n<\/td>\n<td align=\"center\" valign=\"middle\">\n<p class=\"juzhong1111\">1<\/p>\n<\/td>\n<td><img decoding=\"async\" title=\"\" src=\"https:\/\/www.china-inflatable.com\/wp-content\/uploads\/2020\/08\/15617161106319.jpg\" alt=\" - Jogos de parque aqu\u00e1tico insufl\u00e1veis do lago Egito Parque aqu\u00e1tico insufl\u00e1vel-8\" \/><\/td>\n<td>\n<p class=\"juzhong1111\">escada dupla<\/p>\n<\/td>\n<td>\n<p class=\"juzhong1111\">1<\/p>\n<\/td>\n<\/tr>\n<tr>\n<td align=\"center\" valign=\"middle\"><img decoding=\"async\" title=\"\" src=\"https:\/\/www.china-inflatable.com\/wp-content\/uploads\/2020\/08\/15617161295484.jpg\" alt=\" - Lake Inflatables Parque aqu\u00e1tico Jogos Egito Parque aqu\u00e1tico insufl\u00e1vel-9\" \/><\/td>\n<td align=\"center\" valign=\"middle\">\n<p class=\"juzhong1111\">deslizamento<\/p>\n<\/td>\n<td align=\"center\" valign=\"middle\">\n<p class=\"juzhong1111\">1<\/p>\n<\/td>\n<td><img decoding=\"async\" title=\"\" src=\"https:\/\/www.china-inflatable.com\/wp-content\/uploads\/2020\/08\/15617161602882.jpg\" alt=\" - Jogos de Parque Aqu\u00e1tico Infl\u00e1vel do Lago Jogos de Parque Aqu\u00e1tico Infl\u00e1vel do Egito-10\" \/><\/td>\n<td>\n<p class=\"juzhong1111\">pista oval<\/p>\n<\/td>\n<td>\n<p class=\"juzhong1111\">1<\/p>\n<\/td>\n<\/tr>\n<tr>\n<td colspan=\"1\" rowspan=\"1\" align=\"center\" valign=\"middle\"><img decoding=\"async\" title=\"\" src=\"https:\/\/www.china-inflatable.com\/wp-content\/uploads\/2020\/08\/15617161886783.jpg\" alt=\" - Jogos de parque aqu\u00e1tico insufl\u00e1veis do lago Egito Parque aqu\u00e1tico insufl\u00e1vel-11\" \/><\/td>\n<td colspan=\"1\" rowspan=\"1\" align=\"center\" valign=\"middle\">\n<p class=\"juzhong1111\">trave de equil\u00edbrio<\/p>\n<\/td>\n<td colspan=\"1\" rowspan=\"1\" align=\"center\" valign=\"middle\">\n<p class=\"juzhong1111\">1<\/p>\n<\/td>\n<td colspan=\"1\" rowspan=\"1\"><img decoding=\"async\" title=\"\" src=\"https:\/\/www.china-inflatable.com\/wp-content\/uploads\/2020\/08\/15617162123484.jpg\" alt=\" - Jogos de parque aqu\u00e1tico insufl\u00e1veis do lago Egito Parque aqu\u00e1tico insufl\u00e1vel-12\" \/><\/td>\n<td colspan=\"1\" rowspan=\"1\">\n<p class=\"juzhong1111\">pista<\/p>\n<\/td>\n<td colspan=\"1\" rowspan=\"1\">\n<p class=\"juzhong1111\">12<\/p>\n<\/td>\n<\/tr>\n<tr>\n<td colspan=\"1\" rowspan=\"1\" align=\"center\" valign=\"middle\"><img decoding=\"async\" title=\"\" src=\"https:\/\/www.china-inflatable.com\/wp-content\/uploads\/2020\/08\/15617162435785.jpg\" alt=\" - Jogos de parque aqu\u00e1tico com insufl\u00e1veis de lago Egito Parque aqu\u00e1tico insufl\u00e1vel-13\" \/><\/td>\n<td colspan=\"1\" rowspan=\"1\" align=\"center\" valign=\"middle\">\n<p class=\"juzhong1111\">rampa<\/p>\n<\/td>\n<td colspan=\"1\" rowspan=\"1\" align=\"center\" valign=\"middle\">\n<p class=\"juzhong1111\">8<\/p>\n<\/td>\n<td colspan=\"1\" rowspan=\"1\"><img decoding=\"async\" title=\"\" src=\"https:\/\/www.china-inflatable.com\/wp-content\/uploads\/2020\/08\/15617162579192.jpg\" alt=\" - Jogos de parque aqu\u00e1tico insufl\u00e1veis do lago Egito Parque aqu\u00e1tico insufl\u00e1vel-14\" \/><\/td>\n<td colspan=\"1\" rowspan=\"1\">\n<p class=\"juzhong1111\">canto quadrado<\/p>\n<\/td>\n<td colspan=\"1\" rowspan=\"1\">\n<p class=\"juzhong1111\">3<\/p>\n<\/td>\n<\/tr>\n<tr>\n<td colspan=\"1\" rowspan=\"1\" align=\"center\" valign=\"middle\">&nbsp;<\/p>\n<p><img decoding=\"async\" src=\"https:\/\/www.china-inflatable.com\/wp-content\/uploads\/2020\/08\/15617146443896.jpg\" alt=\" -Parque aqu\u00e1tico insufl\u00e1vel para crian\u00e7as Parque aqu\u00e1tico insufl\u00e1vel para lago--17\" \/><\/td>\n<td colspan=\"1\" rowspan=\"1\" align=\"center\" valign=\"middle\">\n<p class=\"juzhong1111\">tubo<\/p>\n<\/td>\n<td colspan=\"1\" rowspan=\"1\" align=\"center\" valign=\"middle\">\n<p class=\"juzhong1111\">16<\/p>\n<\/td>\n<td colspan=\"1\" rowspan=\"1\"><\/td>\n<td colspan=\"1\" rowspan=\"1\"><\/td>\n<td colspan=\"1\" rowspan=\"1\"><\/td>\n<\/tr>\n<\/tbody>\n<\/table>","protected":false},"excerpt":{"rendered":"<p>Photo Description Qty Photo Description Qty slide tower 1 &nbsp; colum bridge 1 trampoline 1 cliff 1 &nbsp; slipping wave 1 jungle bar 1 fun pillars 1 double ladder 1 slide 1 oval runway 1 balance beam 1 runway 12 ramp 8 square corner 3 &nbsp; pipe 16<\/p>","protected":false},"featured_media":20805,"template":"","meta":{"_acf_changed":false},"product_brand":[],"product_cat":[63],"product_tag":[423,424],"class_list":{"0":"post-59462","1":"product","2":"type-product","3":"status-publish","4":"has-post-thumbnail","6":"product_cat-water-park","7":"product_tag-aqua-park","8":"product_tag-giant-water-park","10":"first","11":"instock","12":"shipping-taxable","13":"product-type-simple"},"acf":[],"gallery_images":[20806,20808],"yoast_head":"<!-- This site is optimized with the Yoast SEO Premium plugin v24.1 (Yoast SEO v25.0) - https:\/\/yoast.com\/wordpress\/plugins\/seo\/ -->\n<title>S45 Inflatable Water Park Aqua Park Water Island From Chinee Inflatables - Chinee Inflatable<\/title>\n<meta name=\"description\" content=\"Model: S45 ; Size : 20\u00d755\u00d73.5 m \/ 65.6\u00d7180.4\u00d711.5 ft ; Weight: 2,000 Kg \/ 4,409.2 lbs ; Material: 0.55 mm and 0.9 mm PVC Tarpaulin\" \/>\n<meta name=\"robots\" content=\"index, follow, max-snippet:-1, max-image-preview:large, max-video-preview:-1\" \/>\n<link rel=\"canonical\" href=\"https:\/\/www.chinee-inflatable.com\/pt\/produto\/s45-parque-aquatico-insuflavel-aqua-park-ilha-de-agua-da-chinee-insuflaveis-2\/\" \/>\n<meta property=\"og:locale\" content=\"pt_PT\" \/>\n<meta property=\"og:type\" content=\"article\" \/>\n<meta property=\"og:title\" content=\"S45 Inflatable Water Park Aqua Park Water Island From Chinee Inflatables\" \/>\n<meta property=\"og:description\" content=\"Model: S45 ; Size : 20\u00d755\u00d73.5 m \/ 65.6\u00d7180.4\u00d711.5 ft ; Weight: 2,000 Kg \/ 4,409.2 lbs ; Material: 0.55 mm and 0.9 mm PVC Tarpaulin\" \/>\n<meta property=\"og:url\" content=\"https:\/\/www.chinee-inflatable.com\/pt\/produto\/s45-parque-aquatico-insuflavel-aqua-park-ilha-de-agua-da-chinee-insuflaveis-2\/\" \/>\n<meta property=\"og:site_name\" content=\"Chinee Inflatable\" \/>\n<meta property=\"article:publisher\" content=\"https:\/\/www.facebook.com\/ChineeInflatabletian\/\" \/>\n<meta property=\"article:modified_time\" content=\"2025-07-29T09:39:12+00:00\" \/>\n<meta property=\"og:image\" content=\"https:\/\/www.chinee-inflatable.com\/wp-content\/uploads\/2021\/10\/QYTHDRHMK@WV4Q5UPQBC5F.jpg\" \/>\n\t<meta property=\"og:image:width\" content=\"1507\" \/>\n\t<meta property=\"og:image:height\" content=\"806\" \/>\n\t<meta property=\"og:image:type\" content=\"image\/jpeg\" \/>\n<meta name=\"twitter:card\" content=\"summary_large_image\" \/>\n<meta name=\"twitter:description\" content=\"Model: S45 ; Size : 20\u00d755\u00d73.5 m \/ 65.6\u00d7180.4\u00d711.5 ft ; Weight: 2,000 Kg \/ 4,409.2 lbs ; Material: 0.55 mm and 0.9 mm PVC Tarpaulin\" \/>\n<script type=\"application\/ld+json\" class=\"yoast-schema-graph\">{\"@context\":\"https:\/\/schema.org\",\"@graph\":[{\"@type\":\"WebPage\",\"@id\":\"https:\/\/www.chinee-inflatable.com\/product\/s45-inflatable-water-park-aqua-park-water-island-from-chinee-inflatables-2\/\",\"url\":\"https:\/\/www.chinee-inflatable.com\/product\/s45-inflatable-water-park-aqua-park-water-island-from-chinee-inflatables-2\/\",\"name\":\"S45 Inflatable Water Park Aqua Park Water Island From Chinee Inflatables - Chinee Inflatable\",\"isPartOf\":{\"@id\":\"https:\/\/www.chinee-inflatable.com\/#website\"},\"primaryImageOfPage\":{\"@id\":\"https:\/\/www.chinee-inflatable.com\/product\/s45-inflatable-water-park-aqua-park-water-island-from-chinee-inflatables-2\/#primaryimage\"},\"image\":{\"@id\":\"https:\/\/www.chinee-inflatable.com\/product\/s45-inflatable-water-park-aqua-park-water-island-from-chinee-inflatables-2\/#primaryimage\"},\"thumbnailUrl\":\"https:\/\/www.chinee-inflatable.com\/wp-content\/uploads\/2021\/10\/QYTHDRHMK@WV4Q5UPQBC5F.jpg\",\"datePublished\":\"2022-12-12T02:26:43+00:00\",\"dateModified\":\"2025-07-29T09:39:12+00:00\",\"description\":\"Model: S45 ; Size : 20\u00d755\u00d73.5 m \/ 65.6\u00d7180.4\u00d711.5 ft ; Weight: 2,000 Kg \/ 4,409.2 lbs ; Material: 0.55 mm and 0.9 mm PVC Tarpaulin\",\"breadcrumb\":{\"@id\":\"https:\/\/www.chinee-inflatable.com\/product\/s45-inflatable-water-park-aqua-park-water-island-from-chinee-inflatables-2\/#breadcrumb\"},\"inLanguage\":\"pt-PT\",\"potentialAction\":[{\"@type\":\"ReadAction\",\"target\":[\"https:\/\/www.chinee-inflatable.com\/product\/s45-inflatable-water-park-aqua-park-water-island-from-chinee-inflatables-2\/\"]}]},{\"@type\":\"ImageObject\",\"inLanguage\":\"pt-PT\",\"@id\":\"https:\/\/www.chinee-inflatable.com\/product\/s45-inflatable-water-park-aqua-park-water-island-from-chinee-inflatables-2\/#primaryimage\",\"url\":\"https:\/\/www.chinee-inflatable.com\/wp-content\/uploads\/2021\/10\/QYTHDRHMK@WV4Q5UPQBC5F.jpg\",\"contentUrl\":\"https:\/\/www.chinee-inflatable.com\/wp-content\/uploads\/2021\/10\/QYTHDRHMK@WV4Q5UPQBC5F.jpg\",\"width\":1507,\"height\":806,\"caption\":\"Inflatable Water Park\"},{\"@type\":\"BreadcrumbList\",\"@id\":\"https:\/\/www.chinee-inflatable.com\/product\/s45-inflatable-water-park-aqua-park-water-island-from-chinee-inflatables-2\/#breadcrumb\",\"itemListElement\":[{\"@type\":\"ListItem\",\"position\":1,\"name\":\"Home\",\"item\":\"https:\/\/www.chinee-inflatable.com\/\"},{\"@type\":\"ListItem\",\"position\":2,\"name\":\"Products\",\"item\":\"https:\/\/www.chinee-inflatable.com\/shop\/\"},{\"@type\":\"ListItem\",\"position\":3,\"name\":\"S45 Inflatable Water Park Aqua Park Water Island From Chinee Inflatables\"}]},{\"@type\":\"WebSite\",\"@id\":\"https:\/\/www.chinee-inflatable.com\/#website\",\"url\":\"https:\/\/www.chinee-inflatable.com\/\",\"name\":\"Chinee Inflatable Factory\",\"description\":\"Offer you lower price &amp; higher quality inflatables.\",\"publisher\":{\"@id\":\"https:\/\/www.chinee-inflatable.com\/#organization\"},\"alternateName\":\"Chinee Inflatable Bounce\",\"potentialAction\":[{\"@type\":\"SearchAction\",\"target\":{\"@type\":\"EntryPoint\",\"urlTemplate\":\"https:\/\/www.chinee-inflatable.com\/?s={search_term_string}\"},\"query-input\":{\"@type\":\"PropertyValueSpecification\",\"valueRequired\":true,\"valueName\":\"search_term_string\"}}],\"inLanguage\":\"pt-PT\"},{\"@type\":\"Organization\",\"@id\":\"https:\/\/www.chinee-inflatable.com\/#organization\",\"name\":\"Chinee Inflatable\",\"alternateName\":\"Chinee Inflatable Bounce\",\"url\":\"https:\/\/www.chinee-inflatable.com\/\",\"logo\":{\"@type\":\"ImageObject\",\"inLanguage\":\"pt-PT\",\"@id\":\"https:\/\/www.chinee-inflatable.com\/#\/schema\/logo\/image\/\",\"url\":\"https:\/\/www.chinee-inflatable.com\/wp-content\/uploads\/2021\/11\/cropped-CHINEE-INFLATABLE-LOGO.png\",\"contentUrl\":\"https:\/\/www.chinee-inflatable.com\/wp-content\/uploads\/2021\/11\/cropped-CHINEE-INFLATABLE-LOGO.png\",\"width\":200,\"height\":190,\"caption\":\"Chinee Inflatable\"},\"image\":{\"@id\":\"https:\/\/www.chinee-inflatable.com\/#\/schema\/logo\/image\/\"},\"sameAs\":[\"https:\/\/www.facebook.com\/ChineeInflatabletian\/\"],\"description\":\"Chinee Inflatable established in 1998, Chinee has grown to become one of the largest inflatable manufacturers in China.At Chinee, we take pride in our skilled workforce and our ability to cater to the unique needs of our clients. We specialize in producing custom inflatable designs, providing our clients with a diverse range of options for their specific requirements.\",\"email\":\"info@chinee-inflatable.com\",\"telephone\":\"+86-18826065077\",\"legalName\":\"Chinee Inflatable\",\"foundingDate\":\"1998-01-02\",\"numberOfEmployees\":{\"@type\":\"QuantitativeValue\",\"minValue\":\"501\",\"maxValue\":\"1000\"}}]}<\/script>\n<!-- \/ Yoast SEO Premium plugin. -->","yoast_head_json":{"title":"S45 Inflatable Water Park Aqua Park Water Island From Chinee Inflatables - Chinee Inflatable","description":"Model: S45 ; Size : 20\u00d755\u00d73.5 m \/ 65.6\u00d7180.4\u00d711.5 ft ; Weight: 2,000 Kg \/ 4,409.2 lbs ; Material: 0.55 mm and 0.9 mm PVC Tarpaulin","robots":{"index":"index","follow":"follow","max-snippet":"max-snippet:-1","max-image-preview":"max-image-preview:large","max-video-preview":"max-video-preview:-1"},"canonical":"https:\/\/www.chinee-inflatable.com\/pt\/produto\/s45-parque-aquatico-insuflavel-aqua-park-ilha-de-agua-da-chinee-insuflaveis-2\/","og_locale":"pt_PT","og_type":"article","og_title":"S45 Inflatable Water Park Aqua Park Water Island From Chinee Inflatables","og_description":"Model: S45 ; Size : 20\u00d755\u00d73.5 m \/ 65.6\u00d7180.4\u00d711.5 ft ; Weight: 2,000 Kg \/ 4,409.2 lbs ; Material: 0.55 mm and 0.9 mm PVC Tarpaulin","og_url":"https:\/\/www.chinee-inflatable.com\/pt\/produto\/s45-parque-aquatico-insuflavel-aqua-park-ilha-de-agua-da-chinee-insuflaveis-2\/","og_site_name":"Chinee Inflatable","article_publisher":"https:\/\/www.facebook.com\/ChineeInflatabletian\/","article_modified_time":"2025-07-29T09:39:12+00:00","og_image":[{"width":1507,"height":806,"url":"https:\/\/www.chinee-inflatable.com\/wp-content\/uploads\/2021\/10\/QYTHDRHMK@WV4Q5UPQBC5F.jpg","type":"image\/jpeg"}],"twitter_card":"summary_large_image","twitter_description":"Model: S45 ; Size : 20\u00d755\u00d73.5 m \/ 65.6\u00d7180.4\u00d711.5 ft ; Weight: 2,000 Kg \/ 4,409.2 lbs ; Material: 0.55 mm and 0.9 mm PVC Tarpaulin","schema":{"@context":"https:\/\/schema.org","@graph":[{"@type":"WebPage","@id":"https:\/\/www.chinee-inflatable.com\/product\/s45-inflatable-water-park-aqua-park-water-island-from-chinee-inflatables-2\/","url":"https:\/\/www.chinee-inflatable.com\/product\/s45-inflatable-water-park-aqua-park-water-island-from-chinee-inflatables-2\/","name":"S45 Inflatable Water Park Aqua Park Water Island From Chinee Inflatables - Chinee Inflatable","isPartOf":{"@id":"https:\/\/www.chinee-inflatable.com\/#website"},"primaryImageOfPage":{"@id":"https:\/\/www.chinee-inflatable.com\/product\/s45-inflatable-water-park-aqua-park-water-island-from-chinee-inflatables-2\/#primaryimage"},"image":{"@id":"https:\/\/www.chinee-inflatable.com\/product\/s45-inflatable-water-park-aqua-park-water-island-from-chinee-inflatables-2\/#primaryimage"},"thumbnailUrl":"https:\/\/www.chinee-inflatable.com\/wp-content\/uploads\/2021\/10\/QYTHDRHMK@WV4Q5UPQBC5F.jpg","datePublished":"2022-12-12T02:26:43+00:00","dateModified":"2025-07-29T09:39:12+00:00","description":"Model: S45 ; Size : 20\u00d755\u00d73.5 m \/ 65.6\u00d7180.4\u00d711.5 ft ; Weight: 2,000 Kg \/ 4,409.2 lbs ; Material: 0.55 mm and 0.9 mm PVC Tarpaulin","breadcrumb":{"@id":"https:\/\/www.chinee-inflatable.com\/product\/s45-inflatable-water-park-aqua-park-water-island-from-chinee-inflatables-2\/#breadcrumb"},"inLanguage":"pt-PT","potentialAction":[{"@type":"ReadAction","target":["https:\/\/www.chinee-inflatable.com\/product\/s45-inflatable-water-park-aqua-park-water-island-from-chinee-inflatables-2\/"]}]},{"@type":"ImageObject","inLanguage":"pt-PT","@id":"https:\/\/www.chinee-inflatable.com\/product\/s45-inflatable-water-park-aqua-park-water-island-from-chinee-inflatables-2\/#primaryimage","url":"https:\/\/www.chinee-inflatable.com\/wp-content\/uploads\/2021\/10\/QYTHDRHMK@WV4Q5UPQBC5F.jpg","contentUrl":"https:\/\/www.chinee-inflatable.com\/wp-content\/uploads\/2021\/10\/QYTHDRHMK@WV4Q5UPQBC5F.jpg","width":1507,"height":806,"caption":"Inflatable Water Park"},{"@type":"BreadcrumbList","@id":"https:\/\/www.chinee-inflatable.com\/product\/s45-inflatable-water-park-aqua-park-water-island-from-chinee-inflatables-2\/#breadcrumb","itemListElement":[{"@type":"ListItem","position":1,"name":"Home","item":"https:\/\/www.chinee-inflatable.com\/"},{"@type":"ListItem","position":2,"name":"Products","item":"https:\/\/www.chinee-inflatable.com\/shop\/"},{"@type":"ListItem","position":3,"name":"S45 Inflatable Water Park Aqua Park Water Island From Chinee Inflatables"}]},{"@type":"WebSite","@id":"https:\/\/www.chinee-inflatable.com\/#website","url":"https:\/\/www.chinee-inflatable.com\/","name":"Chinee Inflatable Factory","description":"Offer you lower price &amp; higher quality inflatables.","publisher":{"@id":"https:\/\/www.chinee-inflatable.com\/#organization"},"alternateName":"Chinee Inflatable Bounce","potentialAction":[{"@type":"SearchAction","target":{"@type":"EntryPoint","urlTemplate":"https:\/\/www.chinee-inflatable.com\/?s={search_term_string}"},"query-input":{"@type":"PropertyValueSpecification","valueRequired":true,"valueName":"search_term_string"}}],"inLanguage":"pt-PT"},{"@type":"Organization","@id":"https:\/\/www.chinee-inflatable.com\/#organization","name":"Chinee Inflatable","alternateName":"Chinee Inflatable Bounce","url":"https:\/\/www.chinee-inflatable.com\/","logo":{"@type":"ImageObject","inLanguage":"pt-PT","@id":"https:\/\/www.chinee-inflatable.com\/#\/schema\/logo\/image\/","url":"https:\/\/www.chinee-inflatable.com\/wp-content\/uploads\/2021\/11\/cropped-CHINEE-INFLATABLE-LOGO.png","contentUrl":"https:\/\/www.chinee-inflatable.com\/wp-content\/uploads\/2021\/11\/cropped-CHINEE-INFLATABLE-LOGO.png","width":200,"height":190,"caption":"Chinee Inflatable"},"image":{"@id":"https:\/\/www.chinee-inflatable.com\/#\/schema\/logo\/image\/"},"sameAs":["https:\/\/www.facebook.com\/ChineeInflatabletian\/"],"description":"Chinee Inflatable established in 1998, Chinee has grown to become one of the largest inflatable manufacturers in China.At Chinee, we take pride in our skilled workforce and our ability to cater to the unique needs of our clients. We specialize in producing custom inflatable designs, providing our clients with a diverse range of options for their specific requirements.","email":"info@chinee-inflatable.com","telephone":"+86-18826065077","legalName":"Chinee Inflatable","foundingDate":"1998-01-02","numberOfEmployees":{"@type":"QuantitativeValue","minValue":"501","maxValue":"1000"}}]}},"_links":{"self":[{"href":"https:\/\/www.chinee-inflatable.com\/pt\/wp-json\/wp\/v2\/product\/59462","targetHints":{"allow":["GET"]}}],"collection":[{"href":"https:\/\/www.chinee-inflatable.com\/pt\/wp-json\/wp\/v2\/product"}],"about":[{"href":"https:\/\/www.chinee-inflatable.com\/pt\/wp-json\/wp\/v2\/types\/product"}],"wp:featuredmedia":[{"embeddable":true,"href":"https:\/\/www.chinee-inflatable.com\/pt\/wp-json\/wp\/v2\/media\/20805"}],"wp:attachment":[{"href":"https:\/\/www.chinee-inflatable.com\/pt\/wp-json\/wp\/v2\/media?parent=59462"}],"wp:term":[{"taxonomy":"product_brand","embeddable":true,"href":"https:\/\/www.chinee-inflatable.com\/pt\/wp-json\/wp\/v2\/product_brand?post=59462"},{"taxonomy":"product_cat","embeddable":true,"href":"https:\/\/www.chinee-inflatable.com\/pt\/wp-json\/wp\/v2\/product_cat?post=59462"},{"taxonomy":"product_tag","embeddable":true,"href":"https:\/\/www.chinee-inflatable.com\/pt\/wp-json\/wp\/v2\/product_tag?post=59462"}],"curies":[{"name":"wp","href":"https:\/\/api.w.org\/{rel}","templated":true}]}}