{"id":59460,"date":"2022-12-12T10:26:42","date_gmt":"2022-12-12T02:26:42","guid":{"rendered":"http:\/\/www.chinee-inflatable.com\/product\/water-park-s41-airtight-water-games-floating-on-sea-inflatable-big-water-trampoline-for-kids-and-adults\/"},"modified":"2025-07-29T17:39:12","modified_gmt":"2025-07-29T09:39:12","slug":"water-park-s41-airtight-water-games-floating-on-sea-inflatable-big-water-trampoline-for-kids-and-adults","status":"publish","type":"product","link":"https:\/\/www.chinee-inflatable.com\/pt\/produto\/water-park-s41-airtight-water-games-floating-on-sea-inflatable-big-water-trampoline-for-kids-and-adults\/","title":{"rendered":"S41 Parque aqu\u00e1tico Jogos aqu\u00e1ticos herm\u00e9ticos Flutuando no mar Trampolim aqu\u00e1tico grande insufl\u00e1vel para crian\u00e7as e adultos"},"content":{"rendered":"","protected":false},"excerpt":{"rendered":"","protected":false},"featured_media":1041,"template":"","meta":{"_acf_changed":false},"product_brand":[],"product_cat":[45],"product_tag":[279,299],"class_list":{"0":"post-59460","1":"product","2":"type-product","3":"status-publish","4":"has-post-thumbnail","6":"product_cat-water-sport-games","7":"product_tag-airtight","8":"product_tag-trampoline","10":"first","11":"instock","12":"shipping-taxable","13":"product-type-simple"},"acf":[],"gallery_images":[1042,1043,1044,1045],"yoast_head":"<!-- This site is optimized with the Yoast SEO Premium plugin v24.1 (Yoast SEO v25.0) - https:\/\/yoast.com\/wordpress\/plugins\/seo\/ -->\n<title>S41 Water Park Airtight Water Games Floating On Sea Inflatable Big Water Trampoline For Kids And Adults - Chinee Inflatable<\/title>\n<meta name=\"description\" content=\"Model: S41 ; Size : 25\u00d75\u00d73 m \/ 82.0\u00d716.4\u00d79.8 ft ; Weight: 300 Kg \/ 661.4 lbs ; Material: 0.55 mm and 0.9 mm PVC Tarpaulin\" \/>\n<meta name=\"robots\" content=\"index, follow, max-snippet:-1, max-image-preview:large, max-video-preview:-1\" \/>\n<link rel=\"canonical\" href=\"https:\/\/www.chinee-inflatable.com\/pt\/produto\/water-park-s41-airtight-water-games-floating-on-sea-inflatable-big-water-trampoline-for-kids-and-adults\/\" \/>\n<meta property=\"og:locale\" content=\"pt_PT\" \/>\n<meta property=\"og:type\" content=\"article\" \/>\n<meta property=\"og:title\" content=\"S41 Water Park Airtight Water Games Floating On Sea Inflatable Big Water Trampoline For Kids And Adults\" \/>\n<meta property=\"og:description\" content=\"Model: S41 ; Size : 25\u00d75\u00d73 m \/ 82.0\u00d716.4\u00d79.8 ft ; Weight: 300 Kg \/ 661.4 lbs ; Material: 0.55 mm and 0.9 mm PVC Tarpaulin\" \/>\n<meta property=\"og:url\" content=\"https:\/\/www.chinee-inflatable.com\/pt\/produto\/water-park-s41-airtight-water-games-floating-on-sea-inflatable-big-water-trampoline-for-kids-and-adults\/\" \/>\n<meta property=\"og:site_name\" content=\"Chinee Inflatable\" \/>\n<meta property=\"article:publisher\" content=\"https:\/\/www.facebook.com\/ChineeInflatabletian\/\" \/>\n<meta property=\"article:modified_time\" content=\"2025-07-29T09:39:12+00:00\" \/>\n<meta property=\"og:image\" content=\"https:\/\/www.chinee-inflatable.com\/wp-content\/uploads\/2021\/10\/HTB1AWxBKVXXXXbdaXXXq6xXFXXXu.jpg\" \/>\n\t<meta property=\"og:image:width\" content=\"1000\" \/>\n\t<meta property=\"og:image:height\" content=\"533\" \/>\n\t<meta property=\"og:image:type\" content=\"image\/jpeg\" \/>\n<meta name=\"twitter:card\" content=\"summary_large_image\" \/>\n<meta name=\"twitter:description\" content=\"Model: S41 ; Size : 25\u00d75\u00d73 m \/ 82.0\u00d716.4\u00d79.8 ft ; Weight: 300 Kg \/ 661.4 lbs ; Material: 0.55 mm and 0.9 mm PVC Tarpaulin\" \/>\n<script type=\"application\/ld+json\" class=\"yoast-schema-graph\">{\"@context\":\"https:\/\/schema.org\",\"@graph\":[{\"@type\":\"WebPage\",\"@id\":\"https:\/\/www.chinee-inflatable.com\/product\/water-park-s41-airtight-water-games-floating-on-sea-inflatable-big-water-trampoline-for-kids-and-adults\/\",\"url\":\"https:\/\/www.chinee-inflatable.com\/product\/water-park-s41-airtight-water-games-floating-on-sea-inflatable-big-water-trampoline-for-kids-and-adults\/\",\"name\":\"S41 Water Park Airtight Water Games Floating On Sea Inflatable Big Water Trampoline For Kids And Adults - Chinee Inflatable\",\"isPartOf\":{\"@id\":\"https:\/\/www.chinee-inflatable.com\/#website\"},\"primaryImageOfPage\":{\"@id\":\"https:\/\/www.chinee-inflatable.com\/product\/water-park-s41-airtight-water-games-floating-on-sea-inflatable-big-water-trampoline-for-kids-and-adults\/#primaryimage\"},\"image\":{\"@id\":\"https:\/\/www.chinee-inflatable.com\/product\/water-park-s41-airtight-water-games-floating-on-sea-inflatable-big-water-trampoline-for-kids-and-adults\/#primaryimage\"},\"thumbnailUrl\":\"https:\/\/www.chinee-inflatable.com\/wp-content\/uploads\/2021\/10\/HTB1AWxBKVXXXXbdaXXXq6xXFXXXu.jpg\",\"datePublished\":\"2022-12-12T02:26:42+00:00\",\"dateModified\":\"2025-07-29T09:39:12+00:00\",\"description\":\"Model: S41 ; Size : 25\u00d75\u00d73 m \/ 82.0\u00d716.4\u00d79.8 ft ; Weight: 300 Kg \/ 661.4 lbs ; Material: 0.55 mm and 0.9 mm PVC Tarpaulin\",\"breadcrumb\":{\"@id\":\"https:\/\/www.chinee-inflatable.com\/product\/water-park-s41-airtight-water-games-floating-on-sea-inflatable-big-water-trampoline-for-kids-and-adults\/#breadcrumb\"},\"inLanguage\":\"pt-PT\",\"potentialAction\":[{\"@type\":\"ReadAction\",\"target\":[\"https:\/\/www.chinee-inflatable.com\/product\/water-park-s41-airtight-water-games-floating-on-sea-inflatable-big-water-trampoline-for-kids-and-adults\/\"]}]},{\"@type\":\"ImageObject\",\"inLanguage\":\"pt-PT\",\"@id\":\"https:\/\/www.chinee-inflatable.com\/product\/water-park-s41-airtight-water-games-floating-on-sea-inflatable-big-water-trampoline-for-kids-and-adults\/#primaryimage\",\"url\":\"https:\/\/www.chinee-inflatable.com\/wp-content\/uploads\/2021\/10\/HTB1AWxBKVXXXXbdaXXXq6xXFXXXu.jpg\",\"contentUrl\":\"https:\/\/www.chinee-inflatable.com\/wp-content\/uploads\/2021\/10\/HTB1AWxBKVXXXXbdaXXXq6xXFXXXu.jpg\",\"width\":1000,\"height\":533,\"caption\":\"Water Sport Games\"},{\"@type\":\"BreadcrumbList\",\"@id\":\"https:\/\/www.chinee-inflatable.com\/product\/water-park-s41-airtight-water-games-floating-on-sea-inflatable-big-water-trampoline-for-kids-and-adults\/#breadcrumb\",\"itemListElement\":[{\"@type\":\"ListItem\",\"position\":1,\"name\":\"Home\",\"item\":\"https:\/\/www.chinee-inflatable.com\/\"},{\"@type\":\"ListItem\",\"position\":2,\"name\":\"Products\",\"item\":\"https:\/\/www.chinee-inflatable.com\/shop\/\"},{\"@type\":\"ListItem\",\"position\":3,\"name\":\"S41 Water Park Airtight Water Games Floating On Sea Inflatable Big Water Trampoline For Kids And Adults\"}]},{\"@type\":\"WebSite\",\"@id\":\"https:\/\/www.chinee-inflatable.com\/#website\",\"url\":\"https:\/\/www.chinee-inflatable.com\/\",\"name\":\"Chinee Inflatable Factory\",\"description\":\"Offer you lower price &amp; higher quality inflatables.\",\"publisher\":{\"@id\":\"https:\/\/www.chinee-inflatable.com\/#organization\"},\"alternateName\":\"Chinee Inflatable Bounce\",\"potentialAction\":[{\"@type\":\"SearchAction\",\"target\":{\"@type\":\"EntryPoint\",\"urlTemplate\":\"https:\/\/www.chinee-inflatable.com\/?s={search_term_string}\"},\"query-input\":{\"@type\":\"PropertyValueSpecification\",\"valueRequired\":true,\"valueName\":\"search_term_string\"}}],\"inLanguage\":\"pt-PT\"},{\"@type\":\"Organization\",\"@id\":\"https:\/\/www.chinee-inflatable.com\/#organization\",\"name\":\"Chinee Inflatable\",\"alternateName\":\"Chinee Inflatable Bounce\",\"url\":\"https:\/\/www.chinee-inflatable.com\/\",\"logo\":{\"@type\":\"ImageObject\",\"inLanguage\":\"pt-PT\",\"@id\":\"https:\/\/www.chinee-inflatable.com\/#\/schema\/logo\/image\/\",\"url\":\"https:\/\/www.chinee-inflatable.com\/wp-content\/uploads\/2021\/11\/cropped-CHINEE-INFLATABLE-LOGO.png\",\"contentUrl\":\"https:\/\/www.chinee-inflatable.com\/wp-content\/uploads\/2021\/11\/cropped-CHINEE-INFLATABLE-LOGO.png\",\"width\":200,\"height\":190,\"caption\":\"Chinee Inflatable\"},\"image\":{\"@id\":\"https:\/\/www.chinee-inflatable.com\/#\/schema\/logo\/image\/\"},\"sameAs\":[\"https:\/\/www.facebook.com\/ChineeInflatabletian\/\"],\"description\":\"Chinee Inflatable established in 1998, Chinee has grown to become one of the largest inflatable manufacturers in China.At Chinee, we take pride in our skilled workforce and our ability to cater to the unique needs of our clients. We specialize in producing custom inflatable designs, providing our clients with a diverse range of options for their specific requirements.\",\"email\":\"info@chinee-inflatable.com\",\"telephone\":\"+86-18826065077\",\"legalName\":\"Chinee Inflatable\",\"foundingDate\":\"1998-01-02\",\"numberOfEmployees\":{\"@type\":\"QuantitativeValue\",\"minValue\":\"501\",\"maxValue\":\"1000\"}}]}<\/script>\n<!-- \/ Yoast SEO Premium plugin. -->","yoast_head_json":{"title":"S41 Water Park Airtight Water Games Floating On Sea Inflatable Big Water Trampoline For Kids And Adults - Chinee Inflatable","description":"Model: S41 ; Size : 25\u00d75\u00d73 m \/ 82.0\u00d716.4\u00d79.8 ft ; Weight: 300 Kg \/ 661.4 lbs ; Material: 0.55 mm and 0.9 mm PVC Tarpaulin","robots":{"index":"index","follow":"follow","max-snippet":"max-snippet:-1","max-image-preview":"max-image-preview:large","max-video-preview":"max-video-preview:-1"},"canonical":"https:\/\/www.chinee-inflatable.com\/pt\/produto\/water-park-s41-airtight-water-games-floating-on-sea-inflatable-big-water-trampoline-for-kids-and-adults\/","og_locale":"pt_PT","og_type":"article","og_title":"S41 Water Park Airtight Water Games Floating On Sea Inflatable Big Water Trampoline For Kids And Adults","og_description":"Model: S41 ; Size : 25\u00d75\u00d73 m \/ 82.0\u00d716.4\u00d79.8 ft ; Weight: 300 Kg \/ 661.4 lbs ; Material: 0.55 mm and 0.9 mm PVC Tarpaulin","og_url":"https:\/\/www.chinee-inflatable.com\/pt\/produto\/water-park-s41-airtight-water-games-floating-on-sea-inflatable-big-water-trampoline-for-kids-and-adults\/","og_site_name":"Chinee Inflatable","article_publisher":"https:\/\/www.facebook.com\/ChineeInflatabletian\/","article_modified_time":"2025-07-29T09:39:12+00:00","og_image":[{"width":1000,"height":533,"url":"https:\/\/www.chinee-inflatable.com\/wp-content\/uploads\/2021\/10\/HTB1AWxBKVXXXXbdaXXXq6xXFXXXu.jpg","type":"image\/jpeg"}],"twitter_card":"summary_large_image","twitter_description":"Model: S41 ; Size : 25\u00d75\u00d73 m \/ 82.0\u00d716.4\u00d79.8 ft ; Weight: 300 Kg \/ 661.4 lbs ; Material: 0.55 mm and 0.9 mm PVC Tarpaulin","schema":{"@context":"https:\/\/schema.org","@graph":[{"@type":"WebPage","@id":"https:\/\/www.chinee-inflatable.com\/product\/water-park-s41-airtight-water-games-floating-on-sea-inflatable-big-water-trampoline-for-kids-and-adults\/","url":"https:\/\/www.chinee-inflatable.com\/product\/water-park-s41-airtight-water-games-floating-on-sea-inflatable-big-water-trampoline-for-kids-and-adults\/","name":"S41 Water Park Airtight Water Games Floating On Sea Inflatable Big Water Trampoline For Kids And Adults - Chinee Inflatable","isPartOf":{"@id":"https:\/\/www.chinee-inflatable.com\/#website"},"primaryImageOfPage":{"@id":"https:\/\/www.chinee-inflatable.com\/product\/water-park-s41-airtight-water-games-floating-on-sea-inflatable-big-water-trampoline-for-kids-and-adults\/#primaryimage"},"image":{"@id":"https:\/\/www.chinee-inflatable.com\/product\/water-park-s41-airtight-water-games-floating-on-sea-inflatable-big-water-trampoline-for-kids-and-adults\/#primaryimage"},"thumbnailUrl":"https:\/\/www.chinee-inflatable.com\/wp-content\/uploads\/2021\/10\/HTB1AWxBKVXXXXbdaXXXq6xXFXXXu.jpg","datePublished":"2022-12-12T02:26:42+00:00","dateModified":"2025-07-29T09:39:12+00:00","description":"Model: S41 ; Size : 25\u00d75\u00d73 m \/ 82.0\u00d716.4\u00d79.8 ft ; Weight: 300 Kg \/ 661.4 lbs ; Material: 0.55 mm and 0.9 mm PVC Tarpaulin","breadcrumb":{"@id":"https:\/\/www.chinee-inflatable.com\/product\/water-park-s41-airtight-water-games-floating-on-sea-inflatable-big-water-trampoline-for-kids-and-adults\/#breadcrumb"},"inLanguage":"pt-PT","potentialAction":[{"@type":"ReadAction","target":["https:\/\/www.chinee-inflatable.com\/product\/water-park-s41-airtight-water-games-floating-on-sea-inflatable-big-water-trampoline-for-kids-and-adults\/"]}]},{"@type":"ImageObject","inLanguage":"pt-PT","@id":"https:\/\/www.chinee-inflatable.com\/product\/water-park-s41-airtight-water-games-floating-on-sea-inflatable-big-water-trampoline-for-kids-and-adults\/#primaryimage","url":"https:\/\/www.chinee-inflatable.com\/wp-content\/uploads\/2021\/10\/HTB1AWxBKVXXXXbdaXXXq6xXFXXXu.jpg","contentUrl":"https:\/\/www.chinee-inflatable.com\/wp-content\/uploads\/2021\/10\/HTB1AWxBKVXXXXbdaXXXq6xXFXXXu.jpg","width":1000,"height":533,"caption":"Water Sport Games"},{"@type":"BreadcrumbList","@id":"https:\/\/www.chinee-inflatable.com\/product\/water-park-s41-airtight-water-games-floating-on-sea-inflatable-big-water-trampoline-for-kids-and-adults\/#breadcrumb","itemListElement":[{"@type":"ListItem","position":1,"name":"Home","item":"https:\/\/www.chinee-inflatable.com\/"},{"@type":"ListItem","position":2,"name":"Products","item":"https:\/\/www.chinee-inflatable.com\/shop\/"},{"@type":"ListItem","position":3,"name":"S41 Water Park Airtight Water Games Floating On Sea Inflatable Big Water Trampoline For Kids And Adults"}]},{"@type":"WebSite","@id":"https:\/\/www.chinee-inflatable.com\/#website","url":"https:\/\/www.chinee-inflatable.com\/","name":"Chinee Inflatable Factory","description":"Offer you lower price &amp; higher quality inflatables.","publisher":{"@id":"https:\/\/www.chinee-inflatable.com\/#organization"},"alternateName":"Chinee Inflatable Bounce","potentialAction":[{"@type":"SearchAction","target":{"@type":"EntryPoint","urlTemplate":"https:\/\/www.chinee-inflatable.com\/?s={search_term_string}"},"query-input":{"@type":"PropertyValueSpecification","valueRequired":true,"valueName":"search_term_string"}}],"inLanguage":"pt-PT"},{"@type":"Organization","@id":"https:\/\/www.chinee-inflatable.com\/#organization","name":"Chinee Inflatable","alternateName":"Chinee Inflatable Bounce","url":"https:\/\/www.chinee-inflatable.com\/","logo":{"@type":"ImageObject","inLanguage":"pt-PT","@id":"https:\/\/www.chinee-inflatable.com\/#\/schema\/logo\/image\/","url":"https:\/\/www.chinee-inflatable.com\/wp-content\/uploads\/2021\/11\/cropped-CHINEE-INFLATABLE-LOGO.png","contentUrl":"https:\/\/www.chinee-inflatable.com\/wp-content\/uploads\/2021\/11\/cropped-CHINEE-INFLATABLE-LOGO.png","width":200,"height":190,"caption":"Chinee Inflatable"},"image":{"@id":"https:\/\/www.chinee-inflatable.com\/#\/schema\/logo\/image\/"},"sameAs":["https:\/\/www.facebook.com\/ChineeInflatabletian\/"],"description":"Chinee Inflatable established in 1998, Chinee has grown to become one of the largest inflatable manufacturers in China.At Chinee, we take pride in our skilled workforce and our ability to cater to the unique needs of our clients. We specialize in producing custom inflatable designs, providing our clients with a diverse range of options for their specific requirements.","email":"info@chinee-inflatable.com","telephone":"+86-18826065077","legalName":"Chinee Inflatable","foundingDate":"1998-01-02","numberOfEmployees":{"@type":"QuantitativeValue","minValue":"501","maxValue":"1000"}}]}},"_links":{"self":[{"href":"https:\/\/www.chinee-inflatable.com\/pt\/wp-json\/wp\/v2\/product\/59460","targetHints":{"allow":["GET"]}}],"collection":[{"href":"https:\/\/www.chinee-inflatable.com\/pt\/wp-json\/wp\/v2\/product"}],"about":[{"href":"https:\/\/www.chinee-inflatable.com\/pt\/wp-json\/wp\/v2\/types\/product"}],"wp:featuredmedia":[{"embeddable":true,"href":"https:\/\/www.chinee-inflatable.com\/pt\/wp-json\/wp\/v2\/media\/1041"}],"wp:attachment":[{"href":"https:\/\/www.chinee-inflatable.com\/pt\/wp-json\/wp\/v2\/media?parent=59460"}],"wp:term":[{"taxonomy":"product_brand","embeddable":true,"href":"https:\/\/www.chinee-inflatable.com\/pt\/wp-json\/wp\/v2\/product_brand?post=59460"},{"taxonomy":"product_cat","embeddable":true,"href":"https:\/\/www.chinee-inflatable.com\/pt\/wp-json\/wp\/v2\/product_cat?post=59460"},{"taxonomy":"product_tag","embeddable":true,"href":"https:\/\/www.chinee-inflatable.com\/pt\/wp-json\/wp\/v2\/product_tag?post=59460"}],"curies":[{"name":"wp","href":"https:\/\/api.w.org\/{rel}","templated":true}]}}