{"id":59459,"date":"2022-12-12T10:26:42","date_gmt":"2022-12-12T02:26:42","guid":{"rendered":"http:\/\/www.chinee-inflatable.com\/product\/s27-inflatable-water-park-aqua-park-water-island-from-chinee-inflatables-2\/"},"modified":"2025-07-29T17:39:11","modified_gmt":"2025-07-29T09:39:11","slug":"s27-parque-aquatico-insuflavel-aqua-park-ilha-de-agua-da-chinee-insuflaveis-2","status":"publish","type":"product","link":"https:\/\/www.chinee-inflatable.com\/pt\/produto\/s27-parque-aquatico-insuflavel-aqua-park-ilha-de-agua-da-chinee-insuflaveis-2\/","title":{"rendered":"S27 Parque aqu\u00e1tico insufl\u00e1vel Aqua Park Ilha de \u00e1gua da Chinee Inflatables"},"content":{"rendered":"<p><img fetchpriority=\"high\" decoding=\"async\" class=\"alignnone size-full wp-image-63229\" src=\"https:\/\/www.china-inflatable.com\/wp-content\/uploads\/2020\/08\/154872856600125.jpg\" alt=\"\" width=\"1000\" height=\"535\" \/><\/p>\n<table class=\"table table-bordered table-hover\" style=\"text-align: center;vertical-align: middle\" align=\"center\" data-sort=\"sortDisabled\">\n<tbody>\n<tr class=\"firstRow\" style=\"background-color: #99cc66;font-weight: bold;color: #fff\">\n<td>Fotografia<\/td>\n<td>Descri\u00e7\u00e3o<\/td>\n<td>Quantidade<\/td>\n<td>Fotografia<\/td>\n<td>Descri\u00e7\u00e3o<\/td>\n<td>Quantidade<\/td>\n<\/tr>\n<tr>\n<td colspan=\"1\" rowspan=\"1\" align=\"center\" valign=\"middle\" width=\"255\"><img decoding=\"async\" title=\"\" src=\"https:\/\/www.china-inflatable.com\/wp-content\/uploads\/2020\/08\/154872856800251-e1598512571784.jpg\" alt=\" -Parque aqu\u00e1tico flutuante insufl\u00e1vel-1\" border=\"0\" vspace=\"0\" \/><\/td>\n<td rowspan=\"1\" align=\"center\" valign=\"middle\" width=\"255\">torre de \u00e1gua com bolha<\/td>\n<td rowspan=\"1\" align=\"center\" valign=\"middle\" width=\"255\">2<\/td>\n<td colspan=\"1\" rowspan=\"1\" align=\"center\" valign=\"middle\"><img decoding=\"async\" title=\"\" src=\"https:\/\/www.china-inflatable.com\/wp-content\/uploads\/2020\/08\/154872857300374.png\" alt=\" -Parque aqu\u00e1tico flutuante insufl\u00e1vel-2\" \/><\/td>\n<td colspan=\"1\" rowspan=\"1\" align=\"center\" valign=\"middle\">Canto W<\/td>\n<td colspan=\"1\" rowspan=\"1\" align=\"center\" valign=\"middle\">1<\/td>\n<\/tr>\n<tr>\n<td align=\"center\" valign=\"middle\"><img decoding=\"async\" style=\"width: 170px;height: 91px\" title=\"\" src=\"https:\/\/www.china-inflatable.com\/wp-content\/uploads\/2020\/08\/154872857500468.png\" alt=\" -Parque aqu\u00e1tico flutuante insufl\u00e1vel-3\" width=\"170\" height=\"91\" border=\"0\" vspace=\"0\" \/><\/td>\n<td align=\"center\" valign=\"middle\">\n<p class=\"juzhong1111\">icebergue<\/p>\n<\/td>\n<td align=\"center\" valign=\"middle\">\n<p class=\"juzhong1111\">1<\/p>\n<\/td>\n<td><img decoding=\"async\" style=\"width: 130px;height: 152px\" title=\"\" src=\"https:\/\/www.china-inflatable.com\/wp-content\/uploads\/2020\/08\/154872857600542.png\" alt=\" -Parque aqu\u00e1tico flutuante insufl\u00e1vel-4\" width=\"130\" height=\"152\" border=\"0\" vspace=\"0\" \/><\/td>\n<td>\n<p class=\"juzhong1111\">ponte de colum<\/p>\n<\/td>\n<td>\n<p class=\"juzhong1111\">1<\/p>\n<\/td>\n<\/tr>\n<tr>\n<td align=\"center\" valign=\"middle\"><img loading=\"lazy\" decoding=\"async\" style=\"width: 150px;height: 102px\" title=\"\" src=\"https:\/\/www.china-inflatable.com\/wp-content\/uploads\/2020\/08\/154872857700647.png\" alt=\" -Parque aqu\u00e1tico flutuante insufl\u00e1vel-5\" width=\"150\" height=\"102\" border=\"0\" vspace=\"0\" \/><\/td>\n<td align=\"center\" valign=\"middle\">\n<p class=\"juzhong1111\">trampolim<\/p>\n<\/td>\n<td align=\"center\" valign=\"middle\">\n<p class=\"juzhong1111\">1<\/p>\n<\/td>\n<td colspan=\"1\" rowspan=\"1\" align=\"center\" valign=\"middle\" width=\"241\">&nbsp;<\/p>\n<p class=\"juzhong1111\"><img decoding=\"async\" title=\"\" src=\"https:\/\/www.china-inflatable.com\/wp-content\/uploads\/2020\/08\/154872857900786.png\" alt=\" -Parque aqu\u00e1tico flutuante insufl\u00e1vel-6\" \/><\/p>\n<\/td>\n<td rowspan=\"1\" align=\"center\" valign=\"middle\" width=\"241\">Ponte X<\/td>\n<td rowspan=\"1\" align=\"center\" valign=\"middle\" width=\"241\">1<\/td>\n<\/tr>\n<tr>\n<td align=\"center\" valign=\"middle\"><img decoding=\"async\" title=\"\" src=\"https:\/\/www.china-inflatable.com\/wp-content\/uploads\/2020\/08\/154872857900812.png\" alt=\" -Parque aqu\u00e1tico flutuante insufl\u00e1vel-7\" \/><\/td>\n<td align=\"center\" valign=\"middle\">\n<p class=\"juzhong1111\">pista<\/p>\n<\/td>\n<td align=\"center\" valign=\"middle\">\n<p class=\"juzhong1111\">14<\/p>\n<\/td>\n<td><img decoding=\"async\" title=\"\" src=\"https:\/\/www.china-inflatable.com\/wp-content\/uploads\/2020\/08\/154872858100955.png\" alt=\" -Parque aqu\u00e1tico flutuante insufl\u00e1vel-8\" \/><\/td>\n<td>\n<p class=\"juzhong1111\">almofada de salto<\/p>\n<\/td>\n<td>\n<p class=\"juzhong1111\">1<\/p>\n<\/td>\n<\/tr>\n<tr>\n<td align=\"center\" valign=\"middle\"><img loading=\"lazy\" decoding=\"async\" style=\"width: 180px;height: 95px\" title=\"\" src=\"https:\/\/www.china-inflatable.com\/wp-content\/uploads\/2020\/08\/154872858201081.png\" alt=\" -Parque aqu\u00e1tico flutuante insufl\u00e1vel-9\" width=\"180\" height=\"95\" border=\"0\" vspace=\"0\" \/><\/td>\n<td align=\"center\" valign=\"middle\">\n<p class=\"juzhong1111\">escorrega de obst\u00e1culos<\/p>\n<\/td>\n<td align=\"center\" valign=\"middle\">\n<p class=\"juzhong1111\">1<\/p>\n<\/td>\n<td><img loading=\"lazy\" decoding=\"async\" style=\"width: 110px;height: 146px\" title=\"\" src=\"https:\/\/www.china-inflatable.com\/wp-content\/uploads\/2020\/08\/154872858301182.png\" alt=\" -Parque aqu\u00e1tico flutuante insufl\u00e1vel-10\" width=\"110\" height=\"146\" border=\"0\" vspace=\"0\" \/><\/td>\n<td>\n<p class=\"juzhong1111\">elevado equil\u00edbrio<\/p>\n<\/td>\n<td>\n<p class=\"juzhong1111\">1<\/p>\n<\/td>\n<\/tr>\n<tr>\n<td align=\"center\" valign=\"middle\"><img loading=\"lazy\" decoding=\"async\" style=\"width: 145px;height: 127px\" title=\"\" src=\"https:\/\/www.china-inflatable.com\/wp-content\/uploads\/2020\/08\/154872858401228.png\" alt=\" -Parque aqu\u00e1tico flutuante insufl\u00e1vel-11\" width=\"145\" height=\"127\" border=\"0\" vspace=\"0\" \/><\/td>\n<td align=\"center\" valign=\"middle\">\n<p class=\"juzhong1111\">torre de prote\u00e7\u00e3o<\/p>\n<\/td>\n<td align=\"center\" valign=\"middle\">\n<p class=\"juzhong1111\">1<\/p>\n<\/td>\n<td><img loading=\"lazy\" decoding=\"async\" style=\"width: 165px;height: 85px\" title=\"\" src=\"https:\/\/www.china-inflatable.com\/wp-content\/uploads\/2020\/08\/154872858801382.png\" alt=\" -Parque aqu\u00e1tico flutuante insufl\u00e1vel-12\" width=\"165\" height=\"85\" border=\"0\" vspace=\"0\" \/><\/td>\n<td>\n<p class=\"juzhong1111\">escada dupla<\/p>\n<\/td>\n<td>\n<p class=\"juzhong1111\">1<\/p>\n<\/td>\n<\/tr>\n<tr>\n<td colspan=\"1\" rowspan=\"1\" align=\"center\" valign=\"middle\"><img loading=\"lazy\" decoding=\"async\" style=\"width: 150px;height: 120px\" title=\"\" src=\"https:\/\/www.china-inflatable.com\/wp-content\/uploads\/2020\/08\/154872858901471.png\" alt=\" -Parque aqu\u00e1tico flutuante insufl\u00e1vel-13\" width=\"150\" height=\"120\" border=\"0\" vspace=\"0\" \/><\/td>\n<td colspan=\"1\" rowspan=\"1\" align=\"center\" valign=\"middle\">\n<p class=\"juzhong1111\">escada \u00fanica<\/p>\n<\/td>\n<td colspan=\"1\" rowspan=\"1\" align=\"center\" valign=\"middle\">\n<p class=\"juzhong1111\">1<\/p>\n<\/td>\n<td colspan=\"1\" rowspan=\"1\"><img decoding=\"async\" title=\"\" src=\"https:\/\/www.china-inflatable.com\/wp-content\/uploads\/2020\/08\/154872859101594.png\" alt=\" -Parque aqu\u00e1tico flutuante insufl\u00e1vel-14\" \/><\/td>\n<td colspan=\"1\" rowspan=\"1\">\n<p class=\"juzhong1111\">pequeno escorrega<\/p>\n<\/td>\n<td colspan=\"1\" rowspan=\"1\">\n<p class=\"juzhong1111\">1<\/p>\n<\/td>\n<\/tr>\n<tr>\n<td colspan=\"1\" rowspan=\"1\" align=\"center\" valign=\"middle\"><img decoding=\"async\" title=\"\" src=\"https:\/\/www.china-inflatable.com\/wp-content\/uploads\/2020\/08\/154872859301659.png\" alt=\" -Parque aqu\u00e1tico flutuante insufl\u00e1vel-15\" \/><\/td>\n<td colspan=\"1\" rowspan=\"1\" align=\"center\" valign=\"middle\">\n<p class=\"juzhong1111\">cambalear<\/p>\n<\/td>\n<td colspan=\"1\" rowspan=\"1\" align=\"center\" valign=\"middle\">\n<p class=\"juzhong1111\">1<\/p>\n<\/td>\n<td colspan=\"1\" rowspan=\"1\"><img decoding=\"async\" title=\"\" src=\"https:\/\/www.china-inflatable.com\/wp-content\/uploads\/2020\/08\/154872859701775.png\" alt=\" -Parque aqu\u00e1tico flutuante insufl\u00e1vel - 16\" \/><\/td>\n<td colspan=\"1\" rowspan=\"1\">\n<p class=\"juzhong1111\">rolo de \u00e1gua<\/p>\n<\/td>\n<td colspan=\"1\" rowspan=\"1\">\n<p class=\"juzhong1111\">2<\/p>\n<\/td>\n<\/tr>\n<tr>\n<td colspan=\"1\" rowspan=\"1\" align=\"center\" valign=\"middle\"><img loading=\"lazy\" decoding=\"async\" style=\"width: 150px;height: 100px\" title=\"\" src=\"https:\/\/www.china-inflatable.com\/wp-content\/uploads\/2020\/08\/154872859901868.png\" alt=\" -Parque aqu\u00e1tico flutuante insufl\u00e1vel-17\" width=\"150\" height=\"100\" border=\"0\" vspace=\"0\" \/><\/td>\n<td colspan=\"1\" rowspan=\"1\" align=\"center\" valign=\"middle\">\n<p class=\"juzhong1111\">canto quadrado<\/p>\n<\/td>\n<td colspan=\"1\" rowspan=\"1\" align=\"center\" valign=\"middle\">\n<p class=\"juzhong1111\">2<\/p>\n<\/td>\n<td colspan=\"1\" rowspan=\"1\"><img decoding=\"async\" title=\"\" src=\"https:\/\/www.china-inflatable.com\/wp-content\/uploads\/2020\/08\/154872860001974-e1598512511491.png\" alt=\" -Parque aqu\u00e1tico flutuante insufl\u00e1vel-18\" \/><\/td>\n<td colspan=\"1\" rowspan=\"1\">\n<p class=\"juzhong1111\">rampa<\/p>\n<\/td>\n<td colspan=\"1\" rowspan=\"1\">\n<p class=\"juzhong1111\">16<\/p>\n<\/td>\n<\/tr>\n<tr>\n<td colspan=\"1\" rowspan=\"1\" align=\"center\" valign=\"middle\"><img loading=\"lazy\" decoding=\"async\" style=\"width: 165px;height: 87px\" title=\"\" src=\"https:\/\/www.china-inflatable.com\/wp-content\/uploads\/2020\/08\/154872860202027.jpg\" alt=\" -Parque aqu\u00e1tico flutuante insufl\u00e1vel-19\" width=\"165\" height=\"87\" border=\"0\" vspace=\"0\" \/><\/td>\n<td colspan=\"1\" rowspan=\"1\" align=\"center\" valign=\"middle\">tubo<\/td>\n<td colspan=\"1\" rowspan=\"1\" align=\"center\" valign=\"middle\">22<\/td>\n<td colspan=\"1\" rowspan=\"1\" align=\"center\" valign=\"middle\"><\/td>\n<td colspan=\"1\" rowspan=\"1\" align=\"center\" valign=\"middle\"><\/td>\n<td colspan=\"1\" rowspan=\"1\" align=\"center\" valign=\"middle\"><\/td>\n<\/tr>\n<\/tbody>\n<\/table>","protected":false},"excerpt":{"rendered":"<p>Photo Description Qty Photo Description Qty water tower with blob 2 W\u00a0corner 1 iceberg 1 colum bridge 1 trampoline 1 &nbsp; X\u00a0bridge 1 runway 14 jumping pillow 1 obstacle slide 1 high balance 1 guard tower 1 double ladder 1 single ladder 1 small slide 1 totter 1 water roller 2 square corner 2 ramp &#8230; <a title=\"S27 Parque aqu\u00e1tico insufl\u00e1vel Aqua Park Ilha de \u00e1gua da Chinee Inflatables\" class=\"read-more\" href=\"https:\/\/www.chinee-inflatable.com\/pt\/produto\/s27-parque-aquatico-insuflavel-aqua-park-ilha-de-agua-da-chinee-insuflaveis-2\/\" aria-label=\"Mais em S27 Inflatable Water Park Aqua Park Water Island From Chinee Inflatables\">Ler mais<\/a><\/p>","protected":false},"featured_media":20800,"template":"","meta":{"_acf_changed":false},"product_brand":[],"product_cat":[63],"product_tag":[423,424],"class_list":{"0":"post-59459","1":"product","2":"type-product","3":"status-publish","4":"has-post-thumbnail","6":"product_cat-water-park","7":"product_tag-aqua-park","8":"product_tag-giant-water-park","10":"first","11":"instock","12":"shipping-taxable","13":"product-type-simple"},"acf":[],"gallery_images":[20802],"yoast_head":"<!-- This site is optimized with the Yoast SEO Premium plugin v24.1 (Yoast SEO v25.0) - https:\/\/yoast.com\/wordpress\/plugins\/seo\/ -->\n<title>S27 Inflatable Water Park Aqua Park Water Island From Chinee Inflatables - Chinee Inflatable<\/title>\n<meta name=\"description\" content=\"Model: S27 ; Size : 20\u00d755\u00d73.5 m \/ 65.6\u00d7180.4\u00d711.5 ft ; Weight: 2,000 Kg \/ 4,409.2 lbs ; Material: 0.55 mm and 0.9 mm PVC Tarpaulin\" \/>\n<meta name=\"robots\" content=\"index, follow, max-snippet:-1, max-image-preview:large, max-video-preview:-1\" \/>\n<link rel=\"canonical\" href=\"https:\/\/www.chinee-inflatable.com\/pt\/produto\/s27-parque-aquatico-insuflavel-aqua-park-ilha-de-agua-da-chinee-insuflaveis-2\/\" \/>\n<meta property=\"og:locale\" content=\"pt_PT\" \/>\n<meta property=\"og:type\" content=\"article\" \/>\n<meta property=\"og:title\" content=\"S27 Inflatable Water Park Aqua Park Water Island From Chinee Inflatables\" \/>\n<meta property=\"og:description\" content=\"Model: S27 ; Size : 20\u00d755\u00d73.5 m \/ 65.6\u00d7180.4\u00d711.5 ft ; Weight: 2,000 Kg \/ 4,409.2 lbs ; Material: 0.55 mm and 0.9 mm PVC Tarpaulin\" \/>\n<meta property=\"og:url\" content=\"https:\/\/www.chinee-inflatable.com\/pt\/produto\/s27-parque-aquatico-insuflavel-aqua-park-ilha-de-agua-da-chinee-insuflaveis-2\/\" \/>\n<meta property=\"og:site_name\" content=\"Chinee Inflatable\" \/>\n<meta property=\"article:publisher\" content=\"https:\/\/www.facebook.com\/ChineeInflatabletian\/\" \/>\n<meta property=\"article:modified_time\" content=\"2025-07-29T09:39:11+00:00\" \/>\n<meta property=\"og:image\" content=\"https:\/\/www.chinee-inflatable.com\/wp-content\/uploads\/2021\/10\/QQ\u622a\u56fe20191224154304.jpg\" \/>\n\t<meta property=\"og:image:width\" content=\"660\" \/>\n\t<meta property=\"og:image:height\" content=\"398\" \/>\n\t<meta property=\"og:image:type\" content=\"image\/jpeg\" \/>\n<meta name=\"twitter:card\" content=\"summary_large_image\" \/>\n<meta name=\"twitter:description\" content=\"Model: S27 ; Size : 20\u00d755\u00d73.5 m \/ 65.6\u00d7180.4\u00d711.5 ft ; Weight: 2,000 Kg \/ 4,409.2 lbs ; Material: 0.55 mm and 0.9 mm PVC Tarpaulin\" \/>\n<script type=\"application\/ld+json\" class=\"yoast-schema-graph\">{\"@context\":\"https:\/\/schema.org\",\"@graph\":[{\"@type\":\"WebPage\",\"@id\":\"https:\/\/www.chinee-inflatable.com\/product\/s27-inflatable-water-park-aqua-park-water-island-from-chinee-inflatables-2\/\",\"url\":\"https:\/\/www.chinee-inflatable.com\/product\/s27-inflatable-water-park-aqua-park-water-island-from-chinee-inflatables-2\/\",\"name\":\"S27 Inflatable Water Park Aqua Park Water Island From Chinee Inflatables - Chinee Inflatable\",\"isPartOf\":{\"@id\":\"https:\/\/www.chinee-inflatable.com\/#website\"},\"primaryImageOfPage\":{\"@id\":\"https:\/\/www.chinee-inflatable.com\/product\/s27-inflatable-water-park-aqua-park-water-island-from-chinee-inflatables-2\/#primaryimage\"},\"image\":{\"@id\":\"https:\/\/www.chinee-inflatable.com\/product\/s27-inflatable-water-park-aqua-park-water-island-from-chinee-inflatables-2\/#primaryimage\"},\"thumbnailUrl\":\"https:\/\/www.chinee-inflatable.com\/wp-content\/uploads\/2021\/10\/QQ\u622a\u56fe20191224154304.jpg\",\"datePublished\":\"2022-12-12T02:26:42+00:00\",\"dateModified\":\"2025-07-29T09:39:11+00:00\",\"description\":\"Model: S27 ; Size : 20\u00d755\u00d73.5 m \/ 65.6\u00d7180.4\u00d711.5 ft ; Weight: 2,000 Kg \/ 4,409.2 lbs ; Material: 0.55 mm and 0.9 mm PVC Tarpaulin\",\"breadcrumb\":{\"@id\":\"https:\/\/www.chinee-inflatable.com\/product\/s27-inflatable-water-park-aqua-park-water-island-from-chinee-inflatables-2\/#breadcrumb\"},\"inLanguage\":\"pt-PT\",\"potentialAction\":[{\"@type\":\"ReadAction\",\"target\":[\"https:\/\/www.chinee-inflatable.com\/product\/s27-inflatable-water-park-aqua-park-water-island-from-chinee-inflatables-2\/\"]}]},{\"@type\":\"ImageObject\",\"inLanguage\":\"pt-PT\",\"@id\":\"https:\/\/www.chinee-inflatable.com\/product\/s27-inflatable-water-park-aqua-park-water-island-from-chinee-inflatables-2\/#primaryimage\",\"url\":\"https:\/\/www.chinee-inflatable.com\/wp-content\/uploads\/2021\/10\/QQ\u622a\u56fe20191224154304.jpg\",\"contentUrl\":\"https:\/\/www.chinee-inflatable.com\/wp-content\/uploads\/2021\/10\/QQ\u622a\u56fe20191224154304.jpg\",\"width\":660,\"height\":398,\"caption\":\"Inflatable Water Park\"},{\"@type\":\"BreadcrumbList\",\"@id\":\"https:\/\/www.chinee-inflatable.com\/product\/s27-inflatable-water-park-aqua-park-water-island-from-chinee-inflatables-2\/#breadcrumb\",\"itemListElement\":[{\"@type\":\"ListItem\",\"position\":1,\"name\":\"Home\",\"item\":\"https:\/\/www.chinee-inflatable.com\/\"},{\"@type\":\"ListItem\",\"position\":2,\"name\":\"Products\",\"item\":\"https:\/\/www.chinee-inflatable.com\/shop\/\"},{\"@type\":\"ListItem\",\"position\":3,\"name\":\"S27 Inflatable Water Park Aqua Park Water Island From Chinee Inflatables\"}]},{\"@type\":\"WebSite\",\"@id\":\"https:\/\/www.chinee-inflatable.com\/#website\",\"url\":\"https:\/\/www.chinee-inflatable.com\/\",\"name\":\"Chinee Inflatable Factory\",\"description\":\"Offer you lower price &amp; higher quality inflatables.\",\"publisher\":{\"@id\":\"https:\/\/www.chinee-inflatable.com\/#organization\"},\"alternateName\":\"Chinee Inflatable Bounce\",\"potentialAction\":[{\"@type\":\"SearchAction\",\"target\":{\"@type\":\"EntryPoint\",\"urlTemplate\":\"https:\/\/www.chinee-inflatable.com\/?s={search_term_string}\"},\"query-input\":{\"@type\":\"PropertyValueSpecification\",\"valueRequired\":true,\"valueName\":\"search_term_string\"}}],\"inLanguage\":\"pt-PT\"},{\"@type\":\"Organization\",\"@id\":\"https:\/\/www.chinee-inflatable.com\/#organization\",\"name\":\"Chinee Inflatable\",\"alternateName\":\"Chinee Inflatable Bounce\",\"url\":\"https:\/\/www.chinee-inflatable.com\/\",\"logo\":{\"@type\":\"ImageObject\",\"inLanguage\":\"pt-PT\",\"@id\":\"https:\/\/www.chinee-inflatable.com\/#\/schema\/logo\/image\/\",\"url\":\"https:\/\/www.chinee-inflatable.com\/wp-content\/uploads\/2021\/11\/cropped-CHINEE-INFLATABLE-LOGO.png\",\"contentUrl\":\"https:\/\/www.chinee-inflatable.com\/wp-content\/uploads\/2021\/11\/cropped-CHINEE-INFLATABLE-LOGO.png\",\"width\":200,\"height\":190,\"caption\":\"Chinee Inflatable\"},\"image\":{\"@id\":\"https:\/\/www.chinee-inflatable.com\/#\/schema\/logo\/image\/\"},\"sameAs\":[\"https:\/\/www.facebook.com\/ChineeInflatabletian\/\"],\"description\":\"Chinee Inflatable established in 1998, Chinee has grown to become one of the largest inflatable manufacturers in China.At Chinee, we take pride in our skilled workforce and our ability to cater to the unique needs of our clients. We specialize in producing custom inflatable designs, providing our clients with a diverse range of options for their specific requirements.\",\"email\":\"info@chinee-inflatable.com\",\"telephone\":\"+86-18826065077\",\"legalName\":\"Chinee Inflatable\",\"foundingDate\":\"1998-01-02\",\"numberOfEmployees\":{\"@type\":\"QuantitativeValue\",\"minValue\":\"501\",\"maxValue\":\"1000\"}}]}<\/script>\n<!-- \/ Yoast SEO Premium plugin. -->","yoast_head_json":{"title":"S27 Inflatable Water Park Aqua Park Water Island From Chinee Inflatables - Chinee Inflatable","description":"Model: S27 ; Size : 20\u00d755\u00d73.5 m \/ 65.6\u00d7180.4\u00d711.5 ft ; Weight: 2,000 Kg \/ 4,409.2 lbs ; Material: 0.55 mm and 0.9 mm PVC Tarpaulin","robots":{"index":"index","follow":"follow","max-snippet":"max-snippet:-1","max-image-preview":"max-image-preview:large","max-video-preview":"max-video-preview:-1"},"canonical":"https:\/\/www.chinee-inflatable.com\/pt\/produto\/s27-parque-aquatico-insuflavel-aqua-park-ilha-de-agua-da-chinee-insuflaveis-2\/","og_locale":"pt_PT","og_type":"article","og_title":"S27 Inflatable Water Park Aqua Park Water Island From Chinee Inflatables","og_description":"Model: S27 ; Size : 20\u00d755\u00d73.5 m \/ 65.6\u00d7180.4\u00d711.5 ft ; Weight: 2,000 Kg \/ 4,409.2 lbs ; Material: 0.55 mm and 0.9 mm PVC Tarpaulin","og_url":"https:\/\/www.chinee-inflatable.com\/pt\/produto\/s27-parque-aquatico-insuflavel-aqua-park-ilha-de-agua-da-chinee-insuflaveis-2\/","og_site_name":"Chinee Inflatable","article_publisher":"https:\/\/www.facebook.com\/ChineeInflatabletian\/","article_modified_time":"2025-07-29T09:39:11+00:00","og_image":[{"width":660,"height":398,"url":"https:\/\/www.chinee-inflatable.com\/wp-content\/uploads\/2021\/10\/QQ\u622a\u56fe20191224154304.jpg","type":"image\/jpeg"}],"twitter_card":"summary_large_image","twitter_description":"Model: S27 ; Size : 20\u00d755\u00d73.5 m \/ 65.6\u00d7180.4\u00d711.5 ft ; Weight: 2,000 Kg \/ 4,409.2 lbs ; Material: 0.55 mm and 0.9 mm PVC Tarpaulin","schema":{"@context":"https:\/\/schema.org","@graph":[{"@type":"WebPage","@id":"https:\/\/www.chinee-inflatable.com\/product\/s27-inflatable-water-park-aqua-park-water-island-from-chinee-inflatables-2\/","url":"https:\/\/www.chinee-inflatable.com\/product\/s27-inflatable-water-park-aqua-park-water-island-from-chinee-inflatables-2\/","name":"S27 Inflatable Water Park Aqua Park Water Island From Chinee Inflatables - Chinee Inflatable","isPartOf":{"@id":"https:\/\/www.chinee-inflatable.com\/#website"},"primaryImageOfPage":{"@id":"https:\/\/www.chinee-inflatable.com\/product\/s27-inflatable-water-park-aqua-park-water-island-from-chinee-inflatables-2\/#primaryimage"},"image":{"@id":"https:\/\/www.chinee-inflatable.com\/product\/s27-inflatable-water-park-aqua-park-water-island-from-chinee-inflatables-2\/#primaryimage"},"thumbnailUrl":"https:\/\/www.chinee-inflatable.com\/wp-content\/uploads\/2021\/10\/QQ\u622a\u56fe20191224154304.jpg","datePublished":"2022-12-12T02:26:42+00:00","dateModified":"2025-07-29T09:39:11+00:00","description":"Model: S27 ; Size : 20\u00d755\u00d73.5 m \/ 65.6\u00d7180.4\u00d711.5 ft ; Weight: 2,000 Kg \/ 4,409.2 lbs ; Material: 0.55 mm and 0.9 mm PVC Tarpaulin","breadcrumb":{"@id":"https:\/\/www.chinee-inflatable.com\/product\/s27-inflatable-water-park-aqua-park-water-island-from-chinee-inflatables-2\/#breadcrumb"},"inLanguage":"pt-PT","potentialAction":[{"@type":"ReadAction","target":["https:\/\/www.chinee-inflatable.com\/product\/s27-inflatable-water-park-aqua-park-water-island-from-chinee-inflatables-2\/"]}]},{"@type":"ImageObject","inLanguage":"pt-PT","@id":"https:\/\/www.chinee-inflatable.com\/product\/s27-inflatable-water-park-aqua-park-water-island-from-chinee-inflatables-2\/#primaryimage","url":"https:\/\/www.chinee-inflatable.com\/wp-content\/uploads\/2021\/10\/QQ\u622a\u56fe20191224154304.jpg","contentUrl":"https:\/\/www.chinee-inflatable.com\/wp-content\/uploads\/2021\/10\/QQ\u622a\u56fe20191224154304.jpg","width":660,"height":398,"caption":"Inflatable Water Park"},{"@type":"BreadcrumbList","@id":"https:\/\/www.chinee-inflatable.com\/product\/s27-inflatable-water-park-aqua-park-water-island-from-chinee-inflatables-2\/#breadcrumb","itemListElement":[{"@type":"ListItem","position":1,"name":"Home","item":"https:\/\/www.chinee-inflatable.com\/"},{"@type":"ListItem","position":2,"name":"Products","item":"https:\/\/www.chinee-inflatable.com\/shop\/"},{"@type":"ListItem","position":3,"name":"S27 Inflatable Water Park Aqua Park Water Island From Chinee Inflatables"}]},{"@type":"WebSite","@id":"https:\/\/www.chinee-inflatable.com\/#website","url":"https:\/\/www.chinee-inflatable.com\/","name":"Chinee Inflatable Factory","description":"Offer you lower price &amp; higher quality inflatables.","publisher":{"@id":"https:\/\/www.chinee-inflatable.com\/#organization"},"alternateName":"Chinee Inflatable Bounce","potentialAction":[{"@type":"SearchAction","target":{"@type":"EntryPoint","urlTemplate":"https:\/\/www.chinee-inflatable.com\/?s={search_term_string}"},"query-input":{"@type":"PropertyValueSpecification","valueRequired":true,"valueName":"search_term_string"}}],"inLanguage":"pt-PT"},{"@type":"Organization","@id":"https:\/\/www.chinee-inflatable.com\/#organization","name":"Chinee Inflatable","alternateName":"Chinee Inflatable Bounce","url":"https:\/\/www.chinee-inflatable.com\/","logo":{"@type":"ImageObject","inLanguage":"pt-PT","@id":"https:\/\/www.chinee-inflatable.com\/#\/schema\/logo\/image\/","url":"https:\/\/www.chinee-inflatable.com\/wp-content\/uploads\/2021\/11\/cropped-CHINEE-INFLATABLE-LOGO.png","contentUrl":"https:\/\/www.chinee-inflatable.com\/wp-content\/uploads\/2021\/11\/cropped-CHINEE-INFLATABLE-LOGO.png","width":200,"height":190,"caption":"Chinee Inflatable"},"image":{"@id":"https:\/\/www.chinee-inflatable.com\/#\/schema\/logo\/image\/"},"sameAs":["https:\/\/www.facebook.com\/ChineeInflatabletian\/"],"description":"Chinee Inflatable established in 1998, Chinee has grown to become one of the largest inflatable manufacturers in China.At Chinee, we take pride in our skilled workforce and our ability to cater to the unique needs of our clients. We specialize in producing custom inflatable designs, providing our clients with a diverse range of options for their specific requirements.","email":"info@chinee-inflatable.com","telephone":"+86-18826065077","legalName":"Chinee Inflatable","foundingDate":"1998-01-02","numberOfEmployees":{"@type":"QuantitativeValue","minValue":"501","maxValue":"1000"}}]}},"_links":{"self":[{"href":"https:\/\/www.chinee-inflatable.com\/pt\/wp-json\/wp\/v2\/product\/59459","targetHints":{"allow":["GET"]}}],"collection":[{"href":"https:\/\/www.chinee-inflatable.com\/pt\/wp-json\/wp\/v2\/product"}],"about":[{"href":"https:\/\/www.chinee-inflatable.com\/pt\/wp-json\/wp\/v2\/types\/product"}],"wp:featuredmedia":[{"embeddable":true,"href":"https:\/\/www.chinee-inflatable.com\/pt\/wp-json\/wp\/v2\/media\/20800"}],"wp:attachment":[{"href":"https:\/\/www.chinee-inflatable.com\/pt\/wp-json\/wp\/v2\/media?parent=59459"}],"wp:term":[{"taxonomy":"product_brand","embeddable":true,"href":"https:\/\/www.chinee-inflatable.com\/pt\/wp-json\/wp\/v2\/product_brand?post=59459"},{"taxonomy":"product_cat","embeddable":true,"href":"https:\/\/www.chinee-inflatable.com\/pt\/wp-json\/wp\/v2\/product_cat?post=59459"},{"taxonomy":"product_tag","embeddable":true,"href":"https:\/\/www.chinee-inflatable.com\/pt\/wp-json\/wp\/v2\/product_tag?post=59459"}],"curies":[{"name":"wp","href":"https:\/\/api.w.org\/{rel}","templated":true}]}}