{"id":59456,"date":"2022-12-12T10:26:17","date_gmt":"2022-12-12T02:26:17","guid":{"rendered":"http:\/\/www.chinee-inflatable.com\/product\/s33-inflatable-water-park-aqua-park-water-island-from-chinee-inflatables-2\/"},"modified":"2025-07-29T17:38:38","modified_gmt":"2025-07-29T09:38:38","slug":"s33-parque-aquatico-insuflavel-aqua-park-ilha-de-agua-da-chinee-insuflaveis-2","status":"publish","type":"product","link":"https:\/\/www.chinee-inflatable.com\/pt\/produto\/s33-parque-aquatico-insuflavel-aqua-park-ilha-de-agua-da-chinee-insuflaveis-2\/","title":{"rendered":"S33 Parque aqu\u00e1tico insufl\u00e1vel Aqua Park Ilha de \u00e1gua da Chinee Inflatables"},"content":{"rendered":"<p><img fetchpriority=\"high\" decoding=\"async\" class=\"alignnone size-large wp-image-63372\" src=\"https:\/\/www.china-inflatable.com\/wp-content\/uploads\/2020\/08\/15254217041-1024x724.jpg\" alt=\"\" width=\"1024\" height=\"724\" \/><\/p>\n<table class=\"table table-bordered table-hover\" style=\"text-align: center;vertical-align: middle\">\n<tbody>\n<tr class=\"firstRow\" style=\"background-color: #99cc66;font-weight: bold;color: #fff\">\n<td width=\"281\">Fotografia<\/td>\n<td width=\"220\">Descri\u00e7\u00e3o<\/td>\n<td>Quantidade<\/td>\n<td width=\"282\">Fotografia<\/td>\n<td>Descri\u00e7\u00e3o<\/td>\n<td>Quantidade<\/td>\n<\/tr>\n<tr>\n<td width=\"281\"><img decoding=\"async\" title=\"indefinido\" src=\"https:\/\/www.china-inflatable.com\/wp-content\/uploads\/2020\/08\/15254217075.jpg\" alt=\"indefinido\" \/><\/td>\n<td width=\"220\">\n<p class=\"juzhong1111\">Torre de baloi\u00e7o<\/p>\n<\/td>\n<td>\n<p class=\"juzhong1111\">1<\/p>\n<\/td>\n<td width=\"282\"><img decoding=\"async\" title=\"indefinido\" src=\"https:\/\/www.china-inflatable.com\/wp-content\/uploads\/2020\/08\/15254217086.jpg\" alt=\"indefinido\" \/><\/td>\n<td>\n<p class=\"juzhong1111\">3 Tampas<\/p>\n<\/td>\n<td>\n<p class=\"juzhong1111\">1<\/p>\n<\/td>\n<\/tr>\n<tr>\n<td width=\"281\"><img decoding=\"async\" style=\"width: 180px;height: 125px\" title=\"\" src=\"https:\/\/www.china-inflatable.com\/wp-content\/uploads\/2020\/08\/15254216740-e1598518379750.png\" alt=\" -09mm Pvc Tarpaulin Inflatable Floating Water Playground For Resort-3\" width=\"180\" height=\"125\" border=\"0\" vspace=\"0\" \/><\/td>\n<td width=\"220\">\n<p class=\"juzhong1111\">Almofada de salto<\/p>\n<\/td>\n<td>\n<p class=\"juzhong1111\">1<\/p>\n<\/td>\n<td width=\"282\"><img decoding=\"async\" title=\"indefinido\" src=\"https:\/\/www.china-inflatable.com\/wp-content\/uploads\/2020\/08\/15254217135.jpg\" alt=\"indefinido\" \/><\/td>\n<td>\n<p class=\"juzhong1111\">Pista 2<\/p>\n<\/td>\n<td>\n<p class=\"juzhong1111\">4<\/p>\n<\/td>\n<\/tr>\n<tr>\n<td width=\"281\"><img decoding=\"async\" title=\"indefinido\" src=\"https:\/\/www.china-inflatable.com\/wp-content\/uploads\/2020\/08\/15254217147.jpg\" alt=\"indefinido\" \/><\/td>\n<td width=\"220\">\n<p class=\"juzhong1111\">Ponte Colum<\/p>\n<\/td>\n<td>\n<p class=\"juzhong1111\">1<\/p>\n<\/td>\n<td width=\"282\"><img decoding=\"async\" title=\"indefinido\" src=\"https:\/\/www.china-inflatable.com\/wp-content\/uploads\/2020\/08\/15254217150.jpg\" alt=\"indefinido\" \/><\/td>\n<td>\n<p class=\"juzhong1111\">Canto W<\/p>\n<\/td>\n<td>\n<p class=\"juzhong1111\">1<\/p>\n<\/td>\n<\/tr>\n<tr>\n<td width=\"281\"><img decoding=\"async\" title=\"indefinido\" src=\"https:\/\/www.china-inflatable.com\/wp-content\/uploads\/2020\/08\/152542169510.jpg\" alt=\"indefinido\" \/><\/td>\n<td width=\"220\">\n<p class=\"juzhong1111\">\u00a0Trampolim<\/p>\n<\/td>\n<td>\n<p class=\"juzhong1111\">1<\/p>\n<\/td>\n<td width=\"282\"><img decoding=\"async\" title=\"indefinido\" src=\"https:\/\/www.china-inflatable.com\/wp-content\/uploads\/2020\/08\/15254217174.jpg\" alt=\"indefinido\" \/><\/td>\n<td>\n<p class=\"juzhong1111\">Rolo de \u00e1gua<\/p>\n<\/td>\n<td>\n<p class=\"juzhong1111\">1<\/p>\n<\/td>\n<\/tr>\n<tr>\n<td width=\"281\"><img decoding=\"async\" title=\"indefinido\" src=\"https:\/\/www.china-inflatable.com\/wp-content\/uploads\/2020\/08\/15254217187.jpg\" alt=\"indefinido\" \/><\/td>\n<td width=\"220\">\n<p class=\"juzhong1111\">Escorrega de \u00e1gua insufl\u00e1vel<\/p>\n<\/td>\n<td>\n<p class=\"juzhong1111\">1<\/p>\n<\/td>\n<td width=\"282\"><img decoding=\"async\" title=\"indefinido\" src=\"https:\/\/www.china-inflatable.com\/wp-content\/uploads\/2020\/08\/15254217195.jpg\" alt=\"indefinido\" \/><\/td>\n<td>\n<p class=\"juzhong1111\">Torre de prote\u00e7\u00e3o<\/p>\n<\/td>\n<td>\n<p class=\"juzhong1111\">1<\/p>\n<\/td>\n<\/tr>\n<tr>\n<td colspan=\"1\" rowspan=\"1\" width=\"281\"><img decoding=\"async\" style=\"width: 150px;height: 100px\" title=\"indefinido\" src=\"https:\/\/www.china-inflatable.com\/wp-content\/uploads\/2020\/08\/15254217219.jpg\" alt=\"indefinido\" width=\"150\" height=\"100\" border=\"0\" vspace=\"0\" \/><\/td>\n<td colspan=\"1\" rowspan=\"1\" width=\"220\">\n<p class=\"juzhong1111\">Caminho acidentado<\/p>\n<\/td>\n<td colspan=\"1\" rowspan=\"1\">\n<p class=\"juzhong1111\">1<\/p>\n<\/td>\n<td colspan=\"1\" rowspan=\"1\" width=\"282\"><img decoding=\"async\" title=\"indefinido\" src=\"https:\/\/www.china-inflatable.com\/wp-content\/uploads\/2020\/08\/15254217007.jpg\" alt=\"indefinido\" \/><\/td>\n<td colspan=\"1\" rowspan=\"1\">\n<p class=\"juzhong1111\">Escada dupla<\/p>\n<\/td>\n<td colspan=\"1\" rowspan=\"1\">\n<p class=\"juzhong1111\">1<\/p>\n<\/td>\n<\/tr>\n<tr>\n<td colspan=\"1\" rowspan=\"1\" width=\"281\"><img loading=\"lazy\" decoding=\"async\" style=\"width: 150px;height: 86px\" title=\"indefinido\" src=\"https:\/\/www.china-inflatable.com\/wp-content\/uploads\/2020\/08\/15254217224.jpg\" alt=\"indefinido\" width=\"150\" height=\"86\" border=\"0\" vspace=\"0\" \/><\/td>\n<td colspan=\"1\" rowspan=\"1\" width=\"220\">\n<p class=\"juzhong1111\">Onda de deslizamento<\/p>\n<\/td>\n<td colspan=\"1\" rowspan=\"1\">\n<p class=\"juzhong1111\">1<\/p>\n<\/td>\n<td colspan=\"1\" rowspan=\"1\" width=\"282\"><img decoding=\"async\" title=\"indefinido\" src=\"https:\/\/www.china-inflatable.com\/wp-content\/uploads\/2020\/08\/15254217234.jpg\" alt=\"indefinido\" \/><\/td>\n<td colspan=\"1\" rowspan=\"1\">\n<p class=\"juzhong1111\">Salto de sapo<\/p>\n<\/td>\n<td colspan=\"1\" rowspan=\"1\">\n<p class=\"juzhong1111\">2<\/p>\n<\/td>\n<\/tr>\n<tr>\n<td colspan=\"1\" rowspan=\"1\" width=\"281\"><img decoding=\"async\" title=\"indefinido\" src=\"https:\/\/www.china-inflatable.com\/wp-content\/uploads\/2020\/08\/15254217240.jpg\" alt=\"indefinido\" \/><\/td>\n<td colspan=\"1\" rowspan=\"1\" width=\"220\">\n<p class=\"juzhong1111\">Bar da selva<\/p>\n<\/td>\n<td colspan=\"1\" rowspan=\"1\">\n<p class=\"juzhong1111\">1<\/p>\n<\/td>\n<td colspan=\"1\" rowspan=\"1\" width=\"282\"><img loading=\"lazy\" decoding=\"async\" style=\"width: 150px;height: 130px\" title=\"indefinido\" src=\"https:\/\/www.china-inflatable.com\/wp-content\/uploads\/2020\/08\/15254217263.jpg\" alt=\"indefinido\" width=\"150\" height=\"130\" border=\"0\" vspace=\"0\" \/><\/td>\n<td colspan=\"1\" rowspan=\"1\">\n<p class=\"juzhong1111\">Porta girat\u00f3ria<\/p>\n<\/td>\n<td colspan=\"1\" rowspan=\"1\">\n<p class=\"juzhong1111\">2<\/p>\n<\/td>\n<\/tr>\n<tr>\n<td colspan=\"1\" rowspan=\"1\" width=\"281\"><img loading=\"lazy\" decoding=\"async\" style=\"width: 150px;height: 87px\" title=\"indefinido\" src=\"https:\/\/www.china-inflatable.com\/wp-content\/uploads\/2020\/08\/15254217279.jpg\" alt=\"indefinido\" width=\"150\" height=\"87\" border=\"0\" vspace=\"0\" \/><\/td>\n<td colspan=\"1\" rowspan=\"1\" width=\"220\">\n<p class=\"juzhong1111\">Passarela<\/p>\n<\/td>\n<td colspan=\"1\" rowspan=\"1\">\n<p class=\"juzhong1111\">14<\/p>\n<\/td>\n<td colspan=\"1\" rowspan=\"1\" width=\"282\"><img decoding=\"async\" title=\"indefinido\" src=\"https:\/\/www.china-inflatable.com\/wp-content\/uploads\/2020\/08\/15254217049.jpg\" alt=\"indefinido\" \/><\/td>\n<td colspan=\"1\" rowspan=\"1\">\n<p class=\"juzhong1111\">Buscador<\/p>\n<\/td>\n<td colspan=\"1\" rowspan=\"1\">\n<p class=\"juzhong1111\">2<\/p>\n<\/td>\n<\/tr>\n<tr>\n<td colspan=\"1\" rowspan=\"1\" width=\"281\"><img loading=\"lazy\" decoding=\"async\" style=\"width: 150px;height: 100px\" title=\"indefinido\" src=\"https:\/\/www.china-inflatable.com\/wp-content\/uploads\/2020\/08\/15254217290.jpg\" alt=\"indefinido\" width=\"150\" height=\"100\" border=\"0\" vspace=\"0\" \/><\/td>\n<td colspan=\"1\" rowspan=\"1\" width=\"220\">\n<p class=\"juzhong1111\">Rampa insufl\u00e1vel<\/p>\n<\/td>\n<td colspan=\"1\" rowspan=\"1\">\n<p class=\"juzhong1111\">17<\/p>\n<\/td>\n<td colspan=\"1\" rowspan=\"1\" width=\"282\"><img loading=\"lazy\" decoding=\"async\" style=\"width: 150px;height: 100px\" title=\"indefinido\" src=\"https:\/\/www.china-inflatable.com\/wp-content\/uploads\/2020\/08\/15254217122591.jpg\" alt=\"indefinido\" width=\"150\" height=\"100\" border=\"0\" vspace=\"0\" \/><\/td>\n<td colspan=\"1\" rowspan=\"1\">\n<p class=\"juzhong1111\">Canto quadrado<\/p>\n<\/td>\n<td colspan=\"1\" rowspan=\"1\">\n<p class=\"juzhong1111\">2<\/p>\n<\/td>\n<\/tr>\n<\/tbody>\n<\/table>","protected":false},"excerpt":{"rendered":"<p>Photo Description Qty Photo Description Qty Swing Tower 1 3 Caps 1 Jumping Pillow 1 Runway-2 4 Colum Bridge 1 W Corner 1 \u00a0Trampoline 1 Water Roller 1 Inflatable water slide 1 Guard tower 1 Rough Path 1 Double Ladder 1 Slipping Wave 1 Frog Jump 2 Jungle Bar 1 Spin Door 2 Runway 14 &#8230; <a title=\"S33 Parque aqu\u00e1tico insufl\u00e1vel Aqua Park Ilha de \u00e1gua da Chinee Inflatables\" class=\"read-more\" href=\"https:\/\/www.chinee-inflatable.com\/pt\/produto\/s33-parque-aquatico-insuflavel-aqua-park-ilha-de-agua-da-chinee-insuflaveis-2\/\" aria-label=\"Mais em S33 Inflatable Water Park Aqua Park Water Island From Chinee Inflatables\">Ler mais<\/a><\/p>","protected":false},"featured_media":4921,"template":"","meta":{"_acf_changed":false},"product_brand":[],"product_cat":[63],"product_tag":[423,424],"class_list":{"0":"post-59456","1":"product","2":"type-product","3":"status-publish","4":"has-post-thumbnail","6":"product_cat-water-park","7":"product_tag-aqua-park","8":"product_tag-giant-water-park","10":"first","11":"instock","12":"shipping-taxable","13":"product-type-simple"},"acf":[],"gallery_images":[4924,4925,4928,4932],"yoast_head":"<!-- This site is optimized with the Yoast SEO Premium plugin v24.1 (Yoast SEO v25.0) - https:\/\/yoast.com\/wordpress\/plugins\/seo\/ -->\n<title>S33 Inflatable Water Park Aqua Park Water Island From Chinee Inflatables - Chinee Inflatable<\/title>\n<meta name=\"description\" content=\"Model: S33 ; Size : 55\u00d735\u00d74 m \/ 180.4\u00d7114.8\u00d713.1 ft ; Weight: 1,500 Kg \/ 3,306.9 lbs ; Material: 0.55 mm and 0.9 mm PVC Tarpaulin\" \/>\n<meta name=\"robots\" content=\"index, follow, max-snippet:-1, max-image-preview:large, max-video-preview:-1\" \/>\n<link rel=\"canonical\" href=\"https:\/\/www.chinee-inflatable.com\/pt\/produto\/s33-parque-aquatico-insuflavel-aqua-park-ilha-de-agua-da-chinee-insuflaveis-2\/\" \/>\n<meta property=\"og:locale\" content=\"pt_PT\" \/>\n<meta property=\"og:type\" content=\"article\" \/>\n<meta property=\"og:title\" content=\"S33 Inflatable Water Park Aqua Park Water Island From Chinee Inflatables\" \/>\n<meta property=\"og:description\" content=\"Model: S33 ; Size : 55\u00d735\u00d74 m \/ 180.4\u00d7114.8\u00d713.1 ft ; Weight: 1,500 Kg \/ 3,306.9 lbs ; Material: 0.55 mm and 0.9 mm PVC Tarpaulin\" \/>\n<meta property=\"og:url\" content=\"https:\/\/www.chinee-inflatable.com\/pt\/produto\/s33-parque-aquatico-insuflavel-aqua-park-ilha-de-agua-da-chinee-insuflaveis-2\/\" \/>\n<meta property=\"og:site_name\" content=\"Chinee Inflatable\" \/>\n<meta property=\"article:publisher\" content=\"https:\/\/www.facebook.com\/ChineeInflatabletian\/\" \/>\n<meta property=\"article:modified_time\" content=\"2025-07-29T09:38:38+00:00\" \/>\n<meta property=\"og:image\" content=\"https:\/\/www.chinee-inflatable.com\/wp-content\/uploads\/2021\/10\/Thailand-Adults-Inflatable-Water-Sport-Park-Games1.jpg\" \/>\n\t<meta property=\"og:image:width\" content=\"540\" \/>\n\t<meta property=\"og:image:height\" content=\"540\" \/>\n\t<meta property=\"og:image:type\" content=\"image\/jpeg\" \/>\n<meta name=\"twitter:card\" content=\"summary_large_image\" \/>\n<meta name=\"twitter:description\" content=\"Model: S33 ; Size : 55\u00d735\u00d74 m \/ 180.4\u00d7114.8\u00d713.1 ft ; Weight: 1,500 Kg \/ 3,306.9 lbs ; Material: 0.55 mm and 0.9 mm PVC Tarpaulin\" \/>\n<script type=\"application\/ld+json\" class=\"yoast-schema-graph\">{\"@context\":\"https:\/\/schema.org\",\"@graph\":[{\"@type\":\"WebPage\",\"@id\":\"https:\/\/www.chinee-inflatable.com\/product\/s33-inflatable-water-park-aqua-park-water-island-from-chinee-inflatables-2\/\",\"url\":\"https:\/\/www.chinee-inflatable.com\/product\/s33-inflatable-water-park-aqua-park-water-island-from-chinee-inflatables-2\/\",\"name\":\"S33 Inflatable Water Park Aqua Park Water Island From Chinee Inflatables - Chinee Inflatable\",\"isPartOf\":{\"@id\":\"https:\/\/www.chinee-inflatable.com\/#website\"},\"primaryImageOfPage\":{\"@id\":\"https:\/\/www.chinee-inflatable.com\/product\/s33-inflatable-water-park-aqua-park-water-island-from-chinee-inflatables-2\/#primaryimage\"},\"image\":{\"@id\":\"https:\/\/www.chinee-inflatable.com\/product\/s33-inflatable-water-park-aqua-park-water-island-from-chinee-inflatables-2\/#primaryimage\"},\"thumbnailUrl\":\"https:\/\/www.chinee-inflatable.com\/wp-content\/uploads\/2021\/10\/Thailand-Adults-Inflatable-Water-Sport-Park-Games1.jpg\",\"datePublished\":\"2022-12-12T02:26:17+00:00\",\"dateModified\":\"2025-07-29T09:38:38+00:00\",\"description\":\"Model: S33 ; Size : 55\u00d735\u00d74 m \/ 180.4\u00d7114.8\u00d713.1 ft ; Weight: 1,500 Kg \/ 3,306.9 lbs ; Material: 0.55 mm and 0.9 mm PVC Tarpaulin\",\"breadcrumb\":{\"@id\":\"https:\/\/www.chinee-inflatable.com\/product\/s33-inflatable-water-park-aqua-park-water-island-from-chinee-inflatables-2\/#breadcrumb\"},\"inLanguage\":\"pt-PT\",\"potentialAction\":[{\"@type\":\"ReadAction\",\"target\":[\"https:\/\/www.chinee-inflatable.com\/product\/s33-inflatable-water-park-aqua-park-water-island-from-chinee-inflatables-2\/\"]}]},{\"@type\":\"ImageObject\",\"inLanguage\":\"pt-PT\",\"@id\":\"https:\/\/www.chinee-inflatable.com\/product\/s33-inflatable-water-park-aqua-park-water-island-from-chinee-inflatables-2\/#primaryimage\",\"url\":\"https:\/\/www.chinee-inflatable.com\/wp-content\/uploads\/2021\/10\/Thailand-Adults-Inflatable-Water-Sport-Park-Games1.jpg\",\"contentUrl\":\"https:\/\/www.chinee-inflatable.com\/wp-content\/uploads\/2021\/10\/Thailand-Adults-Inflatable-Water-Sport-Park-Games1.jpg\",\"width\":540,\"height\":540,\"caption\":\"Inflatable Water Park\"},{\"@type\":\"BreadcrumbList\",\"@id\":\"https:\/\/www.chinee-inflatable.com\/product\/s33-inflatable-water-park-aqua-park-water-island-from-chinee-inflatables-2\/#breadcrumb\",\"itemListElement\":[{\"@type\":\"ListItem\",\"position\":1,\"name\":\"Home\",\"item\":\"https:\/\/www.chinee-inflatable.com\/\"},{\"@type\":\"ListItem\",\"position\":2,\"name\":\"Products\",\"item\":\"https:\/\/www.chinee-inflatable.com\/shop\/\"},{\"@type\":\"ListItem\",\"position\":3,\"name\":\"S33 Inflatable Water Park Aqua Park Water Island From Chinee Inflatables\"}]},{\"@type\":\"WebSite\",\"@id\":\"https:\/\/www.chinee-inflatable.com\/#website\",\"url\":\"https:\/\/www.chinee-inflatable.com\/\",\"name\":\"Chinee Inflatable Factory\",\"description\":\"Offer you lower price &amp; higher quality inflatables.\",\"publisher\":{\"@id\":\"https:\/\/www.chinee-inflatable.com\/#organization\"},\"alternateName\":\"Chinee Inflatable Bounce\",\"potentialAction\":[{\"@type\":\"SearchAction\",\"target\":{\"@type\":\"EntryPoint\",\"urlTemplate\":\"https:\/\/www.chinee-inflatable.com\/?s={search_term_string}\"},\"query-input\":{\"@type\":\"PropertyValueSpecification\",\"valueRequired\":true,\"valueName\":\"search_term_string\"}}],\"inLanguage\":\"pt-PT\"},{\"@type\":\"Organization\",\"@id\":\"https:\/\/www.chinee-inflatable.com\/#organization\",\"name\":\"Chinee Inflatable\",\"alternateName\":\"Chinee Inflatable Bounce\",\"url\":\"https:\/\/www.chinee-inflatable.com\/\",\"logo\":{\"@type\":\"ImageObject\",\"inLanguage\":\"pt-PT\",\"@id\":\"https:\/\/www.chinee-inflatable.com\/#\/schema\/logo\/image\/\",\"url\":\"https:\/\/www.chinee-inflatable.com\/wp-content\/uploads\/2021\/11\/cropped-CHINEE-INFLATABLE-LOGO.png\",\"contentUrl\":\"https:\/\/www.chinee-inflatable.com\/wp-content\/uploads\/2021\/11\/cropped-CHINEE-INFLATABLE-LOGO.png\",\"width\":200,\"height\":190,\"caption\":\"Chinee Inflatable\"},\"image\":{\"@id\":\"https:\/\/www.chinee-inflatable.com\/#\/schema\/logo\/image\/\"},\"sameAs\":[\"https:\/\/www.facebook.com\/ChineeInflatabletian\/\"],\"description\":\"Chinee Inflatable established in 1998, Chinee has grown to become one of the largest inflatable manufacturers in China.At Chinee, we take pride in our skilled workforce and our ability to cater to the unique needs of our clients. We specialize in producing custom inflatable designs, providing our clients with a diverse range of options for their specific requirements.\",\"email\":\"info@chinee-inflatable.com\",\"telephone\":\"+86-18826065077\",\"legalName\":\"Chinee Inflatable\",\"foundingDate\":\"1998-01-02\",\"numberOfEmployees\":{\"@type\":\"QuantitativeValue\",\"minValue\":\"501\",\"maxValue\":\"1000\"}}]}<\/script>\n<!-- \/ Yoast SEO Premium plugin. -->","yoast_head_json":{"title":"S33 Inflatable Water Park Aqua Park Water Island From Chinee Inflatables - Chinee Inflatable","description":"Model: S33 ; Size : 55\u00d735\u00d74 m \/ 180.4\u00d7114.8\u00d713.1 ft ; Weight: 1,500 Kg \/ 3,306.9 lbs ; Material: 0.55 mm and 0.9 mm PVC Tarpaulin","robots":{"index":"index","follow":"follow","max-snippet":"max-snippet:-1","max-image-preview":"max-image-preview:large","max-video-preview":"max-video-preview:-1"},"canonical":"https:\/\/www.chinee-inflatable.com\/pt\/produto\/s33-parque-aquatico-insuflavel-aqua-park-ilha-de-agua-da-chinee-insuflaveis-2\/","og_locale":"pt_PT","og_type":"article","og_title":"S33 Inflatable Water Park Aqua Park Water Island From Chinee Inflatables","og_description":"Model: S33 ; Size : 55\u00d735\u00d74 m \/ 180.4\u00d7114.8\u00d713.1 ft ; Weight: 1,500 Kg \/ 3,306.9 lbs ; Material: 0.55 mm and 0.9 mm PVC Tarpaulin","og_url":"https:\/\/www.chinee-inflatable.com\/pt\/produto\/s33-parque-aquatico-insuflavel-aqua-park-ilha-de-agua-da-chinee-insuflaveis-2\/","og_site_name":"Chinee Inflatable","article_publisher":"https:\/\/www.facebook.com\/ChineeInflatabletian\/","article_modified_time":"2025-07-29T09:38:38+00:00","og_image":[{"width":540,"height":540,"url":"https:\/\/www.chinee-inflatable.com\/wp-content\/uploads\/2021\/10\/Thailand-Adults-Inflatable-Water-Sport-Park-Games1.jpg","type":"image\/jpeg"}],"twitter_card":"summary_large_image","twitter_description":"Model: S33 ; Size : 55\u00d735\u00d74 m \/ 180.4\u00d7114.8\u00d713.1 ft ; Weight: 1,500 Kg \/ 3,306.9 lbs ; Material: 0.55 mm and 0.9 mm PVC Tarpaulin","schema":{"@context":"https:\/\/schema.org","@graph":[{"@type":"WebPage","@id":"https:\/\/www.chinee-inflatable.com\/product\/s33-inflatable-water-park-aqua-park-water-island-from-chinee-inflatables-2\/","url":"https:\/\/www.chinee-inflatable.com\/product\/s33-inflatable-water-park-aqua-park-water-island-from-chinee-inflatables-2\/","name":"S33 Inflatable Water Park Aqua Park Water Island From Chinee Inflatables - Chinee Inflatable","isPartOf":{"@id":"https:\/\/www.chinee-inflatable.com\/#website"},"primaryImageOfPage":{"@id":"https:\/\/www.chinee-inflatable.com\/product\/s33-inflatable-water-park-aqua-park-water-island-from-chinee-inflatables-2\/#primaryimage"},"image":{"@id":"https:\/\/www.chinee-inflatable.com\/product\/s33-inflatable-water-park-aqua-park-water-island-from-chinee-inflatables-2\/#primaryimage"},"thumbnailUrl":"https:\/\/www.chinee-inflatable.com\/wp-content\/uploads\/2021\/10\/Thailand-Adults-Inflatable-Water-Sport-Park-Games1.jpg","datePublished":"2022-12-12T02:26:17+00:00","dateModified":"2025-07-29T09:38:38+00:00","description":"Model: S33 ; Size : 55\u00d735\u00d74 m \/ 180.4\u00d7114.8\u00d713.1 ft ; Weight: 1,500 Kg \/ 3,306.9 lbs ; Material: 0.55 mm and 0.9 mm PVC Tarpaulin","breadcrumb":{"@id":"https:\/\/www.chinee-inflatable.com\/product\/s33-inflatable-water-park-aqua-park-water-island-from-chinee-inflatables-2\/#breadcrumb"},"inLanguage":"pt-PT","potentialAction":[{"@type":"ReadAction","target":["https:\/\/www.chinee-inflatable.com\/product\/s33-inflatable-water-park-aqua-park-water-island-from-chinee-inflatables-2\/"]}]},{"@type":"ImageObject","inLanguage":"pt-PT","@id":"https:\/\/www.chinee-inflatable.com\/product\/s33-inflatable-water-park-aqua-park-water-island-from-chinee-inflatables-2\/#primaryimage","url":"https:\/\/www.chinee-inflatable.com\/wp-content\/uploads\/2021\/10\/Thailand-Adults-Inflatable-Water-Sport-Park-Games1.jpg","contentUrl":"https:\/\/www.chinee-inflatable.com\/wp-content\/uploads\/2021\/10\/Thailand-Adults-Inflatable-Water-Sport-Park-Games1.jpg","width":540,"height":540,"caption":"Inflatable Water Park"},{"@type":"BreadcrumbList","@id":"https:\/\/www.chinee-inflatable.com\/product\/s33-inflatable-water-park-aqua-park-water-island-from-chinee-inflatables-2\/#breadcrumb","itemListElement":[{"@type":"ListItem","position":1,"name":"Home","item":"https:\/\/www.chinee-inflatable.com\/"},{"@type":"ListItem","position":2,"name":"Products","item":"https:\/\/www.chinee-inflatable.com\/shop\/"},{"@type":"ListItem","position":3,"name":"S33 Inflatable Water Park Aqua Park Water Island From Chinee Inflatables"}]},{"@type":"WebSite","@id":"https:\/\/www.chinee-inflatable.com\/#website","url":"https:\/\/www.chinee-inflatable.com\/","name":"Chinee Inflatable Factory","description":"Offer you lower price &amp; higher quality inflatables.","publisher":{"@id":"https:\/\/www.chinee-inflatable.com\/#organization"},"alternateName":"Chinee Inflatable Bounce","potentialAction":[{"@type":"SearchAction","target":{"@type":"EntryPoint","urlTemplate":"https:\/\/www.chinee-inflatable.com\/?s={search_term_string}"},"query-input":{"@type":"PropertyValueSpecification","valueRequired":true,"valueName":"search_term_string"}}],"inLanguage":"pt-PT"},{"@type":"Organization","@id":"https:\/\/www.chinee-inflatable.com\/#organization","name":"Chinee Inflatable","alternateName":"Chinee Inflatable Bounce","url":"https:\/\/www.chinee-inflatable.com\/","logo":{"@type":"ImageObject","inLanguage":"pt-PT","@id":"https:\/\/www.chinee-inflatable.com\/#\/schema\/logo\/image\/","url":"https:\/\/www.chinee-inflatable.com\/wp-content\/uploads\/2021\/11\/cropped-CHINEE-INFLATABLE-LOGO.png","contentUrl":"https:\/\/www.chinee-inflatable.com\/wp-content\/uploads\/2021\/11\/cropped-CHINEE-INFLATABLE-LOGO.png","width":200,"height":190,"caption":"Chinee Inflatable"},"image":{"@id":"https:\/\/www.chinee-inflatable.com\/#\/schema\/logo\/image\/"},"sameAs":["https:\/\/www.facebook.com\/ChineeInflatabletian\/"],"description":"Chinee Inflatable established in 1998, Chinee has grown to become one of the largest inflatable manufacturers in China.At Chinee, we take pride in our skilled workforce and our ability to cater to the unique needs of our clients. We specialize in producing custom inflatable designs, providing our clients with a diverse range of options for their specific requirements.","email":"info@chinee-inflatable.com","telephone":"+86-18826065077","legalName":"Chinee Inflatable","foundingDate":"1998-01-02","numberOfEmployees":{"@type":"QuantitativeValue","minValue":"501","maxValue":"1000"}}]}},"_links":{"self":[{"href":"https:\/\/www.chinee-inflatable.com\/pt\/wp-json\/wp\/v2\/product\/59456","targetHints":{"allow":["GET"]}}],"collection":[{"href":"https:\/\/www.chinee-inflatable.com\/pt\/wp-json\/wp\/v2\/product"}],"about":[{"href":"https:\/\/www.chinee-inflatable.com\/pt\/wp-json\/wp\/v2\/types\/product"}],"wp:featuredmedia":[{"embeddable":true,"href":"https:\/\/www.chinee-inflatable.com\/pt\/wp-json\/wp\/v2\/media\/4921"}],"wp:attachment":[{"href":"https:\/\/www.chinee-inflatable.com\/pt\/wp-json\/wp\/v2\/media?parent=59456"}],"wp:term":[{"taxonomy":"product_brand","embeddable":true,"href":"https:\/\/www.chinee-inflatable.com\/pt\/wp-json\/wp\/v2\/product_brand?post=59456"},{"taxonomy":"product_cat","embeddable":true,"href":"https:\/\/www.chinee-inflatable.com\/pt\/wp-json\/wp\/v2\/product_cat?post=59456"},{"taxonomy":"product_tag","embeddable":true,"href":"https:\/\/www.chinee-inflatable.com\/pt\/wp-json\/wp\/v2\/product_tag?post=59456"}],"curies":[{"name":"wp","href":"https:\/\/api.w.org\/{rel}","templated":true}]}}