{"id":53522,"date":"2022-06-09T12:35:40","date_gmt":"2022-06-09T04:35:40","guid":{"rendered":"http:\/\/www.chinee-inflatable.com\/?post_type=product&#038;p=53522"},"modified":"2025-08-27T14:56:35","modified_gmt":"2025-08-27T06:56:35","slug":"t10-157-multi-purpose-water-inflatable-sports-game-handball-basketball-volleyball-inflatable-field","status":"publish","type":"product","link":"https:\/\/www.chinee-inflatable.com\/pt\/produto\/t10-157-multi-purpose-water-inflatable-sports-game-handball-basketball-volleyball-inflatable-field\/","title":{"rendered":"T10-157 Jogo desportivo insufl\u00e1vel aqu\u00e1tico multiusos Campo insufl\u00e1vel de andebol\/basquetebol\/v\u00f3lei"},"content":{"rendered":"","protected":false},"excerpt":{"rendered":"","protected":false},"featured_media":53577,"template":"","meta":{"_acf_changed":false},"product_brand":[],"product_cat":[78],"product_tag":[279,311,443,324,23,169,196,27],"class_list":{"0":"post-53522","1":"product","2":"type-product","3":"status-publish","4":"has-post-thumbnail","6":"product_cat-ball-gamesfootballbasketball-etc","7":"product_tag-airtight","8":"product_tag-basketball-game","9":"product_tag-custom-inflatables","10":"product_tag-hand-ball","11":"product_tag-hot-inflatables","12":"product_tag-in-stock-fast-delivery","13":"product_tag-sport-style","14":"product_tag-volley-ball","16":"first","17":"instock","18":"shipping-taxable","19":"product-type-simple"},"acf":[],"gallery_images":[53578,53579,53580,53581,53582,53583],"yoast_head":"<!-- This site is optimized with the Yoast SEO Premium plugin v24.1 (Yoast SEO v25.0) - https:\/\/yoast.com\/wordpress\/plugins\/seo\/ -->\n<title>T10-157 Multi-Purpose Water Inflatable Sports Game Handball\/Basketball\/Volleyball Inflatable Field - Chinee Inflatable<\/title>\n<meta name=\"description\" content=\"Model: T10-157 ; Size : 4.5\u00d73\u00d72.3 m \/ 14.8\u00d79.8\u00d77.5 ft ; Weight: 45 Kg \/ 99.2 lbs ; Material: 0.55 mm and 0.9 mm PVC Tarpaulin\" \/>\n<meta name=\"robots\" content=\"index, follow, max-snippet:-1, max-image-preview:large, max-video-preview:-1\" \/>\n<link rel=\"canonical\" href=\"https:\/\/www.chinee-inflatable.com\/pt\/produto\/t10-157-multi-purpose-water-inflatable-sports-game-handball-basketball-volleyball-inflatable-field\/\" \/>\n<meta property=\"og:locale\" content=\"pt_PT\" \/>\n<meta property=\"og:type\" content=\"article\" \/>\n<meta property=\"og:title\" content=\"T10-157 Multi-Purpose Water Inflatable Sports Game Handball\/Basketball\/Volleyball Inflatable Field\" \/>\n<meta property=\"og:description\" content=\"Model: T10-157 ; Size : 4.5\u00d73\u00d72.3 m \/ 14.8\u00d79.8\u00d77.5 ft ; Weight: 45 Kg \/ 99.2 lbs ; Material: 0.55 mm and 0.9 mm PVC Tarpaulin\" \/>\n<meta property=\"og:url\" content=\"https:\/\/www.chinee-inflatable.com\/pt\/produto\/t10-157-multi-purpose-water-inflatable-sports-game-handball-basketball-volleyball-inflatable-field\/\" \/>\n<meta property=\"og:site_name\" content=\"Chinee Inflatable\" \/>\n<meta property=\"article:publisher\" content=\"https:\/\/www.facebook.com\/ChineeInflatabletian\/\" \/>\n<meta property=\"article:modified_time\" content=\"2025-08-27T06:56:35+00:00\" \/>\n<meta property=\"og:image\" content=\"https:\/\/www.chinee-inflatable.com\/wp-content\/uploads\/2022\/06\/DJI_0770.jpg\" \/>\n\t<meta property=\"og:image:width\" content=\"1200\" \/>\n\t<meta property=\"og:image:height\" content=\"900\" \/>\n\t<meta property=\"og:image:type\" content=\"image\/jpeg\" \/>\n<meta name=\"twitter:card\" content=\"summary_large_image\" \/>\n<meta name=\"twitter:description\" content=\"Model: T10-157 ; Size : 4.5\u00d73\u00d72.3 m \/ 14.8\u00d79.8\u00d77.5 ft ; Weight: 45 Kg \/ 99.2 lbs ; Material: 0.55 mm and 0.9 mm PVC Tarpaulin\" \/>\n<script type=\"application\/ld+json\" class=\"yoast-schema-graph\">{\"@context\":\"https:\/\/schema.org\",\"@graph\":[{\"@type\":\"WebPage\",\"@id\":\"https:\/\/www.chinee-inflatable.com\/product\/t10-157-multi-purpose-water-inflatable-sports-game-handball-basketball-volleyball-inflatable-field\/\",\"url\":\"https:\/\/www.chinee-inflatable.com\/product\/t10-157-multi-purpose-water-inflatable-sports-game-handball-basketball-volleyball-inflatable-field\/\",\"name\":\"T10-157 Multi-Purpose Water Inflatable Sports Game Handball\/Basketball\/Volleyball Inflatable Field - Chinee Inflatable\",\"isPartOf\":{\"@id\":\"https:\/\/www.chinee-inflatable.com\/#website\"},\"primaryImageOfPage\":{\"@id\":\"https:\/\/www.chinee-inflatable.com\/product\/t10-157-multi-purpose-water-inflatable-sports-game-handball-basketball-volleyball-inflatable-field\/#primaryimage\"},\"image\":{\"@id\":\"https:\/\/www.chinee-inflatable.com\/product\/t10-157-multi-purpose-water-inflatable-sports-game-handball-basketball-volleyball-inflatable-field\/#primaryimage\"},\"thumbnailUrl\":\"https:\/\/www.chinee-inflatable.com\/wp-content\/uploads\/2022\/06\/DJI_0770.jpg\",\"datePublished\":\"2022-06-09T04:35:40+00:00\",\"dateModified\":\"2025-08-27T06:56:35+00:00\",\"description\":\"Model: T10-157 ; Size : 4.5\u00d73\u00d72.3 m \/ 14.8\u00d79.8\u00d77.5 ft ; Weight: 45 Kg \/ 99.2 lbs ; Material: 0.55 mm and 0.9 mm PVC Tarpaulin\",\"breadcrumb\":{\"@id\":\"https:\/\/www.chinee-inflatable.com\/product\/t10-157-multi-purpose-water-inflatable-sports-game-handball-basketball-volleyball-inflatable-field\/#breadcrumb\"},\"inLanguage\":\"pt-PT\",\"potentialAction\":[{\"@type\":\"ReadAction\",\"target\":[\"https:\/\/www.chinee-inflatable.com\/product\/t10-157-multi-purpose-water-inflatable-sports-game-handball-basketball-volleyball-inflatable-field\/\"]}]},{\"@type\":\"ImageObject\",\"inLanguage\":\"pt-PT\",\"@id\":\"https:\/\/www.chinee-inflatable.com\/product\/t10-157-multi-purpose-water-inflatable-sports-game-handball-basketball-volleyball-inflatable-field\/#primaryimage\",\"url\":\"https:\/\/www.chinee-inflatable.com\/wp-content\/uploads\/2022\/06\/DJI_0770.jpg\",\"contentUrl\":\"https:\/\/www.chinee-inflatable.com\/wp-content\/uploads\/2022\/06\/DJI_0770.jpg\",\"width\":1200,\"height\":900,\"caption\":\"Ball Games(football,basketball etc.)\"},{\"@type\":\"BreadcrumbList\",\"@id\":\"https:\/\/www.chinee-inflatable.com\/product\/t10-157-multi-purpose-water-inflatable-sports-game-handball-basketball-volleyball-inflatable-field\/#breadcrumb\",\"itemListElement\":[{\"@type\":\"ListItem\",\"position\":1,\"name\":\"Home\",\"item\":\"https:\/\/www.chinee-inflatable.com\/\"},{\"@type\":\"ListItem\",\"position\":2,\"name\":\"Products\",\"item\":\"https:\/\/www.chinee-inflatable.com\/shop\/\"},{\"@type\":\"ListItem\",\"position\":3,\"name\":\"T10-157 Multi-Purpose Water Inflatable Sports Game Handball\/Basketball\/Volleyball Inflatable Field\"}]},{\"@type\":\"WebSite\",\"@id\":\"https:\/\/www.chinee-inflatable.com\/#website\",\"url\":\"https:\/\/www.chinee-inflatable.com\/\",\"name\":\"Chinee Inflatable Factory\",\"description\":\"Offer you lower price &amp; higher quality inflatables.\",\"publisher\":{\"@id\":\"https:\/\/www.chinee-inflatable.com\/#organization\"},\"alternateName\":\"Chinee Inflatable Bounce\",\"potentialAction\":[{\"@type\":\"SearchAction\",\"target\":{\"@type\":\"EntryPoint\",\"urlTemplate\":\"https:\/\/www.chinee-inflatable.com\/?s={search_term_string}\"},\"query-input\":{\"@type\":\"PropertyValueSpecification\",\"valueRequired\":true,\"valueName\":\"search_term_string\"}}],\"inLanguage\":\"pt-PT\"},{\"@type\":\"Organization\",\"@id\":\"https:\/\/www.chinee-inflatable.com\/#organization\",\"name\":\"Chinee Inflatable\",\"alternateName\":\"Chinee Inflatable Bounce\",\"url\":\"https:\/\/www.chinee-inflatable.com\/\",\"logo\":{\"@type\":\"ImageObject\",\"inLanguage\":\"pt-PT\",\"@id\":\"https:\/\/www.chinee-inflatable.com\/#\/schema\/logo\/image\/\",\"url\":\"https:\/\/www.chinee-inflatable.com\/wp-content\/uploads\/2021\/11\/cropped-CHINEE-INFLATABLE-LOGO.png\",\"contentUrl\":\"https:\/\/www.chinee-inflatable.com\/wp-content\/uploads\/2021\/11\/cropped-CHINEE-INFLATABLE-LOGO.png\",\"width\":200,\"height\":190,\"caption\":\"Chinee Inflatable\"},\"image\":{\"@id\":\"https:\/\/www.chinee-inflatable.com\/#\/schema\/logo\/image\/\"},\"sameAs\":[\"https:\/\/www.facebook.com\/ChineeInflatabletian\/\"],\"description\":\"Chinee Inflatable established in 1998, Chinee has grown to become one of the largest inflatable manufacturers in China.At Chinee, we take pride in our skilled workforce and our ability to cater to the unique needs of our clients. We specialize in producing custom inflatable designs, providing our clients with a diverse range of options for their specific requirements.\",\"email\":\"info@chinee-inflatable.com\",\"telephone\":\"+86-18826065077\",\"legalName\":\"Chinee Inflatable\",\"foundingDate\":\"1998-01-02\",\"numberOfEmployees\":{\"@type\":\"QuantitativeValue\",\"minValue\":\"501\",\"maxValue\":\"1000\"}}]}<\/script>\n<!-- \/ Yoast SEO Premium plugin. -->","yoast_head_json":{"title":"T10-157 Multi-Purpose Water Inflatable Sports Game Handball\/Basketball\/Volleyball Inflatable Field - Chinee Inflatable","description":"Model: T10-157 ; Size : 4.5\u00d73\u00d72.3 m \/ 14.8\u00d79.8\u00d77.5 ft ; Weight: 45 Kg \/ 99.2 lbs ; Material: 0.55 mm and 0.9 mm PVC Tarpaulin","robots":{"index":"index","follow":"follow","max-snippet":"max-snippet:-1","max-image-preview":"max-image-preview:large","max-video-preview":"max-video-preview:-1"},"canonical":"https:\/\/www.chinee-inflatable.com\/pt\/produto\/t10-157-multi-purpose-water-inflatable-sports-game-handball-basketball-volleyball-inflatable-field\/","og_locale":"pt_PT","og_type":"article","og_title":"T10-157 Multi-Purpose Water Inflatable Sports Game Handball\/Basketball\/Volleyball Inflatable Field","og_description":"Model: T10-157 ; Size : 4.5\u00d73\u00d72.3 m \/ 14.8\u00d79.8\u00d77.5 ft ; Weight: 45 Kg \/ 99.2 lbs ; Material: 0.55 mm and 0.9 mm PVC Tarpaulin","og_url":"https:\/\/www.chinee-inflatable.com\/pt\/produto\/t10-157-multi-purpose-water-inflatable-sports-game-handball-basketball-volleyball-inflatable-field\/","og_site_name":"Chinee Inflatable","article_publisher":"https:\/\/www.facebook.com\/ChineeInflatabletian\/","article_modified_time":"2025-08-27T06:56:35+00:00","og_image":[{"width":1200,"height":900,"url":"https:\/\/www.chinee-inflatable.com\/wp-content\/uploads\/2022\/06\/DJI_0770.jpg","type":"image\/jpeg"}],"twitter_card":"summary_large_image","twitter_description":"Model: T10-157 ; Size : 4.5\u00d73\u00d72.3 m \/ 14.8\u00d79.8\u00d77.5 ft ; Weight: 45 Kg \/ 99.2 lbs ; Material: 0.55 mm and 0.9 mm PVC Tarpaulin","schema":{"@context":"https:\/\/schema.org","@graph":[{"@type":"WebPage","@id":"https:\/\/www.chinee-inflatable.com\/product\/t10-157-multi-purpose-water-inflatable-sports-game-handball-basketball-volleyball-inflatable-field\/","url":"https:\/\/www.chinee-inflatable.com\/product\/t10-157-multi-purpose-water-inflatable-sports-game-handball-basketball-volleyball-inflatable-field\/","name":"T10-157 Multi-Purpose Water Inflatable Sports Game Handball\/Basketball\/Volleyball Inflatable Field - Chinee Inflatable","isPartOf":{"@id":"https:\/\/www.chinee-inflatable.com\/#website"},"primaryImageOfPage":{"@id":"https:\/\/www.chinee-inflatable.com\/product\/t10-157-multi-purpose-water-inflatable-sports-game-handball-basketball-volleyball-inflatable-field\/#primaryimage"},"image":{"@id":"https:\/\/www.chinee-inflatable.com\/product\/t10-157-multi-purpose-water-inflatable-sports-game-handball-basketball-volleyball-inflatable-field\/#primaryimage"},"thumbnailUrl":"https:\/\/www.chinee-inflatable.com\/wp-content\/uploads\/2022\/06\/DJI_0770.jpg","datePublished":"2022-06-09T04:35:40+00:00","dateModified":"2025-08-27T06:56:35+00:00","description":"Model: T10-157 ; Size : 4.5\u00d73\u00d72.3 m \/ 14.8\u00d79.8\u00d77.5 ft ; Weight: 45 Kg \/ 99.2 lbs ; Material: 0.55 mm and 0.9 mm PVC Tarpaulin","breadcrumb":{"@id":"https:\/\/www.chinee-inflatable.com\/product\/t10-157-multi-purpose-water-inflatable-sports-game-handball-basketball-volleyball-inflatable-field\/#breadcrumb"},"inLanguage":"pt-PT","potentialAction":[{"@type":"ReadAction","target":["https:\/\/www.chinee-inflatable.com\/product\/t10-157-multi-purpose-water-inflatable-sports-game-handball-basketball-volleyball-inflatable-field\/"]}]},{"@type":"ImageObject","inLanguage":"pt-PT","@id":"https:\/\/www.chinee-inflatable.com\/product\/t10-157-multi-purpose-water-inflatable-sports-game-handball-basketball-volleyball-inflatable-field\/#primaryimage","url":"https:\/\/www.chinee-inflatable.com\/wp-content\/uploads\/2022\/06\/DJI_0770.jpg","contentUrl":"https:\/\/www.chinee-inflatable.com\/wp-content\/uploads\/2022\/06\/DJI_0770.jpg","width":1200,"height":900,"caption":"Ball Games(football,basketball etc.)"},{"@type":"BreadcrumbList","@id":"https:\/\/www.chinee-inflatable.com\/product\/t10-157-multi-purpose-water-inflatable-sports-game-handball-basketball-volleyball-inflatable-field\/#breadcrumb","itemListElement":[{"@type":"ListItem","position":1,"name":"Home","item":"https:\/\/www.chinee-inflatable.com\/"},{"@type":"ListItem","position":2,"name":"Products","item":"https:\/\/www.chinee-inflatable.com\/shop\/"},{"@type":"ListItem","position":3,"name":"T10-157 Multi-Purpose Water Inflatable Sports Game Handball\/Basketball\/Volleyball Inflatable Field"}]},{"@type":"WebSite","@id":"https:\/\/www.chinee-inflatable.com\/#website","url":"https:\/\/www.chinee-inflatable.com\/","name":"Chinee Inflatable Factory","description":"Offer you lower price &amp; higher quality inflatables.","publisher":{"@id":"https:\/\/www.chinee-inflatable.com\/#organization"},"alternateName":"Chinee Inflatable Bounce","potentialAction":[{"@type":"SearchAction","target":{"@type":"EntryPoint","urlTemplate":"https:\/\/www.chinee-inflatable.com\/?s={search_term_string}"},"query-input":{"@type":"PropertyValueSpecification","valueRequired":true,"valueName":"search_term_string"}}],"inLanguage":"pt-PT"},{"@type":"Organization","@id":"https:\/\/www.chinee-inflatable.com\/#organization","name":"Chinee Inflatable","alternateName":"Chinee Inflatable Bounce","url":"https:\/\/www.chinee-inflatable.com\/","logo":{"@type":"ImageObject","inLanguage":"pt-PT","@id":"https:\/\/www.chinee-inflatable.com\/#\/schema\/logo\/image\/","url":"https:\/\/www.chinee-inflatable.com\/wp-content\/uploads\/2021\/11\/cropped-CHINEE-INFLATABLE-LOGO.png","contentUrl":"https:\/\/www.chinee-inflatable.com\/wp-content\/uploads\/2021\/11\/cropped-CHINEE-INFLATABLE-LOGO.png","width":200,"height":190,"caption":"Chinee Inflatable"},"image":{"@id":"https:\/\/www.chinee-inflatable.com\/#\/schema\/logo\/image\/"},"sameAs":["https:\/\/www.facebook.com\/ChineeInflatabletian\/"],"description":"Chinee Inflatable established in 1998, Chinee has grown to become one of the largest inflatable manufacturers in China.At Chinee, we take pride in our skilled workforce and our ability to cater to the unique needs of our clients. We specialize in producing custom inflatable designs, providing our clients with a diverse range of options for their specific requirements.","email":"info@chinee-inflatable.com","telephone":"+86-18826065077","legalName":"Chinee Inflatable","foundingDate":"1998-01-02","numberOfEmployees":{"@type":"QuantitativeValue","minValue":"501","maxValue":"1000"}}]}},"_links":{"self":[{"href":"https:\/\/www.chinee-inflatable.com\/pt\/wp-json\/wp\/v2\/product\/53522","targetHints":{"allow":["GET"]}}],"collection":[{"href":"https:\/\/www.chinee-inflatable.com\/pt\/wp-json\/wp\/v2\/product"}],"about":[{"href":"https:\/\/www.chinee-inflatable.com\/pt\/wp-json\/wp\/v2\/types\/product"}],"wp:featuredmedia":[{"embeddable":true,"href":"https:\/\/www.chinee-inflatable.com\/pt\/wp-json\/wp\/v2\/media\/53577"}],"wp:attachment":[{"href":"https:\/\/www.chinee-inflatable.com\/pt\/wp-json\/wp\/v2\/media?parent=53522"}],"wp:term":[{"taxonomy":"product_brand","embeddable":true,"href":"https:\/\/www.chinee-inflatable.com\/pt\/wp-json\/wp\/v2\/product_brand?post=53522"},{"taxonomy":"product_cat","embeddable":true,"href":"https:\/\/www.chinee-inflatable.com\/pt\/wp-json\/wp\/v2\/product_cat?post=53522"},{"taxonomy":"product_tag","embeddable":true,"href":"https:\/\/www.chinee-inflatable.com\/pt\/wp-json\/wp\/v2\/product_tag?post=53522"}],"curies":[{"name":"wp","href":"https:\/\/api.w.org\/{rel}","templated":true}]}}