{"id":51699,"date":"2022-05-11T11:25:21","date_gmt":"2022-05-11T03:25:21","guid":{"rendered":"http:\/\/www.chinee-inflatable.com\/?post_type=product&#038;p=51699"},"modified":"2022-05-11T11:25:22","modified_gmt":"2022-05-11T03:25:22","slug":"novo-design-comercial-grande-parque-aquatico-flutuante-insuflavel-parque-desportivo-aquatico-para-venda","status":"publish","type":"product","link":"https:\/\/www.chinee-inflatable.com\/pt\/produto\/novo-design-comercial-grande-parque-aquatico-flutuante-insuflavel-parque-desportivo-aquatico-para-venda\/","title":{"rendered":"Novo design comercial grande parque aqu\u00e1tico flutuante insufl\u00e1vel parque desportivo aqu\u00e1tico para venda"},"content":{"rendered":"<p>\"Poucas actividades s\u00e3o mais divertidas num dia quente de ver\u00e3o do que um trampolim aqu\u00e1tico, e \u00e9 um refresco de ver\u00e3o dispon\u00edvel para pessoas de todas as idades. Permitem nadar at\u00e9 ao trampolim aqu\u00e1tico, dar saltos enormes e depois saltar para a \u00e1gua, abrindo a porta a muitos jogos divertidos e actividades aqu\u00e1ticas.<br \/>\n1. F\u00e1cil de insuflar e esvaziar, conveniente para armazenamento e transporte.<br \/>\n2. Os trampolins insufl\u00e1veis t\u00eam uma grande \u00e1rea de superf\u00edcie, s\u00e3o fortes e est\u00e1veis e podem acomodar muitas pessoas ao mesmo tempo\".\t\t<\/p>","protected":false},"excerpt":{"rendered":"<p>Este trampolim infl\u00e1vel redondo \u00e9 feito de material de PVC espesso dur\u00e1vel com uma almofada central macia e flex\u00edvel. \u00c9 o melhor acess\u00f3rio de ver\u00e3o ao ar livre. Quer esteja num lago, oceano, rio ou numa piscina suficientemente grande, o trampolim insufl\u00e1vel vai mant\u00ea-lo a saltar na \u00e1gua durante horas.\t\t<\/p>","protected":false},"featured_media":51700,"template":"","meta":{"_acf_changed":false},"product_brand":[],"product_cat":[63],"product_tag":[],"class_list":{"0":"post-51699","1":"product","2":"type-product","3":"status-publish","4":"has-post-thumbnail","6":"product_cat-water-park","8":"first","9":"instock","10":"shipping-taxable","11":"product-type-simple"},"acf":[],"gallery_images":[51702,51701,51700],"yoast_head":"<!-- This site is optimized with the Yoast SEO Premium plugin v24.1 (Yoast SEO v25.0) - https:\/\/yoast.com\/wordpress\/plugins\/seo\/ -->\n<title>New Design Commercial Large Inflatable Floating Water Park Aqua Sports Park for sale - Chinee Inflatable<\/title>\n<meta name=\"description\" content=\"Model: ID-51699 ; Size : Can be customized ; Weight: Customized ; Material: 0.55 mm and 0.9 mm PVC Tarpaulin\" \/>\n<meta name=\"robots\" content=\"index, follow, max-snippet:-1, max-image-preview:large, max-video-preview:-1\" \/>\n<link rel=\"canonical\" href=\"https:\/\/www.chinee-inflatable.com\/pt\/produto\/novo-design-comercial-grande-parque-aquatico-flutuante-insuflavel-parque-desportivo-aquatico-para-venda\/\" \/>\n<meta property=\"og:locale\" content=\"pt_PT\" \/>\n<meta property=\"og:type\" content=\"article\" \/>\n<meta property=\"og:title\" content=\"New Design Commercial Large Inflatable Floating Water Park Aqua Sports Park for sale\" \/>\n<meta property=\"og:description\" content=\"Model: ID-51699 ; Size : Can be customized ; Weight: Customized ; Material: 0.55 mm and 0.9 mm PVC Tarpaulin\" \/>\n<meta property=\"og:url\" content=\"https:\/\/www.chinee-inflatable.com\/pt\/produto\/novo-design-comercial-grande-parque-aquatico-flutuante-insuflavel-parque-desportivo-aquatico-para-venda\/\" \/>\n<meta property=\"og:site_name\" content=\"Chinee Inflatable\" \/>\n<meta property=\"article:publisher\" content=\"https:\/\/www.facebook.com\/ChineeInflatabletian\/\" \/>\n<meta property=\"article:modified_time\" content=\"2022-05-11T03:25:22+00:00\" \/>\n<meta property=\"og:image\" content=\"https:\/\/www.chinee-inflatable.com\/wp-content\/uploads\/2022\/05\/135691621093555-pic-hd_orig.jpg\" \/>\n\t<meta property=\"og:image:width\" content=\"1100\" \/>\n\t<meta property=\"og:image:height\" content=\"699\" \/>\n\t<meta property=\"og:image:type\" content=\"image\/jpeg\" \/>\n<meta name=\"twitter:card\" content=\"summary_large_image\" \/>\n<meta name=\"twitter:description\" content=\"Model: ID-51699 ; Size : Can be customized ; Weight: Customized ; Material: 0.55 mm and 0.9 mm PVC Tarpaulin\" \/>\n<script type=\"application\/ld+json\" class=\"yoast-schema-graph\">{\"@context\":\"https:\/\/schema.org\",\"@graph\":[{\"@type\":\"WebPage\",\"@id\":\"https:\/\/www.chinee-inflatable.com\/product\/new-design-commercial-large-inflatable-floating-water-park-aqua-sports-park-for-sale\/\",\"url\":\"https:\/\/www.chinee-inflatable.com\/product\/new-design-commercial-large-inflatable-floating-water-park-aqua-sports-park-for-sale\/\",\"name\":\"New Design Commercial Large Inflatable Floating Water Park Aqua Sports Park for sale - Chinee Inflatable\",\"isPartOf\":{\"@id\":\"https:\/\/www.chinee-inflatable.com\/#website\"},\"primaryImageOfPage\":{\"@id\":\"https:\/\/www.chinee-inflatable.com\/product\/new-design-commercial-large-inflatable-floating-water-park-aqua-sports-park-for-sale\/#primaryimage\"},\"image\":{\"@id\":\"https:\/\/www.chinee-inflatable.com\/product\/new-design-commercial-large-inflatable-floating-water-park-aqua-sports-park-for-sale\/#primaryimage\"},\"thumbnailUrl\":\"https:\/\/www.chinee-inflatable.com\/wp-content\/uploads\/2022\/05\/135691621093555-pic-hd_orig.jpg\",\"datePublished\":\"2022-05-11T03:25:21+00:00\",\"dateModified\":\"2022-05-11T03:25:22+00:00\",\"description\":\"Model: ID-51699 ; Size : Can be customized ; Weight: Customized ; Material: 0.55 mm and 0.9 mm PVC Tarpaulin\",\"breadcrumb\":{\"@id\":\"https:\/\/www.chinee-inflatable.com\/product\/new-design-commercial-large-inflatable-floating-water-park-aqua-sports-park-for-sale\/#breadcrumb\"},\"inLanguage\":\"pt-PT\",\"potentialAction\":[{\"@type\":\"ReadAction\",\"target\":[\"https:\/\/www.chinee-inflatable.com\/product\/new-design-commercial-large-inflatable-floating-water-park-aqua-sports-park-for-sale\/\"]}]},{\"@type\":\"ImageObject\",\"inLanguage\":\"pt-PT\",\"@id\":\"https:\/\/www.chinee-inflatable.com\/product\/new-design-commercial-large-inflatable-floating-water-park-aqua-sports-park-for-sale\/#primaryimage\",\"url\":\"https:\/\/www.chinee-inflatable.com\/wp-content\/uploads\/2022\/05\/135691621093555-pic-hd_orig.jpg\",\"contentUrl\":\"https:\/\/www.chinee-inflatable.com\/wp-content\/uploads\/2022\/05\/135691621093555-pic-hd_orig.jpg\",\"width\":1100,\"height\":699,\"caption\":\"Inflatable Water Park\"},{\"@type\":\"BreadcrumbList\",\"@id\":\"https:\/\/www.chinee-inflatable.com\/product\/new-design-commercial-large-inflatable-floating-water-park-aqua-sports-park-for-sale\/#breadcrumb\",\"itemListElement\":[{\"@type\":\"ListItem\",\"position\":1,\"name\":\"Home\",\"item\":\"https:\/\/www.chinee-inflatable.com\/\"},{\"@type\":\"ListItem\",\"position\":2,\"name\":\"Products\",\"item\":\"https:\/\/www.chinee-inflatable.com\/shop\/\"},{\"@type\":\"ListItem\",\"position\":3,\"name\":\"New Design Commercial Large Inflatable Floating Water Park Aqua Sports Park for sale\"}]},{\"@type\":\"WebSite\",\"@id\":\"https:\/\/www.chinee-inflatable.com\/#website\",\"url\":\"https:\/\/www.chinee-inflatable.com\/\",\"name\":\"Chinee Inflatable Factory\",\"description\":\"Offer you lower price &amp; higher quality inflatables.\",\"publisher\":{\"@id\":\"https:\/\/www.chinee-inflatable.com\/#organization\"},\"alternateName\":\"Chinee Inflatable Bounce\",\"potentialAction\":[{\"@type\":\"SearchAction\",\"target\":{\"@type\":\"EntryPoint\",\"urlTemplate\":\"https:\/\/www.chinee-inflatable.com\/?s={search_term_string}\"},\"query-input\":{\"@type\":\"PropertyValueSpecification\",\"valueRequired\":true,\"valueName\":\"search_term_string\"}}],\"inLanguage\":\"pt-PT\"},{\"@type\":\"Organization\",\"@id\":\"https:\/\/www.chinee-inflatable.com\/#organization\",\"name\":\"Chinee Inflatable\",\"alternateName\":\"Chinee Inflatable Bounce\",\"url\":\"https:\/\/www.chinee-inflatable.com\/\",\"logo\":{\"@type\":\"ImageObject\",\"inLanguage\":\"pt-PT\",\"@id\":\"https:\/\/www.chinee-inflatable.com\/#\/schema\/logo\/image\/\",\"url\":\"https:\/\/www.chinee-inflatable.com\/wp-content\/uploads\/2021\/11\/cropped-CHINEE-INFLATABLE-LOGO.png\",\"contentUrl\":\"https:\/\/www.chinee-inflatable.com\/wp-content\/uploads\/2021\/11\/cropped-CHINEE-INFLATABLE-LOGO.png\",\"width\":200,\"height\":190,\"caption\":\"Chinee Inflatable\"},\"image\":{\"@id\":\"https:\/\/www.chinee-inflatable.com\/#\/schema\/logo\/image\/\"},\"sameAs\":[\"https:\/\/www.facebook.com\/ChineeInflatabletian\/\"],\"description\":\"Chinee Inflatable established in 1998, Chinee has grown to become one of the largest inflatable manufacturers in China.At Chinee, we take pride in our skilled workforce and our ability to cater to the unique needs of our clients. We specialize in producing custom inflatable designs, providing our clients with a diverse range of options for their specific requirements.\",\"email\":\"info@chinee-inflatable.com\",\"telephone\":\"+86-18826065077\",\"legalName\":\"Chinee Inflatable\",\"foundingDate\":\"1998-01-02\",\"numberOfEmployees\":{\"@type\":\"QuantitativeValue\",\"minValue\":\"501\",\"maxValue\":\"1000\"}}]}<\/script>\n<!-- \/ Yoast SEO Premium plugin. -->","yoast_head_json":{"title":"New Design Commercial Large Inflatable Floating Water Park Aqua Sports Park for sale - Chinee Inflatable","description":"Model: ID-51699 ; Size : Can be customized ; Weight: Customized ; Material: 0.55 mm and 0.9 mm PVC Tarpaulin","robots":{"index":"index","follow":"follow","max-snippet":"max-snippet:-1","max-image-preview":"max-image-preview:large","max-video-preview":"max-video-preview:-1"},"canonical":"https:\/\/www.chinee-inflatable.com\/pt\/produto\/novo-design-comercial-grande-parque-aquatico-flutuante-insuflavel-parque-desportivo-aquatico-para-venda\/","og_locale":"pt_PT","og_type":"article","og_title":"New Design Commercial Large Inflatable Floating Water Park Aqua Sports Park for sale","og_description":"Model: ID-51699 ; Size : Can be customized ; Weight: Customized ; Material: 0.55 mm and 0.9 mm PVC Tarpaulin","og_url":"https:\/\/www.chinee-inflatable.com\/pt\/produto\/novo-design-comercial-grande-parque-aquatico-flutuante-insuflavel-parque-desportivo-aquatico-para-venda\/","og_site_name":"Chinee Inflatable","article_publisher":"https:\/\/www.facebook.com\/ChineeInflatabletian\/","article_modified_time":"2022-05-11T03:25:22+00:00","og_image":[{"width":1100,"height":699,"url":"https:\/\/www.chinee-inflatable.com\/wp-content\/uploads\/2022\/05\/135691621093555-pic-hd_orig.jpg","type":"image\/jpeg"}],"twitter_card":"summary_large_image","twitter_description":"Model: ID-51699 ; Size : Can be customized ; Weight: Customized ; Material: 0.55 mm and 0.9 mm PVC Tarpaulin","schema":{"@context":"https:\/\/schema.org","@graph":[{"@type":"WebPage","@id":"https:\/\/www.chinee-inflatable.com\/product\/new-design-commercial-large-inflatable-floating-water-park-aqua-sports-park-for-sale\/","url":"https:\/\/www.chinee-inflatable.com\/product\/new-design-commercial-large-inflatable-floating-water-park-aqua-sports-park-for-sale\/","name":"New Design Commercial Large Inflatable Floating Water Park Aqua Sports Park for sale - Chinee Inflatable","isPartOf":{"@id":"https:\/\/www.chinee-inflatable.com\/#website"},"primaryImageOfPage":{"@id":"https:\/\/www.chinee-inflatable.com\/product\/new-design-commercial-large-inflatable-floating-water-park-aqua-sports-park-for-sale\/#primaryimage"},"image":{"@id":"https:\/\/www.chinee-inflatable.com\/product\/new-design-commercial-large-inflatable-floating-water-park-aqua-sports-park-for-sale\/#primaryimage"},"thumbnailUrl":"https:\/\/www.chinee-inflatable.com\/wp-content\/uploads\/2022\/05\/135691621093555-pic-hd_orig.jpg","datePublished":"2022-05-11T03:25:21+00:00","dateModified":"2022-05-11T03:25:22+00:00","description":"Model: ID-51699 ; Size : Can be customized ; Weight: Customized ; Material: 0.55 mm and 0.9 mm PVC Tarpaulin","breadcrumb":{"@id":"https:\/\/www.chinee-inflatable.com\/product\/new-design-commercial-large-inflatable-floating-water-park-aqua-sports-park-for-sale\/#breadcrumb"},"inLanguage":"pt-PT","potentialAction":[{"@type":"ReadAction","target":["https:\/\/www.chinee-inflatable.com\/product\/new-design-commercial-large-inflatable-floating-water-park-aqua-sports-park-for-sale\/"]}]},{"@type":"ImageObject","inLanguage":"pt-PT","@id":"https:\/\/www.chinee-inflatable.com\/product\/new-design-commercial-large-inflatable-floating-water-park-aqua-sports-park-for-sale\/#primaryimage","url":"https:\/\/www.chinee-inflatable.com\/wp-content\/uploads\/2022\/05\/135691621093555-pic-hd_orig.jpg","contentUrl":"https:\/\/www.chinee-inflatable.com\/wp-content\/uploads\/2022\/05\/135691621093555-pic-hd_orig.jpg","width":1100,"height":699,"caption":"Inflatable Water Park"},{"@type":"BreadcrumbList","@id":"https:\/\/www.chinee-inflatable.com\/product\/new-design-commercial-large-inflatable-floating-water-park-aqua-sports-park-for-sale\/#breadcrumb","itemListElement":[{"@type":"ListItem","position":1,"name":"Home","item":"https:\/\/www.chinee-inflatable.com\/"},{"@type":"ListItem","position":2,"name":"Products","item":"https:\/\/www.chinee-inflatable.com\/shop\/"},{"@type":"ListItem","position":3,"name":"New Design Commercial Large Inflatable Floating Water Park Aqua Sports Park for sale"}]},{"@type":"WebSite","@id":"https:\/\/www.chinee-inflatable.com\/#website","url":"https:\/\/www.chinee-inflatable.com\/","name":"Chinee Inflatable Factory","description":"Offer you lower price &amp; higher quality inflatables.","publisher":{"@id":"https:\/\/www.chinee-inflatable.com\/#organization"},"alternateName":"Chinee Inflatable Bounce","potentialAction":[{"@type":"SearchAction","target":{"@type":"EntryPoint","urlTemplate":"https:\/\/www.chinee-inflatable.com\/?s={search_term_string}"},"query-input":{"@type":"PropertyValueSpecification","valueRequired":true,"valueName":"search_term_string"}}],"inLanguage":"pt-PT"},{"@type":"Organization","@id":"https:\/\/www.chinee-inflatable.com\/#organization","name":"Chinee Inflatable","alternateName":"Chinee Inflatable Bounce","url":"https:\/\/www.chinee-inflatable.com\/","logo":{"@type":"ImageObject","inLanguage":"pt-PT","@id":"https:\/\/www.chinee-inflatable.com\/#\/schema\/logo\/image\/","url":"https:\/\/www.chinee-inflatable.com\/wp-content\/uploads\/2021\/11\/cropped-CHINEE-INFLATABLE-LOGO.png","contentUrl":"https:\/\/www.chinee-inflatable.com\/wp-content\/uploads\/2021\/11\/cropped-CHINEE-INFLATABLE-LOGO.png","width":200,"height":190,"caption":"Chinee Inflatable"},"image":{"@id":"https:\/\/www.chinee-inflatable.com\/#\/schema\/logo\/image\/"},"sameAs":["https:\/\/www.facebook.com\/ChineeInflatabletian\/"],"description":"Chinee Inflatable established in 1998, Chinee has grown to become one of the largest inflatable manufacturers in China.At Chinee, we take pride in our skilled workforce and our ability to cater to the unique needs of our clients. We specialize in producing custom inflatable designs, providing our clients with a diverse range of options for their specific requirements.","email":"info@chinee-inflatable.com","telephone":"+86-18826065077","legalName":"Chinee Inflatable","foundingDate":"1998-01-02","numberOfEmployees":{"@type":"QuantitativeValue","minValue":"501","maxValue":"1000"}}]}},"_links":{"self":[{"href":"https:\/\/www.chinee-inflatable.com\/pt\/wp-json\/wp\/v2\/product\/51699","targetHints":{"allow":["GET"]}}],"collection":[{"href":"https:\/\/www.chinee-inflatable.com\/pt\/wp-json\/wp\/v2\/product"}],"about":[{"href":"https:\/\/www.chinee-inflatable.com\/pt\/wp-json\/wp\/v2\/types\/product"}],"wp:featuredmedia":[{"embeddable":true,"href":"https:\/\/www.chinee-inflatable.com\/pt\/wp-json\/wp\/v2\/media\/51700"}],"wp:attachment":[{"href":"https:\/\/www.chinee-inflatable.com\/pt\/wp-json\/wp\/v2\/media?parent=51699"}],"wp:term":[{"taxonomy":"product_brand","embeddable":true,"href":"https:\/\/www.chinee-inflatable.com\/pt\/wp-json\/wp\/v2\/product_brand?post=51699"},{"taxonomy":"product_cat","embeddable":true,"href":"https:\/\/www.chinee-inflatable.com\/pt\/wp-json\/wp\/v2\/product_cat?post=51699"},{"taxonomy":"product_tag","embeddable":true,"href":"https:\/\/www.chinee-inflatable.com\/pt\/wp-json\/wp\/v2\/product_tag?post=51699"}],"curies":[{"name":"wp","href":"https:\/\/api.w.org\/{rel}","templated":true}]}}