{"id":51672,"date":"2022-05-11T10:41:16","date_gmt":"2022-05-11T02:41:16","guid":{"rendered":"http:\/\/www.chinee-inflatable.com\/?post_type=product&#038;p=51672"},"modified":"2022-05-11T10:47:26","modified_gmt":"2022-05-11T02:47:26","slug":"parque-aquatico-novo-tipo-diversao-grande-agua-instalacoes-de-diversao-desporto-jogo-verao","status":"publish","type":"product","link":"https:\/\/www.chinee-inflatable.com\/pt\/produto\/parque-aquatico-novo-tipo-diversao-grande-agua-instalacoes-de-diversao-desporto-jogo-verao\/","title":{"rendered":"Parque aqu\u00e1tico Novo tipo Divers\u00e3o Grande \u00c1gua Instala\u00e7\u00f5es de divers\u00e3o Jogo desportivo ver\u00e3o"},"content":{"rendered":"<p> O parque insufl\u00e1vel foi concebido com alta qualidade e pode satisfazer as suas necessidades comerciais ou pessoais. \u00c9 composto por muitas pe\u00e7as que flutuam na \u00e1gua ao mesmo tempo. Quase todas as pe\u00e7as podem ser desmontadas e montadas juntas para formar uma pista ou pista de corrida. O comprimento de cada pe\u00e7a que project\u00e1mos \u00e9 de 3M\/5M\/10M.<br \/>\n  As outras partes separadas que n\u00e3o est\u00e3o ligadas s\u00e3o a subida e o escorrega do iceberg maior. Estes eventos desafiantes atraem as pessoas ao mesmo tempo que as deixam cair na \u00e1gua tanto quanto poss\u00edvel, aliviando assim a press\u00e3o sobre a pista para que esta possa acomodar mais pessoas.<br \/>\n  Depois de decidir comprar alguns parques aqu\u00e1ticos insufl\u00e1veis, pode mistur\u00e1-los e combin\u00e1-los como achar melhor. \u00c9 muito flex\u00edvel, por isso nenhum parque \u00e9 igual ao outro. Esta \u00e9 a alma de todo o design.\t<\/p>","protected":false},"excerpt":{"rendered":"<p>O parque insufl\u00e1vel \u00e9 fabricado com materiais anti-UV e resistentes ao calor feitos \u00e0 medida, que duram mais 30-50% do que os materiais normais que a maioria dos fornecedores tem vindo a utilizar. \u00c9 um parque aqu\u00e1tico resistente que se mant\u00e9m est\u00e1vel mesmo em condi\u00e7\u00f5es climat\u00e9ricas adversas, especialmente em \u00e1reas com fortes raios ultravioleta ou temperaturas elevadas.\t\t<\/p>","protected":false},"featured_media":51676,"template":"","meta":{"_acf_changed":false},"product_brand":[],"product_cat":[63],"product_tag":[],"class_list":{"0":"post-51672","1":"product","2":"type-product","3":"status-publish","4":"has-post-thumbnail","6":"product_cat-water-park","8":"first","9":"instock","10":"shipping-taxable","11":"product-type-simple"},"acf":[],"gallery_images":[51676,51675,51674,51673],"yoast_head":"<!-- This site is optimized with the Yoast SEO Premium plugin v24.1 (Yoast SEO v25.0) - https:\/\/yoast.com\/wordpress\/plugins\/seo\/ -->\n<title>Water Park New Type Fun Large Water Amusement Facilities Sports Game Summer - Chinee Inflatable<\/title>\n<meta name=\"description\" content=\"Model: H4-00001 ; Size : Can be customized ; Weight: Customized ; Material: 0.55 mm and 0.9 mm PVC Tarpaulin\" \/>\n<meta name=\"robots\" content=\"index, follow, max-snippet:-1, max-image-preview:large, max-video-preview:-1\" \/>\n<link rel=\"canonical\" href=\"https:\/\/www.chinee-inflatable.com\/pt\/produto\/parque-aquatico-novo-tipo-diversao-grande-agua-instalacoes-de-diversao-desporto-jogo-verao\/\" \/>\n<meta property=\"og:locale\" content=\"pt_PT\" \/>\n<meta property=\"og:type\" content=\"article\" \/>\n<meta property=\"og:title\" content=\"Water Park New Type Fun Large Water Amusement Facilities Sports Game Summer\" \/>\n<meta property=\"og:description\" content=\"Model: H4-00001 ; Size : Can be customized ; Weight: Customized ; Material: 0.55 mm and 0.9 mm PVC Tarpaulin\" \/>\n<meta property=\"og:url\" content=\"https:\/\/www.chinee-inflatable.com\/pt\/produto\/parque-aquatico-novo-tipo-diversao-grande-agua-instalacoes-de-diversao-desporto-jogo-verao\/\" \/>\n<meta property=\"og:site_name\" content=\"Chinee Inflatable\" \/>\n<meta property=\"article:publisher\" content=\"https:\/\/www.facebook.com\/ChineeInflatabletian\/\" \/>\n<meta property=\"article:modified_time\" content=\"2022-05-11T02:47:26+00:00\" \/>\n<meta property=\"og:image\" content=\"https:\/\/www.chinee-inflatable.com\/wp-content\/uploads\/2022\/05\/1-4.jpg\" \/>\n\t<meta property=\"og:image:width\" content=\"800\" \/>\n\t<meta property=\"og:image:height\" content=\"800\" \/>\n\t<meta property=\"og:image:type\" content=\"image\/jpeg\" \/>\n<meta name=\"twitter:card\" content=\"summary_large_image\" \/>\n<meta name=\"twitter:description\" content=\"Model: H4-00001 ; Size : Can be customized ; Weight: Customized ; Material: 0.55 mm and 0.9 mm PVC Tarpaulin\" \/>\n<meta name=\"twitter:label1\" content=\"Tempo estimado de leitura\" \/>\n\t<meta name=\"twitter:data1\" content=\"1 minuto\" \/>\n<script type=\"application\/ld+json\" class=\"yoast-schema-graph\">{\"@context\":\"https:\/\/schema.org\",\"@graph\":[{\"@type\":\"WebPage\",\"@id\":\"https:\/\/www.chinee-inflatable.com\/product\/water-park-new-type-fun-large-water-amusement-facilities-sports-game-summer\/\",\"url\":\"https:\/\/www.chinee-inflatable.com\/product\/water-park-new-type-fun-large-water-amusement-facilities-sports-game-summer\/\",\"name\":\"Water Park New Type Fun Large Water Amusement Facilities Sports Game Summer - Chinee Inflatable\",\"isPartOf\":{\"@id\":\"https:\/\/www.chinee-inflatable.com\/#website\"},\"primaryImageOfPage\":{\"@id\":\"https:\/\/www.chinee-inflatable.com\/product\/water-park-new-type-fun-large-water-amusement-facilities-sports-game-summer\/#primaryimage\"},\"image\":{\"@id\":\"https:\/\/www.chinee-inflatable.com\/product\/water-park-new-type-fun-large-water-amusement-facilities-sports-game-summer\/#primaryimage\"},\"thumbnailUrl\":\"https:\/\/www.chinee-inflatable.com\/wp-content\/uploads\/2022\/05\/1-4.jpg\",\"datePublished\":\"2022-05-11T02:41:16+00:00\",\"dateModified\":\"2022-05-11T02:47:26+00:00\",\"description\":\"Model: H4-00001 ; Size : Can be customized ; Weight: Customized ; Material: 0.55 mm and 0.9 mm PVC Tarpaulin\",\"breadcrumb\":{\"@id\":\"https:\/\/www.chinee-inflatable.com\/product\/water-park-new-type-fun-large-water-amusement-facilities-sports-game-summer\/#breadcrumb\"},\"inLanguage\":\"pt-PT\",\"potentialAction\":[{\"@type\":\"ReadAction\",\"target\":[\"https:\/\/www.chinee-inflatable.com\/product\/water-park-new-type-fun-large-water-amusement-facilities-sports-game-summer\/\"]}]},{\"@type\":\"ImageObject\",\"inLanguage\":\"pt-PT\",\"@id\":\"https:\/\/www.chinee-inflatable.com\/product\/water-park-new-type-fun-large-water-amusement-facilities-sports-game-summer\/#primaryimage\",\"url\":\"https:\/\/www.chinee-inflatable.com\/wp-content\/uploads\/2022\/05\/1-4.jpg\",\"contentUrl\":\"https:\/\/www.chinee-inflatable.com\/wp-content\/uploads\/2022\/05\/1-4.jpg\",\"width\":800,\"height\":800,\"caption\":\"Inflatable Water Park\"},{\"@type\":\"BreadcrumbList\",\"@id\":\"https:\/\/www.chinee-inflatable.com\/product\/water-park-new-type-fun-large-water-amusement-facilities-sports-game-summer\/#breadcrumb\",\"itemListElement\":[{\"@type\":\"ListItem\",\"position\":1,\"name\":\"Home\",\"item\":\"https:\/\/www.chinee-inflatable.com\/\"},{\"@type\":\"ListItem\",\"position\":2,\"name\":\"Products\",\"item\":\"https:\/\/www.chinee-inflatable.com\/shop\/\"},{\"@type\":\"ListItem\",\"position\":3,\"name\":\"Water Park New Type Fun Large Water Amusement Facilities Sports Game Summer\"}]},{\"@type\":\"WebSite\",\"@id\":\"https:\/\/www.chinee-inflatable.com\/#website\",\"url\":\"https:\/\/www.chinee-inflatable.com\/\",\"name\":\"Chinee Inflatable Factory\",\"description\":\"Offer you lower price &amp; higher quality inflatables.\",\"publisher\":{\"@id\":\"https:\/\/www.chinee-inflatable.com\/#organization\"},\"alternateName\":\"Chinee Inflatable Bounce\",\"potentialAction\":[{\"@type\":\"SearchAction\",\"target\":{\"@type\":\"EntryPoint\",\"urlTemplate\":\"https:\/\/www.chinee-inflatable.com\/?s={search_term_string}\"},\"query-input\":{\"@type\":\"PropertyValueSpecification\",\"valueRequired\":true,\"valueName\":\"search_term_string\"}}],\"inLanguage\":\"pt-PT\"},{\"@type\":\"Organization\",\"@id\":\"https:\/\/www.chinee-inflatable.com\/#organization\",\"name\":\"Chinee Inflatable\",\"alternateName\":\"Chinee Inflatable Bounce\",\"url\":\"https:\/\/www.chinee-inflatable.com\/\",\"logo\":{\"@type\":\"ImageObject\",\"inLanguage\":\"pt-PT\",\"@id\":\"https:\/\/www.chinee-inflatable.com\/#\/schema\/logo\/image\/\",\"url\":\"https:\/\/www.chinee-inflatable.com\/wp-content\/uploads\/2021\/11\/cropped-CHINEE-INFLATABLE-LOGO.png\",\"contentUrl\":\"https:\/\/www.chinee-inflatable.com\/wp-content\/uploads\/2021\/11\/cropped-CHINEE-INFLATABLE-LOGO.png\",\"width\":200,\"height\":190,\"caption\":\"Chinee Inflatable\"},\"image\":{\"@id\":\"https:\/\/www.chinee-inflatable.com\/#\/schema\/logo\/image\/\"},\"sameAs\":[\"https:\/\/www.facebook.com\/ChineeInflatabletian\/\"],\"description\":\"Chinee Inflatable established in 1998, Chinee has grown to become one of the largest inflatable manufacturers in China.At Chinee, we take pride in our skilled workforce and our ability to cater to the unique needs of our clients. We specialize in producing custom inflatable designs, providing our clients with a diverse range of options for their specific requirements.\",\"email\":\"info@chinee-inflatable.com\",\"telephone\":\"+86-18826065077\",\"legalName\":\"Chinee Inflatable\",\"foundingDate\":\"1998-01-02\",\"numberOfEmployees\":{\"@type\":\"QuantitativeValue\",\"minValue\":\"501\",\"maxValue\":\"1000\"}}]}<\/script>\n<!-- \/ Yoast SEO Premium plugin. -->","yoast_head_json":{"title":"Water Park New Type Fun Large Water Amusement Facilities Sports Game Summer - Chinee Inflatable","description":"Model: H4-00001 ; Size : Can be customized ; Weight: Customized ; Material: 0.55 mm and 0.9 mm PVC Tarpaulin","robots":{"index":"index","follow":"follow","max-snippet":"max-snippet:-1","max-image-preview":"max-image-preview:large","max-video-preview":"max-video-preview:-1"},"canonical":"https:\/\/www.chinee-inflatable.com\/pt\/produto\/parque-aquatico-novo-tipo-diversao-grande-agua-instalacoes-de-diversao-desporto-jogo-verao\/","og_locale":"pt_PT","og_type":"article","og_title":"Water Park New Type Fun Large Water Amusement Facilities Sports Game Summer","og_description":"Model: H4-00001 ; Size : Can be customized ; Weight: Customized ; Material: 0.55 mm and 0.9 mm PVC Tarpaulin","og_url":"https:\/\/www.chinee-inflatable.com\/pt\/produto\/parque-aquatico-novo-tipo-diversao-grande-agua-instalacoes-de-diversao-desporto-jogo-verao\/","og_site_name":"Chinee Inflatable","article_publisher":"https:\/\/www.facebook.com\/ChineeInflatabletian\/","article_modified_time":"2022-05-11T02:47:26+00:00","og_image":[{"width":800,"height":800,"url":"https:\/\/www.chinee-inflatable.com\/wp-content\/uploads\/2022\/05\/1-4.jpg","type":"image\/jpeg"}],"twitter_card":"summary_large_image","twitter_description":"Model: H4-00001 ; Size : Can be customized ; Weight: Customized ; Material: 0.55 mm and 0.9 mm PVC Tarpaulin","twitter_misc":{"Tempo estimado de leitura":"1 minuto"},"schema":{"@context":"https:\/\/schema.org","@graph":[{"@type":"WebPage","@id":"https:\/\/www.chinee-inflatable.com\/product\/water-park-new-type-fun-large-water-amusement-facilities-sports-game-summer\/","url":"https:\/\/www.chinee-inflatable.com\/product\/water-park-new-type-fun-large-water-amusement-facilities-sports-game-summer\/","name":"Water Park New Type Fun Large Water Amusement Facilities Sports Game Summer - Chinee Inflatable","isPartOf":{"@id":"https:\/\/www.chinee-inflatable.com\/#website"},"primaryImageOfPage":{"@id":"https:\/\/www.chinee-inflatable.com\/product\/water-park-new-type-fun-large-water-amusement-facilities-sports-game-summer\/#primaryimage"},"image":{"@id":"https:\/\/www.chinee-inflatable.com\/product\/water-park-new-type-fun-large-water-amusement-facilities-sports-game-summer\/#primaryimage"},"thumbnailUrl":"https:\/\/www.chinee-inflatable.com\/wp-content\/uploads\/2022\/05\/1-4.jpg","datePublished":"2022-05-11T02:41:16+00:00","dateModified":"2022-05-11T02:47:26+00:00","description":"Model: H4-00001 ; Size : Can be customized ; Weight: Customized ; Material: 0.55 mm and 0.9 mm PVC Tarpaulin","breadcrumb":{"@id":"https:\/\/www.chinee-inflatable.com\/product\/water-park-new-type-fun-large-water-amusement-facilities-sports-game-summer\/#breadcrumb"},"inLanguage":"pt-PT","potentialAction":[{"@type":"ReadAction","target":["https:\/\/www.chinee-inflatable.com\/product\/water-park-new-type-fun-large-water-amusement-facilities-sports-game-summer\/"]}]},{"@type":"ImageObject","inLanguage":"pt-PT","@id":"https:\/\/www.chinee-inflatable.com\/product\/water-park-new-type-fun-large-water-amusement-facilities-sports-game-summer\/#primaryimage","url":"https:\/\/www.chinee-inflatable.com\/wp-content\/uploads\/2022\/05\/1-4.jpg","contentUrl":"https:\/\/www.chinee-inflatable.com\/wp-content\/uploads\/2022\/05\/1-4.jpg","width":800,"height":800,"caption":"Inflatable Water Park"},{"@type":"BreadcrumbList","@id":"https:\/\/www.chinee-inflatable.com\/product\/water-park-new-type-fun-large-water-amusement-facilities-sports-game-summer\/#breadcrumb","itemListElement":[{"@type":"ListItem","position":1,"name":"Home","item":"https:\/\/www.chinee-inflatable.com\/"},{"@type":"ListItem","position":2,"name":"Products","item":"https:\/\/www.chinee-inflatable.com\/shop\/"},{"@type":"ListItem","position":3,"name":"Water Park New Type Fun Large Water Amusement Facilities Sports Game Summer"}]},{"@type":"WebSite","@id":"https:\/\/www.chinee-inflatable.com\/#website","url":"https:\/\/www.chinee-inflatable.com\/","name":"Chinee Inflatable Factory","description":"Offer you lower price &amp; higher quality inflatables.","publisher":{"@id":"https:\/\/www.chinee-inflatable.com\/#organization"},"alternateName":"Chinee Inflatable Bounce","potentialAction":[{"@type":"SearchAction","target":{"@type":"EntryPoint","urlTemplate":"https:\/\/www.chinee-inflatable.com\/?s={search_term_string}"},"query-input":{"@type":"PropertyValueSpecification","valueRequired":true,"valueName":"search_term_string"}}],"inLanguage":"pt-PT"},{"@type":"Organization","@id":"https:\/\/www.chinee-inflatable.com\/#organization","name":"Chinee Inflatable","alternateName":"Chinee Inflatable Bounce","url":"https:\/\/www.chinee-inflatable.com\/","logo":{"@type":"ImageObject","inLanguage":"pt-PT","@id":"https:\/\/www.chinee-inflatable.com\/#\/schema\/logo\/image\/","url":"https:\/\/www.chinee-inflatable.com\/wp-content\/uploads\/2021\/11\/cropped-CHINEE-INFLATABLE-LOGO.png","contentUrl":"https:\/\/www.chinee-inflatable.com\/wp-content\/uploads\/2021\/11\/cropped-CHINEE-INFLATABLE-LOGO.png","width":200,"height":190,"caption":"Chinee Inflatable"},"image":{"@id":"https:\/\/www.chinee-inflatable.com\/#\/schema\/logo\/image\/"},"sameAs":["https:\/\/www.facebook.com\/ChineeInflatabletian\/"],"description":"Chinee Inflatable established in 1998, Chinee has grown to become one of the largest inflatable manufacturers in China.At Chinee, we take pride in our skilled workforce and our ability to cater to the unique needs of our clients. We specialize in producing custom inflatable designs, providing our clients with a diverse range of options for their specific requirements.","email":"info@chinee-inflatable.com","telephone":"+86-18826065077","legalName":"Chinee Inflatable","foundingDate":"1998-01-02","numberOfEmployees":{"@type":"QuantitativeValue","minValue":"501","maxValue":"1000"}}]}},"_links":{"self":[{"href":"https:\/\/www.chinee-inflatable.com\/pt\/wp-json\/wp\/v2\/product\/51672","targetHints":{"allow":["GET"]}}],"collection":[{"href":"https:\/\/www.chinee-inflatable.com\/pt\/wp-json\/wp\/v2\/product"}],"about":[{"href":"https:\/\/www.chinee-inflatable.com\/pt\/wp-json\/wp\/v2\/types\/product"}],"wp:featuredmedia":[{"embeddable":true,"href":"https:\/\/www.chinee-inflatable.com\/pt\/wp-json\/wp\/v2\/media\/51676"}],"wp:attachment":[{"href":"https:\/\/www.chinee-inflatable.com\/pt\/wp-json\/wp\/v2\/media?parent=51672"}],"wp:term":[{"taxonomy":"product_brand","embeddable":true,"href":"https:\/\/www.chinee-inflatable.com\/pt\/wp-json\/wp\/v2\/product_brand?post=51672"},{"taxonomy":"product_cat","embeddable":true,"href":"https:\/\/www.chinee-inflatable.com\/pt\/wp-json\/wp\/v2\/product_cat?post=51672"},{"taxonomy":"product_tag","embeddable":true,"href":"https:\/\/www.chinee-inflatable.com\/pt\/wp-json\/wp\/v2\/product_tag?post=51672"}],"curies":[{"name":"wp","href":"https:\/\/api.w.org\/{rel}","templated":true}]}}