{"id":4713,"date":"2021-10-15T08:16:52","date_gmt":"2021-10-15T08:16:52","guid":{"rendered":"http:\/\/www.chinee-inflatable.com\/?post_type=product&#038;p=4713"},"modified":"2022-06-09T11:55:40","modified_gmt":"2022-06-09T03:55:40","slug":"parque-aquatico-insuflavel-s35-parque-aquatico-ilha-de-agua-da-chinee-insuflaveis","status":"publish","type":"product","link":"https:\/\/www.chinee-inflatable.com\/pt\/produto\/parque-aquatico-insuflavel-s35-parque-aquatico-ilha-de-agua-da-chinee-insuflaveis\/","title":{"rendered":"S35 Parque aqu\u00e1tico insufl\u00e1vel Parque aqu\u00e1tico Ilha de \u00e1gua de Chinee inflatables"},"content":{"rendered":"<p><img fetchpriority=\"high\" decoding=\"async\" class=\"alignnone size-full wp-image-63308\" src=\"https:\/\/www.china-inflatable.com\/wp-content\/uploads\/2020\/08\/15306965944720.jpg\" alt=\"\" width=\"820\" height=\"480\" \/><\/p>\n<table class=\"table table-bordered table-hover\" style=\"text-align: center;vertical-align: middle\">\n<tbody>\n<tr class=\"firstRow\" style=\"background-color: #99cc66;font-weight: bold;color: #fff\">\n<td width=\"281\">Fotografia<\/td>\n<td width=\"220\">Descri\u00e7\u00e3o<\/td>\n<td>Quantidade<\/td>\n<td width=\"282\">Fotografia<\/td>\n<td>Descri\u00e7\u00e3o<\/td>\n<td>Quantidade<\/td>\n<\/tr>\n<tr>\n<td width=\"281\"><img decoding=\"async\" title=\"indefinido\" src=\"https:\/\/www.china-inflatable.com\/wp-content\/uploads\/2020\/08\/15306968891993.jpg\" alt=\"indefinido\" \/><\/td>\n<td width=\"220\">\n<p class=\"juzhong1111\">Onda de deslizamento<\/p>\n<\/td>\n<td>\n<p class=\"juzhong1111\">2<\/p>\n<\/td>\n<td width=\"282\"><img decoding=\"async\" title=\"indefinido\" src=\"https:\/\/www.china-inflatable.com\/wp-content\/uploads\/2020\/08\/15306969381448.jpg\" alt=\"indefinido\" \/><\/td>\n<td>\n<p class=\"juzhong1111\">Passarela<\/p>\n<\/td>\n<td>\n<p class=\"juzhong1111\">2<\/p>\n<\/td>\n<\/tr>\n<tr>\n<td width=\"281\"><img decoding=\"async\" style=\"width: 180px;height: 125px\" title=\"indefinido\" src=\"https:\/\/www.china-inflatable.com\/wp-content\/uploads\/2020\/08\/15306969996165.jpg\" alt=\"indefinido\" width=\"180\" height=\"125\" border=\"0\" vspace=\"0\" \/><\/td>\n<td width=\"220\">\n<p class=\"juzhong1111\">Trave de equil\u00edbrio<\/p>\n<\/td>\n<td>\n<p class=\"juzhong1111\">1<\/p>\n<\/td>\n<td width=\"282\"><img decoding=\"async\" title=\"indefinido\" src=\"https:\/\/www.china-inflatable.com\/wp-content\/uploads\/2020\/08\/15306969784674.jpg\" alt=\"indefinido\" \/><\/td>\n<td>\n<p class=\"juzhong1111\">Passarela<\/p>\n<\/td>\n<td>\n<p class=\"juzhong1111\">2<\/p>\n<\/td>\n<\/tr>\n<tr>\n<td width=\"281\"><img decoding=\"async\" title=\"indefinido\" src=\"https:\/\/www.china-inflatable.com\/wp-content\/uploads\/2020\/08\/15306970564999.jpg\" alt=\"indefinido\" \/><\/td>\n<td width=\"220\">\n<p class=\"juzhong1111\">Escorrega de obst\u00e1culos<\/p>\n<\/td>\n<td>\n<p class=\"juzhong1111\">1<\/p>\n<\/td>\n<td width=\"282\"><img decoding=\"async\" style=\"width: 150px;height: 136px\" title=\"indefinido\" src=\"https:\/\/www.china-inflatable.com\/wp-content\/uploads\/2020\/08\/15306970725911.jpg\" alt=\"indefinido\" width=\"150\" height=\"136\" border=\"0\" vspace=\"0\" \/><\/td>\n<td>\n<p class=\"juzhong1111\">Buscador<\/p>\n<\/td>\n<td>\n<p class=\"juzhong1111\">1<\/p>\n<\/td>\n<\/tr>\n<tr>\n<td width=\"281\"><img decoding=\"async\" title=\"indefinido\" src=\"https:\/\/www.china-inflatable.com\/wp-content\/uploads\/2020\/08\/15254236311.jpg\" alt=\"indefinido\" \/><\/td>\n<td width=\"220\">\n<p class=\"juzhong1111\">Ponte Colum<\/p>\n<\/td>\n<td>\n<p class=\"juzhong1111\">1<\/p>\n<\/td>\n<td width=\"282\"><img decoding=\"async\" title=\"indefinido\" src=\"https:\/\/www.china-inflatable.com\/wp-content\/uploads\/2020\/08\/15306971321846.jpg\" alt=\"indefinido\" \/><\/td>\n<td>\n<p class=\"juzhong1111\">Banl\u00e2ncia elevada<\/p>\n<\/td>\n<td>\n<p class=\"juzhong1111\">1<\/p>\n<\/td>\n<\/tr>\n<tr>\n<td colspan=\"1\" rowspan=\"1\" width=\"281\"><img loading=\"lazy\" decoding=\"async\" style=\"width: 150px;height: 100px\" title=\"indefinido\" src=\"https:\/\/www.china-inflatable.com\/wp-content\/uploads\/2020\/08\/15306972346177.jpg\" alt=\"indefinido\" width=\"150\" height=\"100\" border=\"0\" vspace=\"0\" \/><\/td>\n<td colspan=\"1\" rowspan=\"1\" width=\"220\">\n<p class=\"juzhong1111\">Canto quadrado<\/p>\n<\/td>\n<td colspan=\"1\" rowspan=\"1\">\n<p class=\"juzhong1111\">4<\/p>\n<\/td>\n<td colspan=\"1\" rowspan=\"1\" width=\"282\"><img loading=\"lazy\" decoding=\"async\" style=\"width: 150px;height: 100px\" title=\"indefinido\" src=\"https:\/\/www.china-inflatable.com\/wp-content\/uploads\/2020\/08\/15306972881141.jpg\" alt=\"indefinido\" width=\"150\" height=\"100\" border=\"0\" vspace=\"0\" \/><\/td>\n<td colspan=\"1\" rowspan=\"1\">\n<p class=\"juzhong1111\">Onda de deslizamento<\/p>\n<\/td>\n<td colspan=\"1\" rowspan=\"1\">\n<p class=\"juzhong1111\">2<\/p>\n<\/td>\n<\/tr>\n<tr>\n<td colspan=\"1\" rowspan=\"1\"><img decoding=\"async\" title=\"indefinido\" src=\"https:\/\/www.china-inflatable.com\/wp-content\/uploads\/2020\/08\/15306973891708.jpg\" alt=\"indefinido\" \/><\/td>\n<td colspan=\"1\" rowspan=\"1\">Ponte X<\/td>\n<td colspan=\"1\" rowspan=\"1\">1<\/td>\n<td colspan=\"1\" rowspan=\"1\"><img decoding=\"async\" src=\"https:\/\/www.china-inflatable.com\/wp-content\/uploads\/2020\/08\/15254236503.jpg\" alt=\" -Encontrar nova pista de obst\u00e1culos aqu\u00e1ticos insufl\u00e1veis para Wake Park-12\" \/><\/td>\n<td colspan=\"1\" rowspan=\"1\">Rampa<\/td>\n<td colspan=\"1\" rowspan=\"1\">10<\/td>\n<\/tr>\n<tr>\n<td colspan=\"1\" rowspan=\"1\"><img loading=\"lazy\" decoding=\"async\" style=\"width: 150px;height: 80px\" title=\"\" src=\"https:\/\/www.china-inflatable.com\/wp-content\/uploads\/2020\/08\/15254236454962.jpg\" alt=\" -Encontrar nova pista de obst\u00e1culos aqu\u00e1ticos insufl\u00e1veis para Wake Park-13\" width=\"150\" height=\"80\" border=\"0\" vspace=\"0\" \/><\/td>\n<td colspan=\"1\" rowspan=\"1\">Tubo<\/td>\n<td colspan=\"1\" rowspan=\"1\">14<\/td>\n<td colspan=\"1\" rowspan=\"1\"><\/td>\n<td colspan=\"1\" rowspan=\"1\"><\/td>\n<td colspan=\"1\" rowspan=\"1\"><\/td>\n<\/tr>\n<\/tbody>\n<\/table>","protected":false},"excerpt":{"rendered":"<p>Photo Description Qty Photo Description Qty Slipping Wave 2 Runway 2 Balance Beam 1 Runway 2 Obstacle Slide 1 Seeker 1 Colum Bridge 1 High Banlance 1 Square Corner 4 Slipping Wave 2 X Bridge 1 Ramp 10 Pipe 14<\/p>","protected":false},"featured_media":4895,"template":"","meta":{"_acf_changed":false},"product_brand":[],"product_cat":[63],"product_tag":[64,65],"class_list":{"0":"post-4713","1":"product","2":"type-product","3":"status-publish","4":"has-post-thumbnail","6":"product_cat-water-park","7":"product_tag-giant-inflatable-water-park","8":"product_tag-inflatable-aqua-park","10":"first","11":"instock","12":"shipping-taxable","13":"product-type-simple"},"acf":[],"gallery_images":[4896],"yoast_head":"<!-- This site is optimized with the Yoast SEO Premium plugin v24.1 (Yoast SEO v25.0) - https:\/\/yoast.com\/wordpress\/plugins\/seo\/ -->\n<title>S35 Inflatable water park Aqua park Water Island from Chinee inflatables - Chinee Inflatable<\/title>\n<meta name=\"description\" content=\"Model: water parkS35 ; Size : 55\u00d735\u00d73.5 m \/ 180.4\u00d7114.8\u00d711.5 ft ; Weight: 1,500 Kg \/ 3,306.9 lbs ; Material: 0.55 mm and 0.9 mm PVC Tarpaulin\" \/>\n<meta name=\"robots\" content=\"index, follow, max-snippet:-1, max-image-preview:large, max-video-preview:-1\" \/>\n<link rel=\"canonical\" href=\"https:\/\/www.chinee-inflatable.com\/pt\/produto\/parque-aquatico-insuflavel-s35-parque-aquatico-ilha-de-agua-da-chinee-insuflaveis\/\" \/>\n<meta property=\"og:locale\" content=\"pt_PT\" \/>\n<meta property=\"og:type\" content=\"article\" \/>\n<meta property=\"og:title\" content=\"S35 Inflatable water park Aqua park Water Island from Chinee inflatables\" \/>\n<meta property=\"og:description\" content=\"Model: water parkS35 ; Size : 55\u00d735\u00d73.5 m \/ 180.4\u00d7114.8\u00d711.5 ft ; Weight: 1,500 Kg \/ 3,306.9 lbs ; Material: 0.55 mm and 0.9 mm PVC Tarpaulin\" \/>\n<meta property=\"og:url\" content=\"https:\/\/www.chinee-inflatable.com\/pt\/produto\/parque-aquatico-insuflavel-s35-parque-aquatico-ilha-de-agua-da-chinee-insuflaveis\/\" \/>\n<meta property=\"og:site_name\" content=\"Chinee Inflatable\" \/>\n<meta property=\"article:publisher\" content=\"https:\/\/www.facebook.com\/ChineeInflatabletian\/\" \/>\n<meta property=\"article:modified_time\" content=\"2022-06-09T03:55:40+00:00\" \/>\n<meta property=\"og:image\" content=\"https:\/\/www.chinee-inflatable.com\/wp-content\/uploads\/2021\/10\/water35-1-1.jpg\" \/>\n\t<meta property=\"og:image:width\" content=\"1000\" \/>\n\t<meta property=\"og:image:height\" content=\"740\" \/>\n\t<meta property=\"og:image:type\" content=\"image\/jpeg\" \/>\n<meta name=\"twitter:card\" content=\"summary_large_image\" \/>\n<meta name=\"twitter:description\" content=\"Model: water parkS35 ; Size : 55\u00d735\u00d73.5 m \/ 180.4\u00d7114.8\u00d711.5 ft ; Weight: 1,500 Kg \/ 3,306.9 lbs ; Material: 0.55 mm and 0.9 mm PVC Tarpaulin\" \/>\n<script type=\"application\/ld+json\" class=\"yoast-schema-graph\">{\"@context\":\"https:\/\/schema.org\",\"@graph\":[{\"@type\":\"WebPage\",\"@id\":\"https:\/\/www.chinee-inflatable.com\/product\/s35-inflatable-water-park-aqua-park-water-island-from-chinee-inflatables\/\",\"url\":\"https:\/\/www.chinee-inflatable.com\/product\/s35-inflatable-water-park-aqua-park-water-island-from-chinee-inflatables\/\",\"name\":\"S35 Inflatable water park Aqua park Water Island from Chinee inflatables - Chinee Inflatable\",\"isPartOf\":{\"@id\":\"https:\/\/www.chinee-inflatable.com\/#website\"},\"primaryImageOfPage\":{\"@id\":\"https:\/\/www.chinee-inflatable.com\/product\/s35-inflatable-water-park-aqua-park-water-island-from-chinee-inflatables\/#primaryimage\"},\"image\":{\"@id\":\"https:\/\/www.chinee-inflatable.com\/product\/s35-inflatable-water-park-aqua-park-water-island-from-chinee-inflatables\/#primaryimage\"},\"thumbnailUrl\":\"https:\/\/www.chinee-inflatable.com\/wp-content\/uploads\/2021\/10\/water35-1-1.jpg\",\"datePublished\":\"2021-10-15T08:16:52+00:00\",\"dateModified\":\"2022-06-09T03:55:40+00:00\",\"description\":\"Model: water parkS35 ; Size : 55\u00d735\u00d73.5 m \/ 180.4\u00d7114.8\u00d711.5 ft ; Weight: 1,500 Kg \/ 3,306.9 lbs ; Material: 0.55 mm and 0.9 mm PVC Tarpaulin\",\"breadcrumb\":{\"@id\":\"https:\/\/www.chinee-inflatable.com\/product\/s35-inflatable-water-park-aqua-park-water-island-from-chinee-inflatables\/#breadcrumb\"},\"inLanguage\":\"pt-PT\",\"potentialAction\":[{\"@type\":\"ReadAction\",\"target\":[\"https:\/\/www.chinee-inflatable.com\/product\/s35-inflatable-water-park-aqua-park-water-island-from-chinee-inflatables\/\"]}]},{\"@type\":\"ImageObject\",\"inLanguage\":\"pt-PT\",\"@id\":\"https:\/\/www.chinee-inflatable.com\/product\/s35-inflatable-water-park-aqua-park-water-island-from-chinee-inflatables\/#primaryimage\",\"url\":\"https:\/\/www.chinee-inflatable.com\/wp-content\/uploads\/2021\/10\/water35-1-1.jpg\",\"contentUrl\":\"https:\/\/www.chinee-inflatable.com\/wp-content\/uploads\/2021\/10\/water35-1-1.jpg\",\"width\":1000,\"height\":740,\"caption\":\"Inflatable Water Park\"},{\"@type\":\"BreadcrumbList\",\"@id\":\"https:\/\/www.chinee-inflatable.com\/product\/s35-inflatable-water-park-aqua-park-water-island-from-chinee-inflatables\/#breadcrumb\",\"itemListElement\":[{\"@type\":\"ListItem\",\"position\":1,\"name\":\"Home\",\"item\":\"https:\/\/www.chinee-inflatable.com\/\"},{\"@type\":\"ListItem\",\"position\":2,\"name\":\"Products\",\"item\":\"https:\/\/www.chinee-inflatable.com\/shop\/\"},{\"@type\":\"ListItem\",\"position\":3,\"name\":\"S35 Inflatable water park Aqua park Water Island from Chinee inflatables\"}]},{\"@type\":\"WebSite\",\"@id\":\"https:\/\/www.chinee-inflatable.com\/#website\",\"url\":\"https:\/\/www.chinee-inflatable.com\/\",\"name\":\"Chinee Inflatable Factory\",\"description\":\"Offer you lower price &amp; higher quality inflatables.\",\"publisher\":{\"@id\":\"https:\/\/www.chinee-inflatable.com\/#organization\"},\"alternateName\":\"Chinee Inflatable Bounce\",\"potentialAction\":[{\"@type\":\"SearchAction\",\"target\":{\"@type\":\"EntryPoint\",\"urlTemplate\":\"https:\/\/www.chinee-inflatable.com\/?s={search_term_string}\"},\"query-input\":{\"@type\":\"PropertyValueSpecification\",\"valueRequired\":true,\"valueName\":\"search_term_string\"}}],\"inLanguage\":\"pt-PT\"},{\"@type\":\"Organization\",\"@id\":\"https:\/\/www.chinee-inflatable.com\/#organization\",\"name\":\"Chinee Inflatable\",\"alternateName\":\"Chinee Inflatable Bounce\",\"url\":\"https:\/\/www.chinee-inflatable.com\/\",\"logo\":{\"@type\":\"ImageObject\",\"inLanguage\":\"pt-PT\",\"@id\":\"https:\/\/www.chinee-inflatable.com\/#\/schema\/logo\/image\/\",\"url\":\"https:\/\/www.chinee-inflatable.com\/wp-content\/uploads\/2021\/11\/cropped-CHINEE-INFLATABLE-LOGO.png\",\"contentUrl\":\"https:\/\/www.chinee-inflatable.com\/wp-content\/uploads\/2021\/11\/cropped-CHINEE-INFLATABLE-LOGO.png\",\"width\":200,\"height\":190,\"caption\":\"Chinee Inflatable\"},\"image\":{\"@id\":\"https:\/\/www.chinee-inflatable.com\/#\/schema\/logo\/image\/\"},\"sameAs\":[\"https:\/\/www.facebook.com\/ChineeInflatabletian\/\"],\"description\":\"Chinee Inflatable established in 1998, Chinee has grown to become one of the largest inflatable manufacturers in China.At Chinee, we take pride in our skilled workforce and our ability to cater to the unique needs of our clients. We specialize in producing custom inflatable designs, providing our clients with a diverse range of options for their specific requirements.\",\"email\":\"info@chinee-inflatable.com\",\"telephone\":\"+86-18826065077\",\"legalName\":\"Chinee Inflatable\",\"foundingDate\":\"1998-01-02\",\"numberOfEmployees\":{\"@type\":\"QuantitativeValue\",\"minValue\":\"501\",\"maxValue\":\"1000\"}}]}<\/script>\n<!-- \/ Yoast SEO Premium plugin. -->","yoast_head_json":{"title":"S35 Inflatable water park Aqua park Water Island from Chinee inflatables - Chinee Inflatable","description":"Model: water parkS35 ; Size : 55\u00d735\u00d73.5 m \/ 180.4\u00d7114.8\u00d711.5 ft ; Weight: 1,500 Kg \/ 3,306.9 lbs ; Material: 0.55 mm and 0.9 mm PVC Tarpaulin","robots":{"index":"index","follow":"follow","max-snippet":"max-snippet:-1","max-image-preview":"max-image-preview:large","max-video-preview":"max-video-preview:-1"},"canonical":"https:\/\/www.chinee-inflatable.com\/pt\/produto\/parque-aquatico-insuflavel-s35-parque-aquatico-ilha-de-agua-da-chinee-insuflaveis\/","og_locale":"pt_PT","og_type":"article","og_title":"S35 Inflatable water park Aqua park Water Island from Chinee inflatables","og_description":"Model: water parkS35 ; Size : 55\u00d735\u00d73.5 m \/ 180.4\u00d7114.8\u00d711.5 ft ; Weight: 1,500 Kg \/ 3,306.9 lbs ; Material: 0.55 mm and 0.9 mm PVC Tarpaulin","og_url":"https:\/\/www.chinee-inflatable.com\/pt\/produto\/parque-aquatico-insuflavel-s35-parque-aquatico-ilha-de-agua-da-chinee-insuflaveis\/","og_site_name":"Chinee Inflatable","article_publisher":"https:\/\/www.facebook.com\/ChineeInflatabletian\/","article_modified_time":"2022-06-09T03:55:40+00:00","og_image":[{"width":1000,"height":740,"url":"https:\/\/www.chinee-inflatable.com\/wp-content\/uploads\/2021\/10\/water35-1-1.jpg","type":"image\/jpeg"}],"twitter_card":"summary_large_image","twitter_description":"Model: water parkS35 ; Size : 55\u00d735\u00d73.5 m \/ 180.4\u00d7114.8\u00d711.5 ft ; Weight: 1,500 Kg \/ 3,306.9 lbs ; Material: 0.55 mm and 0.9 mm PVC Tarpaulin","schema":{"@context":"https:\/\/schema.org","@graph":[{"@type":"WebPage","@id":"https:\/\/www.chinee-inflatable.com\/product\/s35-inflatable-water-park-aqua-park-water-island-from-chinee-inflatables\/","url":"https:\/\/www.chinee-inflatable.com\/product\/s35-inflatable-water-park-aqua-park-water-island-from-chinee-inflatables\/","name":"S35 Inflatable water park Aqua park Water Island from Chinee inflatables - Chinee Inflatable","isPartOf":{"@id":"https:\/\/www.chinee-inflatable.com\/#website"},"primaryImageOfPage":{"@id":"https:\/\/www.chinee-inflatable.com\/product\/s35-inflatable-water-park-aqua-park-water-island-from-chinee-inflatables\/#primaryimage"},"image":{"@id":"https:\/\/www.chinee-inflatable.com\/product\/s35-inflatable-water-park-aqua-park-water-island-from-chinee-inflatables\/#primaryimage"},"thumbnailUrl":"https:\/\/www.chinee-inflatable.com\/wp-content\/uploads\/2021\/10\/water35-1-1.jpg","datePublished":"2021-10-15T08:16:52+00:00","dateModified":"2022-06-09T03:55:40+00:00","description":"Model: water parkS35 ; Size : 55\u00d735\u00d73.5 m \/ 180.4\u00d7114.8\u00d711.5 ft ; Weight: 1,500 Kg \/ 3,306.9 lbs ; Material: 0.55 mm and 0.9 mm PVC Tarpaulin","breadcrumb":{"@id":"https:\/\/www.chinee-inflatable.com\/product\/s35-inflatable-water-park-aqua-park-water-island-from-chinee-inflatables\/#breadcrumb"},"inLanguage":"pt-PT","potentialAction":[{"@type":"ReadAction","target":["https:\/\/www.chinee-inflatable.com\/product\/s35-inflatable-water-park-aqua-park-water-island-from-chinee-inflatables\/"]}]},{"@type":"ImageObject","inLanguage":"pt-PT","@id":"https:\/\/www.chinee-inflatable.com\/product\/s35-inflatable-water-park-aqua-park-water-island-from-chinee-inflatables\/#primaryimage","url":"https:\/\/www.chinee-inflatable.com\/wp-content\/uploads\/2021\/10\/water35-1-1.jpg","contentUrl":"https:\/\/www.chinee-inflatable.com\/wp-content\/uploads\/2021\/10\/water35-1-1.jpg","width":1000,"height":740,"caption":"Inflatable Water Park"},{"@type":"BreadcrumbList","@id":"https:\/\/www.chinee-inflatable.com\/product\/s35-inflatable-water-park-aqua-park-water-island-from-chinee-inflatables\/#breadcrumb","itemListElement":[{"@type":"ListItem","position":1,"name":"Home","item":"https:\/\/www.chinee-inflatable.com\/"},{"@type":"ListItem","position":2,"name":"Products","item":"https:\/\/www.chinee-inflatable.com\/shop\/"},{"@type":"ListItem","position":3,"name":"S35 Inflatable water park Aqua park Water Island from Chinee inflatables"}]},{"@type":"WebSite","@id":"https:\/\/www.chinee-inflatable.com\/#website","url":"https:\/\/www.chinee-inflatable.com\/","name":"Chinee Inflatable Factory","description":"Offer you lower price &amp; higher quality inflatables.","publisher":{"@id":"https:\/\/www.chinee-inflatable.com\/#organization"},"alternateName":"Chinee Inflatable Bounce","potentialAction":[{"@type":"SearchAction","target":{"@type":"EntryPoint","urlTemplate":"https:\/\/www.chinee-inflatable.com\/?s={search_term_string}"},"query-input":{"@type":"PropertyValueSpecification","valueRequired":true,"valueName":"search_term_string"}}],"inLanguage":"pt-PT"},{"@type":"Organization","@id":"https:\/\/www.chinee-inflatable.com\/#organization","name":"Chinee Inflatable","alternateName":"Chinee Inflatable Bounce","url":"https:\/\/www.chinee-inflatable.com\/","logo":{"@type":"ImageObject","inLanguage":"pt-PT","@id":"https:\/\/www.chinee-inflatable.com\/#\/schema\/logo\/image\/","url":"https:\/\/www.chinee-inflatable.com\/wp-content\/uploads\/2021\/11\/cropped-CHINEE-INFLATABLE-LOGO.png","contentUrl":"https:\/\/www.chinee-inflatable.com\/wp-content\/uploads\/2021\/11\/cropped-CHINEE-INFLATABLE-LOGO.png","width":200,"height":190,"caption":"Chinee Inflatable"},"image":{"@id":"https:\/\/www.chinee-inflatable.com\/#\/schema\/logo\/image\/"},"sameAs":["https:\/\/www.facebook.com\/ChineeInflatabletian\/"],"description":"Chinee Inflatable established in 1998, Chinee has grown to become one of the largest inflatable manufacturers in China.At Chinee, we take pride in our skilled workforce and our ability to cater to the unique needs of our clients. We specialize in producing custom inflatable designs, providing our clients with a diverse range of options for their specific requirements.","email":"info@chinee-inflatable.com","telephone":"+86-18826065077","legalName":"Chinee Inflatable","foundingDate":"1998-01-02","numberOfEmployees":{"@type":"QuantitativeValue","minValue":"501","maxValue":"1000"}}]}},"_links":{"self":[{"href":"https:\/\/www.chinee-inflatable.com\/pt\/wp-json\/wp\/v2\/product\/4713","targetHints":{"allow":["GET"]}}],"collection":[{"href":"https:\/\/www.chinee-inflatable.com\/pt\/wp-json\/wp\/v2\/product"}],"about":[{"href":"https:\/\/www.chinee-inflatable.com\/pt\/wp-json\/wp\/v2\/types\/product"}],"wp:featuredmedia":[{"embeddable":true,"href":"https:\/\/www.chinee-inflatable.com\/pt\/wp-json\/wp\/v2\/media\/4895"}],"wp:attachment":[{"href":"https:\/\/www.chinee-inflatable.com\/pt\/wp-json\/wp\/v2\/media?parent=4713"}],"wp:term":[{"taxonomy":"product_brand","embeddable":true,"href":"https:\/\/www.chinee-inflatable.com\/pt\/wp-json\/wp\/v2\/product_brand?post=4713"},{"taxonomy":"product_cat","embeddable":true,"href":"https:\/\/www.chinee-inflatable.com\/pt\/wp-json\/wp\/v2\/product_cat?post=4713"},{"taxonomy":"product_tag","embeddable":true,"href":"https:\/\/www.chinee-inflatable.com\/pt\/wp-json\/wp\/v2\/product_tag?post=4713"}],"curies":[{"name":"wp","href":"https:\/\/api.w.org\/{rel}","templated":true}]}}