{"id":47047,"date":"2022-04-09T17:43:19","date_gmt":"2022-04-09T09:43:19","guid":{"rendered":"http:\/\/www.chinee-inflatable.com\/product\/at1-061-inflatable-air-track-high-quality-5x2x0-2m-inflatable-tumble-track-trampolineair-tumbling-mat-inflatable-air-track-for-sale\/"},"modified":"2025-07-29T17:40:03","modified_gmt":"2025-07-29T09:40:03","slug":"at1-061-inflatable-air-track-high-quality-5x2x0-2m-inflatable-tumble-track-trampolineair-tumbling-mat-inflatable-air-track-for-sale","status":"publish","type":"product","link":"https:\/\/www.chinee-inflatable.com\/pt\/produto\/at1-061-inflatable-air-track-high-quality-5x2x0-2m-inflatable-tumble-track-trampolineair-tumbling-mat-inflatable-air-track-for-sale\/","title":{"rendered":"AT1-061 Pista de ar infl\u00e1vel de alta qualidade 5X2X0.2M Trampolim de pista de queda infl\u00e1vel, tapete de queda de ar, pista de ar infl\u00e1vel para venda"},"content":{"rendered":"","protected":false},"excerpt":{"rendered":"","protected":false},"featured_media":47041,"template":"","meta":{"_acf_changed":false},"product_brand":[],"product_cat":[165],"product_tag":[279,361],"class_list":{"0":"post-47047","1":"product","2":"type-product","3":"status-publish","4":"has-post-thumbnail","6":"product_cat-inflatable-air-track","7":"product_tag-airtight","8":"product_tag-gym","10":"first","11":"instock","12":"product-type-simple"},"acf":[],"gallery_images":[47042,47043,47044,47045,47046],"yoast_head":"<!-- This site is optimized with the Yoast SEO Premium plugin v24.1 (Yoast SEO v25.0) - https:\/\/yoast.com\/wordpress\/plugins\/seo\/ -->\n<title>AT1-061 Inflatable Air Track High Quality 5X2X0.2M Inflatable Tumble Track Trampoline,Air Tumbling Mat ,Inflatable Air Track For Sale - Chinee Inflatable<\/title>\n<meta name=\"description\" content=\"Model: AT1-061 ; Size : 7\u00d71\u00d70.2 m \/ 23.0\u00d73.3\u00d70.7 ft ; Weight: 18 Kg \/ 39.7 lbs ; Material: 0.55 mm and 0.9 mm PVC Tarpaulin\" \/>\n<meta name=\"robots\" content=\"index, follow, max-snippet:-1, max-image-preview:large, max-video-preview:-1\" \/>\n<link rel=\"canonical\" href=\"https:\/\/www.chinee-inflatable.com\/pt\/produto\/at1-061-inflatable-air-track-high-quality-5x2x0-2m-inflatable-tumble-track-trampolineair-tumbling-mat-inflatable-air-track-for-sale\/\" \/>\n<meta property=\"og:locale\" content=\"pt_PT\" \/>\n<meta property=\"og:type\" content=\"article\" \/>\n<meta property=\"og:title\" content=\"AT1-061 Inflatable Air Track High Quality 5X2X0.2M Inflatable Tumble Track Trampoline,Air Tumbling Mat ,Inflatable Air Track For Sale\" \/>\n<meta property=\"og:description\" content=\"Model: AT1-061 ; Size : 7\u00d71\u00d70.2 m \/ 23.0\u00d73.3\u00d70.7 ft ; Weight: 18 Kg \/ 39.7 lbs ; Material: 0.55 mm and 0.9 mm PVC Tarpaulin\" \/>\n<meta property=\"og:url\" content=\"https:\/\/www.chinee-inflatable.com\/pt\/produto\/at1-061-inflatable-air-track-high-quality-5x2x0-2m-inflatable-tumble-track-trampolineair-tumbling-mat-inflatable-air-track-for-sale\/\" \/>\n<meta property=\"og:site_name\" content=\"Chinee Inflatable\" \/>\n<meta property=\"article:publisher\" content=\"https:\/\/www.facebook.com\/ChineeInflatabletian\/\" \/>\n<meta property=\"article:modified_time\" content=\"2025-07-29T09:40:03+00:00\" \/>\n<meta property=\"og:image\" content=\"https:\/\/www.chinee-inflatable.com\/wp-content\/uploads\/2022\/04\/AirTrack-1283.jpg\" \/>\n\t<meta property=\"og:image:width\" content=\"800\" \/>\n\t<meta property=\"og:image:height\" content=\"800\" \/>\n\t<meta property=\"og:image:type\" content=\"image\/jpeg\" \/>\n<meta name=\"twitter:card\" content=\"summary_large_image\" \/>\n<meta name=\"twitter:description\" content=\"Model: AT1-061 ; Size : 7\u00d71\u00d70.2 m \/ 23.0\u00d73.3\u00d70.7 ft ; Weight: 18 Kg \/ 39.7 lbs ; Material: 0.55 mm and 0.9 mm PVC Tarpaulin\" \/>\n<script type=\"application\/ld+json\" class=\"yoast-schema-graph\">{\"@context\":\"https:\/\/schema.org\",\"@graph\":[{\"@type\":\"WebPage\",\"@id\":\"https:\/\/www.chinee-inflatable.com\/product\/at1-061-inflatable-air-track-high-quality-5x2x0-2m-inflatable-tumble-track-trampolineair-tumbling-mat-inflatable-air-track-for-sale\/\",\"url\":\"https:\/\/www.chinee-inflatable.com\/product\/at1-061-inflatable-air-track-high-quality-5x2x0-2m-inflatable-tumble-track-trampolineair-tumbling-mat-inflatable-air-track-for-sale\/\",\"name\":\"AT1-061 Inflatable Air Track High Quality 5X2X0.2M Inflatable Tumble Track Trampoline,Air Tumbling Mat ,Inflatable Air Track For Sale - Chinee Inflatable\",\"isPartOf\":{\"@id\":\"https:\/\/www.chinee-inflatable.com\/#website\"},\"primaryImageOfPage\":{\"@id\":\"https:\/\/www.chinee-inflatable.com\/product\/at1-061-inflatable-air-track-high-quality-5x2x0-2m-inflatable-tumble-track-trampolineair-tumbling-mat-inflatable-air-track-for-sale\/#primaryimage\"},\"image\":{\"@id\":\"https:\/\/www.chinee-inflatable.com\/product\/at1-061-inflatable-air-track-high-quality-5x2x0-2m-inflatable-tumble-track-trampolineair-tumbling-mat-inflatable-air-track-for-sale\/#primaryimage\"},\"thumbnailUrl\":\"https:\/\/www.chinee-inflatable.com\/wp-content\/uploads\/2022\/04\/AirTrack-1283.jpg\",\"datePublished\":\"2022-04-09T09:43:19+00:00\",\"dateModified\":\"2025-07-29T09:40:03+00:00\",\"description\":\"Model: AT1-061 ; Size : 7\u00d71\u00d70.2 m \/ 23.0\u00d73.3\u00d70.7 ft ; Weight: 18 Kg \/ 39.7 lbs ; Material: 0.55 mm and 0.9 mm PVC Tarpaulin\",\"breadcrumb\":{\"@id\":\"https:\/\/www.chinee-inflatable.com\/product\/at1-061-inflatable-air-track-high-quality-5x2x0-2m-inflatable-tumble-track-trampolineair-tumbling-mat-inflatable-air-track-for-sale\/#breadcrumb\"},\"inLanguage\":\"pt-PT\",\"potentialAction\":[{\"@type\":\"ReadAction\",\"target\":[\"https:\/\/www.chinee-inflatable.com\/product\/at1-061-inflatable-air-track-high-quality-5x2x0-2m-inflatable-tumble-track-trampolineair-tumbling-mat-inflatable-air-track-for-sale\/\"]}]},{\"@type\":\"ImageObject\",\"inLanguage\":\"pt-PT\",\"@id\":\"https:\/\/www.chinee-inflatable.com\/product\/at1-061-inflatable-air-track-high-quality-5x2x0-2m-inflatable-tumble-track-trampolineair-tumbling-mat-inflatable-air-track-for-sale\/#primaryimage\",\"url\":\"https:\/\/www.chinee-inflatable.com\/wp-content\/uploads\/2022\/04\/AirTrack-1283.jpg\",\"contentUrl\":\"https:\/\/www.chinee-inflatable.com\/wp-content\/uploads\/2022\/04\/AirTrack-1283.jpg\",\"width\":800,\"height\":800,\"caption\":\"Inflatable Air Track\"},{\"@type\":\"BreadcrumbList\",\"@id\":\"https:\/\/www.chinee-inflatable.com\/product\/at1-061-inflatable-air-track-high-quality-5x2x0-2m-inflatable-tumble-track-trampolineair-tumbling-mat-inflatable-air-track-for-sale\/#breadcrumb\",\"itemListElement\":[{\"@type\":\"ListItem\",\"position\":1,\"name\":\"Home\",\"item\":\"https:\/\/www.chinee-inflatable.com\/\"},{\"@type\":\"ListItem\",\"position\":2,\"name\":\"Products\",\"item\":\"https:\/\/www.chinee-inflatable.com\/shop\/\"},{\"@type\":\"ListItem\",\"position\":3,\"name\":\"AT1-061 Inflatable Air Track High Quality 5X2X0.2M Inflatable Tumble Track Trampoline,Air Tumbling Mat ,Inflatable Air Track For Sale\"}]},{\"@type\":\"WebSite\",\"@id\":\"https:\/\/www.chinee-inflatable.com\/#website\",\"url\":\"https:\/\/www.chinee-inflatable.com\/\",\"name\":\"Chinee Inflatable Factory\",\"description\":\"Offer you lower price &amp; higher quality inflatables.\",\"publisher\":{\"@id\":\"https:\/\/www.chinee-inflatable.com\/#organization\"},\"alternateName\":\"Chinee Inflatable Bounce\",\"potentialAction\":[{\"@type\":\"SearchAction\",\"target\":{\"@type\":\"EntryPoint\",\"urlTemplate\":\"https:\/\/www.chinee-inflatable.com\/?s={search_term_string}\"},\"query-input\":{\"@type\":\"PropertyValueSpecification\",\"valueRequired\":true,\"valueName\":\"search_term_string\"}}],\"inLanguage\":\"pt-PT\"},{\"@type\":\"Organization\",\"@id\":\"https:\/\/www.chinee-inflatable.com\/#organization\",\"name\":\"Chinee Inflatable\",\"alternateName\":\"Chinee Inflatable Bounce\",\"url\":\"https:\/\/www.chinee-inflatable.com\/\",\"logo\":{\"@type\":\"ImageObject\",\"inLanguage\":\"pt-PT\",\"@id\":\"https:\/\/www.chinee-inflatable.com\/#\/schema\/logo\/image\/\",\"url\":\"https:\/\/www.chinee-inflatable.com\/wp-content\/uploads\/2021\/11\/cropped-CHINEE-INFLATABLE-LOGO.png\",\"contentUrl\":\"https:\/\/www.chinee-inflatable.com\/wp-content\/uploads\/2021\/11\/cropped-CHINEE-INFLATABLE-LOGO.png\",\"width\":200,\"height\":190,\"caption\":\"Chinee Inflatable\"},\"image\":{\"@id\":\"https:\/\/www.chinee-inflatable.com\/#\/schema\/logo\/image\/\"},\"sameAs\":[\"https:\/\/www.facebook.com\/ChineeInflatabletian\/\"],\"description\":\"Chinee Inflatable established in 1998, Chinee has grown to become one of the largest inflatable manufacturers in China.At Chinee, we take pride in our skilled workforce and our ability to cater to the unique needs of our clients. We specialize in producing custom inflatable designs, providing our clients with a diverse range of options for their specific requirements.\",\"email\":\"info@chinee-inflatable.com\",\"telephone\":\"+86-18826065077\",\"legalName\":\"Chinee Inflatable\",\"foundingDate\":\"1998-01-02\",\"numberOfEmployees\":{\"@type\":\"QuantitativeValue\",\"minValue\":\"501\",\"maxValue\":\"1000\"}}]}<\/script>\n<!-- \/ Yoast SEO Premium plugin. -->","yoast_head_json":{"title":"AT1-061 Inflatable Air Track High Quality 5X2X0.2M Inflatable Tumble Track Trampoline,Air Tumbling Mat ,Inflatable Air Track For Sale - Chinee Inflatable","description":"Model: AT1-061 ; Size : 7\u00d71\u00d70.2 m \/ 23.0\u00d73.3\u00d70.7 ft ; Weight: 18 Kg \/ 39.7 lbs ; Material: 0.55 mm and 0.9 mm PVC Tarpaulin","robots":{"index":"index","follow":"follow","max-snippet":"max-snippet:-1","max-image-preview":"max-image-preview:large","max-video-preview":"max-video-preview:-1"},"canonical":"https:\/\/www.chinee-inflatable.com\/pt\/produto\/at1-061-inflatable-air-track-high-quality-5x2x0-2m-inflatable-tumble-track-trampolineair-tumbling-mat-inflatable-air-track-for-sale\/","og_locale":"pt_PT","og_type":"article","og_title":"AT1-061 Inflatable Air Track High Quality 5X2X0.2M Inflatable Tumble Track Trampoline,Air Tumbling Mat ,Inflatable Air Track For Sale","og_description":"Model: AT1-061 ; Size : 7\u00d71\u00d70.2 m \/ 23.0\u00d73.3\u00d70.7 ft ; Weight: 18 Kg \/ 39.7 lbs ; Material: 0.55 mm and 0.9 mm PVC Tarpaulin","og_url":"https:\/\/www.chinee-inflatable.com\/pt\/produto\/at1-061-inflatable-air-track-high-quality-5x2x0-2m-inflatable-tumble-track-trampolineair-tumbling-mat-inflatable-air-track-for-sale\/","og_site_name":"Chinee Inflatable","article_publisher":"https:\/\/www.facebook.com\/ChineeInflatabletian\/","article_modified_time":"2025-07-29T09:40:03+00:00","og_image":[{"width":800,"height":800,"url":"https:\/\/www.chinee-inflatable.com\/wp-content\/uploads\/2022\/04\/AirTrack-1283.jpg","type":"image\/jpeg"}],"twitter_card":"summary_large_image","twitter_description":"Model: AT1-061 ; Size : 7\u00d71\u00d70.2 m \/ 23.0\u00d73.3\u00d70.7 ft ; Weight: 18 Kg \/ 39.7 lbs ; Material: 0.55 mm and 0.9 mm PVC Tarpaulin","schema":{"@context":"https:\/\/schema.org","@graph":[{"@type":"WebPage","@id":"https:\/\/www.chinee-inflatable.com\/product\/at1-061-inflatable-air-track-high-quality-5x2x0-2m-inflatable-tumble-track-trampolineair-tumbling-mat-inflatable-air-track-for-sale\/","url":"https:\/\/www.chinee-inflatable.com\/product\/at1-061-inflatable-air-track-high-quality-5x2x0-2m-inflatable-tumble-track-trampolineair-tumbling-mat-inflatable-air-track-for-sale\/","name":"AT1-061 Inflatable Air Track High Quality 5X2X0.2M Inflatable Tumble Track Trampoline,Air Tumbling Mat ,Inflatable Air Track For Sale - Chinee Inflatable","isPartOf":{"@id":"https:\/\/www.chinee-inflatable.com\/#website"},"primaryImageOfPage":{"@id":"https:\/\/www.chinee-inflatable.com\/product\/at1-061-inflatable-air-track-high-quality-5x2x0-2m-inflatable-tumble-track-trampolineair-tumbling-mat-inflatable-air-track-for-sale\/#primaryimage"},"image":{"@id":"https:\/\/www.chinee-inflatable.com\/product\/at1-061-inflatable-air-track-high-quality-5x2x0-2m-inflatable-tumble-track-trampolineair-tumbling-mat-inflatable-air-track-for-sale\/#primaryimage"},"thumbnailUrl":"https:\/\/www.chinee-inflatable.com\/wp-content\/uploads\/2022\/04\/AirTrack-1283.jpg","datePublished":"2022-04-09T09:43:19+00:00","dateModified":"2025-07-29T09:40:03+00:00","description":"Model: AT1-061 ; Size : 7\u00d71\u00d70.2 m \/ 23.0\u00d73.3\u00d70.7 ft ; Weight: 18 Kg \/ 39.7 lbs ; Material: 0.55 mm and 0.9 mm PVC Tarpaulin","breadcrumb":{"@id":"https:\/\/www.chinee-inflatable.com\/product\/at1-061-inflatable-air-track-high-quality-5x2x0-2m-inflatable-tumble-track-trampolineair-tumbling-mat-inflatable-air-track-for-sale\/#breadcrumb"},"inLanguage":"pt-PT","potentialAction":[{"@type":"ReadAction","target":["https:\/\/www.chinee-inflatable.com\/product\/at1-061-inflatable-air-track-high-quality-5x2x0-2m-inflatable-tumble-track-trampolineair-tumbling-mat-inflatable-air-track-for-sale\/"]}]},{"@type":"ImageObject","inLanguage":"pt-PT","@id":"https:\/\/www.chinee-inflatable.com\/product\/at1-061-inflatable-air-track-high-quality-5x2x0-2m-inflatable-tumble-track-trampolineair-tumbling-mat-inflatable-air-track-for-sale\/#primaryimage","url":"https:\/\/www.chinee-inflatable.com\/wp-content\/uploads\/2022\/04\/AirTrack-1283.jpg","contentUrl":"https:\/\/www.chinee-inflatable.com\/wp-content\/uploads\/2022\/04\/AirTrack-1283.jpg","width":800,"height":800,"caption":"Inflatable Air Track"},{"@type":"BreadcrumbList","@id":"https:\/\/www.chinee-inflatable.com\/product\/at1-061-inflatable-air-track-high-quality-5x2x0-2m-inflatable-tumble-track-trampolineair-tumbling-mat-inflatable-air-track-for-sale\/#breadcrumb","itemListElement":[{"@type":"ListItem","position":1,"name":"Home","item":"https:\/\/www.chinee-inflatable.com\/"},{"@type":"ListItem","position":2,"name":"Products","item":"https:\/\/www.chinee-inflatable.com\/shop\/"},{"@type":"ListItem","position":3,"name":"AT1-061 Inflatable Air Track High Quality 5X2X0.2M Inflatable Tumble Track Trampoline,Air Tumbling Mat ,Inflatable Air Track For Sale"}]},{"@type":"WebSite","@id":"https:\/\/www.chinee-inflatable.com\/#website","url":"https:\/\/www.chinee-inflatable.com\/","name":"Chinee Inflatable Factory","description":"Offer you lower price &amp; higher quality inflatables.","publisher":{"@id":"https:\/\/www.chinee-inflatable.com\/#organization"},"alternateName":"Chinee Inflatable Bounce","potentialAction":[{"@type":"SearchAction","target":{"@type":"EntryPoint","urlTemplate":"https:\/\/www.chinee-inflatable.com\/?s={search_term_string}"},"query-input":{"@type":"PropertyValueSpecification","valueRequired":true,"valueName":"search_term_string"}}],"inLanguage":"pt-PT"},{"@type":"Organization","@id":"https:\/\/www.chinee-inflatable.com\/#organization","name":"Chinee Inflatable","alternateName":"Chinee Inflatable Bounce","url":"https:\/\/www.chinee-inflatable.com\/","logo":{"@type":"ImageObject","inLanguage":"pt-PT","@id":"https:\/\/www.chinee-inflatable.com\/#\/schema\/logo\/image\/","url":"https:\/\/www.chinee-inflatable.com\/wp-content\/uploads\/2021\/11\/cropped-CHINEE-INFLATABLE-LOGO.png","contentUrl":"https:\/\/www.chinee-inflatable.com\/wp-content\/uploads\/2021\/11\/cropped-CHINEE-INFLATABLE-LOGO.png","width":200,"height":190,"caption":"Chinee Inflatable"},"image":{"@id":"https:\/\/www.chinee-inflatable.com\/#\/schema\/logo\/image\/"},"sameAs":["https:\/\/www.facebook.com\/ChineeInflatabletian\/"],"description":"Chinee Inflatable established in 1998, Chinee has grown to become one of the largest inflatable manufacturers in China.At Chinee, we take pride in our skilled workforce and our ability to cater to the unique needs of our clients. We specialize in producing custom inflatable designs, providing our clients with a diverse range of options for their specific requirements.","email":"info@chinee-inflatable.com","telephone":"+86-18826065077","legalName":"Chinee Inflatable","foundingDate":"1998-01-02","numberOfEmployees":{"@type":"QuantitativeValue","minValue":"501","maxValue":"1000"}}]}},"_links":{"self":[{"href":"https:\/\/www.chinee-inflatable.com\/pt\/wp-json\/wp\/v2\/product\/47047","targetHints":{"allow":["GET"]}}],"collection":[{"href":"https:\/\/www.chinee-inflatable.com\/pt\/wp-json\/wp\/v2\/product"}],"about":[{"href":"https:\/\/www.chinee-inflatable.com\/pt\/wp-json\/wp\/v2\/types\/product"}],"wp:featuredmedia":[{"embeddable":true,"href":"https:\/\/www.chinee-inflatable.com\/pt\/wp-json\/wp\/v2\/media\/47041"}],"wp:attachment":[{"href":"https:\/\/www.chinee-inflatable.com\/pt\/wp-json\/wp\/v2\/media?parent=47047"}],"wp:term":[{"taxonomy":"product_brand","embeddable":true,"href":"https:\/\/www.chinee-inflatable.com\/pt\/wp-json\/wp\/v2\/product_brand?post=47047"},{"taxonomy":"product_cat","embeddable":true,"href":"https:\/\/www.chinee-inflatable.com\/pt\/wp-json\/wp\/v2\/product_cat?post=47047"},{"taxonomy":"product_tag","embeddable":true,"href":"https:\/\/www.chinee-inflatable.com\/pt\/wp-json\/wp\/v2\/product_tag?post=47047"}],"curies":[{"name":"wp","href":"https:\/\/api.w.org\/{rel}","templated":true}]}}