{"id":46991,"date":"2022-04-09T17:41:34","date_gmt":"2022-04-09T09:41:34","guid":{"rendered":"http:\/\/www.chinee-inflatable.com\/product\/at1-053-inflatable-gymnastics-airtrack-tumbling-mat-air-track-floor-mat-with-electric-pump-home-use-training-cheerleading-beach-water\/"},"modified":"2025-07-29T17:39:58","modified_gmt":"2025-07-29T09:39:58","slug":"at1-053-tapete-de-ginastica-insuflavel-airtrack-tumbling-tapete-de-chao-air-track-com-bomba-electrica-uso-domestico-treino-cheerleading-praia-agua","status":"publish","type":"product","link":"https:\/\/www.chinee-inflatable.com\/pt\/produto\/at1-053-tapete-de-ginastica-insuflavel-airtrack-tumbling-tapete-de-chao-air-track-com-bomba-electrica-uso-domestico-treino-cheerleading-praia-agua\/","title":{"rendered":"AT1-053 Tapete de gin\u00e1stica insufl\u00e1vel com bomba el\u00e9ctrica para uso dom\u00e9stico\/treino\/caminhada\/praia\/\u00e1gua"},"content":{"rendered":"","protected":false},"excerpt":{"rendered":"","protected":false},"featured_media":46985,"template":"","meta":{"_acf_changed":false},"product_brand":[],"product_cat":[165],"product_tag":[279,361],"class_list":{"0":"post-46991","1":"product","2":"type-product","3":"status-publish","4":"has-post-thumbnail","6":"product_cat-inflatable-air-track","7":"product_tag-airtight","8":"product_tag-gym","10":"first","11":"instock","12":"product-type-simple"},"acf":[],"gallery_images":[46986,46987,46988,46989,46990],"yoast_head":"<!-- This site is optimized with the Yoast SEO Premium plugin v24.1 (Yoast SEO v25.0) - https:\/\/yoast.com\/wordpress\/plugins\/seo\/ -->\n<title>AT1-053 Inflatable Gymnastics Airtrack Tumbling Mat Air Track Floor Mat With Electric Pump Home Use\/Training\/Cheerleading\/Beach\/Water - Chinee Inflatable<\/title>\n<meta name=\"description\" content=\"Model: AT1-053 ; Size : 3\u00d70.9\u00d70.1 m \/ 9.8\u00d73.0\u00d70.3 ft ; Weight: 9 Kg \/ 19.8 lbs ; Material: 0.55 mm and 0.9 mm PVC Tarpaulin\" \/>\n<meta name=\"robots\" content=\"index, follow, max-snippet:-1, max-image-preview:large, max-video-preview:-1\" \/>\n<link rel=\"canonical\" href=\"https:\/\/www.chinee-inflatable.com\/pt\/produto\/at1-053-tapete-de-ginastica-insuflavel-airtrack-tumbling-tapete-de-chao-air-track-com-bomba-electrica-uso-domestico-treino-cheerleading-praia-agua\/\" \/>\n<meta property=\"og:locale\" content=\"pt_PT\" \/>\n<meta property=\"og:type\" content=\"article\" \/>\n<meta property=\"og:title\" content=\"AT1-053 Inflatable Gymnastics Airtrack Tumbling Mat Air Track Floor Mat With Electric Pump Home Use\/Training\/Cheerleading\/Beach\/Water\" \/>\n<meta property=\"og:description\" content=\"Model: AT1-053 ; Size : 3\u00d70.9\u00d70.1 m \/ 9.8\u00d73.0\u00d70.3 ft ; Weight: 9 Kg \/ 19.8 lbs ; Material: 0.55 mm and 0.9 mm PVC Tarpaulin\" \/>\n<meta property=\"og:url\" content=\"https:\/\/www.chinee-inflatable.com\/pt\/produto\/at1-053-tapete-de-ginastica-insuflavel-airtrack-tumbling-tapete-de-chao-air-track-com-bomba-electrica-uso-domestico-treino-cheerleading-praia-agua\/\" \/>\n<meta property=\"og:site_name\" content=\"Chinee Inflatable\" \/>\n<meta property=\"article:publisher\" content=\"https:\/\/www.facebook.com\/ChineeInflatabletian\/\" \/>\n<meta property=\"article:modified_time\" content=\"2025-07-29T09:39:58+00:00\" \/>\n<meta property=\"og:image\" content=\"https:\/\/www.chinee-inflatable.com\/wp-content\/uploads\/2022\/04\/AirTrack-1235.jpg\" \/>\n\t<meta property=\"og:image:width\" content=\"1000\" \/>\n\t<meta property=\"og:image:height\" content=\"1000\" \/>\n\t<meta property=\"og:image:type\" content=\"image\/jpeg\" \/>\n<meta name=\"twitter:card\" content=\"summary_large_image\" \/>\n<meta name=\"twitter:description\" content=\"Model: AT1-053 ; Size : 3\u00d70.9\u00d70.1 m \/ 9.8\u00d73.0\u00d70.3 ft ; Weight: 9 Kg \/ 19.8 lbs ; Material: 0.55 mm and 0.9 mm PVC Tarpaulin\" \/>\n<script type=\"application\/ld+json\" class=\"yoast-schema-graph\">{\"@context\":\"https:\/\/schema.org\",\"@graph\":[{\"@type\":\"WebPage\",\"@id\":\"https:\/\/www.chinee-inflatable.com\/product\/at1-053-inflatable-gymnastics-airtrack-tumbling-mat-air-track-floor-mat-with-electric-pump-home-use-training-cheerleading-beach-water\/\",\"url\":\"https:\/\/www.chinee-inflatable.com\/product\/at1-053-inflatable-gymnastics-airtrack-tumbling-mat-air-track-floor-mat-with-electric-pump-home-use-training-cheerleading-beach-water\/\",\"name\":\"AT1-053 Inflatable Gymnastics Airtrack Tumbling Mat Air Track Floor Mat With Electric Pump Home Use\/Training\/Cheerleading\/Beach\/Water - Chinee Inflatable\",\"isPartOf\":{\"@id\":\"https:\/\/www.chinee-inflatable.com\/#website\"},\"primaryImageOfPage\":{\"@id\":\"https:\/\/www.chinee-inflatable.com\/product\/at1-053-inflatable-gymnastics-airtrack-tumbling-mat-air-track-floor-mat-with-electric-pump-home-use-training-cheerleading-beach-water\/#primaryimage\"},\"image\":{\"@id\":\"https:\/\/www.chinee-inflatable.com\/product\/at1-053-inflatable-gymnastics-airtrack-tumbling-mat-air-track-floor-mat-with-electric-pump-home-use-training-cheerleading-beach-water\/#primaryimage\"},\"thumbnailUrl\":\"https:\/\/www.chinee-inflatable.com\/wp-content\/uploads\/2022\/04\/AirTrack-1235.jpg\",\"datePublished\":\"2022-04-09T09:41:34+00:00\",\"dateModified\":\"2025-07-29T09:39:58+00:00\",\"description\":\"Model: AT1-053 ; Size : 3\u00d70.9\u00d70.1 m \/ 9.8\u00d73.0\u00d70.3 ft ; Weight: 9 Kg \/ 19.8 lbs ; Material: 0.55 mm and 0.9 mm PVC Tarpaulin\",\"breadcrumb\":{\"@id\":\"https:\/\/www.chinee-inflatable.com\/product\/at1-053-inflatable-gymnastics-airtrack-tumbling-mat-air-track-floor-mat-with-electric-pump-home-use-training-cheerleading-beach-water\/#breadcrumb\"},\"inLanguage\":\"pt-PT\",\"potentialAction\":[{\"@type\":\"ReadAction\",\"target\":[\"https:\/\/www.chinee-inflatable.com\/product\/at1-053-inflatable-gymnastics-airtrack-tumbling-mat-air-track-floor-mat-with-electric-pump-home-use-training-cheerleading-beach-water\/\"]}]},{\"@type\":\"ImageObject\",\"inLanguage\":\"pt-PT\",\"@id\":\"https:\/\/www.chinee-inflatable.com\/product\/at1-053-inflatable-gymnastics-airtrack-tumbling-mat-air-track-floor-mat-with-electric-pump-home-use-training-cheerleading-beach-water\/#primaryimage\",\"url\":\"https:\/\/www.chinee-inflatable.com\/wp-content\/uploads\/2022\/04\/AirTrack-1235.jpg\",\"contentUrl\":\"https:\/\/www.chinee-inflatable.com\/wp-content\/uploads\/2022\/04\/AirTrack-1235.jpg\",\"width\":1000,\"height\":1000,\"caption\":\"Inflatable Air Track\"},{\"@type\":\"BreadcrumbList\",\"@id\":\"https:\/\/www.chinee-inflatable.com\/product\/at1-053-inflatable-gymnastics-airtrack-tumbling-mat-air-track-floor-mat-with-electric-pump-home-use-training-cheerleading-beach-water\/#breadcrumb\",\"itemListElement\":[{\"@type\":\"ListItem\",\"position\":1,\"name\":\"Home\",\"item\":\"https:\/\/www.chinee-inflatable.com\/\"},{\"@type\":\"ListItem\",\"position\":2,\"name\":\"Products\",\"item\":\"https:\/\/www.chinee-inflatable.com\/shop\/\"},{\"@type\":\"ListItem\",\"position\":3,\"name\":\"AT1-053 Inflatable Gymnastics Airtrack Tumbling Mat Air Track Floor Mat With Electric Pump Home Use\/Training\/Cheerleading\/Beach\/Water\"}]},{\"@type\":\"WebSite\",\"@id\":\"https:\/\/www.chinee-inflatable.com\/#website\",\"url\":\"https:\/\/www.chinee-inflatable.com\/\",\"name\":\"Chinee Inflatable Factory\",\"description\":\"Offer you lower price &amp; higher quality inflatables.\",\"publisher\":{\"@id\":\"https:\/\/www.chinee-inflatable.com\/#organization\"},\"alternateName\":\"Chinee Inflatable Bounce\",\"potentialAction\":[{\"@type\":\"SearchAction\",\"target\":{\"@type\":\"EntryPoint\",\"urlTemplate\":\"https:\/\/www.chinee-inflatable.com\/?s={search_term_string}\"},\"query-input\":{\"@type\":\"PropertyValueSpecification\",\"valueRequired\":true,\"valueName\":\"search_term_string\"}}],\"inLanguage\":\"pt-PT\"},{\"@type\":\"Organization\",\"@id\":\"https:\/\/www.chinee-inflatable.com\/#organization\",\"name\":\"Chinee Inflatable\",\"alternateName\":\"Chinee Inflatable Bounce\",\"url\":\"https:\/\/www.chinee-inflatable.com\/\",\"logo\":{\"@type\":\"ImageObject\",\"inLanguage\":\"pt-PT\",\"@id\":\"https:\/\/www.chinee-inflatable.com\/#\/schema\/logo\/image\/\",\"url\":\"https:\/\/www.chinee-inflatable.com\/wp-content\/uploads\/2021\/11\/cropped-CHINEE-INFLATABLE-LOGO.png\",\"contentUrl\":\"https:\/\/www.chinee-inflatable.com\/wp-content\/uploads\/2021\/11\/cropped-CHINEE-INFLATABLE-LOGO.png\",\"width\":200,\"height\":190,\"caption\":\"Chinee Inflatable\"},\"image\":{\"@id\":\"https:\/\/www.chinee-inflatable.com\/#\/schema\/logo\/image\/\"},\"sameAs\":[\"https:\/\/www.facebook.com\/ChineeInflatabletian\/\"],\"description\":\"Chinee Inflatable established in 1998, Chinee has grown to become one of the largest inflatable manufacturers in China.At Chinee, we take pride in our skilled workforce and our ability to cater to the unique needs of our clients. We specialize in producing custom inflatable designs, providing our clients with a diverse range of options for their specific requirements.\",\"email\":\"info@chinee-inflatable.com\",\"telephone\":\"+86-18826065077\",\"legalName\":\"Chinee Inflatable\",\"foundingDate\":\"1998-01-02\",\"numberOfEmployees\":{\"@type\":\"QuantitativeValue\",\"minValue\":\"501\",\"maxValue\":\"1000\"}}]}<\/script>\n<!-- \/ Yoast SEO Premium plugin. -->","yoast_head_json":{"title":"AT1-053 Inflatable Gymnastics Airtrack Tumbling Mat Air Track Floor Mat With Electric Pump Home Use\/Training\/Cheerleading\/Beach\/Water - Chinee Inflatable","description":"Model: AT1-053 ; Size : 3\u00d70.9\u00d70.1 m \/ 9.8\u00d73.0\u00d70.3 ft ; Weight: 9 Kg \/ 19.8 lbs ; Material: 0.55 mm and 0.9 mm PVC Tarpaulin","robots":{"index":"index","follow":"follow","max-snippet":"max-snippet:-1","max-image-preview":"max-image-preview:large","max-video-preview":"max-video-preview:-1"},"canonical":"https:\/\/www.chinee-inflatable.com\/pt\/produto\/at1-053-tapete-de-ginastica-insuflavel-airtrack-tumbling-tapete-de-chao-air-track-com-bomba-electrica-uso-domestico-treino-cheerleading-praia-agua\/","og_locale":"pt_PT","og_type":"article","og_title":"AT1-053 Inflatable Gymnastics Airtrack Tumbling Mat Air Track Floor Mat With Electric Pump Home Use\/Training\/Cheerleading\/Beach\/Water","og_description":"Model: AT1-053 ; Size : 3\u00d70.9\u00d70.1 m \/ 9.8\u00d73.0\u00d70.3 ft ; Weight: 9 Kg \/ 19.8 lbs ; Material: 0.55 mm and 0.9 mm PVC Tarpaulin","og_url":"https:\/\/www.chinee-inflatable.com\/pt\/produto\/at1-053-tapete-de-ginastica-insuflavel-airtrack-tumbling-tapete-de-chao-air-track-com-bomba-electrica-uso-domestico-treino-cheerleading-praia-agua\/","og_site_name":"Chinee Inflatable","article_publisher":"https:\/\/www.facebook.com\/ChineeInflatabletian\/","article_modified_time":"2025-07-29T09:39:58+00:00","og_image":[{"width":1000,"height":1000,"url":"https:\/\/www.chinee-inflatable.com\/wp-content\/uploads\/2022\/04\/AirTrack-1235.jpg","type":"image\/jpeg"}],"twitter_card":"summary_large_image","twitter_description":"Model: AT1-053 ; Size : 3\u00d70.9\u00d70.1 m \/ 9.8\u00d73.0\u00d70.3 ft ; Weight: 9 Kg \/ 19.8 lbs ; Material: 0.55 mm and 0.9 mm PVC Tarpaulin","schema":{"@context":"https:\/\/schema.org","@graph":[{"@type":"WebPage","@id":"https:\/\/www.chinee-inflatable.com\/product\/at1-053-inflatable-gymnastics-airtrack-tumbling-mat-air-track-floor-mat-with-electric-pump-home-use-training-cheerleading-beach-water\/","url":"https:\/\/www.chinee-inflatable.com\/product\/at1-053-inflatable-gymnastics-airtrack-tumbling-mat-air-track-floor-mat-with-electric-pump-home-use-training-cheerleading-beach-water\/","name":"AT1-053 Inflatable Gymnastics Airtrack Tumbling Mat Air Track Floor Mat With Electric Pump Home Use\/Training\/Cheerleading\/Beach\/Water - Chinee Inflatable","isPartOf":{"@id":"https:\/\/www.chinee-inflatable.com\/#website"},"primaryImageOfPage":{"@id":"https:\/\/www.chinee-inflatable.com\/product\/at1-053-inflatable-gymnastics-airtrack-tumbling-mat-air-track-floor-mat-with-electric-pump-home-use-training-cheerleading-beach-water\/#primaryimage"},"image":{"@id":"https:\/\/www.chinee-inflatable.com\/product\/at1-053-inflatable-gymnastics-airtrack-tumbling-mat-air-track-floor-mat-with-electric-pump-home-use-training-cheerleading-beach-water\/#primaryimage"},"thumbnailUrl":"https:\/\/www.chinee-inflatable.com\/wp-content\/uploads\/2022\/04\/AirTrack-1235.jpg","datePublished":"2022-04-09T09:41:34+00:00","dateModified":"2025-07-29T09:39:58+00:00","description":"Model: AT1-053 ; Size : 3\u00d70.9\u00d70.1 m \/ 9.8\u00d73.0\u00d70.3 ft ; Weight: 9 Kg \/ 19.8 lbs ; Material: 0.55 mm and 0.9 mm PVC Tarpaulin","breadcrumb":{"@id":"https:\/\/www.chinee-inflatable.com\/product\/at1-053-inflatable-gymnastics-airtrack-tumbling-mat-air-track-floor-mat-with-electric-pump-home-use-training-cheerleading-beach-water\/#breadcrumb"},"inLanguage":"pt-PT","potentialAction":[{"@type":"ReadAction","target":["https:\/\/www.chinee-inflatable.com\/product\/at1-053-inflatable-gymnastics-airtrack-tumbling-mat-air-track-floor-mat-with-electric-pump-home-use-training-cheerleading-beach-water\/"]}]},{"@type":"ImageObject","inLanguage":"pt-PT","@id":"https:\/\/www.chinee-inflatable.com\/product\/at1-053-inflatable-gymnastics-airtrack-tumbling-mat-air-track-floor-mat-with-electric-pump-home-use-training-cheerleading-beach-water\/#primaryimage","url":"https:\/\/www.chinee-inflatable.com\/wp-content\/uploads\/2022\/04\/AirTrack-1235.jpg","contentUrl":"https:\/\/www.chinee-inflatable.com\/wp-content\/uploads\/2022\/04\/AirTrack-1235.jpg","width":1000,"height":1000,"caption":"Inflatable Air Track"},{"@type":"BreadcrumbList","@id":"https:\/\/www.chinee-inflatable.com\/product\/at1-053-inflatable-gymnastics-airtrack-tumbling-mat-air-track-floor-mat-with-electric-pump-home-use-training-cheerleading-beach-water\/#breadcrumb","itemListElement":[{"@type":"ListItem","position":1,"name":"Home","item":"https:\/\/www.chinee-inflatable.com\/"},{"@type":"ListItem","position":2,"name":"Products","item":"https:\/\/www.chinee-inflatable.com\/shop\/"},{"@type":"ListItem","position":3,"name":"AT1-053 Inflatable Gymnastics Airtrack Tumbling Mat Air Track Floor Mat With Electric Pump Home Use\/Training\/Cheerleading\/Beach\/Water"}]},{"@type":"WebSite","@id":"https:\/\/www.chinee-inflatable.com\/#website","url":"https:\/\/www.chinee-inflatable.com\/","name":"Chinee Inflatable Factory","description":"Offer you lower price &amp; higher quality inflatables.","publisher":{"@id":"https:\/\/www.chinee-inflatable.com\/#organization"},"alternateName":"Chinee Inflatable Bounce","potentialAction":[{"@type":"SearchAction","target":{"@type":"EntryPoint","urlTemplate":"https:\/\/www.chinee-inflatable.com\/?s={search_term_string}"},"query-input":{"@type":"PropertyValueSpecification","valueRequired":true,"valueName":"search_term_string"}}],"inLanguage":"pt-PT"},{"@type":"Organization","@id":"https:\/\/www.chinee-inflatable.com\/#organization","name":"Chinee Inflatable","alternateName":"Chinee Inflatable Bounce","url":"https:\/\/www.chinee-inflatable.com\/","logo":{"@type":"ImageObject","inLanguage":"pt-PT","@id":"https:\/\/www.chinee-inflatable.com\/#\/schema\/logo\/image\/","url":"https:\/\/www.chinee-inflatable.com\/wp-content\/uploads\/2021\/11\/cropped-CHINEE-INFLATABLE-LOGO.png","contentUrl":"https:\/\/www.chinee-inflatable.com\/wp-content\/uploads\/2021\/11\/cropped-CHINEE-INFLATABLE-LOGO.png","width":200,"height":190,"caption":"Chinee Inflatable"},"image":{"@id":"https:\/\/www.chinee-inflatable.com\/#\/schema\/logo\/image\/"},"sameAs":["https:\/\/www.facebook.com\/ChineeInflatabletian\/"],"description":"Chinee Inflatable established in 1998, Chinee has grown to become one of the largest inflatable manufacturers in China.At Chinee, we take pride in our skilled workforce and our ability to cater to the unique needs of our clients. We specialize in producing custom inflatable designs, providing our clients with a diverse range of options for their specific requirements.","email":"info@chinee-inflatable.com","telephone":"+86-18826065077","legalName":"Chinee Inflatable","foundingDate":"1998-01-02","numberOfEmployees":{"@type":"QuantitativeValue","minValue":"501","maxValue":"1000"}}]}},"_links":{"self":[{"href":"https:\/\/www.chinee-inflatable.com\/pt\/wp-json\/wp\/v2\/product\/46991","targetHints":{"allow":["GET"]}}],"collection":[{"href":"https:\/\/www.chinee-inflatable.com\/pt\/wp-json\/wp\/v2\/product"}],"about":[{"href":"https:\/\/www.chinee-inflatable.com\/pt\/wp-json\/wp\/v2\/types\/product"}],"wp:featuredmedia":[{"embeddable":true,"href":"https:\/\/www.chinee-inflatable.com\/pt\/wp-json\/wp\/v2\/media\/46985"}],"wp:attachment":[{"href":"https:\/\/www.chinee-inflatable.com\/pt\/wp-json\/wp\/v2\/media?parent=46991"}],"wp:term":[{"taxonomy":"product_brand","embeddable":true,"href":"https:\/\/www.chinee-inflatable.com\/pt\/wp-json\/wp\/v2\/product_brand?post=46991"},{"taxonomy":"product_cat","embeddable":true,"href":"https:\/\/www.chinee-inflatable.com\/pt\/wp-json\/wp\/v2\/product_cat?post=46991"},{"taxonomy":"product_tag","embeddable":true,"href":"https:\/\/www.chinee-inflatable.com\/pt\/wp-json\/wp\/v2\/product_tag?post=46991"}],"curies":[{"name":"wp","href":"https:\/\/api.w.org\/{rel}","templated":true}]}}