{"id":46858,"date":"2022-04-09T09:38:30","date_gmt":"2022-04-09T09:38:30","guid":{"rendered":"http:\/\/www.chinee-inflatable.com\/product\/at1-032-inflatable-air-track-tumbling-mat-for-gymnastics-airtrack-floor-mat-for-home-use-cheer-training-tumbling-cheerleading-beach-park\/"},"modified":"2025-07-29T17:39:32","modified_gmt":"2025-07-29T09:39:32","slug":"at1-032-inflatable-air-track-tumbling-mat-for-gymnastics-airtrack-floor-mat-for-home-use-cheer-training-tumbling-cheerleading-beach-park","status":"publish","type":"product","link":"https:\/\/www.chinee-inflatable.com\/pt\/produto\/at1-032-inflatable-air-track-tumbling-mat-for-gymnastics-airtrack-floor-mat-for-home-use-cheer-training-tumbling-cheerleading-beach-park\/","title":{"rendered":"AT1-032 Tapete insufl\u00e1vel de pista de ar para gin\u00e1stica Tapete de pista de ar para uso dom\u00e9stico Treino de claques Tumbling Cheerleading Beach Park"},"content":{"rendered":"","protected":false},"excerpt":{"rendered":"","protected":false},"featured_media":46852,"template":"","meta":{"_acf_changed":false},"product_brand":[],"product_cat":[165],"product_tag":[279,361],"class_list":{"0":"post-46858","1":"product","2":"type-product","3":"status-publish","4":"has-post-thumbnail","6":"product_cat-inflatable-air-track","7":"product_tag-airtight","8":"product_tag-gym","10":"first","11":"instock","12":"product-type-simple"},"acf":[],"gallery_images":[46853,46854,46855,46856,46857],"yoast_head":"<!-- This site is optimized with the Yoast SEO Premium plugin v24.1 (Yoast SEO v25.0) - https:\/\/yoast.com\/wordpress\/plugins\/seo\/ -->\n<title>AT1-032 Inflatable Air Track Tumbling Mat For Gymnastics Airtrack Floor Mat For Home Use Cheer Training Tumbling Cheerleading Beach Park - Chinee Inflatable<\/title>\n<meta name=\"description\" content=\"Model: AT1-032 ; Size : 3\u00d71\u00d70.1 m \/ 9.8\u00d73.3\u00d70.3 ft ; Weight: 10 Kg \/ 20.9 lbs ; Material: 0.55 mm and 0.9 mm PVC Tarpaulin\" \/>\n<meta name=\"robots\" content=\"index, follow, max-snippet:-1, max-image-preview:large, max-video-preview:-1\" \/>\n<link rel=\"canonical\" href=\"https:\/\/www.chinee-inflatable.com\/pt\/produto\/at1-032-inflatable-air-track-tumbling-mat-for-gymnastics-airtrack-floor-mat-for-home-use-cheer-training-tumbling-cheerleading-beach-park\/\" \/>\n<meta property=\"og:locale\" content=\"pt_PT\" \/>\n<meta property=\"og:type\" content=\"article\" \/>\n<meta property=\"og:title\" content=\"AT1-032 Inflatable Air Track Tumbling Mat For Gymnastics Airtrack Floor Mat For Home Use Cheer Training Tumbling Cheerleading Beach Park\" \/>\n<meta property=\"og:description\" content=\"Model: AT1-032 ; Size : 3\u00d71\u00d70.1 m \/ 9.8\u00d73.3\u00d70.3 ft ; Weight: 10 Kg \/ 20.9 lbs ; Material: 0.55 mm and 0.9 mm PVC Tarpaulin\" \/>\n<meta property=\"og:url\" content=\"https:\/\/www.chinee-inflatable.com\/pt\/produto\/at1-032-inflatable-air-track-tumbling-mat-for-gymnastics-airtrack-floor-mat-for-home-use-cheer-training-tumbling-cheerleading-beach-park\/\" \/>\n<meta property=\"og:site_name\" content=\"Chinee Inflatable\" \/>\n<meta property=\"article:publisher\" content=\"https:\/\/www.facebook.com\/ChineeInflatabletian\/\" \/>\n<meta property=\"article:modified_time\" content=\"2025-07-29T09:39:32+00:00\" \/>\n<meta property=\"og:image\" content=\"https:\/\/www.chinee-inflatable.com\/wp-content\/uploads\/2022\/04\/AirTrack-1109.jpg\" \/>\n\t<meta property=\"og:image:width\" content=\"1000\" \/>\n\t<meta property=\"og:image:height\" content=\"1000\" \/>\n\t<meta property=\"og:image:type\" content=\"image\/jpeg\" \/>\n<meta name=\"twitter:card\" content=\"summary_large_image\" \/>\n<meta name=\"twitter:description\" content=\"Model: AT1-032 ; Size : 3\u00d71\u00d70.1 m \/ 9.8\u00d73.3\u00d70.3 ft ; Weight: 10 Kg \/ 20.9 lbs ; Material: 0.55 mm and 0.9 mm PVC Tarpaulin\" \/>\n<script type=\"application\/ld+json\" class=\"yoast-schema-graph\">{\"@context\":\"https:\/\/schema.org\",\"@graph\":[{\"@type\":\"WebPage\",\"@id\":\"https:\/\/www.chinee-inflatable.com\/product\/at1-032-inflatable-air-track-tumbling-mat-for-gymnastics-airtrack-floor-mat-for-home-use-cheer-training-tumbling-cheerleading-beach-park\/\",\"url\":\"https:\/\/www.chinee-inflatable.com\/product\/at1-032-inflatable-air-track-tumbling-mat-for-gymnastics-airtrack-floor-mat-for-home-use-cheer-training-tumbling-cheerleading-beach-park\/\",\"name\":\"AT1-032 Inflatable Air Track Tumbling Mat For Gymnastics Airtrack Floor Mat For Home Use Cheer Training Tumbling Cheerleading Beach Park - Chinee Inflatable\",\"isPartOf\":{\"@id\":\"https:\/\/www.chinee-inflatable.com\/#website\"},\"primaryImageOfPage\":{\"@id\":\"https:\/\/www.chinee-inflatable.com\/product\/at1-032-inflatable-air-track-tumbling-mat-for-gymnastics-airtrack-floor-mat-for-home-use-cheer-training-tumbling-cheerleading-beach-park\/#primaryimage\"},\"image\":{\"@id\":\"https:\/\/www.chinee-inflatable.com\/product\/at1-032-inflatable-air-track-tumbling-mat-for-gymnastics-airtrack-floor-mat-for-home-use-cheer-training-tumbling-cheerleading-beach-park\/#primaryimage\"},\"thumbnailUrl\":\"https:\/\/www.chinee-inflatable.com\/wp-content\/uploads\/2022\/04\/AirTrack-1109.jpg\",\"datePublished\":\"2022-04-09T09:38:30+00:00\",\"dateModified\":\"2025-07-29T09:39:32+00:00\",\"description\":\"Model: AT1-032 ; Size : 3\u00d71\u00d70.1 m \/ 9.8\u00d73.3\u00d70.3 ft ; Weight: 10 Kg \/ 20.9 lbs ; Material: 0.55 mm and 0.9 mm PVC Tarpaulin\",\"breadcrumb\":{\"@id\":\"https:\/\/www.chinee-inflatable.com\/product\/at1-032-inflatable-air-track-tumbling-mat-for-gymnastics-airtrack-floor-mat-for-home-use-cheer-training-tumbling-cheerleading-beach-park\/#breadcrumb\"},\"inLanguage\":\"pt-PT\",\"potentialAction\":[{\"@type\":\"ReadAction\",\"target\":[\"https:\/\/www.chinee-inflatable.com\/product\/at1-032-inflatable-air-track-tumbling-mat-for-gymnastics-airtrack-floor-mat-for-home-use-cheer-training-tumbling-cheerleading-beach-park\/\"]}]},{\"@type\":\"ImageObject\",\"inLanguage\":\"pt-PT\",\"@id\":\"https:\/\/www.chinee-inflatable.com\/product\/at1-032-inflatable-air-track-tumbling-mat-for-gymnastics-airtrack-floor-mat-for-home-use-cheer-training-tumbling-cheerleading-beach-park\/#primaryimage\",\"url\":\"https:\/\/www.chinee-inflatable.com\/wp-content\/uploads\/2022\/04\/AirTrack-1109.jpg\",\"contentUrl\":\"https:\/\/www.chinee-inflatable.com\/wp-content\/uploads\/2022\/04\/AirTrack-1109.jpg\",\"width\":1000,\"height\":1000},{\"@type\":\"BreadcrumbList\",\"@id\":\"https:\/\/www.chinee-inflatable.com\/product\/at1-032-inflatable-air-track-tumbling-mat-for-gymnastics-airtrack-floor-mat-for-home-use-cheer-training-tumbling-cheerleading-beach-park\/#breadcrumb\",\"itemListElement\":[{\"@type\":\"ListItem\",\"position\":1,\"name\":\"Home\",\"item\":\"https:\/\/www.chinee-inflatable.com\/\"},{\"@type\":\"ListItem\",\"position\":2,\"name\":\"Products\",\"item\":\"https:\/\/www.chinee-inflatable.com\/shop\/\"},{\"@type\":\"ListItem\",\"position\":3,\"name\":\"AT1-032 Inflatable Air Track Tumbling Mat For Gymnastics Airtrack Floor Mat For Home Use Cheer Training Tumbling Cheerleading Beach Park\"}]},{\"@type\":\"WebSite\",\"@id\":\"https:\/\/www.chinee-inflatable.com\/#website\",\"url\":\"https:\/\/www.chinee-inflatable.com\/\",\"name\":\"Chinee Inflatable Factory\",\"description\":\"Offer you lower price &amp; higher quality inflatables.\",\"publisher\":{\"@id\":\"https:\/\/www.chinee-inflatable.com\/#organization\"},\"alternateName\":\"Chinee Inflatable Bounce\",\"potentialAction\":[{\"@type\":\"SearchAction\",\"target\":{\"@type\":\"EntryPoint\",\"urlTemplate\":\"https:\/\/www.chinee-inflatable.com\/?s={search_term_string}\"},\"query-input\":{\"@type\":\"PropertyValueSpecification\",\"valueRequired\":true,\"valueName\":\"search_term_string\"}}],\"inLanguage\":\"pt-PT\"},{\"@type\":\"Organization\",\"@id\":\"https:\/\/www.chinee-inflatable.com\/#organization\",\"name\":\"Chinee Inflatable\",\"alternateName\":\"Chinee Inflatable Bounce\",\"url\":\"https:\/\/www.chinee-inflatable.com\/\",\"logo\":{\"@type\":\"ImageObject\",\"inLanguage\":\"pt-PT\",\"@id\":\"https:\/\/www.chinee-inflatable.com\/#\/schema\/logo\/image\/\",\"url\":\"https:\/\/www.chinee-inflatable.com\/wp-content\/uploads\/2021\/11\/cropped-CHINEE-INFLATABLE-LOGO.png\",\"contentUrl\":\"https:\/\/www.chinee-inflatable.com\/wp-content\/uploads\/2021\/11\/cropped-CHINEE-INFLATABLE-LOGO.png\",\"width\":200,\"height\":190,\"caption\":\"Chinee Inflatable\"},\"image\":{\"@id\":\"https:\/\/www.chinee-inflatable.com\/#\/schema\/logo\/image\/\"},\"sameAs\":[\"https:\/\/www.facebook.com\/ChineeInflatabletian\/\"],\"description\":\"Chinee Inflatable established in 1998, Chinee has grown to become one of the largest inflatable manufacturers in China.At Chinee, we take pride in our skilled workforce and our ability to cater to the unique needs of our clients. We specialize in producing custom inflatable designs, providing our clients with a diverse range of options for their specific requirements.\",\"email\":\"info@chinee-inflatable.com\",\"telephone\":\"+86-18826065077\",\"legalName\":\"Chinee Inflatable\",\"foundingDate\":\"1998-01-02\",\"numberOfEmployees\":{\"@type\":\"QuantitativeValue\",\"minValue\":\"501\",\"maxValue\":\"1000\"}}]}<\/script>\n<!-- \/ Yoast SEO Premium plugin. -->","yoast_head_json":{"title":"AT1-032 Inflatable Air Track Tumbling Mat For Gymnastics Airtrack Floor Mat For Home Use Cheer Training Tumbling Cheerleading Beach Park - Chinee Inflatable","description":"Model: AT1-032 ; Size : 3\u00d71\u00d70.1 m \/ 9.8\u00d73.3\u00d70.3 ft ; Weight: 10 Kg \/ 20.9 lbs ; Material: 0.55 mm and 0.9 mm PVC Tarpaulin","robots":{"index":"index","follow":"follow","max-snippet":"max-snippet:-1","max-image-preview":"max-image-preview:large","max-video-preview":"max-video-preview:-1"},"canonical":"https:\/\/www.chinee-inflatable.com\/pt\/produto\/at1-032-inflatable-air-track-tumbling-mat-for-gymnastics-airtrack-floor-mat-for-home-use-cheer-training-tumbling-cheerleading-beach-park\/","og_locale":"pt_PT","og_type":"article","og_title":"AT1-032 Inflatable Air Track Tumbling Mat For Gymnastics Airtrack Floor Mat For Home Use Cheer Training Tumbling Cheerleading Beach Park","og_description":"Model: AT1-032 ; Size : 3\u00d71\u00d70.1 m \/ 9.8\u00d73.3\u00d70.3 ft ; Weight: 10 Kg \/ 20.9 lbs ; Material: 0.55 mm and 0.9 mm PVC Tarpaulin","og_url":"https:\/\/www.chinee-inflatable.com\/pt\/produto\/at1-032-inflatable-air-track-tumbling-mat-for-gymnastics-airtrack-floor-mat-for-home-use-cheer-training-tumbling-cheerleading-beach-park\/","og_site_name":"Chinee Inflatable","article_publisher":"https:\/\/www.facebook.com\/ChineeInflatabletian\/","article_modified_time":"2025-07-29T09:39:32+00:00","og_image":[{"width":1000,"height":1000,"url":"https:\/\/www.chinee-inflatable.com\/wp-content\/uploads\/2022\/04\/AirTrack-1109.jpg","type":"image\/jpeg"}],"twitter_card":"summary_large_image","twitter_description":"Model: AT1-032 ; Size : 3\u00d71\u00d70.1 m \/ 9.8\u00d73.3\u00d70.3 ft ; Weight: 10 Kg \/ 20.9 lbs ; Material: 0.55 mm and 0.9 mm PVC Tarpaulin","schema":{"@context":"https:\/\/schema.org","@graph":[{"@type":"WebPage","@id":"https:\/\/www.chinee-inflatable.com\/product\/at1-032-inflatable-air-track-tumbling-mat-for-gymnastics-airtrack-floor-mat-for-home-use-cheer-training-tumbling-cheerleading-beach-park\/","url":"https:\/\/www.chinee-inflatable.com\/product\/at1-032-inflatable-air-track-tumbling-mat-for-gymnastics-airtrack-floor-mat-for-home-use-cheer-training-tumbling-cheerleading-beach-park\/","name":"AT1-032 Inflatable Air Track Tumbling Mat For Gymnastics Airtrack Floor Mat For Home Use Cheer Training Tumbling Cheerleading Beach Park - Chinee Inflatable","isPartOf":{"@id":"https:\/\/www.chinee-inflatable.com\/#website"},"primaryImageOfPage":{"@id":"https:\/\/www.chinee-inflatable.com\/product\/at1-032-inflatable-air-track-tumbling-mat-for-gymnastics-airtrack-floor-mat-for-home-use-cheer-training-tumbling-cheerleading-beach-park\/#primaryimage"},"image":{"@id":"https:\/\/www.chinee-inflatable.com\/product\/at1-032-inflatable-air-track-tumbling-mat-for-gymnastics-airtrack-floor-mat-for-home-use-cheer-training-tumbling-cheerleading-beach-park\/#primaryimage"},"thumbnailUrl":"https:\/\/www.chinee-inflatable.com\/wp-content\/uploads\/2022\/04\/AirTrack-1109.jpg","datePublished":"2022-04-09T09:38:30+00:00","dateModified":"2025-07-29T09:39:32+00:00","description":"Model: AT1-032 ; Size : 3\u00d71\u00d70.1 m \/ 9.8\u00d73.3\u00d70.3 ft ; Weight: 10 Kg \/ 20.9 lbs ; Material: 0.55 mm and 0.9 mm PVC Tarpaulin","breadcrumb":{"@id":"https:\/\/www.chinee-inflatable.com\/product\/at1-032-inflatable-air-track-tumbling-mat-for-gymnastics-airtrack-floor-mat-for-home-use-cheer-training-tumbling-cheerleading-beach-park\/#breadcrumb"},"inLanguage":"pt-PT","potentialAction":[{"@type":"ReadAction","target":["https:\/\/www.chinee-inflatable.com\/product\/at1-032-inflatable-air-track-tumbling-mat-for-gymnastics-airtrack-floor-mat-for-home-use-cheer-training-tumbling-cheerleading-beach-park\/"]}]},{"@type":"ImageObject","inLanguage":"pt-PT","@id":"https:\/\/www.chinee-inflatable.com\/product\/at1-032-inflatable-air-track-tumbling-mat-for-gymnastics-airtrack-floor-mat-for-home-use-cheer-training-tumbling-cheerleading-beach-park\/#primaryimage","url":"https:\/\/www.chinee-inflatable.com\/wp-content\/uploads\/2022\/04\/AirTrack-1109.jpg","contentUrl":"https:\/\/www.chinee-inflatable.com\/wp-content\/uploads\/2022\/04\/AirTrack-1109.jpg","width":1000,"height":1000},{"@type":"BreadcrumbList","@id":"https:\/\/www.chinee-inflatable.com\/product\/at1-032-inflatable-air-track-tumbling-mat-for-gymnastics-airtrack-floor-mat-for-home-use-cheer-training-tumbling-cheerleading-beach-park\/#breadcrumb","itemListElement":[{"@type":"ListItem","position":1,"name":"Home","item":"https:\/\/www.chinee-inflatable.com\/"},{"@type":"ListItem","position":2,"name":"Products","item":"https:\/\/www.chinee-inflatable.com\/shop\/"},{"@type":"ListItem","position":3,"name":"AT1-032 Inflatable Air Track Tumbling Mat For Gymnastics Airtrack Floor Mat For Home Use Cheer Training Tumbling Cheerleading Beach Park"}]},{"@type":"WebSite","@id":"https:\/\/www.chinee-inflatable.com\/#website","url":"https:\/\/www.chinee-inflatable.com\/","name":"Chinee Inflatable Factory","description":"Offer you lower price &amp; higher quality inflatables.","publisher":{"@id":"https:\/\/www.chinee-inflatable.com\/#organization"},"alternateName":"Chinee Inflatable Bounce","potentialAction":[{"@type":"SearchAction","target":{"@type":"EntryPoint","urlTemplate":"https:\/\/www.chinee-inflatable.com\/?s={search_term_string}"},"query-input":{"@type":"PropertyValueSpecification","valueRequired":true,"valueName":"search_term_string"}}],"inLanguage":"pt-PT"},{"@type":"Organization","@id":"https:\/\/www.chinee-inflatable.com\/#organization","name":"Chinee Inflatable","alternateName":"Chinee Inflatable Bounce","url":"https:\/\/www.chinee-inflatable.com\/","logo":{"@type":"ImageObject","inLanguage":"pt-PT","@id":"https:\/\/www.chinee-inflatable.com\/#\/schema\/logo\/image\/","url":"https:\/\/www.chinee-inflatable.com\/wp-content\/uploads\/2021\/11\/cropped-CHINEE-INFLATABLE-LOGO.png","contentUrl":"https:\/\/www.chinee-inflatable.com\/wp-content\/uploads\/2021\/11\/cropped-CHINEE-INFLATABLE-LOGO.png","width":200,"height":190,"caption":"Chinee Inflatable"},"image":{"@id":"https:\/\/www.chinee-inflatable.com\/#\/schema\/logo\/image\/"},"sameAs":["https:\/\/www.facebook.com\/ChineeInflatabletian\/"],"description":"Chinee Inflatable established in 1998, Chinee has grown to become one of the largest inflatable manufacturers in China.At Chinee, we take pride in our skilled workforce and our ability to cater to the unique needs of our clients. We specialize in producing custom inflatable designs, providing our clients with a diverse range of options for their specific requirements.","email":"info@chinee-inflatable.com","telephone":"+86-18826065077","legalName":"Chinee Inflatable","foundingDate":"1998-01-02","numberOfEmployees":{"@type":"QuantitativeValue","minValue":"501","maxValue":"1000"}}]}},"_links":{"self":[{"href":"https:\/\/www.chinee-inflatable.com\/pt\/wp-json\/wp\/v2\/product\/46858","targetHints":{"allow":["GET"]}}],"collection":[{"href":"https:\/\/www.chinee-inflatable.com\/pt\/wp-json\/wp\/v2\/product"}],"about":[{"href":"https:\/\/www.chinee-inflatable.com\/pt\/wp-json\/wp\/v2\/types\/product"}],"wp:featuredmedia":[{"embeddable":true,"href":"https:\/\/www.chinee-inflatable.com\/pt\/wp-json\/wp\/v2\/media\/46852"}],"wp:attachment":[{"href":"https:\/\/www.chinee-inflatable.com\/pt\/wp-json\/wp\/v2\/media?parent=46858"}],"wp:term":[{"taxonomy":"product_brand","embeddable":true,"href":"https:\/\/www.chinee-inflatable.com\/pt\/wp-json\/wp\/v2\/product_brand?post=46858"},{"taxonomy":"product_cat","embeddable":true,"href":"https:\/\/www.chinee-inflatable.com\/pt\/wp-json\/wp\/v2\/product_cat?post=46858"},{"taxonomy":"product_tag","embeddable":true,"href":"https:\/\/www.chinee-inflatable.com\/pt\/wp-json\/wp\/v2\/product_tag?post=46858"}],"curies":[{"name":"wp","href":"https:\/\/api.w.org\/{rel}","templated":true}]}}