{"id":39981,"date":"2022-01-27T16:14:24","date_gmt":"2022-01-27T08:14:24","guid":{"rendered":"http:\/\/www.chinee-inflatable.com\/product\/at1-078-innflatable-bouncer-gymnastics-air-track-tumbling-floor-6m-trampoline-electric-air-pump-home-use-training-cheerlead-beach\/"},"modified":"2025-08-27T14:56:18","modified_gmt":"2025-08-27T06:56:18","slug":"at1-078-insuflavel-cama-elastica-pista-de-ginastica-pista-de-salto-de-6m-trampolim-bomba-de-ar-electrica-uso-domestico-treino-cheerlead-praia","status":"publish","type":"product","link":"https:\/\/www.chinee-inflatable.com\/pt\/produto\/at1-078-insuflavel-cama-elastica-pista-de-ginastica-pista-de-salto-de-6m-trampolim-bomba-de-ar-electrica-uso-domestico-treino-cheerlead-praia\/","title":{"rendered":"AT1-078 Insufl\u00e1vel Pula-pula Pista de gin\u00e1stica Pista de ar Piso de queda 6M Trampolim Bomba de ar el\u00e9ctrica Uso dom\u00e9stico\/Treinamento\/Cheerlead\/Beach"},"content":{"rendered":"","protected":false},"excerpt":{"rendered":"","protected":false},"featured_media":39975,"template":"","meta":{"_acf_changed":false},"product_brand":[],"product_cat":[165],"product_tag":[279,361],"class_list":{"0":"post-39981","1":"product","2":"type-product","3":"status-publish","4":"has-post-thumbnail","6":"product_cat-inflatable-air-track","7":"product_tag-airtight","8":"product_tag-gym","10":"first","11":"instock","12":"product-type-simple"},"acf":[],"gallery_images":[39976,39977,39978,39979,39980],"yoast_head":"<!-- This site is optimized with the Yoast SEO Premium plugin v24.1 (Yoast SEO v25.0) - https:\/\/yoast.com\/wordpress\/plugins\/seo\/ -->\n<title>AT1-078 Innflatable Bouncer Gymnastics Air Track Tumbling Floor 6M Trampoline Electric Air Pump Home Use\/Training\/Cheerlead\/Beach - Chinee Inflatable<\/title>\n<meta name=\"description\" content=\"Model: AT1-078 ; Size : 4\u00d70.9\u00d70.1 m \/ 13.1\u00d73.0\u00d70.3 ft ; Weight: 10 Kg \/ 22.0 lbs ; Material: 0.55 mm and 0.9 mm PVC Tarpaulin\" \/>\n<meta name=\"robots\" content=\"index, follow, max-snippet:-1, max-image-preview:large, max-video-preview:-1\" \/>\n<link rel=\"canonical\" href=\"https:\/\/www.chinee-inflatable.com\/pt\/produto\/at1-078-insuflavel-cama-elastica-pista-de-ginastica-pista-de-salto-de-6m-trampolim-bomba-de-ar-electrica-uso-domestico-treino-cheerlead-praia\/\" \/>\n<meta property=\"og:locale\" content=\"pt_PT\" \/>\n<meta property=\"og:type\" content=\"article\" \/>\n<meta property=\"og:title\" content=\"AT1-078 Innflatable Bouncer Gymnastics Air Track Tumbling Floor 6M Trampoline Electric Air Pump Home Use\/Training\/Cheerlead\/Beach\" \/>\n<meta property=\"og:description\" content=\"Model: AT1-078 ; Size : 4\u00d70.9\u00d70.1 m \/ 13.1\u00d73.0\u00d70.3 ft ; Weight: 10 Kg \/ 22.0 lbs ; Material: 0.55 mm and 0.9 mm PVC Tarpaulin\" \/>\n<meta property=\"og:url\" content=\"https:\/\/www.chinee-inflatable.com\/pt\/produto\/at1-078-insuflavel-cama-elastica-pista-de-ginastica-pista-de-salto-de-6m-trampolim-bomba-de-ar-electrica-uso-domestico-treino-cheerlead-praia\/\" \/>\n<meta property=\"og:site_name\" content=\"Chinee Inflatable\" \/>\n<meta property=\"article:publisher\" content=\"https:\/\/www.facebook.com\/ChineeInflatabletian\/\" \/>\n<meta property=\"article:modified_time\" content=\"2025-08-27T06:56:18+00:00\" \/>\n<meta property=\"og:image\" content=\"https:\/\/www.chinee-inflatable.com\/wp-content\/uploads\/2022\/01\/AirTrack-1384.jpg\" \/>\n\t<meta property=\"og:image:width\" content=\"800\" \/>\n\t<meta property=\"og:image:height\" content=\"800\" \/>\n\t<meta property=\"og:image:type\" content=\"image\/jpeg\" \/>\n<meta name=\"twitter:card\" content=\"summary_large_image\" \/>\n<meta name=\"twitter:description\" content=\"Model: AT1-078 ; Size : 4\u00d70.9\u00d70.1 m \/ 13.1\u00d73.0\u00d70.3 ft ; Weight: 10 Kg \/ 22.0 lbs ; Material: 0.55 mm and 0.9 mm PVC Tarpaulin\" \/>\n<script type=\"application\/ld+json\" class=\"yoast-schema-graph\">{\"@context\":\"https:\/\/schema.org\",\"@graph\":[{\"@type\":\"WebPage\",\"@id\":\"https:\/\/www.chinee-inflatable.com\/product\/at1-078-innflatable-bouncer-gymnastics-air-track-tumbling-floor-6m-trampoline-electric-air-pump-home-use-training-cheerlead-beach\/\",\"url\":\"https:\/\/www.chinee-inflatable.com\/product\/at1-078-innflatable-bouncer-gymnastics-air-track-tumbling-floor-6m-trampoline-electric-air-pump-home-use-training-cheerlead-beach\/\",\"name\":\"AT1-078 Innflatable Bouncer Gymnastics Air Track Tumbling Floor 6M Trampoline Electric Air Pump Home Use\/Training\/Cheerlead\/Beach - Chinee Inflatable\",\"isPartOf\":{\"@id\":\"https:\/\/www.chinee-inflatable.com\/#website\"},\"primaryImageOfPage\":{\"@id\":\"https:\/\/www.chinee-inflatable.com\/product\/at1-078-innflatable-bouncer-gymnastics-air-track-tumbling-floor-6m-trampoline-electric-air-pump-home-use-training-cheerlead-beach\/#primaryimage\"},\"image\":{\"@id\":\"https:\/\/www.chinee-inflatable.com\/product\/at1-078-innflatable-bouncer-gymnastics-air-track-tumbling-floor-6m-trampoline-electric-air-pump-home-use-training-cheerlead-beach\/#primaryimage\"},\"thumbnailUrl\":\"https:\/\/www.chinee-inflatable.com\/wp-content\/uploads\/2022\/01\/AirTrack-1384.jpg\",\"datePublished\":\"2022-01-27T08:14:24+00:00\",\"dateModified\":\"2025-08-27T06:56:18+00:00\",\"description\":\"Model: AT1-078 ; Size : 4\u00d70.9\u00d70.1 m \/ 13.1\u00d73.0\u00d70.3 ft ; Weight: 10 Kg \/ 22.0 lbs ; Material: 0.55 mm and 0.9 mm PVC Tarpaulin\",\"breadcrumb\":{\"@id\":\"https:\/\/www.chinee-inflatable.com\/product\/at1-078-innflatable-bouncer-gymnastics-air-track-tumbling-floor-6m-trampoline-electric-air-pump-home-use-training-cheerlead-beach\/#breadcrumb\"},\"inLanguage\":\"pt-PT\",\"potentialAction\":[{\"@type\":\"ReadAction\",\"target\":[\"https:\/\/www.chinee-inflatable.com\/product\/at1-078-innflatable-bouncer-gymnastics-air-track-tumbling-floor-6m-trampoline-electric-air-pump-home-use-training-cheerlead-beach\/\"]}]},{\"@type\":\"ImageObject\",\"inLanguage\":\"pt-PT\",\"@id\":\"https:\/\/www.chinee-inflatable.com\/product\/at1-078-innflatable-bouncer-gymnastics-air-track-tumbling-floor-6m-trampoline-electric-air-pump-home-use-training-cheerlead-beach\/#primaryimage\",\"url\":\"https:\/\/www.chinee-inflatable.com\/wp-content\/uploads\/2022\/01\/AirTrack-1384.jpg\",\"contentUrl\":\"https:\/\/www.chinee-inflatable.com\/wp-content\/uploads\/2022\/01\/AirTrack-1384.jpg\",\"width\":800,\"height\":800},{\"@type\":\"BreadcrumbList\",\"@id\":\"https:\/\/www.chinee-inflatable.com\/product\/at1-078-innflatable-bouncer-gymnastics-air-track-tumbling-floor-6m-trampoline-electric-air-pump-home-use-training-cheerlead-beach\/#breadcrumb\",\"itemListElement\":[{\"@type\":\"ListItem\",\"position\":1,\"name\":\"Home\",\"item\":\"https:\/\/www.chinee-inflatable.com\/\"},{\"@type\":\"ListItem\",\"position\":2,\"name\":\"Products\",\"item\":\"https:\/\/www.chinee-inflatable.com\/shop\/\"},{\"@type\":\"ListItem\",\"position\":3,\"name\":\"AT1-078 Innflatable Bouncer Gymnastics Air Track Tumbling Floor 6M Trampoline Electric Air Pump Home Use\/Training\/Cheerlead\/Beach\"}]},{\"@type\":\"WebSite\",\"@id\":\"https:\/\/www.chinee-inflatable.com\/#website\",\"url\":\"https:\/\/www.chinee-inflatable.com\/\",\"name\":\"Chinee Inflatable Factory\",\"description\":\"Offer you lower price &amp; higher quality inflatables.\",\"publisher\":{\"@id\":\"https:\/\/www.chinee-inflatable.com\/#organization\"},\"alternateName\":\"Chinee Inflatable Bounce\",\"potentialAction\":[{\"@type\":\"SearchAction\",\"target\":{\"@type\":\"EntryPoint\",\"urlTemplate\":\"https:\/\/www.chinee-inflatable.com\/?s={search_term_string}\"},\"query-input\":{\"@type\":\"PropertyValueSpecification\",\"valueRequired\":true,\"valueName\":\"search_term_string\"}}],\"inLanguage\":\"pt-PT\"},{\"@type\":\"Organization\",\"@id\":\"https:\/\/www.chinee-inflatable.com\/#organization\",\"name\":\"Chinee Inflatable\",\"alternateName\":\"Chinee Inflatable Bounce\",\"url\":\"https:\/\/www.chinee-inflatable.com\/\",\"logo\":{\"@type\":\"ImageObject\",\"inLanguage\":\"pt-PT\",\"@id\":\"https:\/\/www.chinee-inflatable.com\/#\/schema\/logo\/image\/\",\"url\":\"https:\/\/www.chinee-inflatable.com\/wp-content\/uploads\/2021\/11\/cropped-CHINEE-INFLATABLE-LOGO.png\",\"contentUrl\":\"https:\/\/www.chinee-inflatable.com\/wp-content\/uploads\/2021\/11\/cropped-CHINEE-INFLATABLE-LOGO.png\",\"width\":200,\"height\":190,\"caption\":\"Chinee Inflatable\"},\"image\":{\"@id\":\"https:\/\/www.chinee-inflatable.com\/#\/schema\/logo\/image\/\"},\"sameAs\":[\"https:\/\/www.facebook.com\/ChineeInflatabletian\/\"],\"description\":\"Chinee Inflatable established in 1998, Chinee has grown to become one of the largest inflatable manufacturers in China.At Chinee, we take pride in our skilled workforce and our ability to cater to the unique needs of our clients. We specialize in producing custom inflatable designs, providing our clients with a diverse range of options for their specific requirements.\",\"email\":\"info@chinee-inflatable.com\",\"telephone\":\"+86-18826065077\",\"legalName\":\"Chinee Inflatable\",\"foundingDate\":\"1998-01-02\",\"numberOfEmployees\":{\"@type\":\"QuantitativeValue\",\"minValue\":\"501\",\"maxValue\":\"1000\"}}]}<\/script>\n<!-- \/ Yoast SEO Premium plugin. -->","yoast_head_json":{"title":"AT1-078 Innflatable Bouncer Gymnastics Air Track Tumbling Floor 6M Trampoline Electric Air Pump Home Use\/Training\/Cheerlead\/Beach - Chinee Inflatable","description":"Model: AT1-078 ; Size : 4\u00d70.9\u00d70.1 m \/ 13.1\u00d73.0\u00d70.3 ft ; Weight: 10 Kg \/ 22.0 lbs ; Material: 0.55 mm and 0.9 mm PVC Tarpaulin","robots":{"index":"index","follow":"follow","max-snippet":"max-snippet:-1","max-image-preview":"max-image-preview:large","max-video-preview":"max-video-preview:-1"},"canonical":"https:\/\/www.chinee-inflatable.com\/pt\/produto\/at1-078-insuflavel-cama-elastica-pista-de-ginastica-pista-de-salto-de-6m-trampolim-bomba-de-ar-electrica-uso-domestico-treino-cheerlead-praia\/","og_locale":"pt_PT","og_type":"article","og_title":"AT1-078 Innflatable Bouncer Gymnastics Air Track Tumbling Floor 6M Trampoline Electric Air Pump Home Use\/Training\/Cheerlead\/Beach","og_description":"Model: AT1-078 ; Size : 4\u00d70.9\u00d70.1 m \/ 13.1\u00d73.0\u00d70.3 ft ; Weight: 10 Kg \/ 22.0 lbs ; Material: 0.55 mm and 0.9 mm PVC Tarpaulin","og_url":"https:\/\/www.chinee-inflatable.com\/pt\/produto\/at1-078-insuflavel-cama-elastica-pista-de-ginastica-pista-de-salto-de-6m-trampolim-bomba-de-ar-electrica-uso-domestico-treino-cheerlead-praia\/","og_site_name":"Chinee Inflatable","article_publisher":"https:\/\/www.facebook.com\/ChineeInflatabletian\/","article_modified_time":"2025-08-27T06:56:18+00:00","og_image":[{"width":800,"height":800,"url":"https:\/\/www.chinee-inflatable.com\/wp-content\/uploads\/2022\/01\/AirTrack-1384.jpg","type":"image\/jpeg"}],"twitter_card":"summary_large_image","twitter_description":"Model: AT1-078 ; Size : 4\u00d70.9\u00d70.1 m \/ 13.1\u00d73.0\u00d70.3 ft ; Weight: 10 Kg \/ 22.0 lbs ; Material: 0.55 mm and 0.9 mm PVC Tarpaulin","schema":{"@context":"https:\/\/schema.org","@graph":[{"@type":"WebPage","@id":"https:\/\/www.chinee-inflatable.com\/product\/at1-078-innflatable-bouncer-gymnastics-air-track-tumbling-floor-6m-trampoline-electric-air-pump-home-use-training-cheerlead-beach\/","url":"https:\/\/www.chinee-inflatable.com\/product\/at1-078-innflatable-bouncer-gymnastics-air-track-tumbling-floor-6m-trampoline-electric-air-pump-home-use-training-cheerlead-beach\/","name":"AT1-078 Innflatable Bouncer Gymnastics Air Track Tumbling Floor 6M Trampoline Electric Air Pump Home Use\/Training\/Cheerlead\/Beach - Chinee Inflatable","isPartOf":{"@id":"https:\/\/www.chinee-inflatable.com\/#website"},"primaryImageOfPage":{"@id":"https:\/\/www.chinee-inflatable.com\/product\/at1-078-innflatable-bouncer-gymnastics-air-track-tumbling-floor-6m-trampoline-electric-air-pump-home-use-training-cheerlead-beach\/#primaryimage"},"image":{"@id":"https:\/\/www.chinee-inflatable.com\/product\/at1-078-innflatable-bouncer-gymnastics-air-track-tumbling-floor-6m-trampoline-electric-air-pump-home-use-training-cheerlead-beach\/#primaryimage"},"thumbnailUrl":"https:\/\/www.chinee-inflatable.com\/wp-content\/uploads\/2022\/01\/AirTrack-1384.jpg","datePublished":"2022-01-27T08:14:24+00:00","dateModified":"2025-08-27T06:56:18+00:00","description":"Model: AT1-078 ; Size : 4\u00d70.9\u00d70.1 m \/ 13.1\u00d73.0\u00d70.3 ft ; Weight: 10 Kg \/ 22.0 lbs ; Material: 0.55 mm and 0.9 mm PVC Tarpaulin","breadcrumb":{"@id":"https:\/\/www.chinee-inflatable.com\/product\/at1-078-innflatable-bouncer-gymnastics-air-track-tumbling-floor-6m-trampoline-electric-air-pump-home-use-training-cheerlead-beach\/#breadcrumb"},"inLanguage":"pt-PT","potentialAction":[{"@type":"ReadAction","target":["https:\/\/www.chinee-inflatable.com\/product\/at1-078-innflatable-bouncer-gymnastics-air-track-tumbling-floor-6m-trampoline-electric-air-pump-home-use-training-cheerlead-beach\/"]}]},{"@type":"ImageObject","inLanguage":"pt-PT","@id":"https:\/\/www.chinee-inflatable.com\/product\/at1-078-innflatable-bouncer-gymnastics-air-track-tumbling-floor-6m-trampoline-electric-air-pump-home-use-training-cheerlead-beach\/#primaryimage","url":"https:\/\/www.chinee-inflatable.com\/wp-content\/uploads\/2022\/01\/AirTrack-1384.jpg","contentUrl":"https:\/\/www.chinee-inflatable.com\/wp-content\/uploads\/2022\/01\/AirTrack-1384.jpg","width":800,"height":800},{"@type":"BreadcrumbList","@id":"https:\/\/www.chinee-inflatable.com\/product\/at1-078-innflatable-bouncer-gymnastics-air-track-tumbling-floor-6m-trampoline-electric-air-pump-home-use-training-cheerlead-beach\/#breadcrumb","itemListElement":[{"@type":"ListItem","position":1,"name":"Home","item":"https:\/\/www.chinee-inflatable.com\/"},{"@type":"ListItem","position":2,"name":"Products","item":"https:\/\/www.chinee-inflatable.com\/shop\/"},{"@type":"ListItem","position":3,"name":"AT1-078 Innflatable Bouncer Gymnastics Air Track Tumbling Floor 6M Trampoline Electric Air Pump Home Use\/Training\/Cheerlead\/Beach"}]},{"@type":"WebSite","@id":"https:\/\/www.chinee-inflatable.com\/#website","url":"https:\/\/www.chinee-inflatable.com\/","name":"Chinee Inflatable Factory","description":"Offer you lower price &amp; higher quality inflatables.","publisher":{"@id":"https:\/\/www.chinee-inflatable.com\/#organization"},"alternateName":"Chinee Inflatable Bounce","potentialAction":[{"@type":"SearchAction","target":{"@type":"EntryPoint","urlTemplate":"https:\/\/www.chinee-inflatable.com\/?s={search_term_string}"},"query-input":{"@type":"PropertyValueSpecification","valueRequired":true,"valueName":"search_term_string"}}],"inLanguage":"pt-PT"},{"@type":"Organization","@id":"https:\/\/www.chinee-inflatable.com\/#organization","name":"Chinee Inflatable","alternateName":"Chinee Inflatable Bounce","url":"https:\/\/www.chinee-inflatable.com\/","logo":{"@type":"ImageObject","inLanguage":"pt-PT","@id":"https:\/\/www.chinee-inflatable.com\/#\/schema\/logo\/image\/","url":"https:\/\/www.chinee-inflatable.com\/wp-content\/uploads\/2021\/11\/cropped-CHINEE-INFLATABLE-LOGO.png","contentUrl":"https:\/\/www.chinee-inflatable.com\/wp-content\/uploads\/2021\/11\/cropped-CHINEE-INFLATABLE-LOGO.png","width":200,"height":190,"caption":"Chinee Inflatable"},"image":{"@id":"https:\/\/www.chinee-inflatable.com\/#\/schema\/logo\/image\/"},"sameAs":["https:\/\/www.facebook.com\/ChineeInflatabletian\/"],"description":"Chinee Inflatable established in 1998, Chinee has grown to become one of the largest inflatable manufacturers in China.At Chinee, we take pride in our skilled workforce and our ability to cater to the unique needs of our clients. We specialize in producing custom inflatable designs, providing our clients with a diverse range of options for their specific requirements.","email":"info@chinee-inflatable.com","telephone":"+86-18826065077","legalName":"Chinee Inflatable","foundingDate":"1998-01-02","numberOfEmployees":{"@type":"QuantitativeValue","minValue":"501","maxValue":"1000"}}]}},"_links":{"self":[{"href":"https:\/\/www.chinee-inflatable.com\/pt\/wp-json\/wp\/v2\/product\/39981","targetHints":{"allow":["GET"]}}],"collection":[{"href":"https:\/\/www.chinee-inflatable.com\/pt\/wp-json\/wp\/v2\/product"}],"about":[{"href":"https:\/\/www.chinee-inflatable.com\/pt\/wp-json\/wp\/v2\/types\/product"}],"wp:featuredmedia":[{"embeddable":true,"href":"https:\/\/www.chinee-inflatable.com\/pt\/wp-json\/wp\/v2\/media\/39975"}],"wp:attachment":[{"href":"https:\/\/www.chinee-inflatable.com\/pt\/wp-json\/wp\/v2\/media?parent=39981"}],"wp:term":[{"taxonomy":"product_brand","embeddable":true,"href":"https:\/\/www.chinee-inflatable.com\/pt\/wp-json\/wp\/v2\/product_brand?post=39981"},{"taxonomy":"product_cat","embeddable":true,"href":"https:\/\/www.chinee-inflatable.com\/pt\/wp-json\/wp\/v2\/product_cat?post=39981"},{"taxonomy":"product_tag","embeddable":true,"href":"https:\/\/www.chinee-inflatable.com\/pt\/wp-json\/wp\/v2\/product_tag?post=39981"}],"curies":[{"name":"wp","href":"https:\/\/api.w.org\/{rel}","templated":true}]}}