{"id":39786,"date":"2022-01-27T16:10:56","date_gmt":"2022-01-27T08:10:56","guid":{"rendered":"http:\/\/www.chinee-inflatable.com\/product\/t8-3811-inflatable-dry-slide-how-to-train-your-dragon-theme-inflatable-park-for-kids-playground-castle\/"},"modified":"2025-08-27T14:56:10","modified_gmt":"2025-08-27T06:56:10","slug":"t8-3811-inflatable-dry-slide-how-to-train-your-dragon-theme-inflatable-park-for-kids-playground-castle","status":"publish","type":"product","link":"https:\/\/www.chinee-inflatable.com\/pt\/produto\/t8-3811-inflatable-dry-slide-how-to-train-your-dragon-theme-inflatable-park-for-kids-playground-castle\/","title":{"rendered":"T8-3811 Escorrega seco insufl\u00e1vel Como treinar o seu drag\u00e3o Parque insufl\u00e1vel tem\u00e1tico para crian\u00e7as Parque infantil Castelo"},"content":{"rendered":"","protected":false},"excerpt":{"rendered":"","protected":false},"featured_media":66898,"template":"","meta":{"_acf_changed":false},"product_brand":[],"product_cat":[213],"product_tag":[378,23,169],"class_list":{"0":"post-39786","1":"product","2":"type-product","3":"status-publish","4":"has-post-thumbnail","6":"product_cat-inflatable-dry-slide","7":"product_tag-dragon","8":"product_tag-hot-inflatables","9":"product_tag-in-stock-fast-delivery","11":"first","12":"instock","13":"shipping-taxable","14":"product-type-simple"},"acf":[],"gallery_images":[66899,66900,66901,66902,66903,66904,66905,66906,66907,66908,66909,66910,66911,66912,66913],"yoast_head":"<!-- This site is optimized with the Yoast SEO Premium plugin v24.1 (Yoast SEO v25.0) - https:\/\/yoast.com\/wordpress\/plugins\/seo\/ -->\n<title>T8-3811 Inflatable Dry Slide How To Train Your Dragon Theme Inflatable Park For Kids Playground Castle - Chinee Inflatable<\/title>\n<meta name=\"description\" content=\"Model: T8-3811 ; Size : 5\u00d79\u00d74.9 m \/ 16.4\u00d729.5\u00d716.1 ft ; Weight: 270 Kg \/ 595.2 lbs ; Material: 0.55 mm and 0.9 mm PVC Tarpaulin\" \/>\n<meta name=\"robots\" content=\"index, follow, max-snippet:-1, max-image-preview:large, max-video-preview:-1\" \/>\n<link rel=\"canonical\" href=\"https:\/\/www.chinee-inflatable.com\/pt\/produto\/t8-3811-inflatable-dry-slide-how-to-train-your-dragon-theme-inflatable-park-for-kids-playground-castle\/\" \/>\n<meta property=\"og:locale\" content=\"pt_PT\" \/>\n<meta property=\"og:type\" content=\"article\" \/>\n<meta property=\"og:title\" content=\"T8-3811 Inflatable Dry Slide How To Train Your Dragon Theme Inflatable Park For Kids Playground Castle\" \/>\n<meta property=\"og:description\" content=\"Model: T8-3811 ; Size : 5\u00d79\u00d74.9 m \/ 16.4\u00d729.5\u00d716.1 ft ; Weight: 270 Kg \/ 595.2 lbs ; Material: 0.55 mm and 0.9 mm PVC Tarpaulin\" \/>\n<meta property=\"og:url\" content=\"https:\/\/www.chinee-inflatable.com\/pt\/produto\/t8-3811-inflatable-dry-slide-how-to-train-your-dragon-theme-inflatable-park-for-kids-playground-castle\/\" \/>\n<meta property=\"og:site_name\" content=\"Chinee Inflatable\" \/>\n<meta property=\"article:publisher\" content=\"https:\/\/www.facebook.com\/ChineeInflatabletian\/\" \/>\n<meta property=\"article:modified_time\" content=\"2025-08-27T06:56:10+00:00\" \/>\n<meta property=\"og:image\" content=\"https:\/\/www.chinee-inflatable.com\/wp-content\/uploads\/2023\/05\/DJI_0902.jpg\" \/>\n\t<meta property=\"og:image:width\" content=\"1066\" \/>\n\t<meta property=\"og:image:height\" content=\"800\" \/>\n\t<meta property=\"og:image:type\" content=\"image\/jpeg\" \/>\n<meta name=\"twitter:card\" content=\"summary_large_image\" \/>\n<meta name=\"twitter:description\" content=\"Model: T8-3811 ; Size : 5\u00d79\u00d74.9 m \/ 16.4\u00d729.5\u00d716.1 ft ; Weight: 270 Kg \/ 595.2 lbs ; Material: 0.55 mm and 0.9 mm PVC Tarpaulin\" \/>\n<script type=\"application\/ld+json\" class=\"yoast-schema-graph\">{\"@context\":\"https:\/\/schema.org\",\"@graph\":[{\"@type\":\"WebPage\",\"@id\":\"https:\/\/www.chinee-inflatable.com\/product\/t8-3811-inflatable-dry-slide-how-to-train-your-dragon-theme-inflatable-park-for-kids-playground-castle\/\",\"url\":\"https:\/\/www.chinee-inflatable.com\/product\/t8-3811-inflatable-dry-slide-how-to-train-your-dragon-theme-inflatable-park-for-kids-playground-castle\/\",\"name\":\"T8-3811 Inflatable Dry Slide How To Train Your Dragon Theme Inflatable Park For Kids Playground Castle - Chinee Inflatable\",\"isPartOf\":{\"@id\":\"https:\/\/www.chinee-inflatable.com\/#website\"},\"primaryImageOfPage\":{\"@id\":\"https:\/\/www.chinee-inflatable.com\/product\/t8-3811-inflatable-dry-slide-how-to-train-your-dragon-theme-inflatable-park-for-kids-playground-castle\/#primaryimage\"},\"image\":{\"@id\":\"https:\/\/www.chinee-inflatable.com\/product\/t8-3811-inflatable-dry-slide-how-to-train-your-dragon-theme-inflatable-park-for-kids-playground-castle\/#primaryimage\"},\"thumbnailUrl\":\"https:\/\/www.chinee-inflatable.com\/wp-content\/uploads\/2023\/05\/DJI_0902.jpg\",\"datePublished\":\"2022-01-27T08:10:56+00:00\",\"dateModified\":\"2025-08-27T06:56:10+00:00\",\"description\":\"Model: T8-3811 ; Size : 5\u00d79\u00d74.9 m \/ 16.4\u00d729.5\u00d716.1 ft ; Weight: 270 Kg \/ 595.2 lbs ; Material: 0.55 mm and 0.9 mm PVC Tarpaulin\",\"breadcrumb\":{\"@id\":\"https:\/\/www.chinee-inflatable.com\/product\/t8-3811-inflatable-dry-slide-how-to-train-your-dragon-theme-inflatable-park-for-kids-playground-castle\/#breadcrumb\"},\"inLanguage\":\"pt-PT\",\"potentialAction\":[{\"@type\":\"ReadAction\",\"target\":[\"https:\/\/www.chinee-inflatable.com\/product\/t8-3811-inflatable-dry-slide-how-to-train-your-dragon-theme-inflatable-park-for-kids-playground-castle\/\"]}]},{\"@type\":\"ImageObject\",\"inLanguage\":\"pt-PT\",\"@id\":\"https:\/\/www.chinee-inflatable.com\/product\/t8-3811-inflatable-dry-slide-how-to-train-your-dragon-theme-inflatable-park-for-kids-playground-castle\/#primaryimage\",\"url\":\"https:\/\/www.chinee-inflatable.com\/wp-content\/uploads\/2023\/05\/DJI_0902.jpg\",\"contentUrl\":\"https:\/\/www.chinee-inflatable.com\/wp-content\/uploads\/2023\/05\/DJI_0902.jpg\",\"width\":1066,\"height\":800},{\"@type\":\"BreadcrumbList\",\"@id\":\"https:\/\/www.chinee-inflatable.com\/product\/t8-3811-inflatable-dry-slide-how-to-train-your-dragon-theme-inflatable-park-for-kids-playground-castle\/#breadcrumb\",\"itemListElement\":[{\"@type\":\"ListItem\",\"position\":1,\"name\":\"Home\",\"item\":\"https:\/\/www.chinee-inflatable.com\/\"},{\"@type\":\"ListItem\",\"position\":2,\"name\":\"Products\",\"item\":\"https:\/\/www.chinee-inflatable.com\/shop\/\"},{\"@type\":\"ListItem\",\"position\":3,\"name\":\"T8-3811 Inflatable Dry Slide How To Train Your Dragon Theme Inflatable Park For Kids Playground Castle\"}]},{\"@type\":\"WebSite\",\"@id\":\"https:\/\/www.chinee-inflatable.com\/#website\",\"url\":\"https:\/\/www.chinee-inflatable.com\/\",\"name\":\"Chinee Inflatable Factory\",\"description\":\"Offer you lower price &amp; higher quality inflatables.\",\"publisher\":{\"@id\":\"https:\/\/www.chinee-inflatable.com\/#organization\"},\"alternateName\":\"Chinee Inflatable Bounce\",\"potentialAction\":[{\"@type\":\"SearchAction\",\"target\":{\"@type\":\"EntryPoint\",\"urlTemplate\":\"https:\/\/www.chinee-inflatable.com\/?s={search_term_string}\"},\"query-input\":{\"@type\":\"PropertyValueSpecification\",\"valueRequired\":true,\"valueName\":\"search_term_string\"}}],\"inLanguage\":\"pt-PT\"},{\"@type\":\"Organization\",\"@id\":\"https:\/\/www.chinee-inflatable.com\/#organization\",\"name\":\"Chinee Inflatable\",\"alternateName\":\"Chinee Inflatable Bounce\",\"url\":\"https:\/\/www.chinee-inflatable.com\/\",\"logo\":{\"@type\":\"ImageObject\",\"inLanguage\":\"pt-PT\",\"@id\":\"https:\/\/www.chinee-inflatable.com\/#\/schema\/logo\/image\/\",\"url\":\"https:\/\/www.chinee-inflatable.com\/wp-content\/uploads\/2021\/11\/cropped-CHINEE-INFLATABLE-LOGO.png\",\"contentUrl\":\"https:\/\/www.chinee-inflatable.com\/wp-content\/uploads\/2021\/11\/cropped-CHINEE-INFLATABLE-LOGO.png\",\"width\":200,\"height\":190,\"caption\":\"Chinee Inflatable\"},\"image\":{\"@id\":\"https:\/\/www.chinee-inflatable.com\/#\/schema\/logo\/image\/\"},\"sameAs\":[\"https:\/\/www.facebook.com\/ChineeInflatabletian\/\"],\"description\":\"Chinee Inflatable established in 1998, Chinee has grown to become one of the largest inflatable manufacturers in China.At Chinee, we take pride in our skilled workforce and our ability to cater to the unique needs of our clients. We specialize in producing custom inflatable designs, providing our clients with a diverse range of options for their specific requirements.\",\"email\":\"info@chinee-inflatable.com\",\"telephone\":\"+86-18826065077\",\"legalName\":\"Chinee Inflatable\",\"foundingDate\":\"1998-01-02\",\"numberOfEmployees\":{\"@type\":\"QuantitativeValue\",\"minValue\":\"501\",\"maxValue\":\"1000\"}}]}<\/script>\n<!-- \/ Yoast SEO Premium plugin. -->","yoast_head_json":{"title":"T8-3811 Inflatable Dry Slide How To Train Your Dragon Theme Inflatable Park For Kids Playground Castle - Chinee Inflatable","description":"Model: T8-3811 ; Size : 5\u00d79\u00d74.9 m \/ 16.4\u00d729.5\u00d716.1 ft ; Weight: 270 Kg \/ 595.2 lbs ; Material: 0.55 mm and 0.9 mm PVC Tarpaulin","robots":{"index":"index","follow":"follow","max-snippet":"max-snippet:-1","max-image-preview":"max-image-preview:large","max-video-preview":"max-video-preview:-1"},"canonical":"https:\/\/www.chinee-inflatable.com\/pt\/produto\/t8-3811-inflatable-dry-slide-how-to-train-your-dragon-theme-inflatable-park-for-kids-playground-castle\/","og_locale":"pt_PT","og_type":"article","og_title":"T8-3811 Inflatable Dry Slide How To Train Your Dragon Theme Inflatable Park For Kids Playground Castle","og_description":"Model: T8-3811 ; Size : 5\u00d79\u00d74.9 m \/ 16.4\u00d729.5\u00d716.1 ft ; Weight: 270 Kg \/ 595.2 lbs ; Material: 0.55 mm and 0.9 mm PVC Tarpaulin","og_url":"https:\/\/www.chinee-inflatable.com\/pt\/produto\/t8-3811-inflatable-dry-slide-how-to-train-your-dragon-theme-inflatable-park-for-kids-playground-castle\/","og_site_name":"Chinee Inflatable","article_publisher":"https:\/\/www.facebook.com\/ChineeInflatabletian\/","article_modified_time":"2025-08-27T06:56:10+00:00","og_image":[{"width":1066,"height":800,"url":"https:\/\/www.chinee-inflatable.com\/wp-content\/uploads\/2023\/05\/DJI_0902.jpg","type":"image\/jpeg"}],"twitter_card":"summary_large_image","twitter_description":"Model: T8-3811 ; Size : 5\u00d79\u00d74.9 m \/ 16.4\u00d729.5\u00d716.1 ft ; Weight: 270 Kg \/ 595.2 lbs ; Material: 0.55 mm and 0.9 mm PVC Tarpaulin","schema":{"@context":"https:\/\/schema.org","@graph":[{"@type":"WebPage","@id":"https:\/\/www.chinee-inflatable.com\/product\/t8-3811-inflatable-dry-slide-how-to-train-your-dragon-theme-inflatable-park-for-kids-playground-castle\/","url":"https:\/\/www.chinee-inflatable.com\/product\/t8-3811-inflatable-dry-slide-how-to-train-your-dragon-theme-inflatable-park-for-kids-playground-castle\/","name":"T8-3811 Inflatable Dry Slide How To Train Your Dragon Theme Inflatable Park For Kids Playground Castle - Chinee Inflatable","isPartOf":{"@id":"https:\/\/www.chinee-inflatable.com\/#website"},"primaryImageOfPage":{"@id":"https:\/\/www.chinee-inflatable.com\/product\/t8-3811-inflatable-dry-slide-how-to-train-your-dragon-theme-inflatable-park-for-kids-playground-castle\/#primaryimage"},"image":{"@id":"https:\/\/www.chinee-inflatable.com\/product\/t8-3811-inflatable-dry-slide-how-to-train-your-dragon-theme-inflatable-park-for-kids-playground-castle\/#primaryimage"},"thumbnailUrl":"https:\/\/www.chinee-inflatable.com\/wp-content\/uploads\/2023\/05\/DJI_0902.jpg","datePublished":"2022-01-27T08:10:56+00:00","dateModified":"2025-08-27T06:56:10+00:00","description":"Model: T8-3811 ; Size : 5\u00d79\u00d74.9 m \/ 16.4\u00d729.5\u00d716.1 ft ; Weight: 270 Kg \/ 595.2 lbs ; Material: 0.55 mm and 0.9 mm PVC Tarpaulin","breadcrumb":{"@id":"https:\/\/www.chinee-inflatable.com\/product\/t8-3811-inflatable-dry-slide-how-to-train-your-dragon-theme-inflatable-park-for-kids-playground-castle\/#breadcrumb"},"inLanguage":"pt-PT","potentialAction":[{"@type":"ReadAction","target":["https:\/\/www.chinee-inflatable.com\/product\/t8-3811-inflatable-dry-slide-how-to-train-your-dragon-theme-inflatable-park-for-kids-playground-castle\/"]}]},{"@type":"ImageObject","inLanguage":"pt-PT","@id":"https:\/\/www.chinee-inflatable.com\/product\/t8-3811-inflatable-dry-slide-how-to-train-your-dragon-theme-inflatable-park-for-kids-playground-castle\/#primaryimage","url":"https:\/\/www.chinee-inflatable.com\/wp-content\/uploads\/2023\/05\/DJI_0902.jpg","contentUrl":"https:\/\/www.chinee-inflatable.com\/wp-content\/uploads\/2023\/05\/DJI_0902.jpg","width":1066,"height":800},{"@type":"BreadcrumbList","@id":"https:\/\/www.chinee-inflatable.com\/product\/t8-3811-inflatable-dry-slide-how-to-train-your-dragon-theme-inflatable-park-for-kids-playground-castle\/#breadcrumb","itemListElement":[{"@type":"ListItem","position":1,"name":"Home","item":"https:\/\/www.chinee-inflatable.com\/"},{"@type":"ListItem","position":2,"name":"Products","item":"https:\/\/www.chinee-inflatable.com\/shop\/"},{"@type":"ListItem","position":3,"name":"T8-3811 Inflatable Dry Slide How To Train Your Dragon Theme Inflatable Park For Kids Playground Castle"}]},{"@type":"WebSite","@id":"https:\/\/www.chinee-inflatable.com\/#website","url":"https:\/\/www.chinee-inflatable.com\/","name":"Chinee Inflatable Factory","description":"Offer you lower price &amp; higher quality inflatables.","publisher":{"@id":"https:\/\/www.chinee-inflatable.com\/#organization"},"alternateName":"Chinee Inflatable Bounce","potentialAction":[{"@type":"SearchAction","target":{"@type":"EntryPoint","urlTemplate":"https:\/\/www.chinee-inflatable.com\/?s={search_term_string}"},"query-input":{"@type":"PropertyValueSpecification","valueRequired":true,"valueName":"search_term_string"}}],"inLanguage":"pt-PT"},{"@type":"Organization","@id":"https:\/\/www.chinee-inflatable.com\/#organization","name":"Chinee Inflatable","alternateName":"Chinee Inflatable Bounce","url":"https:\/\/www.chinee-inflatable.com\/","logo":{"@type":"ImageObject","inLanguage":"pt-PT","@id":"https:\/\/www.chinee-inflatable.com\/#\/schema\/logo\/image\/","url":"https:\/\/www.chinee-inflatable.com\/wp-content\/uploads\/2021\/11\/cropped-CHINEE-INFLATABLE-LOGO.png","contentUrl":"https:\/\/www.chinee-inflatable.com\/wp-content\/uploads\/2021\/11\/cropped-CHINEE-INFLATABLE-LOGO.png","width":200,"height":190,"caption":"Chinee Inflatable"},"image":{"@id":"https:\/\/www.chinee-inflatable.com\/#\/schema\/logo\/image\/"},"sameAs":["https:\/\/www.facebook.com\/ChineeInflatabletian\/"],"description":"Chinee Inflatable established in 1998, Chinee has grown to become one of the largest inflatable manufacturers in China.At Chinee, we take pride in our skilled workforce and our ability to cater to the unique needs of our clients. We specialize in producing custom inflatable designs, providing our clients with a diverse range of options for their specific requirements.","email":"info@chinee-inflatable.com","telephone":"+86-18826065077","legalName":"Chinee Inflatable","foundingDate":"1998-01-02","numberOfEmployees":{"@type":"QuantitativeValue","minValue":"501","maxValue":"1000"}}]}},"_links":{"self":[{"href":"https:\/\/www.chinee-inflatable.com\/pt\/wp-json\/wp\/v2\/product\/39786","targetHints":{"allow":["GET"]}}],"collection":[{"href":"https:\/\/www.chinee-inflatable.com\/pt\/wp-json\/wp\/v2\/product"}],"about":[{"href":"https:\/\/www.chinee-inflatable.com\/pt\/wp-json\/wp\/v2\/types\/product"}],"wp:featuredmedia":[{"embeddable":true,"href":"https:\/\/www.chinee-inflatable.com\/pt\/wp-json\/wp\/v2\/media\/66898"}],"wp:attachment":[{"href":"https:\/\/www.chinee-inflatable.com\/pt\/wp-json\/wp\/v2\/media?parent=39786"}],"wp:term":[{"taxonomy":"product_brand","embeddable":true,"href":"https:\/\/www.chinee-inflatable.com\/pt\/wp-json\/wp\/v2\/product_brand?post=39786"},{"taxonomy":"product_cat","embeddable":true,"href":"https:\/\/www.chinee-inflatable.com\/pt\/wp-json\/wp\/v2\/product_cat?post=39786"},{"taxonomy":"product_tag","embeddable":true,"href":"https:\/\/www.chinee-inflatable.com\/pt\/wp-json\/wp\/v2\/product_tag?post=39786"}],"curies":[{"name":"wp","href":"https:\/\/api.w.org\/{rel}","templated":true}]}}