{"id":3568,"date":"2021-10-15T15:49:32","date_gmt":"2021-10-15T07:49:32","guid":{"rendered":"http:\/\/www.chinee-inflatable.com\/?post_type=product&#038;p=3568"},"modified":"2025-08-27T14:54:20","modified_gmt":"2025-08-27T06:54:20","slug":"t7-236-pista-de-jogo-de-obstaculos-insuflavel-comercial-pista-de-jogo-de-obstaculos-insuflavel-exterior","status":"publish","type":"product","link":"https:\/\/www.chinee-inflatable.com\/pt\/produto\/t7-236-pista-de-jogo-de-obstaculos-insuflavel-comercial-pista-de-jogo-de-obstaculos-insuflavel-exterior\/","title":{"rendered":"T7-236 Campo de jogo de obst\u00e1culos insufl\u00e1vel comercial Obst\u00e1culo insufl\u00e1vel para exterior"},"content":{"rendered":"","protected":false},"excerpt":{"rendered":"","protected":false},"featured_media":3724,"template":"","meta":{"_acf_changed":false},"product_brand":[],"product_cat":[59],"product_tag":[23,169,414],"class_list":{"0":"post-3568","1":"product","2":"type-product","3":"status-publish","4":"has-post-thumbnail","6":"product_cat-challenging-run-giant-inflatable-products","7":"product_tag-hot-inflatables","8":"product_tag-in-stock-fast-delivery","9":"product_tag-obstacles","11":"first","12":"instock","13":"featured","14":"purchasable","15":"product-type-simple"},"acf":[],"gallery_images":[3727,3732,3735,3739,3743,3746,3749,3753,3755,3757,3759,3763,3765,3768],"yoast_head":"<!-- This site is optimized with the Yoast SEO Premium plugin v24.1 (Yoast SEO v25.0) - https:\/\/yoast.com\/wordpress\/plugins\/seo\/ -->\n<title>T7-236 Commercial Inflatable Obstacle Game Course Outdoor Inflatable Obstacle - Chinee Inflatable<\/title>\n<meta name=\"description\" content=\"Model: T7-236 ; Size : 20\u00d73.5\u00d74 m \/ 65.6\u00d711.5\u00d713.1 ft ; Weight: 546 Kg \/ 1,203.7 lbs ; Material: 0.55 mm and 0.9 mm PVC Tarpaulin\" \/>\n<meta name=\"robots\" content=\"index, follow, max-snippet:-1, max-image-preview:large, max-video-preview:-1\" \/>\n<link rel=\"canonical\" href=\"https:\/\/www.chinee-inflatable.com\/pt\/produto\/t7-236-pista-de-jogo-de-obstaculos-insuflavel-comercial-pista-de-jogo-de-obstaculos-insuflavel-exterior\/\" \/>\n<meta property=\"og:locale\" content=\"pt_PT\" \/>\n<meta property=\"og:type\" content=\"article\" \/>\n<meta property=\"og:title\" content=\"T7-236 Commercial Inflatable Obstacle Game Course Outdoor Inflatable Obstacle\" \/>\n<meta property=\"og:description\" content=\"Model: T7-236 ; Size : 20\u00d73.5\u00d74 m \/ 65.6\u00d711.5\u00d713.1 ft ; Weight: 546 Kg \/ 1,203.7 lbs ; Material: 0.55 mm and 0.9 mm PVC Tarpaulin\" \/>\n<meta property=\"og:url\" content=\"https:\/\/www.chinee-inflatable.com\/pt\/produto\/t7-236-pista-de-jogo-de-obstaculos-insuflavel-comercial-pista-de-jogo-de-obstaculos-insuflavel-exterior\/\" \/>\n<meta property=\"og:site_name\" content=\"Chinee Inflatable\" \/>\n<meta property=\"article:publisher\" content=\"https:\/\/www.facebook.com\/ChineeInflatabletian\/\" \/>\n<meta property=\"article:modified_time\" content=\"2025-08-27T06:54:20+00:00\" \/>\n<meta property=\"og:image\" content=\"https:\/\/www.chinee-inflatable.com\/wp-content\/uploads\/2021\/10\/DJI_0035.jpg\" \/>\n\t<meta property=\"og:image:width\" content=\"1066\" \/>\n\t<meta property=\"og:image:height\" content=\"800\" \/>\n\t<meta property=\"og:image:type\" content=\"image\/jpeg\" \/>\n<meta name=\"twitter:card\" content=\"summary_large_image\" \/>\n<meta name=\"twitter:description\" content=\"Model: T7-236 ; Size : 20\u00d73.5\u00d74 m \/ 65.6\u00d711.5\u00d713.1 ft ; Weight: 546 Kg \/ 1,203.7 lbs ; Material: 0.55 mm and 0.9 mm PVC Tarpaulin\" \/>\n<script type=\"application\/ld+json\" class=\"yoast-schema-graph\">{\"@context\":\"https:\/\/schema.org\",\"@graph\":[{\"@type\":\"WebPage\",\"@id\":\"https:\/\/www.chinee-inflatable.com\/product\/t7-236-commercial-inflatable-obstacle-game-course-outdoor-inflatable-obstacle\/\",\"url\":\"https:\/\/www.chinee-inflatable.com\/product\/t7-236-commercial-inflatable-obstacle-game-course-outdoor-inflatable-obstacle\/\",\"name\":\"T7-236 Commercial Inflatable Obstacle Game Course Outdoor Inflatable Obstacle - Chinee Inflatable\",\"isPartOf\":{\"@id\":\"https:\/\/www.chinee-inflatable.com\/#website\"},\"primaryImageOfPage\":{\"@id\":\"https:\/\/www.chinee-inflatable.com\/product\/t7-236-commercial-inflatable-obstacle-game-course-outdoor-inflatable-obstacle\/#primaryimage\"},\"image\":{\"@id\":\"https:\/\/www.chinee-inflatable.com\/product\/t7-236-commercial-inflatable-obstacle-game-course-outdoor-inflatable-obstacle\/#primaryimage\"},\"thumbnailUrl\":\"https:\/\/www.chinee-inflatable.com\/wp-content\/uploads\/2021\/10\/DJI_0035.jpg\",\"datePublished\":\"2021-10-15T07:49:32+00:00\",\"dateModified\":\"2025-08-27T06:54:20+00:00\",\"description\":\"Model: T7-236 ; Size : 20\u00d73.5\u00d74 m \/ 65.6\u00d711.5\u00d713.1 ft ; Weight: 546 Kg \/ 1,203.7 lbs ; Material: 0.55 mm and 0.9 mm PVC Tarpaulin\",\"breadcrumb\":{\"@id\":\"https:\/\/www.chinee-inflatable.com\/product\/t7-236-commercial-inflatable-obstacle-game-course-outdoor-inflatable-obstacle\/#breadcrumb\"},\"inLanguage\":\"pt-PT\",\"potentialAction\":[{\"@type\":\"ReadAction\",\"target\":[\"https:\/\/www.chinee-inflatable.com\/product\/t7-236-commercial-inflatable-obstacle-game-course-outdoor-inflatable-obstacle\/\"]}]},{\"@type\":\"ImageObject\",\"inLanguage\":\"pt-PT\",\"@id\":\"https:\/\/www.chinee-inflatable.com\/product\/t7-236-commercial-inflatable-obstacle-game-course-outdoor-inflatable-obstacle\/#primaryimage\",\"url\":\"https:\/\/www.chinee-inflatable.com\/wp-content\/uploads\/2021\/10\/DJI_0035.jpg\",\"contentUrl\":\"https:\/\/www.chinee-inflatable.com\/wp-content\/uploads\/2021\/10\/DJI_0035.jpg\",\"width\":1066,\"height\":800},{\"@type\":\"BreadcrumbList\",\"@id\":\"https:\/\/www.chinee-inflatable.com\/product\/t7-236-commercial-inflatable-obstacle-game-course-outdoor-inflatable-obstacle\/#breadcrumb\",\"itemListElement\":[{\"@type\":\"ListItem\",\"position\":1,\"name\":\"Home\",\"item\":\"https:\/\/www.chinee-inflatable.com\/\"},{\"@type\":\"ListItem\",\"position\":2,\"name\":\"Products\",\"item\":\"https:\/\/www.chinee-inflatable.com\/shop\/\"},{\"@type\":\"ListItem\",\"position\":3,\"name\":\"T7-236 Commercial Inflatable Obstacle Game Course Outdoor Inflatable Obstacle\"}]},{\"@type\":\"WebSite\",\"@id\":\"https:\/\/www.chinee-inflatable.com\/#website\",\"url\":\"https:\/\/www.chinee-inflatable.com\/\",\"name\":\"Chinee Inflatable Factory\",\"description\":\"Offer you lower price &amp; higher quality inflatables.\",\"publisher\":{\"@id\":\"https:\/\/www.chinee-inflatable.com\/#organization\"},\"alternateName\":\"Chinee Inflatable Bounce\",\"potentialAction\":[{\"@type\":\"SearchAction\",\"target\":{\"@type\":\"EntryPoint\",\"urlTemplate\":\"https:\/\/www.chinee-inflatable.com\/?s={search_term_string}\"},\"query-input\":{\"@type\":\"PropertyValueSpecification\",\"valueRequired\":true,\"valueName\":\"search_term_string\"}}],\"inLanguage\":\"pt-PT\"},{\"@type\":\"Organization\",\"@id\":\"https:\/\/www.chinee-inflatable.com\/#organization\",\"name\":\"Chinee Inflatable\",\"alternateName\":\"Chinee Inflatable Bounce\",\"url\":\"https:\/\/www.chinee-inflatable.com\/\",\"logo\":{\"@type\":\"ImageObject\",\"inLanguage\":\"pt-PT\",\"@id\":\"https:\/\/www.chinee-inflatable.com\/#\/schema\/logo\/image\/\",\"url\":\"https:\/\/www.chinee-inflatable.com\/wp-content\/uploads\/2021\/11\/cropped-CHINEE-INFLATABLE-LOGO.png\",\"contentUrl\":\"https:\/\/www.chinee-inflatable.com\/wp-content\/uploads\/2021\/11\/cropped-CHINEE-INFLATABLE-LOGO.png\",\"width\":200,\"height\":190,\"caption\":\"Chinee Inflatable\"},\"image\":{\"@id\":\"https:\/\/www.chinee-inflatable.com\/#\/schema\/logo\/image\/\"},\"sameAs\":[\"https:\/\/www.facebook.com\/ChineeInflatabletian\/\"],\"description\":\"Chinee Inflatable established in 1998, Chinee has grown to become one of the largest inflatable manufacturers in China.At Chinee, we take pride in our skilled workforce and our ability to cater to the unique needs of our clients. We specialize in producing custom inflatable designs, providing our clients with a diverse range of options for their specific requirements.\",\"email\":\"info@chinee-inflatable.com\",\"telephone\":\"+86-18826065077\",\"legalName\":\"Chinee Inflatable\",\"foundingDate\":\"1998-01-02\",\"numberOfEmployees\":{\"@type\":\"QuantitativeValue\",\"minValue\":\"501\",\"maxValue\":\"1000\"}}]}<\/script>\n<!-- \/ Yoast SEO Premium plugin. -->","yoast_head_json":{"title":"T7-236 Commercial Inflatable Obstacle Game Course Outdoor Inflatable Obstacle - Chinee Inflatable","description":"Model: T7-236 ; Size : 20\u00d73.5\u00d74 m \/ 65.6\u00d711.5\u00d713.1 ft ; Weight: 546 Kg \/ 1,203.7 lbs ; Material: 0.55 mm and 0.9 mm PVC Tarpaulin","robots":{"index":"index","follow":"follow","max-snippet":"max-snippet:-1","max-image-preview":"max-image-preview:large","max-video-preview":"max-video-preview:-1"},"canonical":"https:\/\/www.chinee-inflatable.com\/pt\/produto\/t7-236-pista-de-jogo-de-obstaculos-insuflavel-comercial-pista-de-jogo-de-obstaculos-insuflavel-exterior\/","og_locale":"pt_PT","og_type":"article","og_title":"T7-236 Commercial Inflatable Obstacle Game Course Outdoor Inflatable Obstacle","og_description":"Model: T7-236 ; Size : 20\u00d73.5\u00d74 m \/ 65.6\u00d711.5\u00d713.1 ft ; Weight: 546 Kg \/ 1,203.7 lbs ; Material: 0.55 mm and 0.9 mm PVC Tarpaulin","og_url":"https:\/\/www.chinee-inflatable.com\/pt\/produto\/t7-236-pista-de-jogo-de-obstaculos-insuflavel-comercial-pista-de-jogo-de-obstaculos-insuflavel-exterior\/","og_site_name":"Chinee Inflatable","article_publisher":"https:\/\/www.facebook.com\/ChineeInflatabletian\/","article_modified_time":"2025-08-27T06:54:20+00:00","og_image":[{"width":1066,"height":800,"url":"https:\/\/www.chinee-inflatable.com\/wp-content\/uploads\/2021\/10\/DJI_0035.jpg","type":"image\/jpeg"}],"twitter_card":"summary_large_image","twitter_description":"Model: T7-236 ; Size : 20\u00d73.5\u00d74 m \/ 65.6\u00d711.5\u00d713.1 ft ; Weight: 546 Kg \/ 1,203.7 lbs ; Material: 0.55 mm and 0.9 mm PVC Tarpaulin","schema":{"@context":"https:\/\/schema.org","@graph":[{"@type":"WebPage","@id":"https:\/\/www.chinee-inflatable.com\/product\/t7-236-commercial-inflatable-obstacle-game-course-outdoor-inflatable-obstacle\/","url":"https:\/\/www.chinee-inflatable.com\/product\/t7-236-commercial-inflatable-obstacle-game-course-outdoor-inflatable-obstacle\/","name":"T7-236 Commercial Inflatable Obstacle Game Course Outdoor Inflatable Obstacle - Chinee Inflatable","isPartOf":{"@id":"https:\/\/www.chinee-inflatable.com\/#website"},"primaryImageOfPage":{"@id":"https:\/\/www.chinee-inflatable.com\/product\/t7-236-commercial-inflatable-obstacle-game-course-outdoor-inflatable-obstacle\/#primaryimage"},"image":{"@id":"https:\/\/www.chinee-inflatable.com\/product\/t7-236-commercial-inflatable-obstacle-game-course-outdoor-inflatable-obstacle\/#primaryimage"},"thumbnailUrl":"https:\/\/www.chinee-inflatable.com\/wp-content\/uploads\/2021\/10\/DJI_0035.jpg","datePublished":"2021-10-15T07:49:32+00:00","dateModified":"2025-08-27T06:54:20+00:00","description":"Model: T7-236 ; Size : 20\u00d73.5\u00d74 m \/ 65.6\u00d711.5\u00d713.1 ft ; Weight: 546 Kg \/ 1,203.7 lbs ; Material: 0.55 mm and 0.9 mm PVC Tarpaulin","breadcrumb":{"@id":"https:\/\/www.chinee-inflatable.com\/product\/t7-236-commercial-inflatable-obstacle-game-course-outdoor-inflatable-obstacle\/#breadcrumb"},"inLanguage":"pt-PT","potentialAction":[{"@type":"ReadAction","target":["https:\/\/www.chinee-inflatable.com\/product\/t7-236-commercial-inflatable-obstacle-game-course-outdoor-inflatable-obstacle\/"]}]},{"@type":"ImageObject","inLanguage":"pt-PT","@id":"https:\/\/www.chinee-inflatable.com\/product\/t7-236-commercial-inflatable-obstacle-game-course-outdoor-inflatable-obstacle\/#primaryimage","url":"https:\/\/www.chinee-inflatable.com\/wp-content\/uploads\/2021\/10\/DJI_0035.jpg","contentUrl":"https:\/\/www.chinee-inflatable.com\/wp-content\/uploads\/2021\/10\/DJI_0035.jpg","width":1066,"height":800},{"@type":"BreadcrumbList","@id":"https:\/\/www.chinee-inflatable.com\/product\/t7-236-commercial-inflatable-obstacle-game-course-outdoor-inflatable-obstacle\/#breadcrumb","itemListElement":[{"@type":"ListItem","position":1,"name":"Home","item":"https:\/\/www.chinee-inflatable.com\/"},{"@type":"ListItem","position":2,"name":"Products","item":"https:\/\/www.chinee-inflatable.com\/shop\/"},{"@type":"ListItem","position":3,"name":"T7-236 Commercial Inflatable Obstacle Game Course Outdoor Inflatable Obstacle"}]},{"@type":"WebSite","@id":"https:\/\/www.chinee-inflatable.com\/#website","url":"https:\/\/www.chinee-inflatable.com\/","name":"Chinee Inflatable Factory","description":"Offer you lower price &amp; higher quality inflatables.","publisher":{"@id":"https:\/\/www.chinee-inflatable.com\/#organization"},"alternateName":"Chinee Inflatable Bounce","potentialAction":[{"@type":"SearchAction","target":{"@type":"EntryPoint","urlTemplate":"https:\/\/www.chinee-inflatable.com\/?s={search_term_string}"},"query-input":{"@type":"PropertyValueSpecification","valueRequired":true,"valueName":"search_term_string"}}],"inLanguage":"pt-PT"},{"@type":"Organization","@id":"https:\/\/www.chinee-inflatable.com\/#organization","name":"Chinee Inflatable","alternateName":"Chinee Inflatable Bounce","url":"https:\/\/www.chinee-inflatable.com\/","logo":{"@type":"ImageObject","inLanguage":"pt-PT","@id":"https:\/\/www.chinee-inflatable.com\/#\/schema\/logo\/image\/","url":"https:\/\/www.chinee-inflatable.com\/wp-content\/uploads\/2021\/11\/cropped-CHINEE-INFLATABLE-LOGO.png","contentUrl":"https:\/\/www.chinee-inflatable.com\/wp-content\/uploads\/2021\/11\/cropped-CHINEE-INFLATABLE-LOGO.png","width":200,"height":190,"caption":"Chinee Inflatable"},"image":{"@id":"https:\/\/www.chinee-inflatable.com\/#\/schema\/logo\/image\/"},"sameAs":["https:\/\/www.facebook.com\/ChineeInflatabletian\/"],"description":"Chinee Inflatable established in 1998, Chinee has grown to become one of the largest inflatable manufacturers in China.At Chinee, we take pride in our skilled workforce and our ability to cater to the unique needs of our clients. We specialize in producing custom inflatable designs, providing our clients with a diverse range of options for their specific requirements.","email":"info@chinee-inflatable.com","telephone":"+86-18826065077","legalName":"Chinee Inflatable","foundingDate":"1998-01-02","numberOfEmployees":{"@type":"QuantitativeValue","minValue":"501","maxValue":"1000"}}]}},"_links":{"self":[{"href":"https:\/\/www.chinee-inflatable.com\/pt\/wp-json\/wp\/v2\/product\/3568","targetHints":{"allow":["GET"]}}],"collection":[{"href":"https:\/\/www.chinee-inflatable.com\/pt\/wp-json\/wp\/v2\/product"}],"about":[{"href":"https:\/\/www.chinee-inflatable.com\/pt\/wp-json\/wp\/v2\/types\/product"}],"wp:featuredmedia":[{"embeddable":true,"href":"https:\/\/www.chinee-inflatable.com\/pt\/wp-json\/wp\/v2\/media\/3724"}],"wp:attachment":[{"href":"https:\/\/www.chinee-inflatable.com\/pt\/wp-json\/wp\/v2\/media?parent=3568"}],"wp:term":[{"taxonomy":"product_brand","embeddable":true,"href":"https:\/\/www.chinee-inflatable.com\/pt\/wp-json\/wp\/v2\/product_brand?post=3568"},{"taxonomy":"product_cat","embeddable":true,"href":"https:\/\/www.chinee-inflatable.com\/pt\/wp-json\/wp\/v2\/product_cat?post=3568"},{"taxonomy":"product_tag","embeddable":true,"href":"https:\/\/www.chinee-inflatable.com\/pt\/wp-json\/wp\/v2\/product_tag?post=3568"}],"curies":[{"name":"wp","href":"https:\/\/api.w.org\/{rel}","templated":true}]}}