{"id":20768,"date":"2021-10-20T10:04:38","date_gmt":"2021-10-20T02:04:38","guid":{"rendered":"http:\/\/www.chinee-inflatable.com\/?post_type=product&#038;p=20768"},"modified":"2025-08-27T14:55:42","modified_gmt":"2025-08-27T06:55:42","slug":"s4-b-inflatable-water-park-aqua-park-water-island-from-chinee-inflatables","status":"publish","type":"product","link":"https:\/\/www.chinee-inflatable.com\/pt\/produto\/s4-b-inflatable-water-park-aqua-park-water-island-from-chinee-inflatables\/","title":{"rendered":"S4-B Parque aqu\u00e1tico insufl\u00e1vel Aqua Park Ilha de \u00e1gua da Chinee Inflatables"},"content":{"rendered":"<p><img fetchpriority=\"high\" decoding=\"async\" class=\"alignnone size-large wp-image-69398\" src=\"https:\/\/www.china-inflatable.com\/wp-content\/uploads\/2020\/12\/20201209154520-1024x488.jpg\" alt=\"\" width=\"1024\" height=\"488\" \/><\/p>\n<p>&nbsp;<\/p>\n<p>&nbsp;<\/p>\n<table class=\"table table-bordered table-hover\" style=\"text-align: center;vertical-align: middle\" align=\"center\" data-sort=\"sortDisabled\">\n<tbody>\n<tr class=\"firstRow\" style=\"background-color: #99cc66;font-weight: bold;color: #fff\">\n<td>Fotografia<\/td>\n<td>Descri\u00e7\u00e3o<\/td>\n<td>Quantidade<\/td>\n<td>Fotografia<\/td>\n<td>Descri\u00e7\u00e3o<\/td>\n<td>Quantidade<\/td>\n<\/tr>\n<tr>\n<td colspan=\"1\" rowspan=\"1\" align=\"center\" valign=\"middle\" width=\"255\"><img decoding=\"async\" class=\"alignnone size-full wp-image-69381\" src=\"https:\/\/www.china-inflatable.com\/wp-content\/uploads\/2020\/12\/5DT4HXF7W3OWM91C72.jpg\" alt=\"\" width=\"150\" height=\"115\" \/><\/td>\n<td rowspan=\"1\" align=\"center\" valign=\"middle\" width=\"255\">Torre XXL<\/td>\n<td rowspan=\"1\" align=\"center\" valign=\"middle\" width=\"255\">1<\/td>\n<td colspan=\"1\" rowspan=\"1\" align=\"center\" valign=\"middle\"><img decoding=\"async\" class=\"alignnone size-full wp-image-69393\" src=\"https:\/\/www.china-inflatable.com\/wp-content\/uploads\/2020\/12\/8QH39EUZ42OEHLF6V.jpg\" alt=\"\" width=\"150\" height=\"118\" \/><\/td>\n<td colspan=\"1\" rowspan=\"1\" align=\"center\" valign=\"middle\">Trampolim<\/td>\n<td colspan=\"1\" rowspan=\"1\" align=\"center\" valign=\"middle\">1<\/td>\n<\/tr>\n<tr>\n<td align=\"center\" valign=\"middle\"><img loading=\"lazy\" decoding=\"async\" class=\"alignnone size-full wp-image-69386\" src=\"https:\/\/www.china-inflatable.com\/wp-content\/uploads\/2020\/12\/QQ\u56fe\u724720201204143638.jpg\" alt=\"\" width=\"150\" height=\"126\" \/><\/td>\n<td align=\"center\" valign=\"middle\">Deck<\/td>\n<td align=\"center\" valign=\"middle\">\n<p class=\"juzhong1111\">1<\/p>\n<\/td>\n<td><img loading=\"lazy\" decoding=\"async\" class=\"alignnone size-full wp-image-69394\" src=\"https:\/\/www.china-inflatable.com\/wp-content\/uploads\/2020\/12\/XM2E0BS@PG7I3RBQPURJ.jpg\" alt=\"\" width=\"150\" height=\"138\" \/><\/td>\n<td>baloi\u00e7o<\/td>\n<td>\n<p class=\"juzhong1111\">1<\/p>\n<\/td>\n<\/tr>\n<tr>\n<td align=\"center\" valign=\"middle\"><img loading=\"lazy\" decoding=\"async\" class=\"alignnone size-full wp-image-69384\" src=\"https:\/\/www.china-inflatable.com\/wp-content\/uploads\/2020\/12\/LF4NTIY149LXKZNWAPH2A.jpg\" alt=\"\" width=\"150\" height=\"112\" \/><\/td>\n<td align=\"center\" valign=\"middle\">\n<p class=\"juzhong1111\">trampolim<\/p>\n<\/td>\n<td align=\"center\" valign=\"middle\">\n<p class=\"juzhong1111\">1<\/p>\n<\/td>\n<td colspan=\"1\" rowspan=\"1\" align=\"center\" valign=\"middle\" width=\"241\">\n<p class=\"juzhong1111\"><img loading=\"lazy\" decoding=\"async\" class=\"alignnone size-full wp-image-69392\" src=\"https:\/\/www.china-inflatable.com\/wp-content\/uploads\/2020\/12\/@1M@@1RCAFOBWFH2Y@T.jpg\" alt=\"\" width=\"150\" height=\"126\" \/><\/p>\n<\/td>\n<td rowspan=\"1\" align=\"center\" valign=\"middle\" width=\"241\">deslizamento<\/td>\n<td rowspan=\"1\" align=\"center\" valign=\"middle\" width=\"241\">1<\/td>\n<\/tr>\n<tr>\n<td align=\"center\" valign=\"middle\"><img loading=\"lazy\" decoding=\"async\" class=\"alignnone size-full wp-image-69390\" src=\"https:\/\/www.china-inflatable.com\/wp-content\/uploads\/2020\/12\/1VMTJYK514B_CSZP1.jpg\" alt=\"\" width=\"150\" height=\"119\" \/><\/td>\n<td align=\"center\" valign=\"middle\">ponte<\/td>\n<td align=\"center\" valign=\"middle\">\n<p class=\"juzhong1111\">1<\/p>\n<\/td>\n<td><img loading=\"lazy\" decoding=\"async\" class=\"alignnone size-full wp-image-69382\" src=\"https:\/\/www.china-inflatable.com\/wp-content\/uploads\/2020\/12\/6SVJTM@V_4PFT7XNJLM.jpg\" alt=\"\" width=\"150\" height=\"120\" \/><\/td>\n<td>Entroncamento<\/td>\n<td>\n<p class=\"juzhong1111\">2<\/p>\n<\/td>\n<\/tr>\n<tr>\n<td align=\"center\" valign=\"middle\"><img loading=\"lazy\" decoding=\"async\" class=\"alignnone size-full wp-image-69396\" src=\"https:\/\/www.china-inflatable.com\/wp-content\/uploads\/2020\/12\/TY4WVMQDZR7@JWZYSJ.jpg\" alt=\"\" width=\"150\" height=\"113\" \/><\/td>\n<td align=\"center\" valign=\"middle\">Base<\/td>\n<td align=\"center\" valign=\"middle\">\n<p class=\"juzhong1111\">1<\/p>\n<\/td>\n<td><img loading=\"lazy\" decoding=\"async\" class=\"alignnone size-full wp-image-69395\" src=\"https:\/\/www.china-inflatable.com\/wp-content\/uploads\/2020\/12\/6MPRT26KRVTU3M8_ROKSX.jpg\" alt=\"\" width=\"150\" height=\"99\" \/><\/td>\n<td>lagoa<\/td>\n<td>\n<p class=\"juzhong1111\">1<\/p>\n<\/td>\n<\/tr>\n<tr>\n<td align=\"center\" valign=\"middle\"><img loading=\"lazy\" decoding=\"async\" class=\"alignnone size-full wp-image-69387\" src=\"https:\/\/www.china-inflatable.com\/wp-content\/uploads\/2020\/12\/QQ\u56fe\u724720201204144001.jpg\" alt=\"\" width=\"150\" height=\"115\" \/><\/td>\n<td align=\"center\" valign=\"middle\">rampa<\/td>\n<td align=\"center\" valign=\"middle\">\n<p class=\"juzhong1111\">1<\/p>\n<\/td>\n<td><img loading=\"lazy\" decoding=\"async\" class=\"alignnone size-full wp-image-69383\" src=\"https:\/\/www.china-inflatable.com\/wp-content\/uploads\/2020\/12\/J74LZVDAV96_YD1CZ32U.jpg\" alt=\"\" width=\"150\" height=\"78\" \/><\/td>\n<td>pontap\u00e9 lateral<\/td>\n<td>\n<p class=\"juzhong1111\">3<\/p>\n<\/td>\n<\/tr>\n<tr>\n<td colspan=\"1\" rowspan=\"1\" align=\"center\" valign=\"middle\"><img loading=\"lazy\" decoding=\"async\" class=\"alignnone size-full wp-image-69391\" src=\"https:\/\/www.china-inflatable.com\/wp-content\/uploads\/2020\/12\/XKIM41RY8YF63BJVSP1.jpg\" alt=\"\" width=\"150\" height=\"127\" \/><\/td>\n<td colspan=\"1\" rowspan=\"1\" align=\"center\" valign=\"middle\">escorrega gigante<\/td>\n<td colspan=\"1\" rowspan=\"1\" align=\"center\" valign=\"middle\">\n<p class=\"juzhong1111\">1<\/p>\n<\/td>\n<td colspan=\"1\" rowspan=\"1\"><img loading=\"lazy\" decoding=\"async\" class=\"alignnone size-full wp-image-69385\" src=\"https:\/\/www.china-inflatable.com\/wp-content\/uploads\/2020\/12\/QQ\u56fe\u724720201204143613.jpg\" alt=\"\" width=\"150\" height=\"101\" \/><\/td>\n<td colspan=\"1\" rowspan=\"1\">Flippers<\/td>\n<td colspan=\"1\" rowspan=\"1\">\n<p class=\"juzhong1111\">2<\/p>\n<\/td>\n<\/tr>\n<tr>\n<td colspan=\"1\" rowspan=\"1\" align=\"center\" valign=\"middle\"><img loading=\"lazy\" decoding=\"async\" class=\"alignnone size-full wp-image-69388\" src=\"https:\/\/www.china-inflatable.com\/wp-content\/uploads\/2020\/12\/SDR2J@MC@H9_RR8Z_LW.jpg\" alt=\"\" width=\"150\" height=\"94\" \/><\/td>\n<td colspan=\"1\" rowspan=\"1\" align=\"center\" valign=\"middle\">Rolo<\/td>\n<td colspan=\"1\" rowspan=\"1\" align=\"center\" valign=\"middle\">\n<p class=\"juzhong1111\">1<\/p>\n<\/td>\n<td colspan=\"1\" rowspan=\"1\"><img loading=\"lazy\" decoding=\"async\" class=\"alignnone size-full wp-image-69389\" src=\"https:\/\/www.china-inflatable.com\/wp-content\/uploads\/2020\/12\/@5S7@F_8288@LJCHJ.jpg\" alt=\"\" width=\"150\" height=\"119\" \/><\/td>\n<td colspan=\"1\" rowspan=\"1\">espregui\u00e7adeira XXL<\/td>\n<td colspan=\"1\" rowspan=\"1\">\n<p class=\"juzhong1111\">1<\/p>\n<\/td>\n<\/tr>\n<tr>\n<td colspan=\"1\" rowspan=\"1\" align=\"center\" valign=\"middle\"><img loading=\"lazy\" decoding=\"async\" class=\"alignnone size-full wp-image-69402\" src=\"https:\/\/www.china-inflatable.com\/wp-content\/uploads\/2020\/12\/QQ\u56fe\u724720201209155151.jpg\" alt=\"\" width=\"150\" height=\"106\" \/><\/td>\n<td colspan=\"1\" rowspan=\"1\" align=\"center\" valign=\"middle\">Trave de equil\u00edbrio<\/td>\n<td colspan=\"1\" rowspan=\"1\" align=\"center\" valign=\"middle\">\n<p class=\"juzhong1111\">1<\/p>\n<\/td>\n<td colspan=\"1\" rowspan=\"1\"><img loading=\"lazy\" decoding=\"async\" class=\"alignnone size-full wp-image-69403\" src=\"https:\/\/www.china-inflatable.com\/wp-content\/uploads\/2020\/12\/QQ\u56fe\u724720201209162717.jpg\" alt=\"\" width=\"150\" height=\"102\" \/><\/td>\n<td colspan=\"1\" rowspan=\"1\">Escorrega pequeno<\/td>\n<td colspan=\"1\" rowspan=\"1\">\n<p class=\"juzhong1111\">1<\/p>\n<\/td>\n<\/tr>\n<tr>\n<td colspan=\"1\" rowspan=\"1\" align=\"center\" valign=\"middle\"><img loading=\"lazy\" decoding=\"async\" class=\"alignnone size-full wp-image-69405\" src=\"https:\/\/www.china-inflatable.com\/wp-content\/uploads\/2020\/12\/QQ\u56fe\u724720201209154504.jpg\" alt=\"\" width=\"150\" height=\"127\" \/><\/td>\n<td colspan=\"1\" rowspan=\"1\" align=\"center\" valign=\"middle\">Girador<\/td>\n<td colspan=\"1\" rowspan=\"1\" align=\"center\" valign=\"middle\">\n<p class=\"juzhong1111\">1<\/p>\n<\/td>\n<td colspan=\"1\" rowspan=\"1\"><img loading=\"lazy\" decoding=\"async\" class=\"alignnone size-full wp-image-69404\" src=\"https:\/\/www.china-inflatable.com\/wp-content\/uploads\/2020\/12\/QQ\u56fe\u724720201209154438.jpg\" alt=\"\" width=\"150\" height=\"115\" \/><\/td>\n<td colspan=\"1\" rowspan=\"1\">Balancim duplo<\/td>\n<td colspan=\"1\" rowspan=\"1\">\n<p class=\"juzhong1111\">1<\/p>\n<\/td>\n<\/tr>\n<\/tbody>\n<\/table>","protected":false},"excerpt":{"rendered":"<p>&nbsp; &nbsp; Photo Description Qty Photo Description Qty Tower\u00a0XXL 1 Trampoline 1 Deck 1 swing 1 trampoline 1 slide 1 bridge 1 Junction 2 Base 1 pond 1 ramp 1 side kick 3 giant slide 1 Flippers 2 Roller 1 bouncer XXL 1 Balance\u00a0Beam 1 Small Slide 1 Spinner 1 Double\u00a0Rocker 1<\/p>","protected":false},"featured_media":21054,"template":"","meta":{"_acf_changed":false},"product_brand":[],"product_cat":[63],"product_tag":[423,424,23,169],"class_list":{"0":"post-20768","1":"product","2":"type-product","3":"status-publish","4":"has-post-thumbnail","6":"product_cat-water-park","7":"product_tag-aqua-park","8":"product_tag-giant-water-park","9":"product_tag-hot-inflatables","10":"product_tag-in-stock-fast-delivery","12":"first","13":"instock","14":"featured","15":"shipping-taxable","16":"product-type-simple"},"acf":[],"gallery_images":[21057,21059,21064,21077,21080,21085,21089,21092,21096,21098],"yoast_head":"<!-- This site is optimized with the Yoast SEO Premium plugin v24.1 (Yoast SEO v25.0) - https:\/\/yoast.com\/wordpress\/plugins\/seo\/ -->\n<title>S4-B Inflatable Water Park Aqua Park Water Island From Chinee Inflatables - Chinee Inflatable<\/title>\n<meta name=\"description\" content=\"Model: S4-B ; Size : 73\u00d713\u00d73 m \/ 239.5\u00d742.7\u00d79.8 ft ; Weight: 960 Kg \/ 2,116.4 lbs ; Material: 0.55 mm and 0.9 mm PVC Tarpaulin\" \/>\n<meta name=\"robots\" content=\"index, follow, max-snippet:-1, max-image-preview:large, max-video-preview:-1\" \/>\n<link rel=\"canonical\" href=\"https:\/\/www.chinee-inflatable.com\/pt\/produto\/s4-b-inflatable-water-park-aqua-park-water-island-from-chinee-inflatables\/\" \/>\n<meta property=\"og:locale\" content=\"pt_PT\" \/>\n<meta property=\"og:type\" content=\"article\" \/>\n<meta property=\"og:title\" content=\"S4-B Inflatable Water Park Aqua Park Water Island From Chinee Inflatables\" \/>\n<meta property=\"og:description\" content=\"Model: S4-B ; Size : 73\u00d713\u00d73 m \/ 239.5\u00d742.7\u00d79.8 ft ; Weight: 960 Kg \/ 2,116.4 lbs ; Material: 0.55 mm and 0.9 mm PVC Tarpaulin\" \/>\n<meta property=\"og:url\" content=\"https:\/\/www.chinee-inflatable.com\/pt\/produto\/s4-b-inflatable-water-park-aqua-park-water-island-from-chinee-inflatables\/\" \/>\n<meta property=\"og:site_name\" content=\"Chinee Inflatable\" \/>\n<meta property=\"article:publisher\" content=\"https:\/\/www.facebook.com\/ChineeInflatabletian\/\" \/>\n<meta property=\"article:modified_time\" content=\"2025-08-27T06:55:42+00:00\" \/>\n<meta property=\"og:image\" content=\"https:\/\/www.chinee-inflatable.com\/wp-content\/uploads\/2021\/10\/DJI_0262.jpg\" \/>\n\t<meta property=\"og:image:width\" content=\"1500\" \/>\n\t<meta property=\"og:image:height\" content=\"1125\" \/>\n\t<meta property=\"og:image:type\" content=\"image\/jpeg\" \/>\n<meta name=\"twitter:card\" content=\"summary_large_image\" \/>\n<meta name=\"twitter:description\" content=\"Model: S4-B ; Size : 73\u00d713\u00d73 m \/ 239.5\u00d742.7\u00d79.8 ft ; Weight: 960 Kg \/ 2,116.4 lbs ; Material: 0.55 mm and 0.9 mm PVC Tarpaulin\" \/>\n<script type=\"application\/ld+json\" class=\"yoast-schema-graph\">{\"@context\":\"https:\/\/schema.org\",\"@graph\":[{\"@type\":\"WebPage\",\"@id\":\"https:\/\/www.chinee-inflatable.com\/product\/s4-b-inflatable-water-park-aqua-park-water-island-from-chinee-inflatables\/\",\"url\":\"https:\/\/www.chinee-inflatable.com\/product\/s4-b-inflatable-water-park-aqua-park-water-island-from-chinee-inflatables\/\",\"name\":\"S4-B Inflatable Water Park Aqua Park Water Island From Chinee Inflatables - Chinee Inflatable\",\"isPartOf\":{\"@id\":\"https:\/\/www.chinee-inflatable.com\/#website\"},\"primaryImageOfPage\":{\"@id\":\"https:\/\/www.chinee-inflatable.com\/product\/s4-b-inflatable-water-park-aqua-park-water-island-from-chinee-inflatables\/#primaryimage\"},\"image\":{\"@id\":\"https:\/\/www.chinee-inflatable.com\/product\/s4-b-inflatable-water-park-aqua-park-water-island-from-chinee-inflatables\/#primaryimage\"},\"thumbnailUrl\":\"https:\/\/www.chinee-inflatable.com\/wp-content\/uploads\/2021\/10\/DJI_0262.jpg\",\"datePublished\":\"2021-10-20T02:04:38+00:00\",\"dateModified\":\"2025-08-27T06:55:42+00:00\",\"description\":\"Model: S4-B ; Size : 73\u00d713\u00d73 m \/ 239.5\u00d742.7\u00d79.8 ft ; Weight: 960 Kg \/ 2,116.4 lbs ; Material: 0.55 mm and 0.9 mm PVC Tarpaulin\",\"breadcrumb\":{\"@id\":\"https:\/\/www.chinee-inflatable.com\/product\/s4-b-inflatable-water-park-aqua-park-water-island-from-chinee-inflatables\/#breadcrumb\"},\"inLanguage\":\"pt-PT\",\"potentialAction\":[{\"@type\":\"ReadAction\",\"target\":[\"https:\/\/www.chinee-inflatable.com\/product\/s4-b-inflatable-water-park-aqua-park-water-island-from-chinee-inflatables\/\"]}]},{\"@type\":\"ImageObject\",\"inLanguage\":\"pt-PT\",\"@id\":\"https:\/\/www.chinee-inflatable.com\/product\/s4-b-inflatable-water-park-aqua-park-water-island-from-chinee-inflatables\/#primaryimage\",\"url\":\"https:\/\/www.chinee-inflatable.com\/wp-content\/uploads\/2021\/10\/DJI_0262.jpg\",\"contentUrl\":\"https:\/\/www.chinee-inflatable.com\/wp-content\/uploads\/2021\/10\/DJI_0262.jpg\",\"width\":1500,\"height\":1125},{\"@type\":\"BreadcrumbList\",\"@id\":\"https:\/\/www.chinee-inflatable.com\/product\/s4-b-inflatable-water-park-aqua-park-water-island-from-chinee-inflatables\/#breadcrumb\",\"itemListElement\":[{\"@type\":\"ListItem\",\"position\":1,\"name\":\"Home\",\"item\":\"https:\/\/www.chinee-inflatable.com\/\"},{\"@type\":\"ListItem\",\"position\":2,\"name\":\"Products\",\"item\":\"https:\/\/www.chinee-inflatable.com\/shop\/\"},{\"@type\":\"ListItem\",\"position\":3,\"name\":\"S4-B Inflatable Water Park Aqua Park Water Island From Chinee Inflatables\"}]},{\"@type\":\"WebSite\",\"@id\":\"https:\/\/www.chinee-inflatable.com\/#website\",\"url\":\"https:\/\/www.chinee-inflatable.com\/\",\"name\":\"Chinee Inflatable Factory\",\"description\":\"Offer you lower price &amp; higher quality inflatables.\",\"publisher\":{\"@id\":\"https:\/\/www.chinee-inflatable.com\/#organization\"},\"alternateName\":\"Chinee Inflatable Bounce\",\"potentialAction\":[{\"@type\":\"SearchAction\",\"target\":{\"@type\":\"EntryPoint\",\"urlTemplate\":\"https:\/\/www.chinee-inflatable.com\/?s={search_term_string}\"},\"query-input\":{\"@type\":\"PropertyValueSpecification\",\"valueRequired\":true,\"valueName\":\"search_term_string\"}}],\"inLanguage\":\"pt-PT\"},{\"@type\":\"Organization\",\"@id\":\"https:\/\/www.chinee-inflatable.com\/#organization\",\"name\":\"Chinee Inflatable\",\"alternateName\":\"Chinee Inflatable Bounce\",\"url\":\"https:\/\/www.chinee-inflatable.com\/\",\"logo\":{\"@type\":\"ImageObject\",\"inLanguage\":\"pt-PT\",\"@id\":\"https:\/\/www.chinee-inflatable.com\/#\/schema\/logo\/image\/\",\"url\":\"https:\/\/www.chinee-inflatable.com\/wp-content\/uploads\/2021\/11\/cropped-CHINEE-INFLATABLE-LOGO.png\",\"contentUrl\":\"https:\/\/www.chinee-inflatable.com\/wp-content\/uploads\/2021\/11\/cropped-CHINEE-INFLATABLE-LOGO.png\",\"width\":200,\"height\":190,\"caption\":\"Chinee Inflatable\"},\"image\":{\"@id\":\"https:\/\/www.chinee-inflatable.com\/#\/schema\/logo\/image\/\"},\"sameAs\":[\"https:\/\/www.facebook.com\/ChineeInflatabletian\/\"],\"description\":\"Chinee Inflatable established in 1998, Chinee has grown to become one of the largest inflatable manufacturers in China.At Chinee, we take pride in our skilled workforce and our ability to cater to the unique needs of our clients. We specialize in producing custom inflatable designs, providing our clients with a diverse range of options for their specific requirements.\",\"email\":\"info@chinee-inflatable.com\",\"telephone\":\"+86-18826065077\",\"legalName\":\"Chinee Inflatable\",\"foundingDate\":\"1998-01-02\",\"numberOfEmployees\":{\"@type\":\"QuantitativeValue\",\"minValue\":\"501\",\"maxValue\":\"1000\"}}]}<\/script>\n<!-- \/ Yoast SEO Premium plugin. -->","yoast_head_json":{"title":"S4-B Inflatable Water Park Aqua Park Water Island From Chinee Inflatables - Chinee Inflatable","description":"Model: S4-B ; Size : 73\u00d713\u00d73 m \/ 239.5\u00d742.7\u00d79.8 ft ; Weight: 960 Kg \/ 2,116.4 lbs ; Material: 0.55 mm and 0.9 mm PVC Tarpaulin","robots":{"index":"index","follow":"follow","max-snippet":"max-snippet:-1","max-image-preview":"max-image-preview:large","max-video-preview":"max-video-preview:-1"},"canonical":"https:\/\/www.chinee-inflatable.com\/pt\/produto\/s4-b-inflatable-water-park-aqua-park-water-island-from-chinee-inflatables\/","og_locale":"pt_PT","og_type":"article","og_title":"S4-B Inflatable Water Park Aqua Park Water Island From Chinee Inflatables","og_description":"Model: S4-B ; Size : 73\u00d713\u00d73 m \/ 239.5\u00d742.7\u00d79.8 ft ; Weight: 960 Kg \/ 2,116.4 lbs ; Material: 0.55 mm and 0.9 mm PVC Tarpaulin","og_url":"https:\/\/www.chinee-inflatable.com\/pt\/produto\/s4-b-inflatable-water-park-aqua-park-water-island-from-chinee-inflatables\/","og_site_name":"Chinee Inflatable","article_publisher":"https:\/\/www.facebook.com\/ChineeInflatabletian\/","article_modified_time":"2025-08-27T06:55:42+00:00","og_image":[{"width":1500,"height":1125,"url":"https:\/\/www.chinee-inflatable.com\/wp-content\/uploads\/2021\/10\/DJI_0262.jpg","type":"image\/jpeg"}],"twitter_card":"summary_large_image","twitter_description":"Model: S4-B ; Size : 73\u00d713\u00d73 m \/ 239.5\u00d742.7\u00d79.8 ft ; Weight: 960 Kg \/ 2,116.4 lbs ; Material: 0.55 mm and 0.9 mm PVC Tarpaulin","schema":{"@context":"https:\/\/schema.org","@graph":[{"@type":"WebPage","@id":"https:\/\/www.chinee-inflatable.com\/product\/s4-b-inflatable-water-park-aqua-park-water-island-from-chinee-inflatables\/","url":"https:\/\/www.chinee-inflatable.com\/product\/s4-b-inflatable-water-park-aqua-park-water-island-from-chinee-inflatables\/","name":"S4-B Inflatable Water Park Aqua Park Water Island From Chinee Inflatables - Chinee Inflatable","isPartOf":{"@id":"https:\/\/www.chinee-inflatable.com\/#website"},"primaryImageOfPage":{"@id":"https:\/\/www.chinee-inflatable.com\/product\/s4-b-inflatable-water-park-aqua-park-water-island-from-chinee-inflatables\/#primaryimage"},"image":{"@id":"https:\/\/www.chinee-inflatable.com\/product\/s4-b-inflatable-water-park-aqua-park-water-island-from-chinee-inflatables\/#primaryimage"},"thumbnailUrl":"https:\/\/www.chinee-inflatable.com\/wp-content\/uploads\/2021\/10\/DJI_0262.jpg","datePublished":"2021-10-20T02:04:38+00:00","dateModified":"2025-08-27T06:55:42+00:00","description":"Model: S4-B ; Size : 73\u00d713\u00d73 m \/ 239.5\u00d742.7\u00d79.8 ft ; Weight: 960 Kg \/ 2,116.4 lbs ; Material: 0.55 mm and 0.9 mm PVC Tarpaulin","breadcrumb":{"@id":"https:\/\/www.chinee-inflatable.com\/product\/s4-b-inflatable-water-park-aqua-park-water-island-from-chinee-inflatables\/#breadcrumb"},"inLanguage":"pt-PT","potentialAction":[{"@type":"ReadAction","target":["https:\/\/www.chinee-inflatable.com\/product\/s4-b-inflatable-water-park-aqua-park-water-island-from-chinee-inflatables\/"]}]},{"@type":"ImageObject","inLanguage":"pt-PT","@id":"https:\/\/www.chinee-inflatable.com\/product\/s4-b-inflatable-water-park-aqua-park-water-island-from-chinee-inflatables\/#primaryimage","url":"https:\/\/www.chinee-inflatable.com\/wp-content\/uploads\/2021\/10\/DJI_0262.jpg","contentUrl":"https:\/\/www.chinee-inflatable.com\/wp-content\/uploads\/2021\/10\/DJI_0262.jpg","width":1500,"height":1125},{"@type":"BreadcrumbList","@id":"https:\/\/www.chinee-inflatable.com\/product\/s4-b-inflatable-water-park-aqua-park-water-island-from-chinee-inflatables\/#breadcrumb","itemListElement":[{"@type":"ListItem","position":1,"name":"Home","item":"https:\/\/www.chinee-inflatable.com\/"},{"@type":"ListItem","position":2,"name":"Products","item":"https:\/\/www.chinee-inflatable.com\/shop\/"},{"@type":"ListItem","position":3,"name":"S4-B Inflatable Water Park Aqua Park Water Island From Chinee Inflatables"}]},{"@type":"WebSite","@id":"https:\/\/www.chinee-inflatable.com\/#website","url":"https:\/\/www.chinee-inflatable.com\/","name":"Chinee Inflatable Factory","description":"Offer you lower price &amp; higher quality inflatables.","publisher":{"@id":"https:\/\/www.chinee-inflatable.com\/#organization"},"alternateName":"Chinee Inflatable Bounce","potentialAction":[{"@type":"SearchAction","target":{"@type":"EntryPoint","urlTemplate":"https:\/\/www.chinee-inflatable.com\/?s={search_term_string}"},"query-input":{"@type":"PropertyValueSpecification","valueRequired":true,"valueName":"search_term_string"}}],"inLanguage":"pt-PT"},{"@type":"Organization","@id":"https:\/\/www.chinee-inflatable.com\/#organization","name":"Chinee Inflatable","alternateName":"Chinee Inflatable Bounce","url":"https:\/\/www.chinee-inflatable.com\/","logo":{"@type":"ImageObject","inLanguage":"pt-PT","@id":"https:\/\/www.chinee-inflatable.com\/#\/schema\/logo\/image\/","url":"https:\/\/www.chinee-inflatable.com\/wp-content\/uploads\/2021\/11\/cropped-CHINEE-INFLATABLE-LOGO.png","contentUrl":"https:\/\/www.chinee-inflatable.com\/wp-content\/uploads\/2021\/11\/cropped-CHINEE-INFLATABLE-LOGO.png","width":200,"height":190,"caption":"Chinee Inflatable"},"image":{"@id":"https:\/\/www.chinee-inflatable.com\/#\/schema\/logo\/image\/"},"sameAs":["https:\/\/www.facebook.com\/ChineeInflatabletian\/"],"description":"Chinee Inflatable established in 1998, Chinee has grown to become one of the largest inflatable manufacturers in China.At Chinee, we take pride in our skilled workforce and our ability to cater to the unique needs of our clients. We specialize in producing custom inflatable designs, providing our clients with a diverse range of options for their specific requirements.","email":"info@chinee-inflatable.com","telephone":"+86-18826065077","legalName":"Chinee Inflatable","foundingDate":"1998-01-02","numberOfEmployees":{"@type":"QuantitativeValue","minValue":"501","maxValue":"1000"}}]}},"_links":{"self":[{"href":"https:\/\/www.chinee-inflatable.com\/pt\/wp-json\/wp\/v2\/product\/20768","targetHints":{"allow":["GET"]}}],"collection":[{"href":"https:\/\/www.chinee-inflatable.com\/pt\/wp-json\/wp\/v2\/product"}],"about":[{"href":"https:\/\/www.chinee-inflatable.com\/pt\/wp-json\/wp\/v2\/types\/product"}],"wp:featuredmedia":[{"embeddable":true,"href":"https:\/\/www.chinee-inflatable.com\/pt\/wp-json\/wp\/v2\/media\/21054"}],"wp:attachment":[{"href":"https:\/\/www.chinee-inflatable.com\/pt\/wp-json\/wp\/v2\/media?parent=20768"}],"wp:term":[{"taxonomy":"product_brand","embeddable":true,"href":"https:\/\/www.chinee-inflatable.com\/pt\/wp-json\/wp\/v2\/product_brand?post=20768"},{"taxonomy":"product_cat","embeddable":true,"href":"https:\/\/www.chinee-inflatable.com\/pt\/wp-json\/wp\/v2\/product_cat?post=20768"},{"taxonomy":"product_tag","embeddable":true,"href":"https:\/\/www.chinee-inflatable.com\/pt\/wp-json\/wp\/v2\/product_tag?post=20768"}],"curies":[{"name":"wp","href":"https:\/\/api.w.org\/{rel}","templated":true}]}}