{"id":51298,"date":"2022-04-27T11:17:46","date_gmt":"2022-04-27T03:17:46","guid":{"rendered":"http:\/\/www.chinee-inflatable.com\/?page_id=51298"},"modified":"2026-01-29T10:08:22","modified_gmt":"2026-01-29T02:08:22","slug":"privacy-policy","status":"publish","type":"page","link":"https:\/\/www.chinee-inflatable.com\/pt\/privacy-policy\/","title":{"rendered":"Pol\u00edtica de privacidade"},"content":{"rendered":"<div data-elementor-type=\"wp-page\" data-elementor-id=\"51298\" class=\"elementor elementor-51298\" data-elementor-post-type=\"page\">\n\t\t\t\t\t\t<section class=\"elementor-section elementor-top-section elementor-element elementor-element-6cfe4af elementor-section-boxed elementor-section-height-default elementor-section-height-default\" data-id=\"6cfe4af\" data-element_type=\"section\">\n\t\t\t\t\t\t<div class=\"elementor-container elementor-column-gap-default\">\n\t\t\t\t\t<div class=\"elementor-column elementor-col-100 elementor-top-column elementor-element elementor-element-3c5ffec\" data-id=\"3c5ffec\" data-element_type=\"column\">\n\t\t\t<div class=\"elementor-widget-wrap elementor-element-populated\">\n\t\t\t\t\t\t<div class=\"elementor-element elementor-element-89c6fff elementor-widget elementor-widget-heading\" data-id=\"89c6fff\" data-element_type=\"widget\" data-widget_type=\"heading.default\">\n\t\t\t\t<div class=\"elementor-widget-container\">\n\t\t\t\t\t<h2 class=\"elementor-heading-title elementor-size-default\">Pol\u00edtica de privacidade<\/h2>\t\t\t\t<\/div>\n\t\t\t\t<\/div>\n\t\t\t\t<div class=\"elementor-element elementor-element-da50e06 elementor-widget elementor-widget-text-editor\" data-id=\"da50e06\" data-element_type=\"widget\" data-widget_type=\"text-editor.default\">\n\t\t\t\t<div class=\"elementor-widget-container\">\n\t\t\t\t\t\t\t\t\tA privacidade \u00e9 um direito importante do utilizador, e o facto de nos fornecer as suas informa\u00e7\u00f5es pessoais baseia-se na confian\u00e7a que deposita em n\u00f3s e na confian\u00e7a de que trataremos as suas informa\u00e7\u00f5es pessoais de forma respons\u00e1vel. Acreditamos que as informa\u00e7\u00f5es fornecidas pelo utilizador s\u00f3 podem ser utilizadas para nos ajudar a prestar-lhe um melhor servi\u00e7o. Por conseguinte, formul\u00e1mos o nosso sistema de confidencialidade das informa\u00e7\u00f5es pessoais em linha para proteger as suas informa\u00e7\u00f5es pessoais. Segue-se um resumo da nossa pol\u00edtica de privacidade das informa\u00e7\u00f5es pessoais:\t\t\t\t\t\t\t\t<\/div>\n\t\t\t\t<\/div>\n\t\t\t\t<div class=\"elementor-element elementor-element-4a06e3d elementor-widget elementor-widget-heading\" data-id=\"4a06e3d\" data-element_type=\"widget\" data-widget_type=\"heading.default\">\n\t\t\t\t<div class=\"elementor-widget-container\">\n\t\t\t\t\t<h3 class=\"elementor-heading-title elementor-size-default\">1. Sobre a recolha das suas informa\u00e7\u00f5es<\/h3>\t\t\t\t<\/div>\n\t\t\t\t<\/div>\n\t\t\t\t<div class=\"elementor-element elementor-element-90a72d1 elementor-widget elementor-widget-text-editor\" data-id=\"90a72d1\" data-element_type=\"widget\" data-widget_type=\"text-editor.default\">\n\t\t\t\t<div class=\"elementor-widget-container\">\n\t\t\t\t\t\t\t\t\tNo nosso s\u00edtio Web, pode encomendar produtos ou solicitar assist\u00eancia. Nestas p\u00e1ginas, as informa\u00e7\u00f5es pessoais que tem de fornecer incluem: nome, endere\u00e7o de correio eletr\u00f3nico, n\u00famero de telefone e conte\u00fado da mensagem. Para podermos prestar-lhe um melhor servi\u00e7o e ajud\u00e1-lo a resolver problemas relacionados com as suas necessidades, tomaremos a iniciativa de responder ao seu correio eletr\u00f3nico depois de deixar uma mensagem. A decis\u00e3o de aderir ou n\u00e3o \u00e9 inteiramente sua. Melhoraremos continuamente os nossos produtos e servi\u00e7os para criar e fornecer produtos e servi\u00e7os que satisfa\u00e7am melhor as suas necessidades e poderemos tamb\u00e9m pedir-lhe que forne\u00e7a informa\u00e7\u00f5es sobre os seus interesses pessoais ou profissionais, dados demogr\u00e1ficos, experi\u00eancia de utiliza\u00e7\u00e3o dos nossos produtos e as suas informa\u00e7\u00f5es de contacto favoritas, etc.\t\t\t\t\t\t\t\t<\/div>\n\t\t\t\t<\/div>\n\t\t\t\t<div class=\"elementor-element elementor-element-6a73b70 elementor-widget elementor-widget-heading\" data-id=\"6a73b70\" data-element_type=\"widget\" data-widget_type=\"heading.default\">\n\t\t\t\t<div class=\"elementor-widget-container\">\n\t\t\t\t\t<h3 class=\"elementor-heading-title elementor-size-default\">2. Sobre a sua utiliza\u00e7\u00e3o da informa\u00e7\u00e3o<\/h3>\t\t\t\t<\/div>\n\t\t\t\t<\/div>\n\t\t\t\t<div class=\"elementor-element elementor-element-3ed6c15 elementor-widget elementor-widget-text-editor\" data-id=\"3ed6c15\" data-element_type=\"widget\" data-widget_type=\"text-editor.default\">\n\t\t\t\t<div class=\"elementor-widget-container\">\n\t\t\t\t\t\t\t\t\tAs informa\u00e7\u00f5es fornecidas pelo utilizador ser\u00e3o mantidas estritamente confidenciais. A nossa empresa utiliza as suas informa\u00e7\u00f5es apenas para compreender melhor as suas necessidades e prestar-lhe melhores servi\u00e7os, ajud\u00e1-lo a concluir transac\u00e7\u00f5es de compra, contact\u00e1-lo no futuro, atualizar servi\u00e7os para seu benef\u00edcio e fornecer-lhe informa\u00e7\u00f5es sobre produtos que melhor correspondam aos seus interesses pessoais.\t\t\t\t\t\t\t\t<\/div>\n\t\t\t\t<\/div>\n\t\t\t\t<div class=\"elementor-element elementor-element-a981b9f elementor-widget elementor-widget-heading\" data-id=\"a981b9f\" data-element_type=\"widget\" data-widget_type=\"heading.default\">\n\t\t\t\t<div class=\"elementor-widget-container\">\n\t\t\t\t\t<h2 class=\"elementor-heading-title elementor-size-default\">3. Relativamente ao controlo das suas informa\u00e7\u00f5es<\/h2>\t\t\t\t<\/div>\n\t\t\t\t<\/div>\n\t\t\t\t<div class=\"elementor-element elementor-element-689b2fc elementor-widget elementor-widget-text-editor\" data-id=\"689b2fc\" data-element_type=\"widget\" data-widget_type=\"text-editor.default\">\n\t\t\t\t<div class=\"elementor-widget-container\">\n\t\t\t\t\t\t\t\t\tQuando nos fornecer informa\u00e7\u00f5es pessoais, deixando uma mensagem ou de outra forma, a nossa empresa n\u00e3o vender\u00e1 nem alugar\u00e1 as suas informa\u00e7\u00f5es de identifica\u00e7\u00e3o pessoal a terceiros. Quando os nossos agentes forem autorizados a utilizar as suas informa\u00e7\u00f5es pessoais e as informa\u00e7\u00f5es do inqu\u00e9rito, essas informa\u00e7\u00f5es devem ser mantidas estritamente confidenciais e n\u00e3o devem ser utilizadas para outros fins que n\u00e3o os autorizados pela nossa empresa. A nossa empresa n\u00e3o utilizar\u00e1 nem partilhar\u00e1 livremente as informa\u00e7\u00f5es de identifica\u00e7\u00e3o pessoal que nos fornecer de uma forma n\u00e3o relacionada com o acima exposto sem o seu conhecimento e autoriza\u00e7\u00e3o pr\u00e9vios. A sua licen\u00e7a \u00e9 sempre garantida em primeiro lugar, e nunca partilharemos as suas informa\u00e7\u00f5es com terceiros que n\u00e3o representem a nossa empresa e que n\u00e3o estejam vinculados \u00e0 nossa pol\u00edtica de privacidade.\nPodemos organizar ou combinar as informa\u00e7\u00f5es recolhidas no s\u00edtio Web com dados de terceiros e utiliz\u00e1-las para lhe fornecer produtos ou servi\u00e7os.\n\t\t\t\t\t\t\t\t<\/div>\n\t\t\t\t<\/div>\n\t\t\t\t<div class=\"elementor-element elementor-element-b053d07 elementor-widget elementor-widget-heading\" data-id=\"b053d07\" data-element_type=\"widget\" data-widget_type=\"heading.default\">\n\t\t\t\t<div class=\"elementor-widget-container\">\n\t\t\t\t\t<h2 class=\"elementor-heading-title elementor-size-default\">4. Relativamente ao acesso \u00e0s suas informa\u00e7\u00f5es<\/h2>\t\t\t\t<\/div>\n\t\t\t\t<\/div>\n\t\t\t\t<div class=\"elementor-element elementor-element-2b4d1b6 elementor-widget elementor-widget-text-editor\" data-id=\"2b4d1b6\" data-element_type=\"widget\" data-widget_type=\"text-editor.default\">\n\t\t\t\t<div class=\"elementor-widget-container\">\n\t\t\t\t\t\t\t\t\tA fim de proteger a sua privacidade e seguran\u00e7a, a nossa empresa tomar\u00e1 medidas razo\u00e1veis para verificar a sua identidade antes de nos enviar informa\u00e7\u00f5es. E fornecer-lhe mais informa\u00e7\u00f5es sobre os produtos que visitar no s\u00edtio Web. Para que o utilizador possa obter os servi\u00e7os ou produtos que pretende.\t\t\t\t\t\t\t\t<\/div>\n\t\t\t\t<\/div>\n\t\t\t\t<div class=\"elementor-element elementor-element-1e09273 elementor-widget elementor-widget-heading\" data-id=\"1e09273\" data-element_type=\"widget\" data-widget_type=\"heading.default\">\n\t\t\t\t<div class=\"elementor-widget-container\">\n\t\t\t\t\t<h2 class=\"elementor-heading-title elementor-size-default\">5. Seguran\u00e7a das suas informa\u00e7\u00f5es<\/h2>\t\t\t\t<\/div>\n\t\t\t\t<\/div>\n\t\t\t\t<div class=\"elementor-element elementor-element-c51df80 elementor-widget elementor-widget-text-editor\" data-id=\"c51df80\" data-element_type=\"widget\" data-widget_type=\"text-editor.default\">\n\t\t\t\t<div class=\"elementor-widget-container\">\n\t\t\t\t\t\t\t\t\tTemos o maior cuidado em proteger os seus dados contra perda, utiliza\u00e7\u00e3o indevida, acesso ou divulga\u00e7\u00e3o n\u00e3o autorizados, altera\u00e7\u00e3o ou destrui\u00e7\u00e3o. Dentro da empresa, os dados s\u00e3o armazenados em servidores controlados por palavra-passe e o acesso \u00e9 restrito.\nFaremos esfor\u00e7os sinceros para entrar em contacto com o seu pedido em tempo \u00fatil para obter um feedback atempado sobre as suas necessidades.\t\t\t\t\t\t\t\t<\/div>\n\t\t\t\t<\/div>\n\t\t\t\t<div class=\"elementor-element elementor-element-2260901 elementor-widget elementor-widget-heading\" data-id=\"2260901\" data-element_type=\"widget\" data-widget_type=\"heading.default\">\n\t\t\t\t<div class=\"elementor-widget-container\">\n\t\t\t\t\t<h2 class=\"elementor-heading-title elementor-size-default\">6. Sobre a utiliza\u00e7\u00e3o da tecnologia de cookies<\/h2>\t\t\t\t<\/div>\n\t\t\t\t<\/div>\n\t\t\t\t<div class=\"elementor-element elementor-element-44f8556 elementor-widget elementor-widget-text-editor\" data-id=\"44f8556\" data-element_type=\"widget\" data-widget_type=\"text-editor.default\">\n\t\t\t\t<div class=\"elementor-widget-container\">\n\t\t\t\t\t\t\t\t\tCom a aplica\u00e7\u00e3o de v\u00e1rias novas tecnologias na Internet, a nossa empresa proporciona uma experi\u00eancia personalizada aos visitantes. Utilizamos a tecnologia de cookies para analisar a utiliza\u00e7\u00e3o das nossas p\u00e1ginas Web. Um cookie \u00e9 um peda\u00e7o de texto colocado no disco r\u00edgido do seu computador que pede autoriza\u00e7\u00e3o. A utiliza\u00e7\u00e3o desta tecnologia n\u00e3o significa que aprendamos automaticamente qualquer informa\u00e7\u00e3o sobre o utilizador. Podemos determinar o tipo de computador que est\u00e1 a utilizar, mas o principal objetivo da utiliza\u00e7\u00e3o de cookies \u00e9 proporcionar-lhe uma melhor experi\u00eancia quando visita o nosso s\u00edtio Web. N\u00e3o temos qualquer inten\u00e7\u00e3o de violar a sua privacidade quando utiliza o nosso s\u00edtio Web.<br>\nO utilizador tamb\u00e9m tem total liberdade para configurar o seu navegador de Internet (Microsoft Internet Explorer ou Netscape Navigator) para o notificar dos pedidos de coloca\u00e7\u00e3o de cookies ou para rejeitar completamente os cookies. Pode apagar os ficheiros que cont\u00eam cookies; estes ficheiros s\u00e3o guardados como parte do seu navegador de Internet.\n\t\t\t\t\t\t\t\t<\/div>\n\t\t\t\t<\/div>\n\t\t\t\t<div class=\"elementor-element elementor-element-5dc16ca elementor-widget elementor-widget-heading\" data-id=\"5dc16ca\" data-element_type=\"widget\" data-widget_type=\"heading.default\">\n\t\t\t\t<div class=\"elementor-widget-container\">\n\t\t\t\t\t<h2 class=\"elementor-heading-title elementor-size-default\">7. Altera\u00e7\u00f5es \u00e0 presente declara\u00e7\u00e3o<\/h2>\t\t\t\t<\/div>\n\t\t\t\t<\/div>\n\t\t\t\t<div class=\"elementor-element elementor-element-d2be824 elementor-widget elementor-widget-text-editor\" data-id=\"d2be824\" data-element_type=\"widget\" data-widget_type=\"text-editor.default\">\n\t\t\t\t<div class=\"elementor-widget-container\">\n\t\t\t\t\t\t\t\t\tO direito de interpretar esta declara\u00e7\u00e3o e o direito de interpretar a utiliza\u00e7\u00e3o deste s\u00edtio Web \u00e9 atribu\u00eddo \u00e0 nossa empresa. Ocasionalmente, actualizamos esta Declara\u00e7\u00e3o de Privacidade. Quando a actualizarmos, iremos tamb\u00e9m rever a data da \"\u00daltima atualiza\u00e7\u00e3o\" na parte inferior da Declara\u00e7\u00e3o de privacidade. Se houver altera\u00e7\u00f5es substanciais a esta declara\u00e7\u00e3o, a nossa empresa notificar\u00e1 os utilizadores colocando um aviso bem vis\u00edvel no s\u00edtio Web.\t\t\t\t\t\t\t\t<\/div>\n\t\t\t\t<\/div>\n\t\t\t\t\t<\/div>\n\t\t<\/div>\n\t\t\t\t\t<\/div>\n\t\t<\/section>\n\t\t\t\t<\/div>","protected":false},"excerpt":{"rendered":"<p>Privacy Policy Privacy is your important right, and providing us with your personal information is based on trusting us and trusting that we will treat your personal information responsibly. We believe that the information you provide can only be used to help us provide you with better service. Therefore, we have formulated our online personal &#8230; <a title=\"Pol\u00edtica de privacidade\" class=\"read-more\" href=\"https:\/\/www.chinee-inflatable.com\/pt\/privacy-policy\/\" aria-label=\"Mais em Privacy Policy\">Ler mais<\/a><\/p>","protected":false},"author":1,"featured_media":0,"parent":0,"menu_order":0,"comment_status":"closed","ping_status":"closed","template":"elementor_header_footer","meta":{"_acf_changed":false,"footnotes":""},"class_list":["post-51298","page","type-page","status-publish"],"acf":[],"yoast_head":"<!-- This site is optimized with the Yoast SEO Premium plugin v24.1 (Yoast SEO v25.0) - https:\/\/yoast.com\/wordpress\/plugins\/seo\/ -->\n<title>Privacy Policy - Chinee Inflatable<\/title>\n<meta name=\"description\" content=\"Privacy Policy Chinee Inflatable\" \/>\n<meta name=\"robots\" content=\"index, follow, max-snippet:-1, max-image-preview:large, max-video-preview:-1\" \/>\n<link rel=\"canonical\" href=\"https:\/\/www.chinee-inflatable.com\/pt\/privacy-policy\/\" \/>\n<meta property=\"og:locale\" content=\"pt_PT\" \/>\n<meta property=\"og:type\" content=\"article\" \/>\n<meta property=\"og:title\" content=\"Privacy Policy Chinee Inflatable\" \/>\n<meta property=\"og:description\" content=\"Privacy Policy Chinee Inflatable\" \/>\n<meta property=\"og:url\" content=\"https:\/\/www.chinee-inflatable.com\/pt\/privacy-policy\/\" \/>\n<meta property=\"og:site_name\" content=\"Chinee Inflatable\" \/>\n<meta property=\"article:publisher\" content=\"https:\/\/www.facebook.com\/ChineeInflatabletian\/\" \/>\n<meta property=\"article:modified_time\" content=\"2026-01-29T02:08:22+00:00\" \/>\n<meta property=\"og:image\" content=\"https:\/\/www.chinee-inflatable.com\/wp-content\/uploads\/2024\/11\/DJI_0267.jpg\" \/>\n\t<meta property=\"og:image:width\" content=\"1200\" \/>\n\t<meta property=\"og:image:height\" content=\"900\" \/>\n\t<meta property=\"og:image:type\" content=\"image\/jpeg\" \/>\n<meta name=\"twitter:card\" content=\"summary_large_image\" \/>\n<meta name=\"twitter:label1\" content=\"Tempo estimado de leitura\" \/>\n\t<meta name=\"twitter:data1\" content=\"4 minutos\" \/>\n<script type=\"application\/ld+json\" class=\"yoast-schema-graph\">{\"@context\":\"https:\/\/schema.org\",\"@graph\":[{\"@type\":\"WebPage\",\"@id\":\"https:\/\/www.chinee-inflatable.com\/privacy-policy\/\",\"url\":\"https:\/\/www.chinee-inflatable.com\/privacy-policy\/\",\"name\":\"Privacy Policy - Chinee Inflatable\",\"isPartOf\":{\"@id\":\"https:\/\/www.chinee-inflatable.com\/#website\"},\"datePublished\":\"2022-04-27T03:17:46+00:00\",\"dateModified\":\"2026-01-29T02:08:22+00:00\",\"description\":\"Privacy Policy Chinee Inflatable\",\"breadcrumb\":{\"@id\":\"https:\/\/www.chinee-inflatable.com\/privacy-policy\/#breadcrumb\"},\"inLanguage\":\"pt-PT\",\"potentialAction\":[{\"@type\":\"ReadAction\",\"target\":[\"https:\/\/www.chinee-inflatable.com\/privacy-policy\/\"]}]},{\"@type\":\"BreadcrumbList\",\"@id\":\"https:\/\/www.chinee-inflatable.com\/privacy-policy\/#breadcrumb\",\"itemListElement\":[{\"@type\":\"ListItem\",\"position\":1,\"name\":\"Home\",\"item\":\"https:\/\/www.chinee-inflatable.com\/\"},{\"@type\":\"ListItem\",\"position\":2,\"name\":\"Privacy Policy\"}]},{\"@type\":\"WebSite\",\"@id\":\"https:\/\/www.chinee-inflatable.com\/#website\",\"url\":\"https:\/\/www.chinee-inflatable.com\/\",\"name\":\"Chinee Inflatable Factory\",\"description\":\"Offer you lower price &amp; higher quality inflatables.\",\"publisher\":{\"@id\":\"https:\/\/www.chinee-inflatable.com\/#organization\"},\"alternateName\":\"Chinee Inflatable Bounce\",\"potentialAction\":[{\"@type\":\"SearchAction\",\"target\":{\"@type\":\"EntryPoint\",\"urlTemplate\":\"https:\/\/www.chinee-inflatable.com\/?s={search_term_string}\"},\"query-input\":{\"@type\":\"PropertyValueSpecification\",\"valueRequired\":true,\"valueName\":\"search_term_string\"}}],\"inLanguage\":\"pt-PT\"},{\"@type\":\"Organization\",\"@id\":\"https:\/\/www.chinee-inflatable.com\/#organization\",\"name\":\"Chinee Inflatable\",\"alternateName\":\"Chinee Inflatable Bounce\",\"url\":\"https:\/\/www.chinee-inflatable.com\/\",\"logo\":{\"@type\":\"ImageObject\",\"inLanguage\":\"pt-PT\",\"@id\":\"https:\/\/www.chinee-inflatable.com\/#\/schema\/logo\/image\/\",\"url\":\"https:\/\/www.chinee-inflatable.com\/wp-content\/uploads\/2021\/11\/cropped-CHINEE-INFLATABLE-LOGO.png\",\"contentUrl\":\"https:\/\/www.chinee-inflatable.com\/wp-content\/uploads\/2021\/11\/cropped-CHINEE-INFLATABLE-LOGO.png\",\"width\":200,\"height\":190,\"caption\":\"Chinee Inflatable\"},\"image\":{\"@id\":\"https:\/\/www.chinee-inflatable.com\/#\/schema\/logo\/image\/\"},\"sameAs\":[\"https:\/\/www.facebook.com\/ChineeInflatabletian\/\"],\"description\":\"Chinee Inflatable established in 1998, Chinee has grown to become one of the largest inflatable manufacturers in China.At Chinee, we take pride in our skilled workforce and our ability to cater to the unique needs of our clients. We specialize in producing custom inflatable designs, providing our clients with a diverse range of options for their specific requirements.\",\"email\":\"info@chinee-inflatable.com\",\"telephone\":\"+86-18826065077\",\"legalName\":\"Chinee Inflatable\",\"foundingDate\":\"1998-01-02\",\"numberOfEmployees\":{\"@type\":\"QuantitativeValue\",\"minValue\":\"501\",\"maxValue\":\"1000\"}}]}<\/script>\n<!-- \/ Yoast SEO Premium plugin. -->","yoast_head_json":{"title":"Privacy Policy - Chinee Inflatable","description":"Privacy Policy Chinee Inflatable","robots":{"index":"index","follow":"follow","max-snippet":"max-snippet:-1","max-image-preview":"max-image-preview:large","max-video-preview":"max-video-preview:-1"},"canonical":"https:\/\/www.chinee-inflatable.com\/pt\/privacy-policy\/","og_locale":"pt_PT","og_type":"article","og_title":"Privacy Policy Chinee Inflatable","og_description":"Privacy Policy Chinee Inflatable","og_url":"https:\/\/www.chinee-inflatable.com\/pt\/privacy-policy\/","og_site_name":"Chinee Inflatable","article_publisher":"https:\/\/www.facebook.com\/ChineeInflatabletian\/","article_modified_time":"2026-01-29T02:08:22+00:00","og_image":[{"width":1200,"height":900,"url":"https:\/\/www.chinee-inflatable.com\/wp-content\/uploads\/2024\/11\/DJI_0267.jpg","type":"image\/jpeg"}],"twitter_card":"summary_large_image","twitter_misc":{"Tempo estimado de leitura":"4 minutos"},"schema":{"@context":"https:\/\/schema.org","@graph":[{"@type":"WebPage","@id":"https:\/\/www.chinee-inflatable.com\/privacy-policy\/","url":"https:\/\/www.chinee-inflatable.com\/privacy-policy\/","name":"Privacy Policy - Chinee Inflatable","isPartOf":{"@id":"https:\/\/www.chinee-inflatable.com\/#website"},"datePublished":"2022-04-27T03:17:46+00:00","dateModified":"2026-01-29T02:08:22+00:00","description":"Privacy Policy Chinee Inflatable","breadcrumb":{"@id":"https:\/\/www.chinee-inflatable.com\/privacy-policy\/#breadcrumb"},"inLanguage":"pt-PT","potentialAction":[{"@type":"ReadAction","target":["https:\/\/www.chinee-inflatable.com\/privacy-policy\/"]}]},{"@type":"BreadcrumbList","@id":"https:\/\/www.chinee-inflatable.com\/privacy-policy\/#breadcrumb","itemListElement":[{"@type":"ListItem","position":1,"name":"Home","item":"https:\/\/www.chinee-inflatable.com\/"},{"@type":"ListItem","position":2,"name":"Privacy Policy"}]},{"@type":"WebSite","@id":"https:\/\/www.chinee-inflatable.com\/#website","url":"https:\/\/www.chinee-inflatable.com\/","name":"Chinee Inflatable Factory","description":"Offer you lower price &amp; higher quality inflatables.","publisher":{"@id":"https:\/\/www.chinee-inflatable.com\/#organization"},"alternateName":"Chinee Inflatable Bounce","potentialAction":[{"@type":"SearchAction","target":{"@type":"EntryPoint","urlTemplate":"https:\/\/www.chinee-inflatable.com\/?s={search_term_string}"},"query-input":{"@type":"PropertyValueSpecification","valueRequired":true,"valueName":"search_term_string"}}],"inLanguage":"pt-PT"},{"@type":"Organization","@id":"https:\/\/www.chinee-inflatable.com\/#organization","name":"Chinee Inflatable","alternateName":"Chinee Inflatable Bounce","url":"https:\/\/www.chinee-inflatable.com\/","logo":{"@type":"ImageObject","inLanguage":"pt-PT","@id":"https:\/\/www.chinee-inflatable.com\/#\/schema\/logo\/image\/","url":"https:\/\/www.chinee-inflatable.com\/wp-content\/uploads\/2021\/11\/cropped-CHINEE-INFLATABLE-LOGO.png","contentUrl":"https:\/\/www.chinee-inflatable.com\/wp-content\/uploads\/2021\/11\/cropped-CHINEE-INFLATABLE-LOGO.png","width":200,"height":190,"caption":"Chinee Inflatable"},"image":{"@id":"https:\/\/www.chinee-inflatable.com\/#\/schema\/logo\/image\/"},"sameAs":["https:\/\/www.facebook.com\/ChineeInflatabletian\/"],"description":"Chinee Inflatable established in 1998, Chinee has grown to become one of the largest inflatable manufacturers in China.At Chinee, we take pride in our skilled workforce and our ability to cater to the unique needs of our clients. We specialize in producing custom inflatable designs, providing our clients with a diverse range of options for their specific requirements.","email":"info@chinee-inflatable.com","telephone":"+86-18826065077","legalName":"Chinee Inflatable","foundingDate":"1998-01-02","numberOfEmployees":{"@type":"QuantitativeValue","minValue":"501","maxValue":"1000"}}]}},"_links":{"self":[{"href":"https:\/\/www.chinee-inflatable.com\/pt\/wp-json\/wp\/v2\/pages\/51298","targetHints":{"allow":["GET"]}}],"collection":[{"href":"https:\/\/www.chinee-inflatable.com\/pt\/wp-json\/wp\/v2\/pages"}],"about":[{"href":"https:\/\/www.chinee-inflatable.com\/pt\/wp-json\/wp\/v2\/types\/page"}],"author":[{"embeddable":true,"href":"https:\/\/www.chinee-inflatable.com\/pt\/wp-json\/wp\/v2\/users\/1"}],"replies":[{"embeddable":true,"href":"https:\/\/www.chinee-inflatable.com\/pt\/wp-json\/wp\/v2\/comments?post=51298"}],"version-history":[{"count":1,"href":"https:\/\/www.chinee-inflatable.com\/pt\/wp-json\/wp\/v2\/pages\/51298\/revisions"}],"predecessor-version":[{"id":87142,"href":"https:\/\/www.chinee-inflatable.com\/pt\/wp-json\/wp\/v2\/pages\/51298\/revisions\/87142"}],"wp:attachment":[{"href":"https:\/\/www.chinee-inflatable.com\/pt\/wp-json\/wp\/v2\/media?parent=51298"}],"curies":[{"name":"wp","href":"https:\/\/api.w.org\/{rel}","templated":true}]}}