{"id":51298,"date":"2022-04-27T11:17:46","date_gmt":"2022-04-27T03:17:46","guid":{"rendered":"http:\/\/www.chinee-inflatable.com\/?page_id=51298"},"modified":"2026-01-29T10:08:22","modified_gmt":"2026-01-29T02:08:22","slug":"privacy-policy","status":"publish","type":"page","link":"https:\/\/www.chinee-inflatable.com\/it\/privacy-policy\/","title":{"rendered":"Informativa sulla privacy"},"content":{"rendered":"<div data-elementor-type=\"wp-page\" data-elementor-id=\"51298\" class=\"elementor elementor-51298\" data-elementor-post-type=\"page\">\n\t\t\t\t\t\t<section class=\"elementor-section elementor-top-section elementor-element elementor-element-6cfe4af elementor-section-boxed elementor-section-height-default elementor-section-height-default\" data-id=\"6cfe4af\" data-element_type=\"section\">\n\t\t\t\t\t\t<div class=\"elementor-container elementor-column-gap-default\">\n\t\t\t\t\t<div class=\"elementor-column elementor-col-100 elementor-top-column elementor-element elementor-element-3c5ffec\" data-id=\"3c5ffec\" data-element_type=\"column\">\n\t\t\t<div class=\"elementor-widget-wrap elementor-element-populated\">\n\t\t\t\t\t\t<div class=\"elementor-element elementor-element-89c6fff elementor-widget elementor-widget-heading\" data-id=\"89c6fff\" data-element_type=\"widget\" data-widget_type=\"heading.default\">\n\t\t\t\t<div class=\"elementor-widget-container\">\n\t\t\t\t\t<h2 class=\"elementor-heading-title elementor-size-default\">Informativa sulla privacy<\/h2>\t\t\t\t<\/div>\n\t\t\t\t<\/div>\n\t\t\t\t<div class=\"elementor-element elementor-element-da50e06 elementor-widget elementor-widget-text-editor\" data-id=\"da50e06\" data-element_type=\"widget\" data-widget_type=\"text-editor.default\">\n\t\t\t\t<div class=\"elementor-widget-container\">\n\t\t\t\t\t\t\t\t\tLa privacy \u00e8 un vostro diritto importante, e fornirci le vostre informazioni personali significa fidarsi di noi e della nostra capacit\u00e0 di trattare le vostre informazioni personali in modo responsabile. Riteniamo che le informazioni fornite possano essere utilizzate solo per aiutarci a fornire un servizio migliore. Pertanto, abbiamo formulato il nostro sistema di riservatezza delle informazioni personali online per proteggere le vostre informazioni personali. Di seguito \u00e8 riportata una sintesi della nostra politica di riservatezza delle informazioni personali:\t\t\t\t\t\t\t\t<\/div>\n\t\t\t\t<\/div>\n\t\t\t\t<div class=\"elementor-element elementor-element-4a06e3d elementor-widget elementor-widget-heading\" data-id=\"4a06e3d\" data-element_type=\"widget\" data-widget_type=\"heading.default\">\n\t\t\t\t<div class=\"elementor-widget-container\">\n\t\t\t\t\t<h3 class=\"elementor-heading-title elementor-size-default\">1. Informazioni sulla raccolta dei vostri dati<\/h3>\t\t\t\t<\/div>\n\t\t\t\t<\/div>\n\t\t\t\t<div class=\"elementor-element elementor-element-90a72d1 elementor-widget elementor-widget-text-editor\" data-id=\"90a72d1\" data-element_type=\"widget\" data-widget_type=\"text-editor.default\">\n\t\t\t\t<div class=\"elementor-widget-container\">\n\t\t\t\t\t\t\t\t\tSul nostro sito web \u00e8 possibile ordinare prodotti o richiedere assistenza. In queste pagine, le informazioni personali da fornire comprendono: nome, indirizzo e-mail, numero di telefono e contenuto del messaggio. Per potervi fornire un servizio migliore e aiutarvi a risolvere i problemi legati alle vostre esigenze, ci impegneremo a rispondere alle vostre e-mail dopo che avrete lasciato un messaggio. La scelta di aderire o meno \u00e8 interamente vostra. Miglioreremo continuamente i nostri prodotti e servizi per creare e fornire prodotti e servizi che soddisfino meglio le vostre esigenze, e potremmo anche chiedervi di fornire informazioni sui vostri interessi personali o professionali, sui dati demografici, sull'esperienza nell'uso dei nostri prodotti e sulle vostre informazioni di contatto preferite, ecc.\t\t\t\t\t\t\t\t<\/div>\n\t\t\t\t<\/div>\n\t\t\t\t<div class=\"elementor-element elementor-element-6a73b70 elementor-widget elementor-widget-heading\" data-id=\"6a73b70\" data-element_type=\"widget\" data-widget_type=\"heading.default\">\n\t\t\t\t<div class=\"elementor-widget-container\">\n\t\t\t\t\t<h3 class=\"elementor-heading-title elementor-size-default\">2. Sull'uso delle informazioni<\/h3>\t\t\t\t<\/div>\n\t\t\t\t<\/div>\n\t\t\t\t<div class=\"elementor-element elementor-element-3ed6c15 elementor-widget elementor-widget-text-editor\" data-id=\"3ed6c15\" data-element_type=\"widget\" data-widget_type=\"text-editor.default\">\n\t\t\t\t<div class=\"elementor-widget-container\">\n\t\t\t\t\t\t\t\t\tLe informazioni fornite saranno tenute strettamente riservate. La nostra azienda utilizza le vostre informazioni solo per comprendere meglio le vostre esigenze e fornirvi servizi migliori, aiutarvi a completare le transazioni di acquisto, contattarvi in futuro, aggiornare i servizi a vostro vantaggio e fornirvi informazioni sui prodotti che rispondono meglio ai vostri interessi personali.\t\t\t\t\t\t\t\t<\/div>\n\t\t\t\t<\/div>\n\t\t\t\t<div class=\"elementor-element elementor-element-a981b9f elementor-widget elementor-widget-heading\" data-id=\"a981b9f\" data-element_type=\"widget\" data-widget_type=\"heading.default\">\n\t\t\t\t<div class=\"elementor-widget-container\">\n\t\t\t\t\t<h2 class=\"elementor-heading-title elementor-size-default\">3. Per quanto riguarda il controllo sulle vostre informazioni<\/h2>\t\t\t\t<\/div>\n\t\t\t\t<\/div>\n\t\t\t\t<div class=\"elementor-element elementor-element-689b2fc elementor-widget elementor-widget-text-editor\" data-id=\"689b2fc\" data-element_type=\"widget\" data-widget_type=\"text-editor.default\">\n\t\t\t\t<div class=\"elementor-widget-container\">\n\t\t\t\t\t\t\t\t\tQuando ci fornite informazioni personali lasciando un messaggio o in altro modo, la nostra azienda non vender\u00e0 o affitter\u00e0 le vostre informazioni di identificazione personale a terzi. Una volta che i nostri agenti sono autorizzati a utilizzare i vostri dati personali e le informazioni del sondaggio, tali informazioni devono essere mantenute strettamente riservate e non possono essere utilizzate per scopi diversi da quelli autorizzati dalla nostra azienda. La nostra societ\u00e0 non utilizzer\u00e0 o condivider\u00e0 liberamente le informazioni di identificazione personale fornite dall'utente in modo non correlato a quanto sopra senza la sua preventiva conoscenza e autorizzazione. La vostra licenza \u00e8 sempre garantita al primo posto e non condivideremo mai le vostre informazioni con terzi che non rappresentano la nostra azienda e non sono vincolati dalla nostra politica sulla privacy.\nPossiamo organizzare o combinare le informazioni raccolte sul sito web con dati provenienti da terzi e utilizzarli per fornirvi prodotti o servizi.\n\t\t\t\t\t\t\t\t<\/div>\n\t\t\t\t<\/div>\n\t\t\t\t<div class=\"elementor-element elementor-element-b053d07 elementor-widget elementor-widget-heading\" data-id=\"b053d07\" data-element_type=\"widget\" data-widget_type=\"heading.default\">\n\t\t\t\t<div class=\"elementor-widget-container\">\n\t\t\t\t\t<h2 class=\"elementor-heading-title elementor-size-default\">4. Per quanto riguarda l'accesso ai vostri dati<\/h2>\t\t\t\t<\/div>\n\t\t\t\t<\/div>\n\t\t\t\t<div class=\"elementor-element elementor-element-2b4d1b6 elementor-widget elementor-widget-text-editor\" data-id=\"2b4d1b6\" data-element_type=\"widget\" data-widget_type=\"text-editor.default\">\n\t\t\t\t<div class=\"elementor-widget-container\">\n\t\t\t\t\t\t\t\t\tAl fine di proteggere la vostra privacy e la vostra sicurezza, la nostra azienda adotter\u00e0 misure ragionevoli per verificare la vostra identit\u00e0 prima che possiate inviarci informazioni. E fornirvi ulteriori informazioni sui prodotti che visitate sul sito web. In modo che possiate ottenere i servizi o i prodotti che desiderate.\t\t\t\t\t\t\t\t<\/div>\n\t\t\t\t<\/div>\n\t\t\t\t<div class=\"elementor-element elementor-element-1e09273 elementor-widget elementor-widget-heading\" data-id=\"1e09273\" data-element_type=\"widget\" data-widget_type=\"heading.default\">\n\t\t\t\t<div class=\"elementor-widget-container\">\n\t\t\t\t\t<h2 class=\"elementor-heading-title elementor-size-default\">5. Sicurezza delle informazioni<\/h2>\t\t\t\t<\/div>\n\t\t\t\t<\/div>\n\t\t\t\t<div class=\"elementor-element elementor-element-c51df80 elementor-widget elementor-widget-text-editor\" data-id=\"c51df80\" data-element_type=\"widget\" data-widget_type=\"text-editor.default\">\n\t\t\t\t<div class=\"elementor-widget-container\">\n\t\t\t\t\t\t\t\t\tCi impegniamo a proteggere i vostri dati da perdita, uso improprio, accesso o divulgazione non autorizzati, alterazione o distruzione. All'interno dell'azienda, i dati sono archiviati su server controllati da password e l'accesso \u00e8 limitato.\nCi impegneremo sinceramente a contattare tempestivamente le vostre richieste per avere un riscontro tempestivo delle vostre esigenze.\t\t\t\t\t\t\t\t<\/div>\n\t\t\t\t<\/div>\n\t\t\t\t<div class=\"elementor-element elementor-element-2260901 elementor-widget elementor-widget-heading\" data-id=\"2260901\" data-element_type=\"widget\" data-widget_type=\"heading.default\">\n\t\t\t\t<div class=\"elementor-widget-container\">\n\t\t\t\t\t<h2 class=\"elementor-heading-title elementor-size-default\">6. Informazioni sull'uso della tecnologia dei cookie<\/h2>\t\t\t\t<\/div>\n\t\t\t\t<\/div>\n\t\t\t\t<div class=\"elementor-element elementor-element-44f8556 elementor-widget elementor-widget-text-editor\" data-id=\"44f8556\" data-element_type=\"widget\" data-widget_type=\"text-editor.default\">\n\t\t\t\t<div class=\"elementor-widget-container\">\n\t\t\t\t\t\t\t\t\tCon l'applicazione di varie nuove tecnologie su Internet, la nostra azienda offre ai visitatori un'esperienza personalizzata. Utilizziamo la tecnologia dei cookie per analizzare l'utilizzo delle nostre pagine web. Un cookie \u00e8 un pezzo di testo collocato sul disco rigido del vostro computer che richiede un'autorizzazione. L'uso di questa tecnologia non implica l'acquisizione automatica di informazioni sull'utente. Possiamo determinare il tipo di computer che state utilizzando, ma lo scopo principale dell'utilizzo dei cookie \u00e8 quello di offrirvi una migliore esperienza durante la visita del nostro sito web. Non abbiamo assolutamente intenzione di violare la vostra privacy quando utilizzate il nostro sito web.<br>\nL'utente ha inoltre la possibilit\u00e0 di impostare il browser del proprio sito web (Microsoft Internet Explorer o Netscape Navigator) in modo da essere avvisato delle richieste di inserimento di cookie o di rifiutare del tutto i cookie. \u00c8 possibile eliminare i file contenenti i cookie; questi file vengono salvati come parte del browser Internet.\n\t\t\t\t\t\t\t\t<\/div>\n\t\t\t\t<\/div>\n\t\t\t\t<div class=\"elementor-element elementor-element-5dc16ca elementor-widget elementor-widget-heading\" data-id=\"5dc16ca\" data-element_type=\"widget\" data-widget_type=\"heading.default\">\n\t\t\t\t<div class=\"elementor-widget-container\">\n\t\t\t\t\t<h2 class=\"elementor-heading-title elementor-size-default\">7. Modifiche alla presente Dichiarazione<\/h2>\t\t\t\t<\/div>\n\t\t\t\t<\/div>\n\t\t\t\t<div class=\"elementor-element elementor-element-d2be824 elementor-widget elementor-widget-text-editor\" data-id=\"d2be824\" data-element_type=\"widget\" data-widget_type=\"text-editor.default\">\n\t\t\t\t<div class=\"elementor-widget-container\">\n\t\t\t\t\t\t\t\t\tIl diritto di interpretare questa dichiarazione e il diritto di interpretare l'uso di questo sito web \u00e8 attribuito alla nostra azienda. Occasionalmente aggiorniamo la presente Informativa sulla privacy. In caso di aggiornamento, rivedremo anche la data di \"Ultimo aggiornamento\" in fondo all'Informativa sulla privacy. In caso di modifiche sostanziali alla presente dichiarazione, la nostra azienda informer\u00e0 gli utenti inserendo un avviso ben visibile sul sito web.\t\t\t\t\t\t\t\t<\/div>\n\t\t\t\t<\/div>\n\t\t\t\t\t<\/div>\n\t\t<\/div>\n\t\t\t\t\t<\/div>\n\t\t<\/section>\n\t\t\t\t<\/div>","protected":false},"excerpt":{"rendered":"<p>Privacy Policy Privacy is your important right, and providing us with your personal information is based on trusting us and trusting that we will treat your personal information responsibly. We believe that the information you provide can only be used to help us provide you with better service. Therefore, we have formulated our online personal &#8230; <a title=\"Informativa sulla privacy\" class=\"read-more\" href=\"https:\/\/www.chinee-inflatable.com\/it\/privacy-policy\/\" aria-label=\"More on Privacy Policy\">Leggi tutto<\/a><\/p>","protected":false},"author":1,"featured_media":0,"parent":0,"menu_order":0,"comment_status":"closed","ping_status":"closed","template":"elementor_header_footer","meta":{"_acf_changed":false,"footnotes":""},"class_list":["post-51298","page","type-page","status-publish"],"acf":[],"yoast_head":"<!-- This site is optimized with the Yoast SEO Premium plugin v24.1 (Yoast SEO v25.0) - https:\/\/yoast.com\/wordpress\/plugins\/seo\/ -->\n<title>Privacy Policy - Chinee Inflatable<\/title>\n<meta name=\"description\" content=\"Privacy Policy Chinee Inflatable\" \/>\n<meta name=\"robots\" content=\"index, follow, max-snippet:-1, max-image-preview:large, max-video-preview:-1\" \/>\n<link rel=\"canonical\" href=\"https:\/\/www.chinee-inflatable.com\/it\/privacy-policy\/\" \/>\n<meta property=\"og:locale\" content=\"it_IT\" \/>\n<meta property=\"og:type\" content=\"article\" \/>\n<meta property=\"og:title\" content=\"Privacy Policy Chinee Inflatable\" \/>\n<meta property=\"og:description\" content=\"Privacy Policy Chinee Inflatable\" \/>\n<meta property=\"og:url\" content=\"https:\/\/www.chinee-inflatable.com\/it\/privacy-policy\/\" \/>\n<meta property=\"og:site_name\" content=\"Chinee Inflatable\" \/>\n<meta property=\"article:publisher\" content=\"https:\/\/www.facebook.com\/ChineeInflatabletian\/\" \/>\n<meta property=\"article:modified_time\" content=\"2026-01-29T02:08:22+00:00\" \/>\n<meta property=\"og:image\" content=\"https:\/\/www.chinee-inflatable.com\/wp-content\/uploads\/2024\/11\/DJI_0267.jpg\" \/>\n\t<meta property=\"og:image:width\" content=\"1200\" \/>\n\t<meta property=\"og:image:height\" content=\"900\" \/>\n\t<meta property=\"og:image:type\" content=\"image\/jpeg\" \/>\n<meta name=\"twitter:card\" content=\"summary_large_image\" \/>\n<meta name=\"twitter:label1\" content=\"Tempo di lettura stimato\" \/>\n\t<meta name=\"twitter:data1\" content=\"4 minuti\" \/>\n<script type=\"application\/ld+json\" class=\"yoast-schema-graph\">{\"@context\":\"https:\/\/schema.org\",\"@graph\":[{\"@type\":\"WebPage\",\"@id\":\"https:\/\/www.chinee-inflatable.com\/privacy-policy\/\",\"url\":\"https:\/\/www.chinee-inflatable.com\/privacy-policy\/\",\"name\":\"Privacy Policy - Chinee Inflatable\",\"isPartOf\":{\"@id\":\"https:\/\/www.chinee-inflatable.com\/#website\"},\"datePublished\":\"2022-04-27T03:17:46+00:00\",\"dateModified\":\"2026-01-29T02:08:22+00:00\",\"description\":\"Privacy Policy Chinee Inflatable\",\"breadcrumb\":{\"@id\":\"https:\/\/www.chinee-inflatable.com\/privacy-policy\/#breadcrumb\"},\"inLanguage\":\"it-IT\",\"potentialAction\":[{\"@type\":\"ReadAction\",\"target\":[\"https:\/\/www.chinee-inflatable.com\/privacy-policy\/\"]}]},{\"@type\":\"BreadcrumbList\",\"@id\":\"https:\/\/www.chinee-inflatable.com\/privacy-policy\/#breadcrumb\",\"itemListElement\":[{\"@type\":\"ListItem\",\"position\":1,\"name\":\"Home\",\"item\":\"https:\/\/www.chinee-inflatable.com\/\"},{\"@type\":\"ListItem\",\"position\":2,\"name\":\"Privacy Policy\"}]},{\"@type\":\"WebSite\",\"@id\":\"https:\/\/www.chinee-inflatable.com\/#website\",\"url\":\"https:\/\/www.chinee-inflatable.com\/\",\"name\":\"Chinee Inflatable Factory\",\"description\":\"Offer you lower price &amp; higher quality inflatables.\",\"publisher\":{\"@id\":\"https:\/\/www.chinee-inflatable.com\/#organization\"},\"alternateName\":\"Chinee Inflatable Bounce\",\"potentialAction\":[{\"@type\":\"SearchAction\",\"target\":{\"@type\":\"EntryPoint\",\"urlTemplate\":\"https:\/\/www.chinee-inflatable.com\/?s={search_term_string}\"},\"query-input\":{\"@type\":\"PropertyValueSpecification\",\"valueRequired\":true,\"valueName\":\"search_term_string\"}}],\"inLanguage\":\"it-IT\"},{\"@type\":\"Organization\",\"@id\":\"https:\/\/www.chinee-inflatable.com\/#organization\",\"name\":\"Chinee Inflatable\",\"alternateName\":\"Chinee Inflatable Bounce\",\"url\":\"https:\/\/www.chinee-inflatable.com\/\",\"logo\":{\"@type\":\"ImageObject\",\"inLanguage\":\"it-IT\",\"@id\":\"https:\/\/www.chinee-inflatable.com\/#\/schema\/logo\/image\/\",\"url\":\"https:\/\/www.chinee-inflatable.com\/wp-content\/uploads\/2021\/11\/cropped-CHINEE-INFLATABLE-LOGO.png\",\"contentUrl\":\"https:\/\/www.chinee-inflatable.com\/wp-content\/uploads\/2021\/11\/cropped-CHINEE-INFLATABLE-LOGO.png\",\"width\":200,\"height\":190,\"caption\":\"Chinee Inflatable\"},\"image\":{\"@id\":\"https:\/\/www.chinee-inflatable.com\/#\/schema\/logo\/image\/\"},\"sameAs\":[\"https:\/\/www.facebook.com\/ChineeInflatabletian\/\"],\"description\":\"Chinee Inflatable established in 1998, Chinee has grown to become one of the largest inflatable manufacturers in China.At Chinee, we take pride in our skilled workforce and our ability to cater to the unique needs of our clients. We specialize in producing custom inflatable designs, providing our clients with a diverse range of options for their specific requirements.\",\"email\":\"info@chinee-inflatable.com\",\"telephone\":\"+86-18826065077\",\"legalName\":\"Chinee Inflatable\",\"foundingDate\":\"1998-01-02\",\"numberOfEmployees\":{\"@type\":\"QuantitativeValue\",\"minValue\":\"501\",\"maxValue\":\"1000\"}}]}<\/script>\n<!-- \/ Yoast SEO Premium plugin. -->","yoast_head_json":{"title":"Privacy Policy - Chinee Inflatable","description":"Privacy Policy Chinee Inflatable","robots":{"index":"index","follow":"follow","max-snippet":"max-snippet:-1","max-image-preview":"max-image-preview:large","max-video-preview":"max-video-preview:-1"},"canonical":"https:\/\/www.chinee-inflatable.com\/it\/privacy-policy\/","og_locale":"it_IT","og_type":"article","og_title":"Privacy Policy Chinee Inflatable","og_description":"Privacy Policy Chinee Inflatable","og_url":"https:\/\/www.chinee-inflatable.com\/it\/privacy-policy\/","og_site_name":"Chinee Inflatable","article_publisher":"https:\/\/www.facebook.com\/ChineeInflatabletian\/","article_modified_time":"2026-01-29T02:08:22+00:00","og_image":[{"width":1200,"height":900,"url":"https:\/\/www.chinee-inflatable.com\/wp-content\/uploads\/2024\/11\/DJI_0267.jpg","type":"image\/jpeg"}],"twitter_card":"summary_large_image","twitter_misc":{"Tempo di lettura stimato":"4 minuti"},"schema":{"@context":"https:\/\/schema.org","@graph":[{"@type":"WebPage","@id":"https:\/\/www.chinee-inflatable.com\/privacy-policy\/","url":"https:\/\/www.chinee-inflatable.com\/privacy-policy\/","name":"Privacy Policy - Chinee Inflatable","isPartOf":{"@id":"https:\/\/www.chinee-inflatable.com\/#website"},"datePublished":"2022-04-27T03:17:46+00:00","dateModified":"2026-01-29T02:08:22+00:00","description":"Privacy Policy Chinee Inflatable","breadcrumb":{"@id":"https:\/\/www.chinee-inflatable.com\/privacy-policy\/#breadcrumb"},"inLanguage":"it-IT","potentialAction":[{"@type":"ReadAction","target":["https:\/\/www.chinee-inflatable.com\/privacy-policy\/"]}]},{"@type":"BreadcrumbList","@id":"https:\/\/www.chinee-inflatable.com\/privacy-policy\/#breadcrumb","itemListElement":[{"@type":"ListItem","position":1,"name":"Home","item":"https:\/\/www.chinee-inflatable.com\/"},{"@type":"ListItem","position":2,"name":"Privacy Policy"}]},{"@type":"WebSite","@id":"https:\/\/www.chinee-inflatable.com\/#website","url":"https:\/\/www.chinee-inflatable.com\/","name":"Chinee Inflatable Factory","description":"Offer you lower price &amp; higher quality inflatables.","publisher":{"@id":"https:\/\/www.chinee-inflatable.com\/#organization"},"alternateName":"Chinee Inflatable Bounce","potentialAction":[{"@type":"SearchAction","target":{"@type":"EntryPoint","urlTemplate":"https:\/\/www.chinee-inflatable.com\/?s={search_term_string}"},"query-input":{"@type":"PropertyValueSpecification","valueRequired":true,"valueName":"search_term_string"}}],"inLanguage":"it-IT"},{"@type":"Organization","@id":"https:\/\/www.chinee-inflatable.com\/#organization","name":"Chinee Inflatable","alternateName":"Chinee Inflatable Bounce","url":"https:\/\/www.chinee-inflatable.com\/","logo":{"@type":"ImageObject","inLanguage":"it-IT","@id":"https:\/\/www.chinee-inflatable.com\/#\/schema\/logo\/image\/","url":"https:\/\/www.chinee-inflatable.com\/wp-content\/uploads\/2021\/11\/cropped-CHINEE-INFLATABLE-LOGO.png","contentUrl":"https:\/\/www.chinee-inflatable.com\/wp-content\/uploads\/2021\/11\/cropped-CHINEE-INFLATABLE-LOGO.png","width":200,"height":190,"caption":"Chinee Inflatable"},"image":{"@id":"https:\/\/www.chinee-inflatable.com\/#\/schema\/logo\/image\/"},"sameAs":["https:\/\/www.facebook.com\/ChineeInflatabletian\/"],"description":"Chinee Inflatable established in 1998, Chinee has grown to become one of the largest inflatable manufacturers in China.At Chinee, we take pride in our skilled workforce and our ability to cater to the unique needs of our clients. We specialize in producing custom inflatable designs, providing our clients with a diverse range of options for their specific requirements.","email":"info@chinee-inflatable.com","telephone":"+86-18826065077","legalName":"Chinee Inflatable","foundingDate":"1998-01-02","numberOfEmployees":{"@type":"QuantitativeValue","minValue":"501","maxValue":"1000"}}]}},"_links":{"self":[{"href":"https:\/\/www.chinee-inflatable.com\/it\/wp-json\/wp\/v2\/pages\/51298","targetHints":{"allow":["GET"]}}],"collection":[{"href":"https:\/\/www.chinee-inflatable.com\/it\/wp-json\/wp\/v2\/pages"}],"about":[{"href":"https:\/\/www.chinee-inflatable.com\/it\/wp-json\/wp\/v2\/types\/page"}],"author":[{"embeddable":true,"href":"https:\/\/www.chinee-inflatable.com\/it\/wp-json\/wp\/v2\/users\/1"}],"replies":[{"embeddable":true,"href":"https:\/\/www.chinee-inflatable.com\/it\/wp-json\/wp\/v2\/comments?post=51298"}],"version-history":[{"count":1,"href":"https:\/\/www.chinee-inflatable.com\/it\/wp-json\/wp\/v2\/pages\/51298\/revisions"}],"predecessor-version":[{"id":87142,"href":"https:\/\/www.chinee-inflatable.com\/it\/wp-json\/wp\/v2\/pages\/51298\/revisions\/87142"}],"wp:attachment":[{"href":"https:\/\/www.chinee-inflatable.com\/it\/wp-json\/wp\/v2\/media?parent=51298"}],"curies":[{"name":"wp","href":"https:\/\/api.w.org\/{rel}","templated":true}]}}