{"id":84812,"date":"2025-08-21T15:40:50","date_gmt":"2025-08-21T07:40:50","guid":{"rendered":"https:\/\/www.chinee-inflatable.com\/product\/tent1-4635-special-event-inflatable-cat-dome\/"},"modified":"2025-08-21T16:23:36","modified_gmt":"2025-08-21T08:23:36","slug":"tent1-4635-special-event-inflatable-cat-dome","status":"publish","type":"product","link":"https:\/\/www.chinee-inflatable.com\/fr\/produit\/tent1-4635-special-event-inflatable-cat-dome\/","title":{"rendered":"Tent1-4635 D\u00f4me gonflable pour chat pour \u00e9v\u00e9nements sp\u00e9ciaux"},"content":{"rendered":"","protected":false},"excerpt":{"rendered":"","protected":false},"featured_media":84811,"template":"","meta":{"_acf_changed":false},"product_brand":[],"product_cat":[106],"product_tag":[286],"class_list":{"0":"post-84812","1":"product","2":"type-product","3":"status-publish","4":"has-post-thumbnail","6":"product_cat-inflatable-dome","7":"product_tag-cat","9":"first","10":"instock","11":"shipping-taxable","12":"product-type-simple"},"acf":[],"gallery_images":[84813],"yoast_head":"<!-- This site is optimized with the Yoast SEO Premium plugin v24.1 (Yoast SEO v25.0) - https:\/\/yoast.com\/wordpress\/plugins\/seo\/ -->\n<title>Tent1-4635 Special Event Inflatable Cat Dome - Chinee Inflatable<\/title>\n<meta name=\"description\" content=\"Model: Tent1-4635 ; Size : 17\u00d79.5\u00d74 m \/ 55.8\u00d731.2\u00d713.1 ft ; Weight: 600 Kg \/ 1,322.8 lbs ; Material: 0.55 mm and 0.9 mm PVC Tarpaulin\" \/>\n<meta name=\"robots\" content=\"index, follow, max-snippet:-1, max-image-preview:large, max-video-preview:-1\" \/>\n<link rel=\"canonical\" href=\"https:\/\/www.chinee-inflatable.com\/fr\/produit\/tent1-4635-special-event-inflatable-cat-dome\/\" \/>\n<meta property=\"og:locale\" content=\"fr_FR\" \/>\n<meta property=\"og:type\" content=\"article\" \/>\n<meta property=\"og:title\" content=\"Tent1-4635 Special Event Inflatable Cat Dome\" \/>\n<meta property=\"og:description\" content=\"Model: Tent1-4635 ; Size : 17\u00d79.5\u00d74 m \/ 55.8\u00d731.2\u00d713.1 ft ; Weight: 600 Kg \/ 1,322.8 lbs ; Material: 0.55 mm and 0.9 mm PVC Tarpaulin\" \/>\n<meta property=\"og:url\" content=\"https:\/\/www.chinee-inflatable.com\/fr\/produit\/tent1-4635-special-event-inflatable-cat-dome\/\" \/>\n<meta property=\"og:site_name\" content=\"Chinee Inflatable\" \/>\n<meta property=\"article:publisher\" content=\"https:\/\/www.facebook.com\/ChineeInflatabletian\/\" \/>\n<meta property=\"article:modified_time\" content=\"2025-08-21T08:23:36+00:00\" \/>\n<meta property=\"og:image\" content=\"https:\/\/www.chinee-inflatable.com\/wp-content\/uploads\/2025\/08\/Tent1-4635.jpg\" \/>\n\t<meta property=\"og:image:width\" content=\"1000\" \/>\n\t<meta property=\"og:image:height\" content=\"954\" \/>\n\t<meta property=\"og:image:type\" content=\"image\/jpeg\" \/>\n<meta name=\"twitter:card\" content=\"summary_large_image\" \/>\n<meta name=\"twitter:description\" content=\"Model: Tent1-4635 ; Size : 17\u00d79.5\u00d74 m \/ 55.8\u00d731.2\u00d713.1 ft ; Weight: 600 Kg \/ 1,322.8 lbs ; Material: 0.55 mm and 0.9 mm PVC Tarpaulin\" \/>\n<script type=\"application\/ld+json\" class=\"yoast-schema-graph\">{\"@context\":\"https:\/\/schema.org\",\"@graph\":[{\"@type\":\"WebPage\",\"@id\":\"https:\/\/www.chinee-inflatable.com\/product\/tent1-4635-special-event-inflatable-cat-dome\/\",\"url\":\"https:\/\/www.chinee-inflatable.com\/product\/tent1-4635-special-event-inflatable-cat-dome\/\",\"name\":\"Tent1-4635 Special Event Inflatable Cat Dome - Chinee Inflatable\",\"isPartOf\":{\"@id\":\"https:\/\/www.chinee-inflatable.com\/#website\"},\"primaryImageOfPage\":{\"@id\":\"https:\/\/www.chinee-inflatable.com\/product\/tent1-4635-special-event-inflatable-cat-dome\/#primaryimage\"},\"image\":{\"@id\":\"https:\/\/www.chinee-inflatable.com\/product\/tent1-4635-special-event-inflatable-cat-dome\/#primaryimage\"},\"thumbnailUrl\":\"https:\/\/www.chinee-inflatable.com\/wp-content\/uploads\/2025\/08\/Tent1-4635.jpg\",\"datePublished\":\"2025-08-21T07:40:50+00:00\",\"dateModified\":\"2025-08-21T08:23:36+00:00\",\"description\":\"Model: Tent1-4635 ; Size : 17\u00d79.5\u00d74 m \/ 55.8\u00d731.2\u00d713.1 ft ; Weight: 600 Kg \/ 1,322.8 lbs ; Material: 0.55 mm and 0.9 mm PVC Tarpaulin\",\"breadcrumb\":{\"@id\":\"https:\/\/www.chinee-inflatable.com\/product\/tent1-4635-special-event-inflatable-cat-dome\/#breadcrumb\"},\"inLanguage\":\"fr-FR\",\"potentialAction\":[{\"@type\":\"ReadAction\",\"target\":[\"https:\/\/www.chinee-inflatable.com\/product\/tent1-4635-special-event-inflatable-cat-dome\/\"]}]},{\"@type\":\"ImageObject\",\"inLanguage\":\"fr-FR\",\"@id\":\"https:\/\/www.chinee-inflatable.com\/product\/tent1-4635-special-event-inflatable-cat-dome\/#primaryimage\",\"url\":\"https:\/\/www.chinee-inflatable.com\/wp-content\/uploads\/2025\/08\/Tent1-4635.jpg\",\"contentUrl\":\"https:\/\/www.chinee-inflatable.com\/wp-content\/uploads\/2025\/08\/Tent1-4635.jpg\",\"width\":1000,\"height\":954,\"caption\":\"Inflatable Dome\"},{\"@type\":\"BreadcrumbList\",\"@id\":\"https:\/\/www.chinee-inflatable.com\/product\/tent1-4635-special-event-inflatable-cat-dome\/#breadcrumb\",\"itemListElement\":[{\"@type\":\"ListItem\",\"position\":1,\"name\":\"Home\",\"item\":\"https:\/\/www.chinee-inflatable.com\/\"},{\"@type\":\"ListItem\",\"position\":2,\"name\":\"Products\",\"item\":\"https:\/\/www.chinee-inflatable.com\/shop\/\"},{\"@type\":\"ListItem\",\"position\":3,\"name\":\"Tent1-4635 Special Event Inflatable Cat Dome\"}]},{\"@type\":\"WebSite\",\"@id\":\"https:\/\/www.chinee-inflatable.com\/#website\",\"url\":\"https:\/\/www.chinee-inflatable.com\/\",\"name\":\"Chinee Inflatable Factory\",\"description\":\"Offer you lower price &amp; higher quality inflatables.\",\"publisher\":{\"@id\":\"https:\/\/www.chinee-inflatable.com\/#organization\"},\"alternateName\":\"Chinee Inflatable Bounce\",\"potentialAction\":[{\"@type\":\"SearchAction\",\"target\":{\"@type\":\"EntryPoint\",\"urlTemplate\":\"https:\/\/www.chinee-inflatable.com\/?s={search_term_string}\"},\"query-input\":{\"@type\":\"PropertyValueSpecification\",\"valueRequired\":true,\"valueName\":\"search_term_string\"}}],\"inLanguage\":\"fr-FR\"},{\"@type\":\"Organization\",\"@id\":\"https:\/\/www.chinee-inflatable.com\/#organization\",\"name\":\"Chinee Inflatable\",\"alternateName\":\"Chinee Inflatable Bounce\",\"url\":\"https:\/\/www.chinee-inflatable.com\/\",\"logo\":{\"@type\":\"ImageObject\",\"inLanguage\":\"fr-FR\",\"@id\":\"https:\/\/www.chinee-inflatable.com\/#\/schema\/logo\/image\/\",\"url\":\"https:\/\/www.chinee-inflatable.com\/wp-content\/uploads\/2021\/11\/cropped-CHINEE-INFLATABLE-LOGO.png\",\"contentUrl\":\"https:\/\/www.chinee-inflatable.com\/wp-content\/uploads\/2021\/11\/cropped-CHINEE-INFLATABLE-LOGO.png\",\"width\":200,\"height\":190,\"caption\":\"Chinee Inflatable\"},\"image\":{\"@id\":\"https:\/\/www.chinee-inflatable.com\/#\/schema\/logo\/image\/\"},\"sameAs\":[\"https:\/\/www.facebook.com\/ChineeInflatabletian\/\"],\"description\":\"Chinee Inflatable established in 1998, Chinee has grown to become one of the largest inflatable manufacturers in China.At Chinee, we take pride in our skilled workforce and our ability to cater to the unique needs of our clients. We specialize in producing custom inflatable designs, providing our clients with a diverse range of options for their specific requirements.\",\"email\":\"info@chinee-inflatable.com\",\"telephone\":\"+86-18826065077\",\"legalName\":\"Chinee Inflatable\",\"foundingDate\":\"1998-01-02\",\"numberOfEmployees\":{\"@type\":\"QuantitativeValue\",\"minValue\":\"501\",\"maxValue\":\"1000\"}}]}<\/script>\n<!-- \/ Yoast SEO Premium plugin. -->","yoast_head_json":{"title":"Tent1-4635 Special Event Inflatable Cat Dome - Chinee Inflatable","description":"Model: Tent1-4635 ; Size : 17\u00d79.5\u00d74 m \/ 55.8\u00d731.2\u00d713.1 ft ; Weight: 600 Kg \/ 1,322.8 lbs ; Material: 0.55 mm and 0.9 mm PVC Tarpaulin","robots":{"index":"index","follow":"follow","max-snippet":"max-snippet:-1","max-image-preview":"max-image-preview:large","max-video-preview":"max-video-preview:-1"},"canonical":"https:\/\/www.chinee-inflatable.com\/fr\/produit\/tent1-4635-special-event-inflatable-cat-dome\/","og_locale":"fr_FR","og_type":"article","og_title":"Tent1-4635 Special Event Inflatable Cat Dome","og_description":"Model: Tent1-4635 ; Size : 17\u00d79.5\u00d74 m \/ 55.8\u00d731.2\u00d713.1 ft ; Weight: 600 Kg \/ 1,322.8 lbs ; Material: 0.55 mm and 0.9 mm PVC Tarpaulin","og_url":"https:\/\/www.chinee-inflatable.com\/fr\/produit\/tent1-4635-special-event-inflatable-cat-dome\/","og_site_name":"Chinee Inflatable","article_publisher":"https:\/\/www.facebook.com\/ChineeInflatabletian\/","article_modified_time":"2025-08-21T08:23:36+00:00","og_image":[{"width":1000,"height":954,"url":"https:\/\/www.chinee-inflatable.com\/wp-content\/uploads\/2025\/08\/Tent1-4635.jpg","type":"image\/jpeg"}],"twitter_card":"summary_large_image","twitter_description":"Model: Tent1-4635 ; Size : 17\u00d79.5\u00d74 m \/ 55.8\u00d731.2\u00d713.1 ft ; Weight: 600 Kg \/ 1,322.8 lbs ; Material: 0.55 mm and 0.9 mm PVC Tarpaulin","schema":{"@context":"https:\/\/schema.org","@graph":[{"@type":"WebPage","@id":"https:\/\/www.chinee-inflatable.com\/product\/tent1-4635-special-event-inflatable-cat-dome\/","url":"https:\/\/www.chinee-inflatable.com\/product\/tent1-4635-special-event-inflatable-cat-dome\/","name":"Tent1-4635 Special Event Inflatable Cat Dome - Chinee Inflatable","isPartOf":{"@id":"https:\/\/www.chinee-inflatable.com\/#website"},"primaryImageOfPage":{"@id":"https:\/\/www.chinee-inflatable.com\/product\/tent1-4635-special-event-inflatable-cat-dome\/#primaryimage"},"image":{"@id":"https:\/\/www.chinee-inflatable.com\/product\/tent1-4635-special-event-inflatable-cat-dome\/#primaryimage"},"thumbnailUrl":"https:\/\/www.chinee-inflatable.com\/wp-content\/uploads\/2025\/08\/Tent1-4635.jpg","datePublished":"2025-08-21T07:40:50+00:00","dateModified":"2025-08-21T08:23:36+00:00","description":"Model: Tent1-4635 ; Size : 17\u00d79.5\u00d74 m \/ 55.8\u00d731.2\u00d713.1 ft ; Weight: 600 Kg \/ 1,322.8 lbs ; Material: 0.55 mm and 0.9 mm PVC Tarpaulin","breadcrumb":{"@id":"https:\/\/www.chinee-inflatable.com\/product\/tent1-4635-special-event-inflatable-cat-dome\/#breadcrumb"},"inLanguage":"fr-FR","potentialAction":[{"@type":"ReadAction","target":["https:\/\/www.chinee-inflatable.com\/product\/tent1-4635-special-event-inflatable-cat-dome\/"]}]},{"@type":"ImageObject","inLanguage":"fr-FR","@id":"https:\/\/www.chinee-inflatable.com\/product\/tent1-4635-special-event-inflatable-cat-dome\/#primaryimage","url":"https:\/\/www.chinee-inflatable.com\/wp-content\/uploads\/2025\/08\/Tent1-4635.jpg","contentUrl":"https:\/\/www.chinee-inflatable.com\/wp-content\/uploads\/2025\/08\/Tent1-4635.jpg","width":1000,"height":954,"caption":"Inflatable Dome"},{"@type":"BreadcrumbList","@id":"https:\/\/www.chinee-inflatable.com\/product\/tent1-4635-special-event-inflatable-cat-dome\/#breadcrumb","itemListElement":[{"@type":"ListItem","position":1,"name":"Home","item":"https:\/\/www.chinee-inflatable.com\/"},{"@type":"ListItem","position":2,"name":"Products","item":"https:\/\/www.chinee-inflatable.com\/shop\/"},{"@type":"ListItem","position":3,"name":"Tent1-4635 Special Event Inflatable Cat Dome"}]},{"@type":"WebSite","@id":"https:\/\/www.chinee-inflatable.com\/#website","url":"https:\/\/www.chinee-inflatable.com\/","name":"Chinee Inflatable Factory","description":"Offer you lower price &amp; higher quality inflatables.","publisher":{"@id":"https:\/\/www.chinee-inflatable.com\/#organization"},"alternateName":"Chinee Inflatable Bounce","potentialAction":[{"@type":"SearchAction","target":{"@type":"EntryPoint","urlTemplate":"https:\/\/www.chinee-inflatable.com\/?s={search_term_string}"},"query-input":{"@type":"PropertyValueSpecification","valueRequired":true,"valueName":"search_term_string"}}],"inLanguage":"fr-FR"},{"@type":"Organization","@id":"https:\/\/www.chinee-inflatable.com\/#organization","name":"Chinee Inflatable","alternateName":"Chinee Inflatable Bounce","url":"https:\/\/www.chinee-inflatable.com\/","logo":{"@type":"ImageObject","inLanguage":"fr-FR","@id":"https:\/\/www.chinee-inflatable.com\/#\/schema\/logo\/image\/","url":"https:\/\/www.chinee-inflatable.com\/wp-content\/uploads\/2021\/11\/cropped-CHINEE-INFLATABLE-LOGO.png","contentUrl":"https:\/\/www.chinee-inflatable.com\/wp-content\/uploads\/2021\/11\/cropped-CHINEE-INFLATABLE-LOGO.png","width":200,"height":190,"caption":"Chinee Inflatable"},"image":{"@id":"https:\/\/www.chinee-inflatable.com\/#\/schema\/logo\/image\/"},"sameAs":["https:\/\/www.facebook.com\/ChineeInflatabletian\/"],"description":"Chinee Inflatable established in 1998, Chinee has grown to become one of the largest inflatable manufacturers in China.At Chinee, we take pride in our skilled workforce and our ability to cater to the unique needs of our clients. We specialize in producing custom inflatable designs, providing our clients with a diverse range of options for their specific requirements.","email":"info@chinee-inflatable.com","telephone":"+86-18826065077","legalName":"Chinee Inflatable","foundingDate":"1998-01-02","numberOfEmployees":{"@type":"QuantitativeValue","minValue":"501","maxValue":"1000"}}]}},"_links":{"self":[{"href":"https:\/\/www.chinee-inflatable.com\/fr\/wp-json\/wp\/v2\/product\/84812","targetHints":{"allow":["GET"]}}],"collection":[{"href":"https:\/\/www.chinee-inflatable.com\/fr\/wp-json\/wp\/v2\/product"}],"about":[{"href":"https:\/\/www.chinee-inflatable.com\/fr\/wp-json\/wp\/v2\/types\/product"}],"wp:featuredmedia":[{"embeddable":true,"href":"https:\/\/www.chinee-inflatable.com\/fr\/wp-json\/wp\/v2\/media\/84811"}],"wp:attachment":[{"href":"https:\/\/www.chinee-inflatable.com\/fr\/wp-json\/wp\/v2\/media?parent=84812"}],"wp:term":[{"taxonomy":"product_brand","embeddable":true,"href":"https:\/\/www.chinee-inflatable.com\/fr\/wp-json\/wp\/v2\/product_brand?post=84812"},{"taxonomy":"product_cat","embeddable":true,"href":"https:\/\/www.chinee-inflatable.com\/fr\/wp-json\/wp\/v2\/product_cat?post=84812"},{"taxonomy":"product_tag","embeddable":true,"href":"https:\/\/www.chinee-inflatable.com\/fr\/wp-json\/wp\/v2\/product_tag?post=84812"}],"curies":[{"name":"wp","href":"https:\/\/api.w.org\/{rel}","templated":true}]}}