{"id":81755,"date":"2025-08-21T14:58:33","date_gmt":"2025-08-21T06:58:33","guid":{"rendered":"https:\/\/www.chinee-inflatable.com\/product\/s4-638-giant-advertising-inflatable-rocket-cartoon-decoration-model\/"},"modified":"2025-08-21T16:21:05","modified_gmt":"2025-08-21T08:21:05","slug":"s4-638-giant-advertising-inflatable-rocket-cartoon-decoration-model","status":"publish","type":"product","link":"https:\/\/www.chinee-inflatable.com\/fr\/produit\/s4-638-giant-advertising-inflatable-rocket-cartoon-decoration-model\/","title":{"rendered":"S4-638 Fus\u00e9e gonflable publicitaire g\u00e9ante Mod\u00e8le de d\u00e9coration de dessin anim\u00e9"},"content":{"rendered":"","protected":false},"excerpt":{"rendered":"","protected":false},"featured_media":81754,"template":"","meta":{"_acf_changed":false},"product_brand":[],"product_cat":[161],"product_tag":[443,201,202],"class_list":{"0":"post-81755","1":"product","2":"type-product","3":"status-publish","4":"has-post-thumbnail","6":"product_cat-inflatable-model-product","7":"product_tag-custom-inflatables","8":"product_tag-rocket","9":"product_tag-space","11":"first","12":"instock","13":"shipping-taxable","14":"product-type-simple"},"acf":[],"gallery_images":[],"yoast_head":"<!-- This site is optimized with the Yoast SEO Premium plugin v24.1 (Yoast SEO v25.0) - https:\/\/yoast.com\/wordpress\/plugins\/seo\/ -->\n<title>S4-638 Giant Advertising Inflatable Rocket Cartoon Decoration Model - Chinee Inflatable<\/title>\n<meta name=\"description\" content=\"Model: S4-638 ; Size : Can be customized ; Weight: Customized ; Material: 0.55 mm and 0.9 mm PVC Tarpaulin\" \/>\n<meta name=\"robots\" content=\"index, follow, max-snippet:-1, max-image-preview:large, max-video-preview:-1\" \/>\n<link rel=\"canonical\" href=\"https:\/\/www.chinee-inflatable.com\/fr\/produit\/s4-638-giant-advertising-inflatable-rocket-cartoon-decoration-model\/\" \/>\n<meta property=\"og:locale\" content=\"fr_FR\" \/>\n<meta property=\"og:type\" content=\"article\" \/>\n<meta property=\"og:title\" content=\"S4-638 Giant Advertising Inflatable Rocket Cartoon Decoration Model\" \/>\n<meta property=\"og:description\" content=\"Model: S4-638 ; Size : Can be customized ; Weight: Customized ; Material: 0.55 mm and 0.9 mm PVC Tarpaulin\" \/>\n<meta property=\"og:url\" content=\"https:\/\/www.chinee-inflatable.com\/fr\/produit\/s4-638-giant-advertising-inflatable-rocket-cartoon-decoration-model\/\" \/>\n<meta property=\"og:site_name\" content=\"Chinee Inflatable\" \/>\n<meta property=\"article:publisher\" content=\"https:\/\/www.facebook.com\/ChineeInflatabletian\/\" \/>\n<meta property=\"article:modified_time\" content=\"2025-08-21T08:21:05+00:00\" \/>\n<meta property=\"og:image\" content=\"https:\/\/www.chinee-inflatable.com\/wp-content\/uploads\/2025\/08\/S4-638.jpg\" \/>\n\t<meta property=\"og:image:width\" content=\"1000\" \/>\n\t<meta property=\"og:image:height\" content=\"954\" \/>\n\t<meta property=\"og:image:type\" content=\"image\/jpeg\" \/>\n<meta name=\"twitter:card\" content=\"summary_large_image\" \/>\n<meta name=\"twitter:description\" content=\"Model: S4-638 ; Size : Can be customized ; Weight: Customized ; Material: 0.55 mm and 0.9 mm PVC Tarpaulin\" \/>\n<script type=\"application\/ld+json\" class=\"yoast-schema-graph\">{\"@context\":\"https:\/\/schema.org\",\"@graph\":[{\"@type\":\"WebPage\",\"@id\":\"https:\/\/www.chinee-inflatable.com\/product\/s4-638-giant-advertising-inflatable-rocket-cartoon-decoration-model\/\",\"url\":\"https:\/\/www.chinee-inflatable.com\/product\/s4-638-giant-advertising-inflatable-rocket-cartoon-decoration-model\/\",\"name\":\"S4-638 Giant Advertising Inflatable Rocket Cartoon Decoration Model - Chinee Inflatable\",\"isPartOf\":{\"@id\":\"https:\/\/www.chinee-inflatable.com\/#website\"},\"primaryImageOfPage\":{\"@id\":\"https:\/\/www.chinee-inflatable.com\/product\/s4-638-giant-advertising-inflatable-rocket-cartoon-decoration-model\/#primaryimage\"},\"image\":{\"@id\":\"https:\/\/www.chinee-inflatable.com\/product\/s4-638-giant-advertising-inflatable-rocket-cartoon-decoration-model\/#primaryimage\"},\"thumbnailUrl\":\"https:\/\/www.chinee-inflatable.com\/wp-content\/uploads\/2025\/08\/S4-638.jpg\",\"datePublished\":\"2025-08-21T06:58:33+00:00\",\"dateModified\":\"2025-08-21T08:21:05+00:00\",\"description\":\"Model: S4-638 ; Size : Can be customized ; Weight: Customized ; Material: 0.55 mm and 0.9 mm PVC Tarpaulin\",\"breadcrumb\":{\"@id\":\"https:\/\/www.chinee-inflatable.com\/product\/s4-638-giant-advertising-inflatable-rocket-cartoon-decoration-model\/#breadcrumb\"},\"inLanguage\":\"fr-FR\",\"potentialAction\":[{\"@type\":\"ReadAction\",\"target\":[\"https:\/\/www.chinee-inflatable.com\/product\/s4-638-giant-advertising-inflatable-rocket-cartoon-decoration-model\/\"]}]},{\"@type\":\"ImageObject\",\"inLanguage\":\"fr-FR\",\"@id\":\"https:\/\/www.chinee-inflatable.com\/product\/s4-638-giant-advertising-inflatable-rocket-cartoon-decoration-model\/#primaryimage\",\"url\":\"https:\/\/www.chinee-inflatable.com\/wp-content\/uploads\/2025\/08\/S4-638.jpg\",\"contentUrl\":\"https:\/\/www.chinee-inflatable.com\/wp-content\/uploads\/2025\/08\/S4-638.jpg\",\"width\":1000,\"height\":954,\"caption\":\"Inflatable Model Product\"},{\"@type\":\"BreadcrumbList\",\"@id\":\"https:\/\/www.chinee-inflatable.com\/product\/s4-638-giant-advertising-inflatable-rocket-cartoon-decoration-model\/#breadcrumb\",\"itemListElement\":[{\"@type\":\"ListItem\",\"position\":1,\"name\":\"Home\",\"item\":\"https:\/\/www.chinee-inflatable.com\/\"},{\"@type\":\"ListItem\",\"position\":2,\"name\":\"Products\",\"item\":\"https:\/\/www.chinee-inflatable.com\/shop\/\"},{\"@type\":\"ListItem\",\"position\":3,\"name\":\"S4-638 Giant Advertising Inflatable Rocket Cartoon Decoration Model\"}]},{\"@type\":\"WebSite\",\"@id\":\"https:\/\/www.chinee-inflatable.com\/#website\",\"url\":\"https:\/\/www.chinee-inflatable.com\/\",\"name\":\"Chinee Inflatable Factory\",\"description\":\"Offer you lower price &amp; higher quality inflatables.\",\"publisher\":{\"@id\":\"https:\/\/www.chinee-inflatable.com\/#organization\"},\"alternateName\":\"Chinee Inflatable Bounce\",\"potentialAction\":[{\"@type\":\"SearchAction\",\"target\":{\"@type\":\"EntryPoint\",\"urlTemplate\":\"https:\/\/www.chinee-inflatable.com\/?s={search_term_string}\"},\"query-input\":{\"@type\":\"PropertyValueSpecification\",\"valueRequired\":true,\"valueName\":\"search_term_string\"}}],\"inLanguage\":\"fr-FR\"},{\"@type\":\"Organization\",\"@id\":\"https:\/\/www.chinee-inflatable.com\/#organization\",\"name\":\"Chinee Inflatable\",\"alternateName\":\"Chinee Inflatable Bounce\",\"url\":\"https:\/\/www.chinee-inflatable.com\/\",\"logo\":{\"@type\":\"ImageObject\",\"inLanguage\":\"fr-FR\",\"@id\":\"https:\/\/www.chinee-inflatable.com\/#\/schema\/logo\/image\/\",\"url\":\"https:\/\/www.chinee-inflatable.com\/wp-content\/uploads\/2021\/11\/cropped-CHINEE-INFLATABLE-LOGO.png\",\"contentUrl\":\"https:\/\/www.chinee-inflatable.com\/wp-content\/uploads\/2021\/11\/cropped-CHINEE-INFLATABLE-LOGO.png\",\"width\":200,\"height\":190,\"caption\":\"Chinee Inflatable\"},\"image\":{\"@id\":\"https:\/\/www.chinee-inflatable.com\/#\/schema\/logo\/image\/\"},\"sameAs\":[\"https:\/\/www.facebook.com\/ChineeInflatabletian\/\"],\"description\":\"Chinee Inflatable established in 1998, Chinee has grown to become one of the largest inflatable manufacturers in China.At Chinee, we take pride in our skilled workforce and our ability to cater to the unique needs of our clients. We specialize in producing custom inflatable designs, providing our clients with a diverse range of options for their specific requirements.\",\"email\":\"info@chinee-inflatable.com\",\"telephone\":\"+86-18826065077\",\"legalName\":\"Chinee Inflatable\",\"foundingDate\":\"1998-01-02\",\"numberOfEmployees\":{\"@type\":\"QuantitativeValue\",\"minValue\":\"501\",\"maxValue\":\"1000\"}}]}<\/script>\n<!-- \/ Yoast SEO Premium plugin. -->","yoast_head_json":{"title":"S4-638 Giant Advertising Inflatable Rocket Cartoon Decoration Model - Chinee Inflatable","description":"Model: S4-638 ; Size : Can be customized ; Weight: Customized ; Material: 0.55 mm and 0.9 mm PVC Tarpaulin","robots":{"index":"index","follow":"follow","max-snippet":"max-snippet:-1","max-image-preview":"max-image-preview:large","max-video-preview":"max-video-preview:-1"},"canonical":"https:\/\/www.chinee-inflatable.com\/fr\/produit\/s4-638-giant-advertising-inflatable-rocket-cartoon-decoration-model\/","og_locale":"fr_FR","og_type":"article","og_title":"S4-638 Giant Advertising Inflatable Rocket Cartoon Decoration Model","og_description":"Model: S4-638 ; Size : Can be customized ; Weight: Customized ; Material: 0.55 mm and 0.9 mm PVC Tarpaulin","og_url":"https:\/\/www.chinee-inflatable.com\/fr\/produit\/s4-638-giant-advertising-inflatable-rocket-cartoon-decoration-model\/","og_site_name":"Chinee Inflatable","article_publisher":"https:\/\/www.facebook.com\/ChineeInflatabletian\/","article_modified_time":"2025-08-21T08:21:05+00:00","og_image":[{"width":1000,"height":954,"url":"https:\/\/www.chinee-inflatable.com\/wp-content\/uploads\/2025\/08\/S4-638.jpg","type":"image\/jpeg"}],"twitter_card":"summary_large_image","twitter_description":"Model: S4-638 ; Size : Can be customized ; Weight: Customized ; Material: 0.55 mm and 0.9 mm PVC Tarpaulin","schema":{"@context":"https:\/\/schema.org","@graph":[{"@type":"WebPage","@id":"https:\/\/www.chinee-inflatable.com\/product\/s4-638-giant-advertising-inflatable-rocket-cartoon-decoration-model\/","url":"https:\/\/www.chinee-inflatable.com\/product\/s4-638-giant-advertising-inflatable-rocket-cartoon-decoration-model\/","name":"S4-638 Giant Advertising Inflatable Rocket Cartoon Decoration Model - Chinee Inflatable","isPartOf":{"@id":"https:\/\/www.chinee-inflatable.com\/#website"},"primaryImageOfPage":{"@id":"https:\/\/www.chinee-inflatable.com\/product\/s4-638-giant-advertising-inflatable-rocket-cartoon-decoration-model\/#primaryimage"},"image":{"@id":"https:\/\/www.chinee-inflatable.com\/product\/s4-638-giant-advertising-inflatable-rocket-cartoon-decoration-model\/#primaryimage"},"thumbnailUrl":"https:\/\/www.chinee-inflatable.com\/wp-content\/uploads\/2025\/08\/S4-638.jpg","datePublished":"2025-08-21T06:58:33+00:00","dateModified":"2025-08-21T08:21:05+00:00","description":"Model: S4-638 ; Size : Can be customized ; Weight: Customized ; Material: 0.55 mm and 0.9 mm PVC Tarpaulin","breadcrumb":{"@id":"https:\/\/www.chinee-inflatable.com\/product\/s4-638-giant-advertising-inflatable-rocket-cartoon-decoration-model\/#breadcrumb"},"inLanguage":"fr-FR","potentialAction":[{"@type":"ReadAction","target":["https:\/\/www.chinee-inflatable.com\/product\/s4-638-giant-advertising-inflatable-rocket-cartoon-decoration-model\/"]}]},{"@type":"ImageObject","inLanguage":"fr-FR","@id":"https:\/\/www.chinee-inflatable.com\/product\/s4-638-giant-advertising-inflatable-rocket-cartoon-decoration-model\/#primaryimage","url":"https:\/\/www.chinee-inflatable.com\/wp-content\/uploads\/2025\/08\/S4-638.jpg","contentUrl":"https:\/\/www.chinee-inflatable.com\/wp-content\/uploads\/2025\/08\/S4-638.jpg","width":1000,"height":954,"caption":"Inflatable Model Product"},{"@type":"BreadcrumbList","@id":"https:\/\/www.chinee-inflatable.com\/product\/s4-638-giant-advertising-inflatable-rocket-cartoon-decoration-model\/#breadcrumb","itemListElement":[{"@type":"ListItem","position":1,"name":"Home","item":"https:\/\/www.chinee-inflatable.com\/"},{"@type":"ListItem","position":2,"name":"Products","item":"https:\/\/www.chinee-inflatable.com\/shop\/"},{"@type":"ListItem","position":3,"name":"S4-638 Giant Advertising Inflatable Rocket Cartoon Decoration Model"}]},{"@type":"WebSite","@id":"https:\/\/www.chinee-inflatable.com\/#website","url":"https:\/\/www.chinee-inflatable.com\/","name":"Chinee Inflatable Factory","description":"Offer you lower price &amp; higher quality inflatables.","publisher":{"@id":"https:\/\/www.chinee-inflatable.com\/#organization"},"alternateName":"Chinee Inflatable Bounce","potentialAction":[{"@type":"SearchAction","target":{"@type":"EntryPoint","urlTemplate":"https:\/\/www.chinee-inflatable.com\/?s={search_term_string}"},"query-input":{"@type":"PropertyValueSpecification","valueRequired":true,"valueName":"search_term_string"}}],"inLanguage":"fr-FR"},{"@type":"Organization","@id":"https:\/\/www.chinee-inflatable.com\/#organization","name":"Chinee Inflatable","alternateName":"Chinee Inflatable Bounce","url":"https:\/\/www.chinee-inflatable.com\/","logo":{"@type":"ImageObject","inLanguage":"fr-FR","@id":"https:\/\/www.chinee-inflatable.com\/#\/schema\/logo\/image\/","url":"https:\/\/www.chinee-inflatable.com\/wp-content\/uploads\/2021\/11\/cropped-CHINEE-INFLATABLE-LOGO.png","contentUrl":"https:\/\/www.chinee-inflatable.com\/wp-content\/uploads\/2021\/11\/cropped-CHINEE-INFLATABLE-LOGO.png","width":200,"height":190,"caption":"Chinee Inflatable"},"image":{"@id":"https:\/\/www.chinee-inflatable.com\/#\/schema\/logo\/image\/"},"sameAs":["https:\/\/www.facebook.com\/ChineeInflatabletian\/"],"description":"Chinee Inflatable established in 1998, Chinee has grown to become one of the largest inflatable manufacturers in China.At Chinee, we take pride in our skilled workforce and our ability to cater to the unique needs of our clients. We specialize in producing custom inflatable designs, providing our clients with a diverse range of options for their specific requirements.","email":"info@chinee-inflatable.com","telephone":"+86-18826065077","legalName":"Chinee Inflatable","foundingDate":"1998-01-02","numberOfEmployees":{"@type":"QuantitativeValue","minValue":"501","maxValue":"1000"}}]}},"_links":{"self":[{"href":"https:\/\/www.chinee-inflatable.com\/fr\/wp-json\/wp\/v2\/product\/81755","targetHints":{"allow":["GET"]}}],"collection":[{"href":"https:\/\/www.chinee-inflatable.com\/fr\/wp-json\/wp\/v2\/product"}],"about":[{"href":"https:\/\/www.chinee-inflatable.com\/fr\/wp-json\/wp\/v2\/types\/product"}],"wp:featuredmedia":[{"embeddable":true,"href":"https:\/\/www.chinee-inflatable.com\/fr\/wp-json\/wp\/v2\/media\/81754"}],"wp:attachment":[{"href":"https:\/\/www.chinee-inflatable.com\/fr\/wp-json\/wp\/v2\/media?parent=81755"}],"wp:term":[{"taxonomy":"product_brand","embeddable":true,"href":"https:\/\/www.chinee-inflatable.com\/fr\/wp-json\/wp\/v2\/product_brand?post=81755"},{"taxonomy":"product_cat","embeddable":true,"href":"https:\/\/www.chinee-inflatable.com\/fr\/wp-json\/wp\/v2\/product_cat?post=81755"},{"taxonomy":"product_tag","embeddable":true,"href":"https:\/\/www.chinee-inflatable.com\/fr\/wp-json\/wp\/v2\/product_tag?post=81755"}],"curies":[{"name":"wp","href":"https:\/\/api.w.org\/{rel}","templated":true}]}}