{"id":4117,"date":"2021-10-15T16:07:51","date_gmt":"2021-10-15T08:07:51","guid":{"rendered":"http:\/\/www.chinee-inflatable.com\/?post_type=product&#038;p=4117"},"modified":"2025-08-27T14:54:21","modified_gmt":"2025-08-27T06:54:21","slug":"t8-732-outdoor-inflatable-giant-dry-slide-animal-theme-for-commercial-used","status":"publish","type":"product","link":"https:\/\/www.chinee-inflatable.com\/fr\/produit\/t8-732-outdoor-inflatable-giant-dry-slide-animal-theme-for-commercial-used\/","title":{"rendered":"T8-732 Toboggan gonflable g\u00e9ant \u00e0 sec pour l'ext\u00e9rieur Th\u00e8me animalier pour usage commercial"},"content":{"rendered":"","protected":false},"excerpt":{"rendered":"","protected":false},"featured_media":66698,"template":"","meta":{"_acf_changed":false},"product_brand":[],"product_cat":[213],"product_tag":[219,209,23,169,194],"class_list":{"0":"post-4117","1":"product","2":"type-product","3":"status-publish","4":"has-post-thumbnail","6":"product_cat-inflatable-dry-slide","7":"product_tag-elephant","8":"product_tag-giraffe","9":"product_tag-hot-inflatables","10":"product_tag-in-stock-fast-delivery","11":"product_tag-jungle-theme","13":"first","14":"instock","15":"shipping-taxable","16":"purchasable","17":"product-type-simple"},"acf":[],"gallery_images":[66699,66700,66701,66698,66702,66703,66704,66705,66706],"yoast_head":"<!-- This site is optimized with the Yoast SEO Premium plugin v24.1 (Yoast SEO v25.0) - https:\/\/yoast.com\/wordpress\/plugins\/seo\/ -->\n<title>T8-732 Outdoor Inflatable Giant Dry Slide Animal Theme For Commercial Used - Chinee Inflatable<\/title>\n<meta name=\"description\" content=\"Model: T8-732 ; Size : 7\u00d74.5\u00d75 m \/ 23.0\u00d714.8\u00d716.4 ft ; Weight: 160 Kg \/ 352.7 lbs ; Material: 0.55 mm and 0.9 mm PVC Tarpaulin\" \/>\n<meta name=\"robots\" content=\"index, follow, max-snippet:-1, max-image-preview:large, max-video-preview:-1\" \/>\n<link rel=\"canonical\" href=\"https:\/\/www.chinee-inflatable.com\/fr\/produit\/t8-732-outdoor-inflatable-giant-dry-slide-animal-theme-for-commercial-used\/\" \/>\n<meta property=\"og:locale\" content=\"fr_FR\" \/>\n<meta property=\"og:type\" content=\"article\" \/>\n<meta property=\"og:title\" content=\"T8-732 Outdoor Inflatable Giant Dry Slide Animal Theme For Commercial Used\" \/>\n<meta property=\"og:description\" content=\"Model: T8-732 ; Size : 7\u00d74.5\u00d75 m \/ 23.0\u00d714.8\u00d716.4 ft ; Weight: 160 Kg \/ 352.7 lbs ; Material: 0.55 mm and 0.9 mm PVC Tarpaulin\" \/>\n<meta property=\"og:url\" content=\"https:\/\/www.chinee-inflatable.com\/fr\/produit\/t8-732-outdoor-inflatable-giant-dry-slide-animal-theme-for-commercial-used\/\" \/>\n<meta property=\"og:site_name\" content=\"Chinee Inflatable\" \/>\n<meta property=\"article:publisher\" content=\"https:\/\/www.facebook.com\/ChineeInflatabletian\/\" \/>\n<meta property=\"article:modified_time\" content=\"2025-08-27T06:54:21+00:00\" \/>\n<meta property=\"og:image\" content=\"https:\/\/www.chinee-inflatable.com\/wp-content\/uploads\/2023\/05\/DJI_0102.jpg\" \/>\n\t<meta property=\"og:image:width\" content=\"1200\" \/>\n\t<meta property=\"og:image:height\" content=\"900\" \/>\n\t<meta property=\"og:image:type\" content=\"image\/jpeg\" \/>\n<meta name=\"twitter:card\" content=\"summary_large_image\" \/>\n<meta name=\"twitter:description\" content=\"Model: T8-732 ; Size : 7\u00d74.5\u00d75 m \/ 23.0\u00d714.8\u00d716.4 ft ; Weight: 160 Kg \/ 352.7 lbs ; Material: 0.55 mm and 0.9 mm PVC Tarpaulin\" \/>\n<script type=\"application\/ld+json\" class=\"yoast-schema-graph\">{\"@context\":\"https:\/\/schema.org\",\"@graph\":[{\"@type\":\"WebPage\",\"@id\":\"https:\/\/www.chinee-inflatable.com\/product\/t8-732-outdoor-inflatable-giant-dry-slide-animal-theme-for-commercial-used\/\",\"url\":\"https:\/\/www.chinee-inflatable.com\/product\/t8-732-outdoor-inflatable-giant-dry-slide-animal-theme-for-commercial-used\/\",\"name\":\"T8-732 Outdoor Inflatable Giant Dry Slide Animal Theme For Commercial Used - Chinee Inflatable\",\"isPartOf\":{\"@id\":\"https:\/\/www.chinee-inflatable.com\/#website\"},\"primaryImageOfPage\":{\"@id\":\"https:\/\/www.chinee-inflatable.com\/product\/t8-732-outdoor-inflatable-giant-dry-slide-animal-theme-for-commercial-used\/#primaryimage\"},\"image\":{\"@id\":\"https:\/\/www.chinee-inflatable.com\/product\/t8-732-outdoor-inflatable-giant-dry-slide-animal-theme-for-commercial-used\/#primaryimage\"},\"thumbnailUrl\":\"https:\/\/www.chinee-inflatable.com\/wp-content\/uploads\/2023\/05\/DJI_0102.jpg\",\"datePublished\":\"2021-10-15T08:07:51+00:00\",\"dateModified\":\"2025-08-27T06:54:21+00:00\",\"description\":\"Model: T8-732 ; Size : 7\u00d74.5\u00d75 m \/ 23.0\u00d714.8\u00d716.4 ft ; Weight: 160 Kg \/ 352.7 lbs ; Material: 0.55 mm and 0.9 mm PVC Tarpaulin\",\"breadcrumb\":{\"@id\":\"https:\/\/www.chinee-inflatable.com\/product\/t8-732-outdoor-inflatable-giant-dry-slide-animal-theme-for-commercial-used\/#breadcrumb\"},\"inLanguage\":\"fr-FR\",\"potentialAction\":[{\"@type\":\"ReadAction\",\"target\":[\"https:\/\/www.chinee-inflatable.com\/product\/t8-732-outdoor-inflatable-giant-dry-slide-animal-theme-for-commercial-used\/\"]}]},{\"@type\":\"ImageObject\",\"inLanguage\":\"fr-FR\",\"@id\":\"https:\/\/www.chinee-inflatable.com\/product\/t8-732-outdoor-inflatable-giant-dry-slide-animal-theme-for-commercial-used\/#primaryimage\",\"url\":\"https:\/\/www.chinee-inflatable.com\/wp-content\/uploads\/2023\/05\/DJI_0102.jpg\",\"contentUrl\":\"https:\/\/www.chinee-inflatable.com\/wp-content\/uploads\/2023\/05\/DJI_0102.jpg\",\"width\":1200,\"height\":900},{\"@type\":\"BreadcrumbList\",\"@id\":\"https:\/\/www.chinee-inflatable.com\/product\/t8-732-outdoor-inflatable-giant-dry-slide-animal-theme-for-commercial-used\/#breadcrumb\",\"itemListElement\":[{\"@type\":\"ListItem\",\"position\":1,\"name\":\"Home\",\"item\":\"https:\/\/www.chinee-inflatable.com\/\"},{\"@type\":\"ListItem\",\"position\":2,\"name\":\"Products\",\"item\":\"https:\/\/www.chinee-inflatable.com\/shop\/\"},{\"@type\":\"ListItem\",\"position\":3,\"name\":\"T8-732 Outdoor Inflatable Giant Dry Slide Animal Theme For Commercial Used\"}]},{\"@type\":\"WebSite\",\"@id\":\"https:\/\/www.chinee-inflatable.com\/#website\",\"url\":\"https:\/\/www.chinee-inflatable.com\/\",\"name\":\"Chinee Inflatable Factory\",\"description\":\"Offer you lower price &amp; higher quality inflatables.\",\"publisher\":{\"@id\":\"https:\/\/www.chinee-inflatable.com\/#organization\"},\"alternateName\":\"Chinee Inflatable Bounce\",\"potentialAction\":[{\"@type\":\"SearchAction\",\"target\":{\"@type\":\"EntryPoint\",\"urlTemplate\":\"https:\/\/www.chinee-inflatable.com\/?s={search_term_string}\"},\"query-input\":{\"@type\":\"PropertyValueSpecification\",\"valueRequired\":true,\"valueName\":\"search_term_string\"}}],\"inLanguage\":\"fr-FR\"},{\"@type\":\"Organization\",\"@id\":\"https:\/\/www.chinee-inflatable.com\/#organization\",\"name\":\"Chinee Inflatable\",\"alternateName\":\"Chinee Inflatable Bounce\",\"url\":\"https:\/\/www.chinee-inflatable.com\/\",\"logo\":{\"@type\":\"ImageObject\",\"inLanguage\":\"fr-FR\",\"@id\":\"https:\/\/www.chinee-inflatable.com\/#\/schema\/logo\/image\/\",\"url\":\"https:\/\/www.chinee-inflatable.com\/wp-content\/uploads\/2021\/11\/cropped-CHINEE-INFLATABLE-LOGO.png\",\"contentUrl\":\"https:\/\/www.chinee-inflatable.com\/wp-content\/uploads\/2021\/11\/cropped-CHINEE-INFLATABLE-LOGO.png\",\"width\":200,\"height\":190,\"caption\":\"Chinee Inflatable\"},\"image\":{\"@id\":\"https:\/\/www.chinee-inflatable.com\/#\/schema\/logo\/image\/\"},\"sameAs\":[\"https:\/\/www.facebook.com\/ChineeInflatabletian\/\"],\"description\":\"Chinee Inflatable established in 1998, Chinee has grown to become one of the largest inflatable manufacturers in China.At Chinee, we take pride in our skilled workforce and our ability to cater to the unique needs of our clients. We specialize in producing custom inflatable designs, providing our clients with a diverse range of options for their specific requirements.\",\"email\":\"info@chinee-inflatable.com\",\"telephone\":\"+86-18826065077\",\"legalName\":\"Chinee Inflatable\",\"foundingDate\":\"1998-01-02\",\"numberOfEmployees\":{\"@type\":\"QuantitativeValue\",\"minValue\":\"501\",\"maxValue\":\"1000\"}}]}<\/script>\n<!-- \/ Yoast SEO Premium plugin. -->","yoast_head_json":{"title":"T8-732 Outdoor Inflatable Giant Dry Slide Animal Theme For Commercial Used - Chinee Inflatable","description":"Model: T8-732 ; Size : 7\u00d74.5\u00d75 m \/ 23.0\u00d714.8\u00d716.4 ft ; Weight: 160 Kg \/ 352.7 lbs ; Material: 0.55 mm and 0.9 mm PVC Tarpaulin","robots":{"index":"index","follow":"follow","max-snippet":"max-snippet:-1","max-image-preview":"max-image-preview:large","max-video-preview":"max-video-preview:-1"},"canonical":"https:\/\/www.chinee-inflatable.com\/fr\/produit\/t8-732-outdoor-inflatable-giant-dry-slide-animal-theme-for-commercial-used\/","og_locale":"fr_FR","og_type":"article","og_title":"T8-732 Outdoor Inflatable Giant Dry Slide Animal Theme For Commercial Used","og_description":"Model: T8-732 ; Size : 7\u00d74.5\u00d75 m \/ 23.0\u00d714.8\u00d716.4 ft ; Weight: 160 Kg \/ 352.7 lbs ; Material: 0.55 mm and 0.9 mm PVC Tarpaulin","og_url":"https:\/\/www.chinee-inflatable.com\/fr\/produit\/t8-732-outdoor-inflatable-giant-dry-slide-animal-theme-for-commercial-used\/","og_site_name":"Chinee Inflatable","article_publisher":"https:\/\/www.facebook.com\/ChineeInflatabletian\/","article_modified_time":"2025-08-27T06:54:21+00:00","og_image":[{"width":1200,"height":900,"url":"https:\/\/www.chinee-inflatable.com\/wp-content\/uploads\/2023\/05\/DJI_0102.jpg","type":"image\/jpeg"}],"twitter_card":"summary_large_image","twitter_description":"Model: T8-732 ; Size : 7\u00d74.5\u00d75 m \/ 23.0\u00d714.8\u00d716.4 ft ; Weight: 160 Kg \/ 352.7 lbs ; Material: 0.55 mm and 0.9 mm PVC Tarpaulin","schema":{"@context":"https:\/\/schema.org","@graph":[{"@type":"WebPage","@id":"https:\/\/www.chinee-inflatable.com\/product\/t8-732-outdoor-inflatable-giant-dry-slide-animal-theme-for-commercial-used\/","url":"https:\/\/www.chinee-inflatable.com\/product\/t8-732-outdoor-inflatable-giant-dry-slide-animal-theme-for-commercial-used\/","name":"T8-732 Outdoor Inflatable Giant Dry Slide Animal Theme For Commercial Used - Chinee Inflatable","isPartOf":{"@id":"https:\/\/www.chinee-inflatable.com\/#website"},"primaryImageOfPage":{"@id":"https:\/\/www.chinee-inflatable.com\/product\/t8-732-outdoor-inflatable-giant-dry-slide-animal-theme-for-commercial-used\/#primaryimage"},"image":{"@id":"https:\/\/www.chinee-inflatable.com\/product\/t8-732-outdoor-inflatable-giant-dry-slide-animal-theme-for-commercial-used\/#primaryimage"},"thumbnailUrl":"https:\/\/www.chinee-inflatable.com\/wp-content\/uploads\/2023\/05\/DJI_0102.jpg","datePublished":"2021-10-15T08:07:51+00:00","dateModified":"2025-08-27T06:54:21+00:00","description":"Model: T8-732 ; Size : 7\u00d74.5\u00d75 m \/ 23.0\u00d714.8\u00d716.4 ft ; Weight: 160 Kg \/ 352.7 lbs ; Material: 0.55 mm and 0.9 mm PVC Tarpaulin","breadcrumb":{"@id":"https:\/\/www.chinee-inflatable.com\/product\/t8-732-outdoor-inflatable-giant-dry-slide-animal-theme-for-commercial-used\/#breadcrumb"},"inLanguage":"fr-FR","potentialAction":[{"@type":"ReadAction","target":["https:\/\/www.chinee-inflatable.com\/product\/t8-732-outdoor-inflatable-giant-dry-slide-animal-theme-for-commercial-used\/"]}]},{"@type":"ImageObject","inLanguage":"fr-FR","@id":"https:\/\/www.chinee-inflatable.com\/product\/t8-732-outdoor-inflatable-giant-dry-slide-animal-theme-for-commercial-used\/#primaryimage","url":"https:\/\/www.chinee-inflatable.com\/wp-content\/uploads\/2023\/05\/DJI_0102.jpg","contentUrl":"https:\/\/www.chinee-inflatable.com\/wp-content\/uploads\/2023\/05\/DJI_0102.jpg","width":1200,"height":900},{"@type":"BreadcrumbList","@id":"https:\/\/www.chinee-inflatable.com\/product\/t8-732-outdoor-inflatable-giant-dry-slide-animal-theme-for-commercial-used\/#breadcrumb","itemListElement":[{"@type":"ListItem","position":1,"name":"Home","item":"https:\/\/www.chinee-inflatable.com\/"},{"@type":"ListItem","position":2,"name":"Products","item":"https:\/\/www.chinee-inflatable.com\/shop\/"},{"@type":"ListItem","position":3,"name":"T8-732 Outdoor Inflatable Giant Dry Slide Animal Theme For Commercial Used"}]},{"@type":"WebSite","@id":"https:\/\/www.chinee-inflatable.com\/#website","url":"https:\/\/www.chinee-inflatable.com\/","name":"Chinee Inflatable Factory","description":"Offer you lower price &amp; higher quality inflatables.","publisher":{"@id":"https:\/\/www.chinee-inflatable.com\/#organization"},"alternateName":"Chinee Inflatable Bounce","potentialAction":[{"@type":"SearchAction","target":{"@type":"EntryPoint","urlTemplate":"https:\/\/www.chinee-inflatable.com\/?s={search_term_string}"},"query-input":{"@type":"PropertyValueSpecification","valueRequired":true,"valueName":"search_term_string"}}],"inLanguage":"fr-FR"},{"@type":"Organization","@id":"https:\/\/www.chinee-inflatable.com\/#organization","name":"Chinee Inflatable","alternateName":"Chinee Inflatable Bounce","url":"https:\/\/www.chinee-inflatable.com\/","logo":{"@type":"ImageObject","inLanguage":"fr-FR","@id":"https:\/\/www.chinee-inflatable.com\/#\/schema\/logo\/image\/","url":"https:\/\/www.chinee-inflatable.com\/wp-content\/uploads\/2021\/11\/cropped-CHINEE-INFLATABLE-LOGO.png","contentUrl":"https:\/\/www.chinee-inflatable.com\/wp-content\/uploads\/2021\/11\/cropped-CHINEE-INFLATABLE-LOGO.png","width":200,"height":190,"caption":"Chinee Inflatable"},"image":{"@id":"https:\/\/www.chinee-inflatable.com\/#\/schema\/logo\/image\/"},"sameAs":["https:\/\/www.facebook.com\/ChineeInflatabletian\/"],"description":"Chinee Inflatable established in 1998, Chinee has grown to become one of the largest inflatable manufacturers in China.At Chinee, we take pride in our skilled workforce and our ability to cater to the unique needs of our clients. We specialize in producing custom inflatable designs, providing our clients with a diverse range of options for their specific requirements.","email":"info@chinee-inflatable.com","telephone":"+86-18826065077","legalName":"Chinee Inflatable","foundingDate":"1998-01-02","numberOfEmployees":{"@type":"QuantitativeValue","minValue":"501","maxValue":"1000"}}]}},"_links":{"self":[{"href":"https:\/\/www.chinee-inflatable.com\/fr\/wp-json\/wp\/v2\/product\/4117","targetHints":{"allow":["GET"]}}],"collection":[{"href":"https:\/\/www.chinee-inflatable.com\/fr\/wp-json\/wp\/v2\/product"}],"about":[{"href":"https:\/\/www.chinee-inflatable.com\/fr\/wp-json\/wp\/v2\/types\/product"}],"wp:featuredmedia":[{"embeddable":true,"href":"https:\/\/www.chinee-inflatable.com\/fr\/wp-json\/wp\/v2\/media\/66698"}],"wp:attachment":[{"href":"https:\/\/www.chinee-inflatable.com\/fr\/wp-json\/wp\/v2\/media?parent=4117"}],"wp:term":[{"taxonomy":"product_brand","embeddable":true,"href":"https:\/\/www.chinee-inflatable.com\/fr\/wp-json\/wp\/v2\/product_brand?post=4117"},{"taxonomy":"product_cat","embeddable":true,"href":"https:\/\/www.chinee-inflatable.com\/fr\/wp-json\/wp\/v2\/product_cat?post=4117"},{"taxonomy":"product_tag","embeddable":true,"href":"https:\/\/www.chinee-inflatable.com\/fr\/wp-json\/wp\/v2\/product_tag?post=4117"}],"curies":[{"name":"wp","href":"https:\/\/api.w.org\/{rel}","templated":true}]}}