{"id":11821,"date":"2021-10-16T10:37:26","date_gmt":"2021-10-16T02:37:26","guid":{"rendered":"http:\/\/www.chinee-inflatable.com\/?post_type=product&#038;p=11821"},"modified":"2025-08-27T14:55:01","modified_gmt":"2025-08-27T06:55:01","slug":"t8-3344-chateau-gonflable-combo-toboggan-deau-a-double-couloir-exterieur-fete-evenement-chateau-gonflable-pour-enfants","status":"publish","type":"product","link":"https:\/\/www.chinee-inflatable.com\/fr\/produit\/t8-3344-chateau-gonflable-combo-toboggan-deau-a-double-couloir-exterieur-fete-evenement-chateau-gonflable-pour-enfants\/","title":{"rendered":"T8-3344 Ch\u00e2teau gonflable Combo toboggan d'eau \u00e0 double voie Ch\u00e2teau gonflable pour enfants pour une f\u00eate en plein air"},"content":{"rendered":"","protected":false},"excerpt":{"rendered":"","protected":false},"featured_media":11855,"template":"","meta":{"_acf_changed":false},"product_brand":[],"product_cat":[92,97],"product_tag":[23,169],"class_list":{"0":"post-11821","1":"product","2":"type-product","3":"status-publish","4":"has-post-thumbnail","6":"product_cat-inflatable-combos","7":"product_cat-inflatable-castles","8":"product_tag-hot-inflatables","9":"product_tag-in-stock-fast-delivery","11":"first","12":"instock","13":"shipping-taxable","14":"product-type-simple"},"acf":[],"gallery_images":[11856,11857,11858,11859,11860,11861,11862,11863],"yoast_head":"<!-- This site is optimized with the Yoast SEO Premium plugin v24.1 (Yoast SEO v25.0) - https:\/\/yoast.com\/wordpress\/plugins\/seo\/ -->\n<title>T8-3344 Bouncy Castle Combo Double Lane Water Slide Outdoor Party Event Jumping Castle For Kids - Chinee Inflatable<\/title>\n<meta name=\"description\" content=\"Model: T8-3344 ; Size : 8\u00d74\u00d73.5 m \/ 26.2\u00d713.1\u00d711.5 ft ; Weight: 105 Kg \/ 231.5 lbs ; Material: 0.55 mm and 0.9 mm PVC Tarpaulin\" \/>\n<meta name=\"robots\" content=\"index, follow, max-snippet:-1, max-image-preview:large, max-video-preview:-1\" \/>\n<link rel=\"canonical\" href=\"https:\/\/www.chinee-inflatable.com\/fr\/produit\/t8-3344-chateau-gonflable-combo-toboggan-deau-a-double-couloir-exterieur-fete-evenement-chateau-gonflable-pour-enfants\/\" \/>\n<meta property=\"og:locale\" content=\"fr_FR\" \/>\n<meta property=\"og:type\" content=\"article\" \/>\n<meta property=\"og:title\" content=\"T8-3344 Bouncy Castle Combo Double Lane Water Slide Outdoor Party Event Jumping Castle For Kids\" \/>\n<meta property=\"og:description\" content=\"Model: T8-3344 ; Size : 8\u00d74\u00d73.5 m \/ 26.2\u00d713.1\u00d711.5 ft ; Weight: 105 Kg \/ 231.5 lbs ; Material: 0.55 mm and 0.9 mm PVC Tarpaulin\" \/>\n<meta property=\"og:url\" content=\"https:\/\/www.chinee-inflatable.com\/fr\/produit\/t8-3344-chateau-gonflable-combo-toboggan-deau-a-double-couloir-exterieur-fete-evenement-chateau-gonflable-pour-enfants\/\" \/>\n<meta property=\"og:site_name\" content=\"Chinee Inflatable\" \/>\n<meta property=\"article:publisher\" content=\"https:\/\/www.facebook.com\/ChineeInflatabletian\/\" \/>\n<meta property=\"article:modified_time\" content=\"2025-08-27T06:55:01+00:00\" \/>\n<meta property=\"og:image\" content=\"https:\/\/www.chinee-inflatable.com\/wp-content\/uploads\/2021\/10\/DJI_0130.jpg\" \/>\n\t<meta property=\"og:image:width\" content=\"1200\" \/>\n\t<meta property=\"og:image:height\" content=\"900\" \/>\n\t<meta property=\"og:image:type\" content=\"image\/jpeg\" \/>\n<meta name=\"twitter:card\" content=\"summary_large_image\" \/>\n<meta name=\"twitter:description\" content=\"Model: T8-3344 ; Size : 8\u00d74\u00d73.5 m \/ 26.2\u00d713.1\u00d711.5 ft ; Weight: 105 Kg \/ 231.5 lbs ; Material: 0.55 mm and 0.9 mm PVC Tarpaulin\" \/>\n<script type=\"application\/ld+json\" class=\"yoast-schema-graph\">{\"@context\":\"https:\/\/schema.org\",\"@graph\":[{\"@type\":\"WebPage\",\"@id\":\"https:\/\/www.chinee-inflatable.com\/product\/t8-3344-bouncy-castle-combo-double-lane-water-slide-outdoor-party-event-jumping-castle-for-kids\/\",\"url\":\"https:\/\/www.chinee-inflatable.com\/product\/t8-3344-bouncy-castle-combo-double-lane-water-slide-outdoor-party-event-jumping-castle-for-kids\/\",\"name\":\"T8-3344 Bouncy Castle Combo Double Lane Water Slide Outdoor Party Event Jumping Castle For Kids - Chinee Inflatable\",\"isPartOf\":{\"@id\":\"https:\/\/www.chinee-inflatable.com\/#website\"},\"primaryImageOfPage\":{\"@id\":\"https:\/\/www.chinee-inflatable.com\/product\/t8-3344-bouncy-castle-combo-double-lane-water-slide-outdoor-party-event-jumping-castle-for-kids\/#primaryimage\"},\"image\":{\"@id\":\"https:\/\/www.chinee-inflatable.com\/product\/t8-3344-bouncy-castle-combo-double-lane-water-slide-outdoor-party-event-jumping-castle-for-kids\/#primaryimage\"},\"thumbnailUrl\":\"https:\/\/www.chinee-inflatable.com\/wp-content\/uploads\/2021\/10\/DJI_0130.jpg\",\"datePublished\":\"2021-10-16T02:37:26+00:00\",\"dateModified\":\"2025-08-27T06:55:01+00:00\",\"description\":\"Model: T8-3344 ; Size : 8\u00d74\u00d73.5 m \/ 26.2\u00d713.1\u00d711.5 ft ; Weight: 105 Kg \/ 231.5 lbs ; Material: 0.55 mm and 0.9 mm PVC Tarpaulin\",\"breadcrumb\":{\"@id\":\"https:\/\/www.chinee-inflatable.com\/product\/t8-3344-bouncy-castle-combo-double-lane-water-slide-outdoor-party-event-jumping-castle-for-kids\/#breadcrumb\"},\"inLanguage\":\"fr-FR\",\"potentialAction\":[{\"@type\":\"ReadAction\",\"target\":[\"https:\/\/www.chinee-inflatable.com\/product\/t8-3344-bouncy-castle-combo-double-lane-water-slide-outdoor-party-event-jumping-castle-for-kids\/\"]}]},{\"@type\":\"ImageObject\",\"inLanguage\":\"fr-FR\",\"@id\":\"https:\/\/www.chinee-inflatable.com\/product\/t8-3344-bouncy-castle-combo-double-lane-water-slide-outdoor-party-event-jumping-castle-for-kids\/#primaryimage\",\"url\":\"https:\/\/www.chinee-inflatable.com\/wp-content\/uploads\/2021\/10\/DJI_0130.jpg\",\"contentUrl\":\"https:\/\/www.chinee-inflatable.com\/wp-content\/uploads\/2021\/10\/DJI_0130.jpg\",\"width\":1200,\"height\":900},{\"@type\":\"BreadcrumbList\",\"@id\":\"https:\/\/www.chinee-inflatable.com\/product\/t8-3344-bouncy-castle-combo-double-lane-water-slide-outdoor-party-event-jumping-castle-for-kids\/#breadcrumb\",\"itemListElement\":[{\"@type\":\"ListItem\",\"position\":1,\"name\":\"Home\",\"item\":\"https:\/\/www.chinee-inflatable.com\/\"},{\"@type\":\"ListItem\",\"position\":2,\"name\":\"Products\",\"item\":\"https:\/\/www.chinee-inflatable.com\/shop\/\"},{\"@type\":\"ListItem\",\"position\":3,\"name\":\"T8-3344 Bouncy Castle Combo Double Lane Water Slide Outdoor Party Event Jumping Castle For Kids\"}]},{\"@type\":\"WebSite\",\"@id\":\"https:\/\/www.chinee-inflatable.com\/#website\",\"url\":\"https:\/\/www.chinee-inflatable.com\/\",\"name\":\"Chinee Inflatable Factory\",\"description\":\"Offer you lower price &amp; higher quality inflatables.\",\"publisher\":{\"@id\":\"https:\/\/www.chinee-inflatable.com\/#organization\"},\"alternateName\":\"Chinee Inflatable Bounce\",\"potentialAction\":[{\"@type\":\"SearchAction\",\"target\":{\"@type\":\"EntryPoint\",\"urlTemplate\":\"https:\/\/www.chinee-inflatable.com\/?s={search_term_string}\"},\"query-input\":{\"@type\":\"PropertyValueSpecification\",\"valueRequired\":true,\"valueName\":\"search_term_string\"}}],\"inLanguage\":\"fr-FR\"},{\"@type\":\"Organization\",\"@id\":\"https:\/\/www.chinee-inflatable.com\/#organization\",\"name\":\"Chinee Inflatable\",\"alternateName\":\"Chinee Inflatable Bounce\",\"url\":\"https:\/\/www.chinee-inflatable.com\/\",\"logo\":{\"@type\":\"ImageObject\",\"inLanguage\":\"fr-FR\",\"@id\":\"https:\/\/www.chinee-inflatable.com\/#\/schema\/logo\/image\/\",\"url\":\"https:\/\/www.chinee-inflatable.com\/wp-content\/uploads\/2021\/11\/cropped-CHINEE-INFLATABLE-LOGO.png\",\"contentUrl\":\"https:\/\/www.chinee-inflatable.com\/wp-content\/uploads\/2021\/11\/cropped-CHINEE-INFLATABLE-LOGO.png\",\"width\":200,\"height\":190,\"caption\":\"Chinee Inflatable\"},\"image\":{\"@id\":\"https:\/\/www.chinee-inflatable.com\/#\/schema\/logo\/image\/\"},\"sameAs\":[\"https:\/\/www.facebook.com\/ChineeInflatabletian\/\"],\"description\":\"Chinee Inflatable established in 1998, Chinee has grown to become one of the largest inflatable manufacturers in China.At Chinee, we take pride in our skilled workforce and our ability to cater to the unique needs of our clients. We specialize in producing custom inflatable designs, providing our clients with a diverse range of options for their specific requirements.\",\"email\":\"info@chinee-inflatable.com\",\"telephone\":\"+86-18826065077\",\"legalName\":\"Chinee Inflatable\",\"foundingDate\":\"1998-01-02\",\"numberOfEmployees\":{\"@type\":\"QuantitativeValue\",\"minValue\":\"501\",\"maxValue\":\"1000\"}}]}<\/script>\n<!-- \/ Yoast SEO Premium plugin. -->","yoast_head_json":{"title":"T8-3344 Bouncy Castle Combo Double Lane Water Slide Outdoor Party Event Jumping Castle For Kids - Chinee Inflatable","description":"Model: T8-3344 ; Size : 8\u00d74\u00d73.5 m \/ 26.2\u00d713.1\u00d711.5 ft ; Weight: 105 Kg \/ 231.5 lbs ; Material: 0.55 mm and 0.9 mm PVC Tarpaulin","robots":{"index":"index","follow":"follow","max-snippet":"max-snippet:-1","max-image-preview":"max-image-preview:large","max-video-preview":"max-video-preview:-1"},"canonical":"https:\/\/www.chinee-inflatable.com\/fr\/produit\/t8-3344-chateau-gonflable-combo-toboggan-deau-a-double-couloir-exterieur-fete-evenement-chateau-gonflable-pour-enfants\/","og_locale":"fr_FR","og_type":"article","og_title":"T8-3344 Bouncy Castle Combo Double Lane Water Slide Outdoor Party Event Jumping Castle For Kids","og_description":"Model: T8-3344 ; Size : 8\u00d74\u00d73.5 m \/ 26.2\u00d713.1\u00d711.5 ft ; Weight: 105 Kg \/ 231.5 lbs ; Material: 0.55 mm and 0.9 mm PVC Tarpaulin","og_url":"https:\/\/www.chinee-inflatable.com\/fr\/produit\/t8-3344-chateau-gonflable-combo-toboggan-deau-a-double-couloir-exterieur-fete-evenement-chateau-gonflable-pour-enfants\/","og_site_name":"Chinee Inflatable","article_publisher":"https:\/\/www.facebook.com\/ChineeInflatabletian\/","article_modified_time":"2025-08-27T06:55:01+00:00","og_image":[{"width":1200,"height":900,"url":"https:\/\/www.chinee-inflatable.com\/wp-content\/uploads\/2021\/10\/DJI_0130.jpg","type":"image\/jpeg"}],"twitter_card":"summary_large_image","twitter_description":"Model: T8-3344 ; Size : 8\u00d74\u00d73.5 m \/ 26.2\u00d713.1\u00d711.5 ft ; Weight: 105 Kg \/ 231.5 lbs ; Material: 0.55 mm and 0.9 mm PVC Tarpaulin","schema":{"@context":"https:\/\/schema.org","@graph":[{"@type":"WebPage","@id":"https:\/\/www.chinee-inflatable.com\/product\/t8-3344-bouncy-castle-combo-double-lane-water-slide-outdoor-party-event-jumping-castle-for-kids\/","url":"https:\/\/www.chinee-inflatable.com\/product\/t8-3344-bouncy-castle-combo-double-lane-water-slide-outdoor-party-event-jumping-castle-for-kids\/","name":"T8-3344 Bouncy Castle Combo Double Lane Water Slide Outdoor Party Event Jumping Castle For Kids - Chinee Inflatable","isPartOf":{"@id":"https:\/\/www.chinee-inflatable.com\/#website"},"primaryImageOfPage":{"@id":"https:\/\/www.chinee-inflatable.com\/product\/t8-3344-bouncy-castle-combo-double-lane-water-slide-outdoor-party-event-jumping-castle-for-kids\/#primaryimage"},"image":{"@id":"https:\/\/www.chinee-inflatable.com\/product\/t8-3344-bouncy-castle-combo-double-lane-water-slide-outdoor-party-event-jumping-castle-for-kids\/#primaryimage"},"thumbnailUrl":"https:\/\/www.chinee-inflatable.com\/wp-content\/uploads\/2021\/10\/DJI_0130.jpg","datePublished":"2021-10-16T02:37:26+00:00","dateModified":"2025-08-27T06:55:01+00:00","description":"Model: T8-3344 ; Size : 8\u00d74\u00d73.5 m \/ 26.2\u00d713.1\u00d711.5 ft ; Weight: 105 Kg \/ 231.5 lbs ; Material: 0.55 mm and 0.9 mm PVC Tarpaulin","breadcrumb":{"@id":"https:\/\/www.chinee-inflatable.com\/product\/t8-3344-bouncy-castle-combo-double-lane-water-slide-outdoor-party-event-jumping-castle-for-kids\/#breadcrumb"},"inLanguage":"fr-FR","potentialAction":[{"@type":"ReadAction","target":["https:\/\/www.chinee-inflatable.com\/product\/t8-3344-bouncy-castle-combo-double-lane-water-slide-outdoor-party-event-jumping-castle-for-kids\/"]}]},{"@type":"ImageObject","inLanguage":"fr-FR","@id":"https:\/\/www.chinee-inflatable.com\/product\/t8-3344-bouncy-castle-combo-double-lane-water-slide-outdoor-party-event-jumping-castle-for-kids\/#primaryimage","url":"https:\/\/www.chinee-inflatable.com\/wp-content\/uploads\/2021\/10\/DJI_0130.jpg","contentUrl":"https:\/\/www.chinee-inflatable.com\/wp-content\/uploads\/2021\/10\/DJI_0130.jpg","width":1200,"height":900},{"@type":"BreadcrumbList","@id":"https:\/\/www.chinee-inflatable.com\/product\/t8-3344-bouncy-castle-combo-double-lane-water-slide-outdoor-party-event-jumping-castle-for-kids\/#breadcrumb","itemListElement":[{"@type":"ListItem","position":1,"name":"Home","item":"https:\/\/www.chinee-inflatable.com\/"},{"@type":"ListItem","position":2,"name":"Products","item":"https:\/\/www.chinee-inflatable.com\/shop\/"},{"@type":"ListItem","position":3,"name":"T8-3344 Bouncy Castle Combo Double Lane Water Slide Outdoor Party Event Jumping Castle For Kids"}]},{"@type":"WebSite","@id":"https:\/\/www.chinee-inflatable.com\/#website","url":"https:\/\/www.chinee-inflatable.com\/","name":"Chinee Inflatable Factory","description":"Offer you lower price &amp; higher quality inflatables.","publisher":{"@id":"https:\/\/www.chinee-inflatable.com\/#organization"},"alternateName":"Chinee Inflatable Bounce","potentialAction":[{"@type":"SearchAction","target":{"@type":"EntryPoint","urlTemplate":"https:\/\/www.chinee-inflatable.com\/?s={search_term_string}"},"query-input":{"@type":"PropertyValueSpecification","valueRequired":true,"valueName":"search_term_string"}}],"inLanguage":"fr-FR"},{"@type":"Organization","@id":"https:\/\/www.chinee-inflatable.com\/#organization","name":"Chinee Inflatable","alternateName":"Chinee Inflatable Bounce","url":"https:\/\/www.chinee-inflatable.com\/","logo":{"@type":"ImageObject","inLanguage":"fr-FR","@id":"https:\/\/www.chinee-inflatable.com\/#\/schema\/logo\/image\/","url":"https:\/\/www.chinee-inflatable.com\/wp-content\/uploads\/2021\/11\/cropped-CHINEE-INFLATABLE-LOGO.png","contentUrl":"https:\/\/www.chinee-inflatable.com\/wp-content\/uploads\/2021\/11\/cropped-CHINEE-INFLATABLE-LOGO.png","width":200,"height":190,"caption":"Chinee Inflatable"},"image":{"@id":"https:\/\/www.chinee-inflatable.com\/#\/schema\/logo\/image\/"},"sameAs":["https:\/\/www.facebook.com\/ChineeInflatabletian\/"],"description":"Chinee Inflatable established in 1998, Chinee has grown to become one of the largest inflatable manufacturers in China.At Chinee, we take pride in our skilled workforce and our ability to cater to the unique needs of our clients. We specialize in producing custom inflatable designs, providing our clients with a diverse range of options for their specific requirements.","email":"info@chinee-inflatable.com","telephone":"+86-18826065077","legalName":"Chinee Inflatable","foundingDate":"1998-01-02","numberOfEmployees":{"@type":"QuantitativeValue","minValue":"501","maxValue":"1000"}}]}},"_links":{"self":[{"href":"https:\/\/www.chinee-inflatable.com\/fr\/wp-json\/wp\/v2\/product\/11821","targetHints":{"allow":["GET"]}}],"collection":[{"href":"https:\/\/www.chinee-inflatable.com\/fr\/wp-json\/wp\/v2\/product"}],"about":[{"href":"https:\/\/www.chinee-inflatable.com\/fr\/wp-json\/wp\/v2\/types\/product"}],"wp:featuredmedia":[{"embeddable":true,"href":"https:\/\/www.chinee-inflatable.com\/fr\/wp-json\/wp\/v2\/media\/11855"}],"wp:attachment":[{"href":"https:\/\/www.chinee-inflatable.com\/fr\/wp-json\/wp\/v2\/media?parent=11821"}],"wp:term":[{"taxonomy":"product_brand","embeddable":true,"href":"https:\/\/www.chinee-inflatable.com\/fr\/wp-json\/wp\/v2\/product_brand?post=11821"},{"taxonomy":"product_cat","embeddable":true,"href":"https:\/\/www.chinee-inflatable.com\/fr\/wp-json\/wp\/v2\/product_cat?post=11821"},{"taxonomy":"product_tag","embeddable":true,"href":"https:\/\/www.chinee-inflatable.com\/fr\/wp-json\/wp\/v2\/product_tag?post=11821"}],"curies":[{"name":"wp","href":"https:\/\/api.w.org\/{rel}","templated":true}]}}