{"id":51298,"date":"2022-04-27T11:17:46","date_gmt":"2022-04-27T03:17:46","guid":{"rendered":"http:\/\/www.chinee-inflatable.com\/?page_id=51298"},"modified":"2026-01-29T10:08:22","modified_gmt":"2026-01-29T02:08:22","slug":"privacy-policy","status":"publish","type":"page","link":"https:\/\/www.chinee-inflatable.com\/fr\/privacy-policy\/","title":{"rendered":"Politique de confidentialit\u00e9"},"content":{"rendered":"<div data-elementor-type=\"wp-page\" data-elementor-id=\"51298\" class=\"elementor elementor-51298\" data-elementor-post-type=\"page\">\n\t\t\t\t\t\t<section class=\"elementor-section elementor-top-section elementor-element elementor-element-6cfe4af elementor-section-boxed elementor-section-height-default elementor-section-height-default\" data-id=\"6cfe4af\" data-element_type=\"section\">\n\t\t\t\t\t\t<div class=\"elementor-container elementor-column-gap-default\">\n\t\t\t\t\t<div class=\"elementor-column elementor-col-100 elementor-top-column elementor-element elementor-element-3c5ffec\" data-id=\"3c5ffec\" data-element_type=\"column\">\n\t\t\t<div class=\"elementor-widget-wrap elementor-element-populated\">\n\t\t\t\t\t\t<div class=\"elementor-element elementor-element-89c6fff elementor-widget elementor-widget-heading\" data-id=\"89c6fff\" data-element_type=\"widget\" data-widget_type=\"heading.default\">\n\t\t\t\t<div class=\"elementor-widget-container\">\n\t\t\t\t\t<h2 class=\"elementor-heading-title elementor-size-default\">Politique de confidentialit\u00e9<\/h2>\t\t\t\t<\/div>\n\t\t\t\t<\/div>\n\t\t\t\t<div class=\"elementor-element elementor-element-da50e06 elementor-widget elementor-widget-text-editor\" data-id=\"da50e06\" data-element_type=\"widget\" data-widget_type=\"text-editor.default\">\n\t\t\t\t<div class=\"elementor-widget-container\">\n\t\t\t\t\t\t\t\t\tLa protection de la vie priv\u00e9e est votre droit le plus important, et si vous nous fournissez vos informations personnelles, c'est parce que vous nous faites confiance et que vous savez que nous traiterons vos informations personnelles de mani\u00e8re responsable. Nous pensons que les informations que vous nous fournissez ne peuvent \u00eatre utilis\u00e9es que pour nous aider \u00e0 vous offrir un meilleur service. C'est pourquoi nous avons \u00e9labor\u00e9 notre syst\u00e8me de confidentialit\u00e9 des informations personnelles en ligne afin de prot\u00e9ger vos informations personnelles. Voici un r\u00e9sum\u00e9 de notre politique de confidentialit\u00e9 des informations personnelles :\t\t\t\t\t\t\t\t<\/div>\n\t\t\t\t<\/div>\n\t\t\t\t<div class=\"elementor-element elementor-element-4a06e3d elementor-widget elementor-widget-heading\" data-id=\"4a06e3d\" data-element_type=\"widget\" data-widget_type=\"heading.default\">\n\t\t\t\t<div class=\"elementor-widget-container\">\n\t\t\t\t\t<h3 class=\"elementor-heading-title elementor-size-default\">1. A propos de la collecte de vos informations<\/h3>\t\t\t\t<\/div>\n\t\t\t\t<\/div>\n\t\t\t\t<div class=\"elementor-element elementor-element-90a72d1 elementor-widget elementor-widget-text-editor\" data-id=\"90a72d1\" data-element_type=\"widget\" data-widget_type=\"text-editor.default\">\n\t\t\t\t<div class=\"elementor-widget-container\">\n\t\t\t\t\t\t\t\t\tSur notre site web, vous pouvez commander des produits ou demander de l'aide. Sur ces pages, les informations personnelles que vous devez fournir sont les suivantes : nom, adresse \u00e9lectronique, num\u00e9ro de t\u00e9l\u00e9phone et contenu du message. Afin de vous offrir un meilleur service et de vous aider \u00e0 r\u00e9soudre les probl\u00e8mes li\u00e9s \u00e0 vos besoins, nous prendrons l'initiative de r\u00e9pondre \u00e0 votre courrier \u00e9lectronique apr\u00e8s avoir laiss\u00e9 un message. Vous \u00eates enti\u00e8rement libre de vous inscrire ou non. Nous am\u00e9liorerons continuellement nos produits et services afin de cr\u00e9er et de fournir des produits et services qui r\u00e9pondent mieux \u00e0 vos besoins, et nous pouvons \u00e9galement vous demander de fournir des informations sur vos int\u00e9r\u00eats personnels ou professionnels, vos donn\u00e9es d\u00e9mographiques, votre exp\u00e9rience de l'utilisation de nos produits, vos coordonn\u00e9es pr\u00e9f\u00e9r\u00e9es, etc.\t\t\t\t\t\t\t\t<\/div>\n\t\t\t\t<\/div>\n\t\t\t\t<div class=\"elementor-element elementor-element-6a73b70 elementor-widget elementor-widget-heading\" data-id=\"6a73b70\" data-element_type=\"widget\" data-widget_type=\"heading.default\">\n\t\t\t\t<div class=\"elementor-widget-container\">\n\t\t\t\t\t<h3 class=\"elementor-heading-title elementor-size-default\">2. Sur votre utilisation de l'information<\/h3>\t\t\t\t<\/div>\n\t\t\t\t<\/div>\n\t\t\t\t<div class=\"elementor-element elementor-element-3ed6c15 elementor-widget elementor-widget-text-editor\" data-id=\"3ed6c15\" data-element_type=\"widget\" data-widget_type=\"text-editor.default\">\n\t\t\t\t<div class=\"elementor-widget-container\">\n\t\t\t\t\t\t\t\t\tLes informations que vous fournissez sont strictement confidentielles. Notre soci\u00e9t\u00e9 n'utilise vos informations que pour mieux comprendre vos besoins et vous fournir de meilleurs services, vous aider \u00e0 effectuer des transactions d'achat, vous contacter \u00e0 l'avenir, mettre \u00e0 jour les services \u00e0 votre avantage et vous fournir des informations sur les produits qui r\u00e9pondent mieux \u00e0 vos int\u00e9r\u00eats personnels.\t\t\t\t\t\t\t\t<\/div>\n\t\t\t\t<\/div>\n\t\t\t\t<div class=\"elementor-element elementor-element-a981b9f elementor-widget elementor-widget-heading\" data-id=\"a981b9f\" data-element_type=\"widget\" data-widget_type=\"heading.default\">\n\t\t\t\t<div class=\"elementor-widget-container\">\n\t\t\t\t\t<h2 class=\"elementor-heading-title elementor-size-default\">3. Concernant le contr\u00f4le de vos informations<\/h2>\t\t\t\t<\/div>\n\t\t\t\t<\/div>\n\t\t\t\t<div class=\"elementor-element elementor-element-689b2fc elementor-widget elementor-widget-text-editor\" data-id=\"689b2fc\" data-element_type=\"widget\" data-widget_type=\"text-editor.default\">\n\t\t\t\t<div class=\"elementor-widget-container\">\n\t\t\t\t\t\t\t\t\tLorsque vous nous fournissez des informations personnelles en laissant un message ou autrement, notre soci\u00e9t\u00e9 ne vendra ni ne louera vos informations personnellement identifiables \u00e0 des tiers. Une fois que nos agents sont autoris\u00e9s \u00e0 utiliser vos informations personnelles et vos donn\u00e9es d'enqu\u00eate, ces informations doivent rester strictement confidentielles et ne doivent pas \u00eatre utilis\u00e9es \u00e0 d'autres fins que celles autoris\u00e9es par notre soci\u00e9t\u00e9. Notre soci\u00e9t\u00e9 n'utilisera pas librement ni ne partagera les informations personnelles identifiables que vous nous fournissez d'une mani\u00e8re non li\u00e9e \u00e0 ce qui pr\u00e9c\u00e8de sans que vous en ayez \u00e9t\u00e9 inform\u00e9 et que vous ayez donn\u00e9 votre autorisation. Votre licence est toujours garantie en premier lieu, et nous ne partagerons jamais vos informations avec un tiers qui ne repr\u00e9sente pas notre soci\u00e9t\u00e9 et qui n'est pas li\u00e9 par notre politique de confidentialit\u00e9.\nNous pouvons organiser ou combiner les informations collect\u00e9es sur le site web avec des donn\u00e9es provenant de tiers et les utiliser pour vous fournir des produits ou des services.\n\t\t\t\t\t\t\t\t<\/div>\n\t\t\t\t<\/div>\n\t\t\t\t<div class=\"elementor-element elementor-element-b053d07 elementor-widget elementor-widget-heading\" data-id=\"b053d07\" data-element_type=\"widget\" data-widget_type=\"heading.default\">\n\t\t\t\t<div class=\"elementor-widget-container\">\n\t\t\t\t\t<h2 class=\"elementor-heading-title elementor-size-default\">4. Concernant l'acc\u00e8s \u00e0 vos informations<\/h2>\t\t\t\t<\/div>\n\t\t\t\t<\/div>\n\t\t\t\t<div class=\"elementor-element elementor-element-2b4d1b6 elementor-widget elementor-widget-text-editor\" data-id=\"2b4d1b6\" data-element_type=\"widget\" data-widget_type=\"text-editor.default\">\n\t\t\t\t<div class=\"elementor-widget-container\">\n\t\t\t\t\t\t\t\t\tAfin de prot\u00e9ger votre vie priv\u00e9e et votre s\u00e9curit\u00e9, notre soci\u00e9t\u00e9 prendra des mesures raisonnables pour v\u00e9rifier votre identit\u00e9 avant que vous ne puissiez nous envoyer des informations. Et vous fournir plus d'informations sur les produits que vous visitez sur le site web. Afin que vous puissiez obtenir les services ou les produits que vous souhaitez.\t\t\t\t\t\t\t\t<\/div>\n\t\t\t\t<\/div>\n\t\t\t\t<div class=\"elementor-element elementor-element-1e09273 elementor-widget elementor-widget-heading\" data-id=\"1e09273\" data-element_type=\"widget\" data-widget_type=\"heading.default\">\n\t\t\t\t<div class=\"elementor-widget-container\">\n\t\t\t\t\t<h2 class=\"elementor-heading-title elementor-size-default\">5. S\u00e9curit\u00e9 de vos informations<\/h2>\t\t\t\t<\/div>\n\t\t\t\t<\/div>\n\t\t\t\t<div class=\"elementor-element elementor-element-c51df80 elementor-widget elementor-widget-text-editor\" data-id=\"c51df80\" data-element_type=\"widget\" data-widget_type=\"text-editor.default\">\n\t\t\t\t<div class=\"elementor-widget-container\">\n\t\t\t\t\t\t\t\t\tNous prenons grand soin de prot\u00e9ger vos donn\u00e9es contre la perte, l'utilisation abusive, l'acc\u00e8s ou la divulgation non autoris\u00e9s, l'alt\u00e9ration ou la destruction. Au sein de l'entreprise, les donn\u00e9es sont stock\u00e9es sur des serveurs contr\u00f4l\u00e9s par mot de passe et leur acc\u00e8s est limit\u00e9.\nNous ferons des efforts sinc\u00e8res pour r\u00e9pondre \u00e0 votre demande en temps utile afin de vous fournir un retour d'information sur vos besoins.\t\t\t\t\t\t\t\t<\/div>\n\t\t\t\t<\/div>\n\t\t\t\t<div class=\"elementor-element elementor-element-2260901 elementor-widget elementor-widget-heading\" data-id=\"2260901\" data-element_type=\"widget\" data-widget_type=\"heading.default\">\n\t\t\t\t<div class=\"elementor-widget-container\">\n\t\t\t\t\t<h2 class=\"elementor-heading-title elementor-size-default\">6. Utilisation de la technologie des cookies<\/h2>\t\t\t\t<\/div>\n\t\t\t\t<\/div>\n\t\t\t\t<div class=\"elementor-element elementor-element-44f8556 elementor-widget elementor-widget-text-editor\" data-id=\"44f8556\" data-element_type=\"widget\" data-widget_type=\"text-editor.default\">\n\t\t\t\t<div class=\"elementor-widget-container\">\n\t\t\t\t\t\t\t\t\tGr\u00e2ce \u00e0 l'application de diverses nouvelles technologies sur Internet, notre soci\u00e9t\u00e9 apporte une exp\u00e9rience personnalis\u00e9e aux visiteurs. Nous utilisons la technologie des cookies pour analyser l'utilisation de nos pages web. Un cookie est un texte plac\u00e9 sur le disque dur de votre ordinateur et qui demande une autorisation. L'utilisation de cette technologie ne signifie pas que nous apprenons automatiquement des informations sur vous. Nous pouvons d\u00e9terminer le type d'ordinateur que vous utilisez, mais l'objectif principal de l'utilisation des cookies est de vous offrir une meilleure exp\u00e9rience lorsque vous visitez notre site web. Nous n'avons absolument pas l'intention de porter atteinte \u00e0 votre vie priv\u00e9e lorsque vous utilisez notre site web.<br>\nVous avez \u00e9galement toute latitude pour configurer votre navigateur Internet (Microsoft Internet Explorer ou Netscape Navigator) de mani\u00e8re \u00e0 ce qu'il vous avertisse des demandes de placement de cookies ou qu'il les rejette compl\u00e8tement. Vous pouvez supprimer les fichiers contenant des cookies ; ces fichiers sont enregistr\u00e9s dans votre navigateur Internet.\n\t\t\t\t\t\t\t\t<\/div>\n\t\t\t\t<\/div>\n\t\t\t\t<div class=\"elementor-element elementor-element-5dc16ca elementor-widget elementor-widget-heading\" data-id=\"5dc16ca\" data-element_type=\"widget\" data-widget_type=\"heading.default\">\n\t\t\t\t<div class=\"elementor-widget-container\">\n\t\t\t\t\t<h2 class=\"elementor-heading-title elementor-size-default\">7. Modifications de la pr\u00e9sente d\u00e9claration<\/h2>\t\t\t\t<\/div>\n\t\t\t\t<\/div>\n\t\t\t\t<div class=\"elementor-element elementor-element-d2be824 elementor-widget elementor-widget-text-editor\" data-id=\"d2be824\" data-element_type=\"widget\" data-widget_type=\"text-editor.default\">\n\t\t\t\t<div class=\"elementor-widget-container\">\n\t\t\t\t\t\t\t\t\tLe droit d'interpr\u00e9ter cette d\u00e9claration et le droit d'interpr\u00e9ter l'utilisation de ce site web est attribu\u00e9 \u00e0 notre soci\u00e9t\u00e9. Nous mettons occasionnellement \u00e0 jour la pr\u00e9sente d\u00e9claration de confidentialit\u00e9. Lors de la mise \u00e0 jour, nous r\u00e9viserons \u00e9galement la date de \"derni\u00e8re mise \u00e0 jour\" au bas de la d\u00e9claration de confidentialit\u00e9. En cas de modification substantielle de la pr\u00e9sente d\u00e9claration, notre soci\u00e9t\u00e9 en informera les utilisateurs en pla\u00e7ant un avis bien visible sur le site web.\t\t\t\t\t\t\t\t<\/div>\n\t\t\t\t<\/div>\n\t\t\t\t\t<\/div>\n\t\t<\/div>\n\t\t\t\t\t<\/div>\n\t\t<\/section>\n\t\t\t\t<\/div>","protected":false},"excerpt":{"rendered":"<p>Privacy Policy Privacy is your important right, and providing us with your personal information is based on trusting us and trusting that we will treat your personal information responsibly. We believe that the information you provide can only be used to help us provide you with better service. Therefore, we have formulated our online personal &#8230; <a title=\"Politique de confidentialit\u00e9\" class=\"read-more\" href=\"https:\/\/www.chinee-inflatable.com\/fr\/privacy-policy\/\" aria-label=\"Plus sur Privacy Policy\">Lire plus<\/a><\/p>","protected":false},"author":1,"featured_media":0,"parent":0,"menu_order":0,"comment_status":"closed","ping_status":"closed","template":"elementor_header_footer","meta":{"_acf_changed":false,"footnotes":""},"class_list":["post-51298","page","type-page","status-publish"],"acf":[],"yoast_head":"<!-- This site is optimized with the Yoast SEO Premium plugin v24.1 (Yoast SEO v25.0) - https:\/\/yoast.com\/wordpress\/plugins\/seo\/ -->\n<title>Privacy Policy - Chinee Inflatable<\/title>\n<meta name=\"description\" content=\"Privacy Policy Chinee Inflatable\" \/>\n<meta name=\"robots\" content=\"index, follow, max-snippet:-1, max-image-preview:large, max-video-preview:-1\" \/>\n<link rel=\"canonical\" href=\"https:\/\/www.chinee-inflatable.com\/fr\/privacy-policy\/\" \/>\n<meta property=\"og:locale\" content=\"fr_FR\" \/>\n<meta property=\"og:type\" content=\"article\" \/>\n<meta property=\"og:title\" content=\"Privacy Policy Chinee Inflatable\" \/>\n<meta property=\"og:description\" content=\"Privacy Policy Chinee Inflatable\" \/>\n<meta property=\"og:url\" content=\"https:\/\/www.chinee-inflatable.com\/fr\/privacy-policy\/\" \/>\n<meta property=\"og:site_name\" content=\"Chinee Inflatable\" \/>\n<meta property=\"article:publisher\" content=\"https:\/\/www.facebook.com\/ChineeInflatabletian\/\" \/>\n<meta property=\"article:modified_time\" content=\"2026-01-29T02:08:22+00:00\" \/>\n<meta property=\"og:image\" content=\"https:\/\/www.chinee-inflatable.com\/wp-content\/uploads\/2024\/11\/DJI_0267.jpg\" \/>\n\t<meta property=\"og:image:width\" content=\"1200\" \/>\n\t<meta property=\"og:image:height\" content=\"900\" \/>\n\t<meta property=\"og:image:type\" content=\"image\/jpeg\" \/>\n<meta name=\"twitter:card\" content=\"summary_large_image\" \/>\n<meta name=\"twitter:label1\" content=\"Dur\u00e9e de lecture estim\u00e9e\" \/>\n\t<meta name=\"twitter:data1\" content=\"4 minutes\" \/>\n<script type=\"application\/ld+json\" class=\"yoast-schema-graph\">{\"@context\":\"https:\/\/schema.org\",\"@graph\":[{\"@type\":\"WebPage\",\"@id\":\"https:\/\/www.chinee-inflatable.com\/privacy-policy\/\",\"url\":\"https:\/\/www.chinee-inflatable.com\/privacy-policy\/\",\"name\":\"Privacy Policy - Chinee Inflatable\",\"isPartOf\":{\"@id\":\"https:\/\/www.chinee-inflatable.com\/#website\"},\"datePublished\":\"2022-04-27T03:17:46+00:00\",\"dateModified\":\"2026-01-29T02:08:22+00:00\",\"description\":\"Privacy Policy Chinee Inflatable\",\"breadcrumb\":{\"@id\":\"https:\/\/www.chinee-inflatable.com\/privacy-policy\/#breadcrumb\"},\"inLanguage\":\"fr-FR\",\"potentialAction\":[{\"@type\":\"ReadAction\",\"target\":[\"https:\/\/www.chinee-inflatable.com\/privacy-policy\/\"]}]},{\"@type\":\"BreadcrumbList\",\"@id\":\"https:\/\/www.chinee-inflatable.com\/privacy-policy\/#breadcrumb\",\"itemListElement\":[{\"@type\":\"ListItem\",\"position\":1,\"name\":\"Home\",\"item\":\"https:\/\/www.chinee-inflatable.com\/\"},{\"@type\":\"ListItem\",\"position\":2,\"name\":\"Privacy Policy\"}]},{\"@type\":\"WebSite\",\"@id\":\"https:\/\/www.chinee-inflatable.com\/#website\",\"url\":\"https:\/\/www.chinee-inflatable.com\/\",\"name\":\"Chinee Inflatable Factory\",\"description\":\"Offer you lower price &amp; higher quality inflatables.\",\"publisher\":{\"@id\":\"https:\/\/www.chinee-inflatable.com\/#organization\"},\"alternateName\":\"Chinee Inflatable Bounce\",\"potentialAction\":[{\"@type\":\"SearchAction\",\"target\":{\"@type\":\"EntryPoint\",\"urlTemplate\":\"https:\/\/www.chinee-inflatable.com\/?s={search_term_string}\"},\"query-input\":{\"@type\":\"PropertyValueSpecification\",\"valueRequired\":true,\"valueName\":\"search_term_string\"}}],\"inLanguage\":\"fr-FR\"},{\"@type\":\"Organization\",\"@id\":\"https:\/\/www.chinee-inflatable.com\/#organization\",\"name\":\"Chinee Inflatable\",\"alternateName\":\"Chinee Inflatable Bounce\",\"url\":\"https:\/\/www.chinee-inflatable.com\/\",\"logo\":{\"@type\":\"ImageObject\",\"inLanguage\":\"fr-FR\",\"@id\":\"https:\/\/www.chinee-inflatable.com\/#\/schema\/logo\/image\/\",\"url\":\"https:\/\/www.chinee-inflatable.com\/wp-content\/uploads\/2021\/11\/cropped-CHINEE-INFLATABLE-LOGO.png\",\"contentUrl\":\"https:\/\/www.chinee-inflatable.com\/wp-content\/uploads\/2021\/11\/cropped-CHINEE-INFLATABLE-LOGO.png\",\"width\":200,\"height\":190,\"caption\":\"Chinee Inflatable\"},\"image\":{\"@id\":\"https:\/\/www.chinee-inflatable.com\/#\/schema\/logo\/image\/\"},\"sameAs\":[\"https:\/\/www.facebook.com\/ChineeInflatabletian\/\"],\"description\":\"Chinee Inflatable established in 1998, Chinee has grown to become one of the largest inflatable manufacturers in China.At Chinee, we take pride in our skilled workforce and our ability to cater to the unique needs of our clients. We specialize in producing custom inflatable designs, providing our clients with a diverse range of options for their specific requirements.\",\"email\":\"info@chinee-inflatable.com\",\"telephone\":\"+86-18826065077\",\"legalName\":\"Chinee Inflatable\",\"foundingDate\":\"1998-01-02\",\"numberOfEmployees\":{\"@type\":\"QuantitativeValue\",\"minValue\":\"501\",\"maxValue\":\"1000\"}}]}<\/script>\n<!-- \/ Yoast SEO Premium plugin. -->","yoast_head_json":{"title":"Privacy Policy - Chinee Inflatable","description":"Privacy Policy Chinee Inflatable","robots":{"index":"index","follow":"follow","max-snippet":"max-snippet:-1","max-image-preview":"max-image-preview:large","max-video-preview":"max-video-preview:-1"},"canonical":"https:\/\/www.chinee-inflatable.com\/fr\/privacy-policy\/","og_locale":"fr_FR","og_type":"article","og_title":"Privacy Policy Chinee Inflatable","og_description":"Privacy Policy Chinee Inflatable","og_url":"https:\/\/www.chinee-inflatable.com\/fr\/privacy-policy\/","og_site_name":"Chinee Inflatable","article_publisher":"https:\/\/www.facebook.com\/ChineeInflatabletian\/","article_modified_time":"2026-01-29T02:08:22+00:00","og_image":[{"width":1200,"height":900,"url":"https:\/\/www.chinee-inflatable.com\/wp-content\/uploads\/2024\/11\/DJI_0267.jpg","type":"image\/jpeg"}],"twitter_card":"summary_large_image","twitter_misc":{"Dur\u00e9e de lecture estim\u00e9e":"4 minutes"},"schema":{"@context":"https:\/\/schema.org","@graph":[{"@type":"WebPage","@id":"https:\/\/www.chinee-inflatable.com\/privacy-policy\/","url":"https:\/\/www.chinee-inflatable.com\/privacy-policy\/","name":"Privacy Policy - Chinee Inflatable","isPartOf":{"@id":"https:\/\/www.chinee-inflatable.com\/#website"},"datePublished":"2022-04-27T03:17:46+00:00","dateModified":"2026-01-29T02:08:22+00:00","description":"Privacy Policy Chinee Inflatable","breadcrumb":{"@id":"https:\/\/www.chinee-inflatable.com\/privacy-policy\/#breadcrumb"},"inLanguage":"fr-FR","potentialAction":[{"@type":"ReadAction","target":["https:\/\/www.chinee-inflatable.com\/privacy-policy\/"]}]},{"@type":"BreadcrumbList","@id":"https:\/\/www.chinee-inflatable.com\/privacy-policy\/#breadcrumb","itemListElement":[{"@type":"ListItem","position":1,"name":"Home","item":"https:\/\/www.chinee-inflatable.com\/"},{"@type":"ListItem","position":2,"name":"Privacy Policy"}]},{"@type":"WebSite","@id":"https:\/\/www.chinee-inflatable.com\/#website","url":"https:\/\/www.chinee-inflatable.com\/","name":"Chinee Inflatable Factory","description":"Offer you lower price &amp; higher quality inflatables.","publisher":{"@id":"https:\/\/www.chinee-inflatable.com\/#organization"},"alternateName":"Chinee Inflatable Bounce","potentialAction":[{"@type":"SearchAction","target":{"@type":"EntryPoint","urlTemplate":"https:\/\/www.chinee-inflatable.com\/?s={search_term_string}"},"query-input":{"@type":"PropertyValueSpecification","valueRequired":true,"valueName":"search_term_string"}}],"inLanguage":"fr-FR"},{"@type":"Organization","@id":"https:\/\/www.chinee-inflatable.com\/#organization","name":"Chinee Inflatable","alternateName":"Chinee Inflatable Bounce","url":"https:\/\/www.chinee-inflatable.com\/","logo":{"@type":"ImageObject","inLanguage":"fr-FR","@id":"https:\/\/www.chinee-inflatable.com\/#\/schema\/logo\/image\/","url":"https:\/\/www.chinee-inflatable.com\/wp-content\/uploads\/2021\/11\/cropped-CHINEE-INFLATABLE-LOGO.png","contentUrl":"https:\/\/www.chinee-inflatable.com\/wp-content\/uploads\/2021\/11\/cropped-CHINEE-INFLATABLE-LOGO.png","width":200,"height":190,"caption":"Chinee Inflatable"},"image":{"@id":"https:\/\/www.chinee-inflatable.com\/#\/schema\/logo\/image\/"},"sameAs":["https:\/\/www.facebook.com\/ChineeInflatabletian\/"],"description":"Chinee Inflatable established in 1998, Chinee has grown to become one of the largest inflatable manufacturers in China.At Chinee, we take pride in our skilled workforce and our ability to cater to the unique needs of our clients. We specialize in producing custom inflatable designs, providing our clients with a diverse range of options for their specific requirements.","email":"info@chinee-inflatable.com","telephone":"+86-18826065077","legalName":"Chinee Inflatable","foundingDate":"1998-01-02","numberOfEmployees":{"@type":"QuantitativeValue","minValue":"501","maxValue":"1000"}}]}},"_links":{"self":[{"href":"https:\/\/www.chinee-inflatable.com\/fr\/wp-json\/wp\/v2\/pages\/51298","targetHints":{"allow":["GET"]}}],"collection":[{"href":"https:\/\/www.chinee-inflatable.com\/fr\/wp-json\/wp\/v2\/pages"}],"about":[{"href":"https:\/\/www.chinee-inflatable.com\/fr\/wp-json\/wp\/v2\/types\/page"}],"author":[{"embeddable":true,"href":"https:\/\/www.chinee-inflatable.com\/fr\/wp-json\/wp\/v2\/users\/1"}],"replies":[{"embeddable":true,"href":"https:\/\/www.chinee-inflatable.com\/fr\/wp-json\/wp\/v2\/comments?post=51298"}],"version-history":[{"count":1,"href":"https:\/\/www.chinee-inflatable.com\/fr\/wp-json\/wp\/v2\/pages\/51298\/revisions"}],"predecessor-version":[{"id":87142,"href":"https:\/\/www.chinee-inflatable.com\/fr\/wp-json\/wp\/v2\/pages\/51298\/revisions\/87142"}],"wp:attachment":[{"href":"https:\/\/www.chinee-inflatable.com\/fr\/wp-json\/wp\/v2\/media?parent=51298"}],"curies":[{"name":"wp","href":"https:\/\/api.w.org\/{rel}","templated":true}]}}