{"id":50362,"date":"2022-04-16T03:36:27","date_gmt":"2022-04-16T03:36:27","guid":{"rendered":"http:\/\/www.chinee-inflatable.com\/?page_id=50362"},"modified":"2022-04-16T03:42:48","modified_gmt":"2022-04-16T03:42:48","slug":"devenir-agent","status":"publish","type":"page","link":"https:\/\/www.chinee-inflatable.com\/fr\/devenir-agent\/","title":{"rendered":"Devenir agent"},"content":{"rendered":"<div data-elementor-type=\"wp-page\" data-elementor-id=\"50362\" class=\"elementor elementor-50362\" data-elementor-post-type=\"page\">\n\t\t\t\t\t\t<section class=\"elementor-section elementor-top-section elementor-element elementor-element-9ad7ffb elementor-section-boxed elementor-section-height-default elementor-section-height-default\" data-id=\"9ad7ffb\" data-element_type=\"section\">\n\t\t\t\t\t\t<div class=\"elementor-container elementor-column-gap-default\">\n\t\t\t\t\t<div class=\"elementor-column elementor-col-100 elementor-top-column elementor-element elementor-element-ce80225\" data-id=\"ce80225\" data-element_type=\"column\">\n\t\t\t<div class=\"elementor-widget-wrap elementor-element-populated\">\n\t\t\t\t\t\t<div class=\"elementor-element elementor-element-9746d98 elementor-widget elementor-widget-heading\" data-id=\"9746d98\" data-element_type=\"widget\" data-widget_type=\"heading.default\">\n\t\t\t\t<div class=\"elementor-widget-container\">\n\t\t\t\t\t<h1 class=\"elementor-heading-title elementor-size-default\">Promouvoir les produits de Chinee Inflatable<\/h1>\t\t\t\t<\/div>\n\t\t\t\t<\/div>\n\t\t\t\t\t<\/div>\n\t\t<\/div>\n\t\t\t\t\t<\/div>\n\t\t<\/section>\n\t\t\t\t<section class=\"elementor-section elementor-top-section elementor-element elementor-element-7cf3a8a elementor-section-boxed elementor-section-height-default elementor-section-height-default\" data-id=\"7cf3a8a\" data-element_type=\"section\">\n\t\t\t\t\t\t<div class=\"elementor-container elementor-column-gap-default\">\n\t\t\t\t\t<div class=\"elementor-column elementor-col-100 elementor-top-column elementor-element elementor-element-47062ae\" data-id=\"47062ae\" data-element_type=\"column\">\n\t\t\t<div class=\"elementor-widget-wrap elementor-element-populated\">\n\t\t\t\t\t\t<div class=\"elementor-element elementor-element-4ce5437 elementor-widget elementor-widget-heading\" data-id=\"4ce5437\" data-element_type=\"widget\" data-widget_type=\"heading.default\">\n\t\t\t\t<div class=\"elementor-widget-container\">\n\t\t\t\t\t<h2 class=\"elementor-heading-title elementor-size-default\">Nous avons besoin d'agents pour augmenter les ventes<\/h2>\t\t\t\t<\/div>\n\t\t\t\t<\/div>\n\t\t\t\t<div class=\"elementor-element elementor-element-7ebd2ab elementor-widget elementor-widget-text-editor\" data-id=\"7ebd2ab\" data-element_type=\"widget\" data-widget_type=\"text-editor.default\">\n\t\t\t\t<div class=\"elementor-widget-container\">\n\t\t\t\t\t\t\t\t\t \n\nChinee Inflatables aimerait coop\u00e9rer avec vous sur la base d'un b\u00e9n\u00e9fice mutuel. Aujourd'hui, nous avons vendu nos produits gonflables en Am\u00e9rique, en Europe, en Afrique, en Asie, en Oc\u00e9anie et dans les pays du Moyen-Orient. Une fois que vous serez devenu notre distributeur dans votre pays ou sur votre march\u00e9, vous serez notre plus gros client VIP dans cette r\u00e9gion. Nous vous fournirons un service sp\u00e9cial et un soutien maximal en mati\u00e8re de technique, de prix, de conception et de promotion de la publicit\u00e9. Nous coop\u00e9rerons pour prot\u00e9ger vos pr\u00e9rogatives en tant que distributeur.\n\nLe parc industriel de CHINEE, base de production des structures gonflables de Chinee, couvre une superficie de 58 000 m\u00e8tres carr\u00e9s. Il dispose d'\u00e9quipements parfaitement adapt\u00e9s et est sp\u00e9cialis\u00e9 dans la conception et la fabrication de jeux gonflables, d'\u00e9quipements de divertissement, de jeux d'eau et de produits d'affichage publicitaire, etc.\t\t\t\t\t\t\t\t<\/div>\n\t\t\t\t<\/div>\n\t\t\t\t<div class=\"elementor-element elementor-element-ca396b7 elementor-widget elementor-widget-heading\" data-id=\"ca396b7\" data-element_type=\"widget\" data-widget_type=\"heading.default\">\n\t\t\t\t<div class=\"elementor-widget-container\">\n\t\t\t\t\t<h2 class=\"elementor-heading-title elementor-size-default\">M\u00e9thode de construction d'une usine\n<\/h2>\t\t\t\t<\/div>\n\t\t\t\t<\/div>\n\t\t\t\t<div class=\"elementor-element elementor-element-7ae309b elementor-widget elementor-widget-text-editor\" data-id=\"7ae309b\" data-element_type=\"widget\" data-widget_type=\"text-editor.default\">\n\t\t\t\t<div class=\"elementor-widget-container\">\n\t\t\t\t\t\t\t\t\t<p>Nous sommes heureux de vous accueillir dans notre parc industriel et de vous permettre de poss\u00e9der votre propre usine. Nous vous fournirons les b\u00e2timents de production, l'\u00e9quipement, la main-d'\u0153uvre qualifi\u00e9e ainsi qu'une gestion saine, l'achat des mati\u00e8res premi\u00e8res, le registre du commerce et les affaires gouvernementales afin que vous puissiez fabriquer vos produits de haute qualit\u00e9.<\/p>\t\t\t\t\t\t\t\t<\/div>\n\t\t\t\t<\/div>\n\t\t\t\t<div class=\"elementor-element elementor-element-2c2f669 elementor-widget elementor-widget-heading\" data-id=\"2c2f669\" data-element_type=\"widget\" data-widget_type=\"heading.default\">\n\t\t\t\t<div class=\"elementor-widget-container\">\n\t\t\t\t\t<h2 class=\"elementor-heading-title elementor-size-default\">Conditions de construction d'une usine\n<\/h2>\t\t\t\t<\/div>\n\t\t\t\t<\/div>\n\t\t\t\t<div class=\"elementor-element elementor-element-d4011ca elementor-widget elementor-widget-text-editor\" data-id=\"d4011ca\" data-element_type=\"widget\" data-widget_type=\"text-editor.default\">\n\t\t\t\t<div class=\"elementor-widget-container\">\n\t\t\t\t\t\t\t\t\t<p>Si vous disposez d'une entreprise et de capitaux, si vous souhaitez trouver un bon partenaire commercial, si vous voulez produire en Chine ou si vous pr\u00e9f\u00e9rez r\u00e9duire les co\u00fbts de production, vous pouvez communiquer avec nous. Nous accueillons chaleureusement les agents nationaux et r\u00e9gionaux ainsi que les agents OEM.<br \/>Enfin, nous esp\u00e9rons vivement que vous pourrez communiquer avec nous.<br \/>Je vous souhaite une bonne sant\u00e9 et une activit\u00e9 prosp\u00e8re.<\/p>\t\t\t\t\t\t\t\t<\/div>\n\t\t\t\t<\/div>\n\t\t\t\t<section class=\"elementor-section elementor-inner-section elementor-element elementor-element-d2e340c elementor-section-boxed elementor-section-height-default elementor-section-height-default\" data-id=\"d2e340c\" data-element_type=\"section\">\n\t\t\t\t\t\t<div class=\"elementor-container elementor-column-gap-default\">\n\t\t\t\t\t<div class=\"elementor-column elementor-col-50 elementor-inner-column elementor-element elementor-element-160eb7d\" data-id=\"160eb7d\" data-element_type=\"column\">\n\t\t\t<div class=\"elementor-widget-wrap elementor-element-populated\">\n\t\t\t\t\t\t<div class=\"elementor-element elementor-element-3c6ebd9 elementor-widget elementor-widget-image\" data-id=\"3c6ebd9\" data-element_type=\"widget\" data-widget_type=\"image.default\">\n\t\t\t\t<div class=\"elementor-widget-container\">\n\t\t\t\t\t\t\t\t\t\t\t\t\t\t\t<img fetchpriority=\"high\" decoding=\"async\" width=\"520\" height=\"270\" src=\"https:\/\/www.chinee-inflatable.com\/wp-content\/uploads\/2022\/04\/world-map.jpg\" class=\"attachment-large size-large wp-image-50365\" alt=\"\" srcset=\"https:\/\/www.chinee-inflatable.com\/wp-content\/uploads\/2022\/04\/world-map.jpg 520w, https:\/\/www.chinee-inflatable.com\/wp-content\/uploads\/2022\/04\/world-map-350x182.jpg 350w, https:\/\/www.chinee-inflatable.com\/wp-content\/uploads\/2022\/04\/world-map-18x9.jpg 18w\" sizes=\"(max-width: 520px) 100vw, 520px\" \/>\t\t\t\t\t\t\t\t\t\t\t\t\t\t\t<\/div>\n\t\t\t\t<\/div>\n\t\t\t\t\t<\/div>\n\t\t<\/div>\n\t\t\t\t<div class=\"elementor-column elementor-col-50 elementor-inner-column elementor-element elementor-element-000b4f8\" data-id=\"000b4f8\" data-element_type=\"column\">\n\t\t\t<div class=\"elementor-widget-wrap elementor-element-populated\">\n\t\t\t\t\t\t<div class=\"elementor-element elementor-element-845495f elementor-widget elementor-widget-heading\" data-id=\"845495f\" data-element_type=\"widget\" data-widget_type=\"heading.default\">\n\t\t\t\t<div class=\"elementor-widget-container\">\n\t\t\t\t\t<h2 class=\"elementor-heading-title elementor-size-default\">devenir agent<\/h2>\t\t\t\t<\/div>\n\t\t\t\t<\/div>\n\t\t\t\t<div class=\"elementor-element elementor-element-62a498a elementor-mobile-button-align-center elementor-button-align-stretch elementor-widget elementor-widget-form\" data-id=\"62a498a\" data-element_type=\"widget\" data-settings=\"{&quot;step_next_label&quot;:&quot;Next&quot;,&quot;step_previous_label&quot;:&quot;Previous&quot;,&quot;button_width&quot;:&quot;100&quot;,&quot;step_type&quot;:&quot;number_text&quot;,&quot;step_icon_shape&quot;:&quot;circle&quot;}\" data-widget_type=\"form.default\">\n\t\t\t\t<div class=\"elementor-widget-container\">\n\t\t\t\t\t\t\t<form class=\"elementor-form\" method=\"post\" name=\"New Form\" aria-label=\"Nouveau formulaire\" action=\"\">\n\t\t\t<input type=\"hidden\" name=\"post_id\" value=\"50362\"\/>\n\t\t\t<input type=\"hidden\" name=\"form_id\" value=\"62a498a\"\/>\n\t\t\t<input type=\"hidden\" name=\"referer_title\" value=\"Chinee Inflatable\" \/>\n\n\t\t\t\n\t\t\t<div class=\"elementor-form-fields-wrapper elementor-labels-\">\n\t\t\t\t\t\t\t\t<div class=\"elementor-field-type-text elementor-field-group elementor-column elementor-field-group-email elementor-col-100 elementor-field-required\">\n\t\t\t\t\t\t\t\t\t\t\t\t<label for=\"form-field-email\" class=\"elementor-field-label elementor-screen-only\">\n\t\t\t\t\t\t\t\tNom\t\t\t\t\t\t\t<\/label>\n\t\t\t\t\t\t\t\t\t\t\t\t\t\t<input size=\"1\" type=\"text\" name=\"form_fields[email]\" id=\"form-field-email\" class=\"elementor-field elementor-size-xs  elementor-field-textual\" placeholder=\"Nom*\" required=\"required\">\n\t\t\t\t\t\t\t\t\t\t\t<\/div>\n\t\t\t\t\t\t\t\t<div class=\"elementor-field-type-email elementor-field-group elementor-column elementor-field-group-field_b479c99 elementor-col-100 elementor-field-required\">\n\t\t\t\t\t\t\t\t\t\t\t\t<label for=\"form-field-field_b479c99\" class=\"elementor-field-label elementor-screen-only\">\n\t\t\t\t\t\t\t\tCourriel\t\t\t\t\t\t\t<\/label>\n\t\t\t\t\t\t\t\t\t\t\t\t\t\t<input size=\"1\" type=\"email\" name=\"form_fields[field_b479c99]\" id=\"form-field-field_b479c99\" class=\"elementor-field elementor-size-xs  elementor-field-textual\" placeholder=\"Courriel*\" required=\"required\">\n\t\t\t\t\t\t\t\t\t\t\t<\/div>\n\t\t\t\t\t\t\t\t<div class=\"elementor-field-type-text elementor-field-group elementor-column elementor-field-group-field_da598fe elementor-col-100 elementor-field-required\">\n\t\t\t\t\t\t\t\t\t\t\t\t<label for=\"form-field-field_da598fe\" class=\"elementor-field-label elementor-screen-only\">\n\t\t\t\t\t\t\t\tT\u00e9l\u00e9phone*\t\t\t\t\t\t\t<\/label>\n\t\t\t\t\t\t\t\t\t\t\t\t\t\t<input size=\"1\" type=\"text\" name=\"form_fields[field_da598fe]\" id=\"form-field-field_da598fe\" class=\"elementor-field elementor-size-xs  elementor-field-textual\" placeholder=\"T\u00e9l\u00e9phone*\" required=\"required\">\n\t\t\t\t\t\t\t\t\t\t\t<\/div>\n\t\t\t\t\t\t\t\t<div class=\"elementor-field-type-text elementor-field-group elementor-column elementor-field-group-field_e2d090f elementor-col-100\">\n\t\t\t\t\t\t\t\t\t\t\t\t<label for=\"form-field-field_e2d090f\" class=\"elementor-field-label elementor-screen-only\">\n\t\t\t\t\t\t\t\tEntreprise\t\t\t\t\t\t\t<\/label>\n\t\t\t\t\t\t\t\t\t\t\t\t\t\t<input size=\"1\" type=\"text\" name=\"form_fields[field_e2d090f]\" id=\"form-field-field_e2d090f\" class=\"elementor-field elementor-size-xs  elementor-field-textual\" placeholder=\"Entreprise\">\n\t\t\t\t\t\t\t\t\t\t\t<\/div>\n\t\t\t\t\t\t\t\t<div class=\"elementor-field-type-textarea elementor-field-group elementor-column elementor-field-group-message elementor-col-100 elementor-field-required\">\n\t\t\t\t\t\t\t\t\t\t\t\t<label for=\"form-field-message\" class=\"elementor-field-label elementor-screen-only\">\n\t\t\t\t\t\t\t\tMessage\t\t\t\t\t\t\t<\/label>\n\t\t\t\t\t\t<textarea class=\"elementor-field-textual elementor-field  elementor-size-xs\" name=\"form_fields[message]\" id=\"form-field-message\" rows=\"4\" placeholder=\"message*\" required=\"required\"><\/textarea>\t\t\t\t<\/div>\n\t\t\t\t\t\t\t\t<div class=\"elementor-field-type-recaptcha elementor-field-group elementor-column elementor-field-group-field_370ea60 elementor-col-100\">\n\t\t\t\t\t<div class=\"elementor-field\" id=\"form-field-field_370ea60\"><\/div>\t\t\t\t<\/div>\n\t\t\t\t\t\t\t\t<div class=\"elementor-field-group elementor-column elementor-field-type-submit elementor-col-100 e-form__buttons\">\n\t\t\t\t\t<button class=\"elementor-button elementor-size-xs\" type=\"submit\">\n\t\t\t\t\t\t<span class=\"elementor-button-content-wrapper\">\n\t\t\t\t\t\t\t\t\t\t\t\t\t\t\t\t\t\t\t\t\t\t<span class=\"elementor-button-text\">Envoyer un message<\/span>\n\t\t\t\t\t\t\t\t\t\t\t\t\t<\/span>\n\t\t\t\t\t<\/button>\n\t\t\t\t<\/div>\n\t\t\t<\/div>\n\t\t<input type=\"hidden\" name=\"trp-form-language\" value=\"fr\"\/><\/form>\n\t\t\t\t\t\t<\/div>\n\t\t\t\t<\/div>\n\t\t\t\t\t<\/div>\n\t\t<\/div>\n\t\t\t\t\t<\/div>\n\t\t<\/section>\n\t\t\t\t\t<\/div>\n\t\t<\/div>\n\t\t\t\t\t<\/div>\n\t\t<\/section>\n\t\t\t\t<\/div>","protected":false},"excerpt":{"rendered":"<p>Promote products for Chinee Inflatable we need some agents for more sale Chinee Inflatables would like to cooperate with you based on mutual benefit.Nowadays, we have sold our inflatables to America, Europe, Africa, Asia, Oceania, Mid East countries. Once you become our distributor in your country or market, you should be our biggest VIP customer &#8230; <a title=\"Devenir agent\" class=\"read-more\" href=\"https:\/\/www.chinee-inflatable.com\/fr\/devenir-agent\/\" aria-label=\"Plus sur Become an Agent\">Lire plus<\/a><\/p>","protected":false},"author":1,"featured_media":0,"parent":0,"menu_order":0,"comment_status":"closed","ping_status":"closed","template":"","meta":{"_acf_changed":false,"footnotes":""},"class_list":["post-50362","page","type-page","status-publish"],"acf":[],"yoast_head":"<!-- This site is optimized with the Yoast SEO Premium plugin v24.1 (Yoast SEO v25.0) - https:\/\/yoast.com\/wordpress\/plugins\/seo\/ -->\n<title>Become an Agent - Chinee Inflatable<\/title>\n<meta name=\"description\" content=\"Become an Agent Chinee Inflatable\" \/>\n<meta name=\"robots\" content=\"index, follow, max-snippet:-1, max-image-preview:large, max-video-preview:-1\" \/>\n<link rel=\"canonical\" href=\"https:\/\/www.chinee-inflatable.com\/fr\/devenir-agent\/\" \/>\n<meta property=\"og:locale\" content=\"fr_FR\" \/>\n<meta property=\"og:type\" content=\"article\" \/>\n<meta property=\"og:title\" content=\"Become an Agent Chinee Inflatable\" \/>\n<meta property=\"og:description\" content=\"Become an Agent Chinee Inflatable\" \/>\n<meta property=\"og:url\" content=\"https:\/\/www.chinee-inflatable.com\/fr\/devenir-agent\/\" \/>\n<meta property=\"og:site_name\" content=\"Chinee Inflatable\" \/>\n<meta property=\"article:publisher\" content=\"https:\/\/www.facebook.com\/ChineeInflatabletian\/\" \/>\n<meta property=\"article:modified_time\" content=\"2022-04-16T03:42:48+00:00\" \/>\n<meta property=\"og:image\" content=\"http:\/\/www.chinee-inflatable.com\/wp-content\/uploads\/2022\/04\/world-map.jpg\" \/>\n<meta name=\"twitter:card\" content=\"summary_large_image\" \/>\n<meta name=\"twitter:label1\" content=\"Dur\u00e9e de lecture estim\u00e9e\" \/>\n\t<meta name=\"twitter:data1\" content=\"1 minute\" \/>\n<script type=\"application\/ld+json\" class=\"yoast-schema-graph\">{\"@context\":\"https:\/\/schema.org\",\"@graph\":[{\"@type\":\"WebPage\",\"@id\":\"https:\/\/www.chinee-inflatable.com\/become-an-agent\/\",\"url\":\"https:\/\/www.chinee-inflatable.com\/become-an-agent\/\",\"name\":\"Become an Agent - Chinee Inflatable\",\"isPartOf\":{\"@id\":\"https:\/\/www.chinee-inflatable.com\/#website\"},\"primaryImageOfPage\":{\"@id\":\"https:\/\/www.chinee-inflatable.com\/become-an-agent\/#primaryimage\"},\"image\":{\"@id\":\"https:\/\/www.chinee-inflatable.com\/become-an-agent\/#primaryimage\"},\"thumbnailUrl\":\"http:\/\/www.chinee-inflatable.com\/wp-content\/uploads\/2022\/04\/world-map.jpg\",\"datePublished\":\"2022-04-16T03:36:27+00:00\",\"dateModified\":\"2022-04-16T03:42:48+00:00\",\"description\":\"Become an Agent Chinee Inflatable\",\"breadcrumb\":{\"@id\":\"https:\/\/www.chinee-inflatable.com\/become-an-agent\/#breadcrumb\"},\"inLanguage\":\"fr-FR\",\"potentialAction\":[{\"@type\":\"ReadAction\",\"target\":[\"https:\/\/www.chinee-inflatable.com\/become-an-agent\/\"]}]},{\"@type\":\"ImageObject\",\"inLanguage\":\"fr-FR\",\"@id\":\"https:\/\/www.chinee-inflatable.com\/become-an-agent\/#primaryimage\",\"url\":\"http:\/\/www.chinee-inflatable.com\/wp-content\/uploads\/2022\/04\/world-map.jpg\",\"contentUrl\":\"http:\/\/www.chinee-inflatable.com\/wp-content\/uploads\/2022\/04\/world-map.jpg\"},{\"@type\":\"BreadcrumbList\",\"@id\":\"https:\/\/www.chinee-inflatable.com\/become-an-agent\/#breadcrumb\",\"itemListElement\":[{\"@type\":\"ListItem\",\"position\":1,\"name\":\"Home\",\"item\":\"https:\/\/www.chinee-inflatable.com\/\"},{\"@type\":\"ListItem\",\"position\":2,\"name\":\"Become an Agent\"}]},{\"@type\":\"WebSite\",\"@id\":\"https:\/\/www.chinee-inflatable.com\/#website\",\"url\":\"https:\/\/www.chinee-inflatable.com\/\",\"name\":\"Chinee Inflatable Factory\",\"description\":\"Offer you lower price &amp; higher quality inflatables.\",\"publisher\":{\"@id\":\"https:\/\/www.chinee-inflatable.com\/#organization\"},\"alternateName\":\"Chinee Inflatable Bounce\",\"potentialAction\":[{\"@type\":\"SearchAction\",\"target\":{\"@type\":\"EntryPoint\",\"urlTemplate\":\"https:\/\/www.chinee-inflatable.com\/?s={search_term_string}\"},\"query-input\":{\"@type\":\"PropertyValueSpecification\",\"valueRequired\":true,\"valueName\":\"search_term_string\"}}],\"inLanguage\":\"fr-FR\"},{\"@type\":\"Organization\",\"@id\":\"https:\/\/www.chinee-inflatable.com\/#organization\",\"name\":\"Chinee Inflatable\",\"alternateName\":\"Chinee Inflatable Bounce\",\"url\":\"https:\/\/www.chinee-inflatable.com\/\",\"logo\":{\"@type\":\"ImageObject\",\"inLanguage\":\"fr-FR\",\"@id\":\"https:\/\/www.chinee-inflatable.com\/#\/schema\/logo\/image\/\",\"url\":\"https:\/\/www.chinee-inflatable.com\/wp-content\/uploads\/2021\/11\/cropped-CHINEE-INFLATABLE-LOGO.png\",\"contentUrl\":\"https:\/\/www.chinee-inflatable.com\/wp-content\/uploads\/2021\/11\/cropped-CHINEE-INFLATABLE-LOGO.png\",\"width\":200,\"height\":190,\"caption\":\"Chinee Inflatable\"},\"image\":{\"@id\":\"https:\/\/www.chinee-inflatable.com\/#\/schema\/logo\/image\/\"},\"sameAs\":[\"https:\/\/www.facebook.com\/ChineeInflatabletian\/\"],\"description\":\"Chinee Inflatable established in 1998, Chinee has grown to become one of the largest inflatable manufacturers in China.At Chinee, we take pride in our skilled workforce and our ability to cater to the unique needs of our clients. We specialize in producing custom inflatable designs, providing our clients with a diverse range of options for their specific requirements.\",\"email\":\"info@chinee-inflatable.com\",\"telephone\":\"+86-18826065077\",\"legalName\":\"Chinee Inflatable\",\"foundingDate\":\"1998-01-02\",\"numberOfEmployees\":{\"@type\":\"QuantitativeValue\",\"minValue\":\"501\",\"maxValue\":\"1000\"}}]}<\/script>\n<!-- \/ Yoast SEO Premium plugin. -->","yoast_head_json":{"title":"Become an Agent - Chinee Inflatable","description":"Become an Agent Chinee Inflatable","robots":{"index":"index","follow":"follow","max-snippet":"max-snippet:-1","max-image-preview":"max-image-preview:large","max-video-preview":"max-video-preview:-1"},"canonical":"https:\/\/www.chinee-inflatable.com\/fr\/devenir-agent\/","og_locale":"fr_FR","og_type":"article","og_title":"Become an Agent Chinee Inflatable","og_description":"Become an Agent Chinee Inflatable","og_url":"https:\/\/www.chinee-inflatable.com\/fr\/devenir-agent\/","og_site_name":"Chinee Inflatable","article_publisher":"https:\/\/www.facebook.com\/ChineeInflatabletian\/","article_modified_time":"2022-04-16T03:42:48+00:00","og_image":[{"url":"http:\/\/www.chinee-inflatable.com\/wp-content\/uploads\/2022\/04\/world-map.jpg","type":"","width":"","height":""}],"twitter_card":"summary_large_image","twitter_misc":{"Dur\u00e9e de lecture estim\u00e9e":"1 minute"},"schema":{"@context":"https:\/\/schema.org","@graph":[{"@type":"WebPage","@id":"https:\/\/www.chinee-inflatable.com\/become-an-agent\/","url":"https:\/\/www.chinee-inflatable.com\/become-an-agent\/","name":"Become an Agent - Chinee Inflatable","isPartOf":{"@id":"https:\/\/www.chinee-inflatable.com\/#website"},"primaryImageOfPage":{"@id":"https:\/\/www.chinee-inflatable.com\/become-an-agent\/#primaryimage"},"image":{"@id":"https:\/\/www.chinee-inflatable.com\/become-an-agent\/#primaryimage"},"thumbnailUrl":"http:\/\/www.chinee-inflatable.com\/wp-content\/uploads\/2022\/04\/world-map.jpg","datePublished":"2022-04-16T03:36:27+00:00","dateModified":"2022-04-16T03:42:48+00:00","description":"Become an Agent Chinee Inflatable","breadcrumb":{"@id":"https:\/\/www.chinee-inflatable.com\/become-an-agent\/#breadcrumb"},"inLanguage":"fr-FR","potentialAction":[{"@type":"ReadAction","target":["https:\/\/www.chinee-inflatable.com\/become-an-agent\/"]}]},{"@type":"ImageObject","inLanguage":"fr-FR","@id":"https:\/\/www.chinee-inflatable.com\/become-an-agent\/#primaryimage","url":"http:\/\/www.chinee-inflatable.com\/wp-content\/uploads\/2022\/04\/world-map.jpg","contentUrl":"http:\/\/www.chinee-inflatable.com\/wp-content\/uploads\/2022\/04\/world-map.jpg"},{"@type":"BreadcrumbList","@id":"https:\/\/www.chinee-inflatable.com\/become-an-agent\/#breadcrumb","itemListElement":[{"@type":"ListItem","position":1,"name":"Home","item":"https:\/\/www.chinee-inflatable.com\/"},{"@type":"ListItem","position":2,"name":"Become an Agent"}]},{"@type":"WebSite","@id":"https:\/\/www.chinee-inflatable.com\/#website","url":"https:\/\/www.chinee-inflatable.com\/","name":"Chinee Inflatable Factory","description":"Offer you lower price &amp; higher quality inflatables.","publisher":{"@id":"https:\/\/www.chinee-inflatable.com\/#organization"},"alternateName":"Chinee Inflatable Bounce","potentialAction":[{"@type":"SearchAction","target":{"@type":"EntryPoint","urlTemplate":"https:\/\/www.chinee-inflatable.com\/?s={search_term_string}"},"query-input":{"@type":"PropertyValueSpecification","valueRequired":true,"valueName":"search_term_string"}}],"inLanguage":"fr-FR"},{"@type":"Organization","@id":"https:\/\/www.chinee-inflatable.com\/#organization","name":"Chinee Inflatable","alternateName":"Chinee Inflatable Bounce","url":"https:\/\/www.chinee-inflatable.com\/","logo":{"@type":"ImageObject","inLanguage":"fr-FR","@id":"https:\/\/www.chinee-inflatable.com\/#\/schema\/logo\/image\/","url":"https:\/\/www.chinee-inflatable.com\/wp-content\/uploads\/2021\/11\/cropped-CHINEE-INFLATABLE-LOGO.png","contentUrl":"https:\/\/www.chinee-inflatable.com\/wp-content\/uploads\/2021\/11\/cropped-CHINEE-INFLATABLE-LOGO.png","width":200,"height":190,"caption":"Chinee Inflatable"},"image":{"@id":"https:\/\/www.chinee-inflatable.com\/#\/schema\/logo\/image\/"},"sameAs":["https:\/\/www.facebook.com\/ChineeInflatabletian\/"],"description":"Chinee Inflatable established in 1998, Chinee has grown to become one of the largest inflatable manufacturers in China.At Chinee, we take pride in our skilled workforce and our ability to cater to the unique needs of our clients. We specialize in producing custom inflatable designs, providing our clients with a diverse range of options for their specific requirements.","email":"info@chinee-inflatable.com","telephone":"+86-18826065077","legalName":"Chinee Inflatable","foundingDate":"1998-01-02","numberOfEmployees":{"@type":"QuantitativeValue","minValue":"501","maxValue":"1000"}}]}},"_links":{"self":[{"href":"https:\/\/www.chinee-inflatable.com\/fr\/wp-json\/wp\/v2\/pages\/50362","targetHints":{"allow":["GET"]}}],"collection":[{"href":"https:\/\/www.chinee-inflatable.com\/fr\/wp-json\/wp\/v2\/pages"}],"about":[{"href":"https:\/\/www.chinee-inflatable.com\/fr\/wp-json\/wp\/v2\/types\/page"}],"author":[{"embeddable":true,"href":"https:\/\/www.chinee-inflatable.com\/fr\/wp-json\/wp\/v2\/users\/1"}],"replies":[{"embeddable":true,"href":"https:\/\/www.chinee-inflatable.com\/fr\/wp-json\/wp\/v2\/comments?post=50362"}],"version-history":[{"count":0,"href":"https:\/\/www.chinee-inflatable.com\/fr\/wp-json\/wp\/v2\/pages\/50362\/revisions"}],"wp:attachment":[{"href":"https:\/\/www.chinee-inflatable.com\/fr\/wp-json\/wp\/v2\/media?parent=50362"}],"curies":[{"name":"wp","href":"https:\/\/api.w.org\/{rel}","templated":true}]}}