{"id":84527,"date":"2025-08-21T15:37:07","date_gmt":"2025-08-21T07:37:07","guid":{"rendered":"https:\/\/www.chinee-inflatable.com\/product\/tent1-5013-clear-bubble-house-inflatable-tent-camping-room\/"},"modified":"2025-08-21T16:23:20","modified_gmt":"2025-08-21T08:23:20","slug":"tienda1-5013-clara-casa-de-burbujas-tienda-inflable-camping-habitacion","status":"publish","type":"product","link":"https:\/\/www.chinee-inflatable.com\/es\/producto\/tienda1-5013-clara-casa-de-burbujas-tienda-inflable-camping-habitacion\/","title":{"rendered":"Tienda de campa\u00f1a1-5013 Casa de burbujas transparente Tienda de campa\u00f1a hinchable Habitaci\u00f3n de camping"},"content":{"rendered":"","protected":false},"excerpt":{"rendered":"","protected":false},"featured_media":84526,"template":"","meta":{"_acf_changed":false},"product_brand":[],"product_cat":[140],"product_tag":[],"class_list":{"0":"post-84527","1":"product","2":"type-product","3":"status-publish","4":"has-post-thumbnail","6":"product_cat-inflatable-bubble-house","8":"first","9":"instock","10":"shipping-taxable","11":"product-type-simple"},"acf":[],"gallery_images":[84528],"yoast_head":"<!-- This site is optimized with the Yoast SEO Premium plugin v24.1 (Yoast SEO v25.0) - https:\/\/yoast.com\/wordpress\/plugins\/seo\/ -->\n<title>Tent1-5013 Clear Bubble House Inflatable Tent Camping Room - Chinee Inflatable<\/title>\n<meta name=\"description\" content=\"Model: Tent1-5013 ; Size : 3.5\u00d73.5\u00d73 m \/ 11.5\u00d711.5\u00d79.8 ft ; Weight: 80 Kg \/ 176.4 lbs ; Material: 0.55 mm and 0.9 mm PVC Tarpaulin\" \/>\n<meta name=\"robots\" content=\"index, follow, max-snippet:-1, max-image-preview:large, max-video-preview:-1\" \/>\n<link rel=\"canonical\" href=\"https:\/\/www.chinee-inflatable.com\/es\/producto\/tienda1-5013-clara-casa-de-burbujas-tienda-inflable-camping-habitacion\/\" \/>\n<meta property=\"og:locale\" content=\"es_ES\" \/>\n<meta property=\"og:type\" content=\"article\" \/>\n<meta property=\"og:title\" content=\"Tent1-5013 Clear Bubble House Inflatable Tent Camping Room\" \/>\n<meta property=\"og:description\" content=\"Model: Tent1-5013 ; Size : 3.5\u00d73.5\u00d73 m \/ 11.5\u00d711.5\u00d79.8 ft ; Weight: 80 Kg \/ 176.4 lbs ; Material: 0.55 mm and 0.9 mm PVC Tarpaulin\" \/>\n<meta property=\"og:url\" content=\"https:\/\/www.chinee-inflatable.com\/es\/producto\/tienda1-5013-clara-casa-de-burbujas-tienda-inflable-camping-habitacion\/\" \/>\n<meta property=\"og:site_name\" content=\"Chinee Inflatable\" \/>\n<meta property=\"article:publisher\" content=\"https:\/\/www.facebook.com\/ChineeInflatabletian\/\" \/>\n<meta property=\"article:modified_time\" content=\"2025-08-21T08:23:20+00:00\" \/>\n<meta property=\"og:image\" content=\"https:\/\/www.chinee-inflatable.com\/wp-content\/uploads\/2025\/08\/image_bb15bc05-4fc8-4211-a53b-c94c7168a64e.jpg\" \/>\n\t<meta property=\"og:image:width\" content=\"800\" \/>\n\t<meta property=\"og:image:height\" content=\"800\" \/>\n\t<meta property=\"og:image:type\" content=\"image\/jpeg\" \/>\n<meta name=\"twitter:card\" content=\"summary_large_image\" \/>\n<meta name=\"twitter:description\" content=\"Model: Tent1-5013 ; Size : 3.5\u00d73.5\u00d73 m \/ 11.5\u00d711.5\u00d79.8 ft ; Weight: 80 Kg \/ 176.4 lbs ; Material: 0.55 mm and 0.9 mm PVC Tarpaulin\" \/>\n<script type=\"application\/ld+json\" class=\"yoast-schema-graph\">{\"@context\":\"https:\/\/schema.org\",\"@graph\":[{\"@type\":\"WebPage\",\"@id\":\"https:\/\/www.chinee-inflatable.com\/product\/tent1-5013-clear-bubble-house-inflatable-tent-camping-room\/\",\"url\":\"https:\/\/www.chinee-inflatable.com\/product\/tent1-5013-clear-bubble-house-inflatable-tent-camping-room\/\",\"name\":\"Tent1-5013 Clear Bubble House Inflatable Tent Camping Room - Chinee Inflatable\",\"isPartOf\":{\"@id\":\"https:\/\/www.chinee-inflatable.com\/#website\"},\"primaryImageOfPage\":{\"@id\":\"https:\/\/www.chinee-inflatable.com\/product\/tent1-5013-clear-bubble-house-inflatable-tent-camping-room\/#primaryimage\"},\"image\":{\"@id\":\"https:\/\/www.chinee-inflatable.com\/product\/tent1-5013-clear-bubble-house-inflatable-tent-camping-room\/#primaryimage\"},\"thumbnailUrl\":\"https:\/\/www.chinee-inflatable.com\/wp-content\/uploads\/2025\/08\/image_bb15bc05-4fc8-4211-a53b-c94c7168a64e.jpg\",\"datePublished\":\"2025-08-21T07:37:07+00:00\",\"dateModified\":\"2025-08-21T08:23:20+00:00\",\"description\":\"Model: Tent1-5013 ; Size : 3.5\u00d73.5\u00d73 m \/ 11.5\u00d711.5\u00d79.8 ft ; Weight: 80 Kg \/ 176.4 lbs ; Material: 0.55 mm and 0.9 mm PVC Tarpaulin\",\"breadcrumb\":{\"@id\":\"https:\/\/www.chinee-inflatable.com\/product\/tent1-5013-clear-bubble-house-inflatable-tent-camping-room\/#breadcrumb\"},\"inLanguage\":\"es\",\"potentialAction\":[{\"@type\":\"ReadAction\",\"target\":[\"https:\/\/www.chinee-inflatable.com\/product\/tent1-5013-clear-bubble-house-inflatable-tent-camping-room\/\"]}]},{\"@type\":\"ImageObject\",\"inLanguage\":\"es\",\"@id\":\"https:\/\/www.chinee-inflatable.com\/product\/tent1-5013-clear-bubble-house-inflatable-tent-camping-room\/#primaryimage\",\"url\":\"https:\/\/www.chinee-inflatable.com\/wp-content\/uploads\/2025\/08\/image_bb15bc05-4fc8-4211-a53b-c94c7168a64e.jpg\",\"contentUrl\":\"https:\/\/www.chinee-inflatable.com\/wp-content\/uploads\/2025\/08\/image_bb15bc05-4fc8-4211-a53b-c94c7168a64e.jpg\",\"width\":800,\"height\":800,\"caption\":\"Bubble Tent\"},{\"@type\":\"BreadcrumbList\",\"@id\":\"https:\/\/www.chinee-inflatable.com\/product\/tent1-5013-clear-bubble-house-inflatable-tent-camping-room\/#breadcrumb\",\"itemListElement\":[{\"@type\":\"ListItem\",\"position\":1,\"name\":\"Home\",\"item\":\"https:\/\/www.chinee-inflatable.com\/\"},{\"@type\":\"ListItem\",\"position\":2,\"name\":\"Products\",\"item\":\"https:\/\/www.chinee-inflatable.com\/shop\/\"},{\"@type\":\"ListItem\",\"position\":3,\"name\":\"Tent1-5013 Clear Bubble House Inflatable Tent Camping Room\"}]},{\"@type\":\"WebSite\",\"@id\":\"https:\/\/www.chinee-inflatable.com\/#website\",\"url\":\"https:\/\/www.chinee-inflatable.com\/\",\"name\":\"Chinee Inflatable Factory\",\"description\":\"Offer you lower price &amp; higher quality inflatables.\",\"publisher\":{\"@id\":\"https:\/\/www.chinee-inflatable.com\/#organization\"},\"alternateName\":\"Chinee Inflatable Bounce\",\"potentialAction\":[{\"@type\":\"SearchAction\",\"target\":{\"@type\":\"EntryPoint\",\"urlTemplate\":\"https:\/\/www.chinee-inflatable.com\/?s={search_term_string}\"},\"query-input\":{\"@type\":\"PropertyValueSpecification\",\"valueRequired\":true,\"valueName\":\"search_term_string\"}}],\"inLanguage\":\"es\"},{\"@type\":\"Organization\",\"@id\":\"https:\/\/www.chinee-inflatable.com\/#organization\",\"name\":\"Chinee Inflatable\",\"alternateName\":\"Chinee Inflatable Bounce\",\"url\":\"https:\/\/www.chinee-inflatable.com\/\",\"logo\":{\"@type\":\"ImageObject\",\"inLanguage\":\"es\",\"@id\":\"https:\/\/www.chinee-inflatable.com\/#\/schema\/logo\/image\/\",\"url\":\"https:\/\/www.chinee-inflatable.com\/wp-content\/uploads\/2021\/11\/cropped-CHINEE-INFLATABLE-LOGO.png\",\"contentUrl\":\"https:\/\/www.chinee-inflatable.com\/wp-content\/uploads\/2021\/11\/cropped-CHINEE-INFLATABLE-LOGO.png\",\"width\":200,\"height\":190,\"caption\":\"Chinee Inflatable\"},\"image\":{\"@id\":\"https:\/\/www.chinee-inflatable.com\/#\/schema\/logo\/image\/\"},\"sameAs\":[\"https:\/\/www.facebook.com\/ChineeInflatabletian\/\"],\"description\":\"Chinee Inflatable established in 1998, Chinee has grown to become one of the largest inflatable manufacturers in China.At Chinee, we take pride in our skilled workforce and our ability to cater to the unique needs of our clients. We specialize in producing custom inflatable designs, providing our clients with a diverse range of options for their specific requirements.\",\"email\":\"info@chinee-inflatable.com\",\"telephone\":\"+86-18826065077\",\"legalName\":\"Chinee Inflatable\",\"foundingDate\":\"1998-01-02\",\"numberOfEmployees\":{\"@type\":\"QuantitativeValue\",\"minValue\":\"501\",\"maxValue\":\"1000\"}}]}<\/script>\n<!-- \/ Yoast SEO Premium plugin. -->","yoast_head_json":{"title":"Tent1-5013 Clear Bubble House Inflatable Tent Camping Room - Chinee Inflatable","description":"Model: Tent1-5013 ; Size : 3.5\u00d73.5\u00d73 m \/ 11.5\u00d711.5\u00d79.8 ft ; Weight: 80 Kg \/ 176.4 lbs ; Material: 0.55 mm and 0.9 mm PVC Tarpaulin","robots":{"index":"index","follow":"follow","max-snippet":"max-snippet:-1","max-image-preview":"max-image-preview:large","max-video-preview":"max-video-preview:-1"},"canonical":"https:\/\/www.chinee-inflatable.com\/es\/producto\/tienda1-5013-clara-casa-de-burbujas-tienda-inflable-camping-habitacion\/","og_locale":"es_ES","og_type":"article","og_title":"Tent1-5013 Clear Bubble House Inflatable Tent Camping Room","og_description":"Model: Tent1-5013 ; Size : 3.5\u00d73.5\u00d73 m \/ 11.5\u00d711.5\u00d79.8 ft ; Weight: 80 Kg \/ 176.4 lbs ; Material: 0.55 mm and 0.9 mm PVC Tarpaulin","og_url":"https:\/\/www.chinee-inflatable.com\/es\/producto\/tienda1-5013-clara-casa-de-burbujas-tienda-inflable-camping-habitacion\/","og_site_name":"Chinee Inflatable","article_publisher":"https:\/\/www.facebook.com\/ChineeInflatabletian\/","article_modified_time":"2025-08-21T08:23:20+00:00","og_image":[{"width":800,"height":800,"url":"https:\/\/www.chinee-inflatable.com\/wp-content\/uploads\/2025\/08\/image_bb15bc05-4fc8-4211-a53b-c94c7168a64e.jpg","type":"image\/jpeg"}],"twitter_card":"summary_large_image","twitter_description":"Model: Tent1-5013 ; Size : 3.5\u00d73.5\u00d73 m \/ 11.5\u00d711.5\u00d79.8 ft ; Weight: 80 Kg \/ 176.4 lbs ; Material: 0.55 mm and 0.9 mm PVC Tarpaulin","schema":{"@context":"https:\/\/schema.org","@graph":[{"@type":"WebPage","@id":"https:\/\/www.chinee-inflatable.com\/product\/tent1-5013-clear-bubble-house-inflatable-tent-camping-room\/","url":"https:\/\/www.chinee-inflatable.com\/product\/tent1-5013-clear-bubble-house-inflatable-tent-camping-room\/","name":"Tent1-5013 Clear Bubble House Inflatable Tent Camping Room - Chinee Inflatable","isPartOf":{"@id":"https:\/\/www.chinee-inflatable.com\/#website"},"primaryImageOfPage":{"@id":"https:\/\/www.chinee-inflatable.com\/product\/tent1-5013-clear-bubble-house-inflatable-tent-camping-room\/#primaryimage"},"image":{"@id":"https:\/\/www.chinee-inflatable.com\/product\/tent1-5013-clear-bubble-house-inflatable-tent-camping-room\/#primaryimage"},"thumbnailUrl":"https:\/\/www.chinee-inflatable.com\/wp-content\/uploads\/2025\/08\/image_bb15bc05-4fc8-4211-a53b-c94c7168a64e.jpg","datePublished":"2025-08-21T07:37:07+00:00","dateModified":"2025-08-21T08:23:20+00:00","description":"Model: Tent1-5013 ; Size : 3.5\u00d73.5\u00d73 m \/ 11.5\u00d711.5\u00d79.8 ft ; Weight: 80 Kg \/ 176.4 lbs ; Material: 0.55 mm and 0.9 mm PVC Tarpaulin","breadcrumb":{"@id":"https:\/\/www.chinee-inflatable.com\/product\/tent1-5013-clear-bubble-house-inflatable-tent-camping-room\/#breadcrumb"},"inLanguage":"es","potentialAction":[{"@type":"ReadAction","target":["https:\/\/www.chinee-inflatable.com\/product\/tent1-5013-clear-bubble-house-inflatable-tent-camping-room\/"]}]},{"@type":"ImageObject","inLanguage":"es","@id":"https:\/\/www.chinee-inflatable.com\/product\/tent1-5013-clear-bubble-house-inflatable-tent-camping-room\/#primaryimage","url":"https:\/\/www.chinee-inflatable.com\/wp-content\/uploads\/2025\/08\/image_bb15bc05-4fc8-4211-a53b-c94c7168a64e.jpg","contentUrl":"https:\/\/www.chinee-inflatable.com\/wp-content\/uploads\/2025\/08\/image_bb15bc05-4fc8-4211-a53b-c94c7168a64e.jpg","width":800,"height":800,"caption":"Bubble Tent"},{"@type":"BreadcrumbList","@id":"https:\/\/www.chinee-inflatable.com\/product\/tent1-5013-clear-bubble-house-inflatable-tent-camping-room\/#breadcrumb","itemListElement":[{"@type":"ListItem","position":1,"name":"Home","item":"https:\/\/www.chinee-inflatable.com\/"},{"@type":"ListItem","position":2,"name":"Products","item":"https:\/\/www.chinee-inflatable.com\/shop\/"},{"@type":"ListItem","position":3,"name":"Tent1-5013 Clear Bubble House Inflatable Tent Camping Room"}]},{"@type":"WebSite","@id":"https:\/\/www.chinee-inflatable.com\/#website","url":"https:\/\/www.chinee-inflatable.com\/","name":"Chinee Inflatable Factory","description":"Offer you lower price &amp; higher quality inflatables.","publisher":{"@id":"https:\/\/www.chinee-inflatable.com\/#organization"},"alternateName":"Chinee Inflatable Bounce","potentialAction":[{"@type":"SearchAction","target":{"@type":"EntryPoint","urlTemplate":"https:\/\/www.chinee-inflatable.com\/?s={search_term_string}"},"query-input":{"@type":"PropertyValueSpecification","valueRequired":true,"valueName":"search_term_string"}}],"inLanguage":"es"},{"@type":"Organization","@id":"https:\/\/www.chinee-inflatable.com\/#organization","name":"Chinee Inflatable","alternateName":"Chinee Inflatable Bounce","url":"https:\/\/www.chinee-inflatable.com\/","logo":{"@type":"ImageObject","inLanguage":"es","@id":"https:\/\/www.chinee-inflatable.com\/#\/schema\/logo\/image\/","url":"https:\/\/www.chinee-inflatable.com\/wp-content\/uploads\/2021\/11\/cropped-CHINEE-INFLATABLE-LOGO.png","contentUrl":"https:\/\/www.chinee-inflatable.com\/wp-content\/uploads\/2021\/11\/cropped-CHINEE-INFLATABLE-LOGO.png","width":200,"height":190,"caption":"Chinee Inflatable"},"image":{"@id":"https:\/\/www.chinee-inflatable.com\/#\/schema\/logo\/image\/"},"sameAs":["https:\/\/www.facebook.com\/ChineeInflatabletian\/"],"description":"Chinee Inflatable established in 1998, Chinee has grown to become one of the largest inflatable manufacturers in China.At Chinee, we take pride in our skilled workforce and our ability to cater to the unique needs of our clients. We specialize in producing custom inflatable designs, providing our clients with a diverse range of options for their specific requirements.","email":"info@chinee-inflatable.com","telephone":"+86-18826065077","legalName":"Chinee Inflatable","foundingDate":"1998-01-02","numberOfEmployees":{"@type":"QuantitativeValue","minValue":"501","maxValue":"1000"}}]}},"_links":{"self":[{"href":"https:\/\/www.chinee-inflatable.com\/es\/wp-json\/wp\/v2\/product\/84527","targetHints":{"allow":["GET"]}}],"collection":[{"href":"https:\/\/www.chinee-inflatable.com\/es\/wp-json\/wp\/v2\/product"}],"about":[{"href":"https:\/\/www.chinee-inflatable.com\/es\/wp-json\/wp\/v2\/types\/product"}],"wp:featuredmedia":[{"embeddable":true,"href":"https:\/\/www.chinee-inflatable.com\/es\/wp-json\/wp\/v2\/media\/84526"}],"wp:attachment":[{"href":"https:\/\/www.chinee-inflatable.com\/es\/wp-json\/wp\/v2\/media?parent=84527"}],"wp:term":[{"taxonomy":"product_brand","embeddable":true,"href":"https:\/\/www.chinee-inflatable.com\/es\/wp-json\/wp\/v2\/product_brand?post=84527"},{"taxonomy":"product_cat","embeddable":true,"href":"https:\/\/www.chinee-inflatable.com\/es\/wp-json\/wp\/v2\/product_cat?post=84527"},{"taxonomy":"product_tag","embeddable":true,"href":"https:\/\/www.chinee-inflatable.com\/es\/wp-json\/wp\/v2\/product_tag?post=84527"}],"curies":[{"name":"wp","href":"https:\/\/api.w.org\/{rel}","templated":true}]}}