{"id":79534,"date":"2025-01-16T10:32:38","date_gmt":"2025-01-16T02:32:38","guid":{"rendered":"https:\/\/www.chinee-inflatable.com\/product\/t8-1327b-crocodile-themed-inflatable-slide-with-baby-shark-design\/"},"modified":"2025-08-27T14:58:34","modified_gmt":"2025-08-27T06:58:34","slug":"t8-1327b-crocodile-themed-inflatable-slide-with-baby-shark-design","status":"publish","type":"product","link":"https:\/\/www.chinee-inflatable.com\/es\/producto\/t8-1327b-crocodile-themed-inflatable-slide-with-baby-shark-design\/","title":{"rendered":"T8-1327B Tobog\u00e1n hinchable con tem\u00e1tica de cocodrilo y dise\u00f1o de beb\u00e9 tibur\u00f3n"},"content":{"rendered":"","protected":false},"excerpt":{"rendered":"","protected":false},"featured_media":79533,"template":"","meta":{"_acf_changed":false},"product_brand":[],"product_cat":[62],"product_tag":[375,255,23,169],"class_list":{"0":"post-79534","1":"product","2":"type-product","3":"status-publish","4":"has-post-thumbnail","6":"product_cat-inflatable-water-slide","7":"product_tag-baby-shark","8":"product_tag-crocodile","9":"product_tag-hot-inflatables","10":"product_tag-in-stock-fast-delivery","12":"first","13":"instock","14":"shipping-taxable","15":"product-type-simple"},"acf":[],"gallery_images":[79535,79536,79537,79538,79539,79540,79541],"yoast_head":"<!-- This site is optimized with the Yoast SEO Premium plugin v24.1 (Yoast SEO v25.0) - https:\/\/yoast.com\/wordpress\/plugins\/seo\/ -->\n<title>T8-1327B Crocodile-Themed Inflatable Slide with Baby Shark Design - Chinee Inflatable<\/title>\n<meta name=\"description\" content=\"Model: T8-1327B ; Size : 4.5\u00d74.5\u00d72.8 m \/ 14.8\u00d714.8\u00d79.2 ft ; Weight: 70 Kg \/ 154.3 lbs ; Material: 0.55 mm and 0.9 mm PVC Tarpaulin\" \/>\n<meta name=\"robots\" content=\"index, follow, max-snippet:-1, max-image-preview:large, max-video-preview:-1\" \/>\n<link rel=\"canonical\" href=\"https:\/\/www.chinee-inflatable.com\/es\/producto\/t8-1327b-crocodile-themed-inflatable-slide-with-baby-shark-design\/\" \/>\n<meta property=\"og:locale\" content=\"es_ES\" \/>\n<meta property=\"og:type\" content=\"article\" \/>\n<meta property=\"og:title\" content=\"T8-1327B Crocodile-Themed Inflatable Slide with Baby Shark Design\" \/>\n<meta property=\"og:description\" content=\"Model: T8-1327B ; Size : 4.5\u00d74.5\u00d72.8 m \/ 14.8\u00d714.8\u00d79.2 ft ; Weight: 70 Kg \/ 154.3 lbs ; Material: 0.55 mm and 0.9 mm PVC Tarpaulin\" \/>\n<meta property=\"og:url\" content=\"https:\/\/www.chinee-inflatable.com\/es\/producto\/t8-1327b-crocodile-themed-inflatable-slide-with-baby-shark-design\/\" \/>\n<meta property=\"og:site_name\" content=\"Chinee Inflatable\" \/>\n<meta property=\"article:publisher\" content=\"https:\/\/www.facebook.com\/ChineeInflatabletian\/\" \/>\n<meta property=\"article:modified_time\" content=\"2025-08-27T06:58:34+00:00\" \/>\n<meta property=\"og:image\" content=\"https:\/\/www.chinee-inflatable.com\/wp-content\/uploads\/2025\/01\/DJI_0210-1-e1736492675434.jpg\" \/>\n\t<meta property=\"og:image:width\" content=\"1090\" \/>\n\t<meta property=\"og:image:height\" content=\"985\" \/>\n\t<meta property=\"og:image:type\" content=\"image\/jpeg\" \/>\n<meta name=\"twitter:card\" content=\"summary_large_image\" \/>\n<meta name=\"twitter:description\" content=\"Model: T8-1327B ; Size : 4.5\u00d74.5\u00d72.8 m \/ 14.8\u00d714.8\u00d79.2 ft ; Weight: 70 Kg \/ 154.3 lbs ; Material: 0.55 mm and 0.9 mm PVC Tarpaulin\" \/>\n<script type=\"application\/ld+json\" class=\"yoast-schema-graph\">{\"@context\":\"https:\/\/schema.org\",\"@graph\":[{\"@type\":\"WebPage\",\"@id\":\"https:\/\/www.chinee-inflatable.com\/product\/t8-1327b-crocodile-themed-inflatable-slide-with-baby-shark-design\/\",\"url\":\"https:\/\/www.chinee-inflatable.com\/product\/t8-1327b-crocodile-themed-inflatable-slide-with-baby-shark-design\/\",\"name\":\"T8-1327B Crocodile-Themed Inflatable Slide with Baby Shark Design - Chinee Inflatable\",\"isPartOf\":{\"@id\":\"https:\/\/www.chinee-inflatable.com\/#website\"},\"primaryImageOfPage\":{\"@id\":\"https:\/\/www.chinee-inflatable.com\/product\/t8-1327b-crocodile-themed-inflatable-slide-with-baby-shark-design\/#primaryimage\"},\"image\":{\"@id\":\"https:\/\/www.chinee-inflatable.com\/product\/t8-1327b-crocodile-themed-inflatable-slide-with-baby-shark-design\/#primaryimage\"},\"thumbnailUrl\":\"https:\/\/www.chinee-inflatable.com\/wp-content\/uploads\/2025\/01\/DJI_0210-1-e1736492675434.jpg\",\"datePublished\":\"2025-01-16T02:32:38+00:00\",\"dateModified\":\"2025-08-27T06:58:34+00:00\",\"description\":\"Model: T8-1327B ; Size : 4.5\u00d74.5\u00d72.8 m \/ 14.8\u00d714.8\u00d79.2 ft ; Weight: 70 Kg \/ 154.3 lbs ; Material: 0.55 mm and 0.9 mm PVC Tarpaulin\",\"breadcrumb\":{\"@id\":\"https:\/\/www.chinee-inflatable.com\/product\/t8-1327b-crocodile-themed-inflatable-slide-with-baby-shark-design\/#breadcrumb\"},\"inLanguage\":\"es\",\"potentialAction\":[{\"@type\":\"ReadAction\",\"target\":[\"https:\/\/www.chinee-inflatable.com\/product\/t8-1327b-crocodile-themed-inflatable-slide-with-baby-shark-design\/\"]}]},{\"@type\":\"ImageObject\",\"inLanguage\":\"es\",\"@id\":\"https:\/\/www.chinee-inflatable.com\/product\/t8-1327b-crocodile-themed-inflatable-slide-with-baby-shark-design\/#primaryimage\",\"url\":\"https:\/\/www.chinee-inflatable.com\/wp-content\/uploads\/2025\/01\/DJI_0210-1-e1736492675434.jpg\",\"contentUrl\":\"https:\/\/www.chinee-inflatable.com\/wp-content\/uploads\/2025\/01\/DJI_0210-1-e1736492675434.jpg\",\"width\":1090,\"height\":985,\"caption\":\"Inflatable Water Slide\"},{\"@type\":\"BreadcrumbList\",\"@id\":\"https:\/\/www.chinee-inflatable.com\/product\/t8-1327b-crocodile-themed-inflatable-slide-with-baby-shark-design\/#breadcrumb\",\"itemListElement\":[{\"@type\":\"ListItem\",\"position\":1,\"name\":\"Home\",\"item\":\"https:\/\/www.chinee-inflatable.com\/\"},{\"@type\":\"ListItem\",\"position\":2,\"name\":\"Products\",\"item\":\"https:\/\/www.chinee-inflatable.com\/shop\/\"},{\"@type\":\"ListItem\",\"position\":3,\"name\":\"T8-1327B Crocodile-Themed Inflatable Slide with Baby Shark Design\"}]},{\"@type\":\"WebSite\",\"@id\":\"https:\/\/www.chinee-inflatable.com\/#website\",\"url\":\"https:\/\/www.chinee-inflatable.com\/\",\"name\":\"Chinee Inflatable Factory\",\"description\":\"Offer you lower price &amp; higher quality inflatables.\",\"publisher\":{\"@id\":\"https:\/\/www.chinee-inflatable.com\/#organization\"},\"alternateName\":\"Chinee Inflatable Bounce\",\"potentialAction\":[{\"@type\":\"SearchAction\",\"target\":{\"@type\":\"EntryPoint\",\"urlTemplate\":\"https:\/\/www.chinee-inflatable.com\/?s={search_term_string}\"},\"query-input\":{\"@type\":\"PropertyValueSpecification\",\"valueRequired\":true,\"valueName\":\"search_term_string\"}}],\"inLanguage\":\"es\"},{\"@type\":\"Organization\",\"@id\":\"https:\/\/www.chinee-inflatable.com\/#organization\",\"name\":\"Chinee Inflatable\",\"alternateName\":\"Chinee Inflatable Bounce\",\"url\":\"https:\/\/www.chinee-inflatable.com\/\",\"logo\":{\"@type\":\"ImageObject\",\"inLanguage\":\"es\",\"@id\":\"https:\/\/www.chinee-inflatable.com\/#\/schema\/logo\/image\/\",\"url\":\"https:\/\/www.chinee-inflatable.com\/wp-content\/uploads\/2021\/11\/cropped-CHINEE-INFLATABLE-LOGO.png\",\"contentUrl\":\"https:\/\/www.chinee-inflatable.com\/wp-content\/uploads\/2021\/11\/cropped-CHINEE-INFLATABLE-LOGO.png\",\"width\":200,\"height\":190,\"caption\":\"Chinee Inflatable\"},\"image\":{\"@id\":\"https:\/\/www.chinee-inflatable.com\/#\/schema\/logo\/image\/\"},\"sameAs\":[\"https:\/\/www.facebook.com\/ChineeInflatabletian\/\"],\"description\":\"Chinee Inflatable established in 1998, Chinee has grown to become one of the largest inflatable manufacturers in China.At Chinee, we take pride in our skilled workforce and our ability to cater to the unique needs of our clients. We specialize in producing custom inflatable designs, providing our clients with a diverse range of options for their specific requirements.\",\"email\":\"info@chinee-inflatable.com\",\"telephone\":\"+86-18826065077\",\"legalName\":\"Chinee Inflatable\",\"foundingDate\":\"1998-01-02\",\"numberOfEmployees\":{\"@type\":\"QuantitativeValue\",\"minValue\":\"501\",\"maxValue\":\"1000\"}}]}<\/script>\n<!-- \/ Yoast SEO Premium plugin. -->","yoast_head_json":{"title":"T8-1327B Crocodile-Themed Inflatable Slide with Baby Shark Design - Chinee Inflatable","description":"Model: T8-1327B ; Size : 4.5\u00d74.5\u00d72.8 m \/ 14.8\u00d714.8\u00d79.2 ft ; Weight: 70 Kg \/ 154.3 lbs ; Material: 0.55 mm and 0.9 mm PVC Tarpaulin","robots":{"index":"index","follow":"follow","max-snippet":"max-snippet:-1","max-image-preview":"max-image-preview:large","max-video-preview":"max-video-preview:-1"},"canonical":"https:\/\/www.chinee-inflatable.com\/es\/producto\/t8-1327b-crocodile-themed-inflatable-slide-with-baby-shark-design\/","og_locale":"es_ES","og_type":"article","og_title":"T8-1327B Crocodile-Themed Inflatable Slide with Baby Shark Design","og_description":"Model: T8-1327B ; Size : 4.5\u00d74.5\u00d72.8 m \/ 14.8\u00d714.8\u00d79.2 ft ; Weight: 70 Kg \/ 154.3 lbs ; Material: 0.55 mm and 0.9 mm PVC Tarpaulin","og_url":"https:\/\/www.chinee-inflatable.com\/es\/producto\/t8-1327b-crocodile-themed-inflatable-slide-with-baby-shark-design\/","og_site_name":"Chinee Inflatable","article_publisher":"https:\/\/www.facebook.com\/ChineeInflatabletian\/","article_modified_time":"2025-08-27T06:58:34+00:00","og_image":[{"width":1090,"height":985,"url":"https:\/\/www.chinee-inflatable.com\/wp-content\/uploads\/2025\/01\/DJI_0210-1-e1736492675434.jpg","type":"image\/jpeg"}],"twitter_card":"summary_large_image","twitter_description":"Model: T8-1327B ; Size : 4.5\u00d74.5\u00d72.8 m \/ 14.8\u00d714.8\u00d79.2 ft ; Weight: 70 Kg \/ 154.3 lbs ; Material: 0.55 mm and 0.9 mm PVC Tarpaulin","schema":{"@context":"https:\/\/schema.org","@graph":[{"@type":"WebPage","@id":"https:\/\/www.chinee-inflatable.com\/product\/t8-1327b-crocodile-themed-inflatable-slide-with-baby-shark-design\/","url":"https:\/\/www.chinee-inflatable.com\/product\/t8-1327b-crocodile-themed-inflatable-slide-with-baby-shark-design\/","name":"T8-1327B Crocodile-Themed Inflatable Slide with Baby Shark Design - Chinee Inflatable","isPartOf":{"@id":"https:\/\/www.chinee-inflatable.com\/#website"},"primaryImageOfPage":{"@id":"https:\/\/www.chinee-inflatable.com\/product\/t8-1327b-crocodile-themed-inflatable-slide-with-baby-shark-design\/#primaryimage"},"image":{"@id":"https:\/\/www.chinee-inflatable.com\/product\/t8-1327b-crocodile-themed-inflatable-slide-with-baby-shark-design\/#primaryimage"},"thumbnailUrl":"https:\/\/www.chinee-inflatable.com\/wp-content\/uploads\/2025\/01\/DJI_0210-1-e1736492675434.jpg","datePublished":"2025-01-16T02:32:38+00:00","dateModified":"2025-08-27T06:58:34+00:00","description":"Model: T8-1327B ; Size : 4.5\u00d74.5\u00d72.8 m \/ 14.8\u00d714.8\u00d79.2 ft ; Weight: 70 Kg \/ 154.3 lbs ; Material: 0.55 mm and 0.9 mm PVC Tarpaulin","breadcrumb":{"@id":"https:\/\/www.chinee-inflatable.com\/product\/t8-1327b-crocodile-themed-inflatable-slide-with-baby-shark-design\/#breadcrumb"},"inLanguage":"es","potentialAction":[{"@type":"ReadAction","target":["https:\/\/www.chinee-inflatable.com\/product\/t8-1327b-crocodile-themed-inflatable-slide-with-baby-shark-design\/"]}]},{"@type":"ImageObject","inLanguage":"es","@id":"https:\/\/www.chinee-inflatable.com\/product\/t8-1327b-crocodile-themed-inflatable-slide-with-baby-shark-design\/#primaryimage","url":"https:\/\/www.chinee-inflatable.com\/wp-content\/uploads\/2025\/01\/DJI_0210-1-e1736492675434.jpg","contentUrl":"https:\/\/www.chinee-inflatable.com\/wp-content\/uploads\/2025\/01\/DJI_0210-1-e1736492675434.jpg","width":1090,"height":985,"caption":"Inflatable Water Slide"},{"@type":"BreadcrumbList","@id":"https:\/\/www.chinee-inflatable.com\/product\/t8-1327b-crocodile-themed-inflatable-slide-with-baby-shark-design\/#breadcrumb","itemListElement":[{"@type":"ListItem","position":1,"name":"Home","item":"https:\/\/www.chinee-inflatable.com\/"},{"@type":"ListItem","position":2,"name":"Products","item":"https:\/\/www.chinee-inflatable.com\/shop\/"},{"@type":"ListItem","position":3,"name":"T8-1327B Crocodile-Themed Inflatable Slide with Baby Shark Design"}]},{"@type":"WebSite","@id":"https:\/\/www.chinee-inflatable.com\/#website","url":"https:\/\/www.chinee-inflatable.com\/","name":"Chinee Inflatable Factory","description":"Offer you lower price &amp; higher quality inflatables.","publisher":{"@id":"https:\/\/www.chinee-inflatable.com\/#organization"},"alternateName":"Chinee Inflatable Bounce","potentialAction":[{"@type":"SearchAction","target":{"@type":"EntryPoint","urlTemplate":"https:\/\/www.chinee-inflatable.com\/?s={search_term_string}"},"query-input":{"@type":"PropertyValueSpecification","valueRequired":true,"valueName":"search_term_string"}}],"inLanguage":"es"},{"@type":"Organization","@id":"https:\/\/www.chinee-inflatable.com\/#organization","name":"Chinee Inflatable","alternateName":"Chinee Inflatable Bounce","url":"https:\/\/www.chinee-inflatable.com\/","logo":{"@type":"ImageObject","inLanguage":"es","@id":"https:\/\/www.chinee-inflatable.com\/#\/schema\/logo\/image\/","url":"https:\/\/www.chinee-inflatable.com\/wp-content\/uploads\/2021\/11\/cropped-CHINEE-INFLATABLE-LOGO.png","contentUrl":"https:\/\/www.chinee-inflatable.com\/wp-content\/uploads\/2021\/11\/cropped-CHINEE-INFLATABLE-LOGO.png","width":200,"height":190,"caption":"Chinee Inflatable"},"image":{"@id":"https:\/\/www.chinee-inflatable.com\/#\/schema\/logo\/image\/"},"sameAs":["https:\/\/www.facebook.com\/ChineeInflatabletian\/"],"description":"Chinee Inflatable established in 1998, Chinee has grown to become one of the largest inflatable manufacturers in China.At Chinee, we take pride in our skilled workforce and our ability to cater to the unique needs of our clients. We specialize in producing custom inflatable designs, providing our clients with a diverse range of options for their specific requirements.","email":"info@chinee-inflatable.com","telephone":"+86-18826065077","legalName":"Chinee Inflatable","foundingDate":"1998-01-02","numberOfEmployees":{"@type":"QuantitativeValue","minValue":"501","maxValue":"1000"}}]}},"_links":{"self":[{"href":"https:\/\/www.chinee-inflatable.com\/es\/wp-json\/wp\/v2\/product\/79534","targetHints":{"allow":["GET"]}}],"collection":[{"href":"https:\/\/www.chinee-inflatable.com\/es\/wp-json\/wp\/v2\/product"}],"about":[{"href":"https:\/\/www.chinee-inflatable.com\/es\/wp-json\/wp\/v2\/types\/product"}],"wp:featuredmedia":[{"embeddable":true,"href":"https:\/\/www.chinee-inflatable.com\/es\/wp-json\/wp\/v2\/media\/79533"}],"wp:attachment":[{"href":"https:\/\/www.chinee-inflatable.com\/es\/wp-json\/wp\/v2\/media?parent=79534"}],"wp:term":[{"taxonomy":"product_brand","embeddable":true,"href":"https:\/\/www.chinee-inflatable.com\/es\/wp-json\/wp\/v2\/product_brand?post=79534"},{"taxonomy":"product_cat","embeddable":true,"href":"https:\/\/www.chinee-inflatable.com\/es\/wp-json\/wp\/v2\/product_cat?post=79534"},{"taxonomy":"product_tag","embeddable":true,"href":"https:\/\/www.chinee-inflatable.com\/es\/wp-json\/wp\/v2\/product_tag?post=79534"}],"curies":[{"name":"wp","href":"https:\/\/api.w.org\/{rel}","templated":true}]}}