{"id":6611,"date":"2021-10-15T17:07:48","date_gmt":"2021-10-15T09:07:48","guid":{"rendered":"http:\/\/www.chinee-inflatable.com\/?post_type=product&#038;p=6611"},"modified":"2025-08-27T14:54:37","modified_gmt":"2025-08-27T06:54:37","slug":"t7-1248-pez-payaso-submarino-hinchable-infantil-tema-marino-carrera-de-obstaculos-con-tobogan","status":"publish","type":"product","link":"https:\/\/www.chinee-inflatable.com\/es\/producto\/t7-1248-pez-payaso-submarino-hinchable-infantil-tema-marino-carrera-de-obstaculos-con-tobogan\/","title":{"rendered":"T7-1248 Pez payaso submarino Pista de obst\u00e1culos hinchable para ni\u00f1os con tobog\u00e1n y tem\u00e1tica marina"},"content":{"rendered":"","protected":false},"excerpt":{"rendered":"","protected":false},"featured_media":6749,"template":"","meta":{"_acf_changed":false},"product_brand":[],"product_cat":[87],"product_tag":[228,23,169,414,470],"class_list":{"0":"post-6611","1":"product","2":"type-product","3":"status-publish","4":"has-post-thumbnail","6":"product_cat-obstacle-courses","7":"product_tag-climbing","8":"product_tag-hot-inflatables","9":"product_tag-in-stock-fast-delivery","10":"product_tag-obstacles","11":"product_tag-ocean-theme","13":"first","14":"instock","15":"shipping-taxable","16":"product-type-simple"},"acf":[],"gallery_images":[6754,6758,6759,6760,6762,6763,6765],"yoast_head":"<!-- This site is optimized with the Yoast SEO Premium plugin v24.1 (Yoast SEO v25.0) - https:\/\/yoast.com\/wordpress\/plugins\/seo\/ -->\n<title>T7-1248 Undersea Clownfish Inflatable Kids Marine Themed Obstacle Course With Slide - Chinee Inflatable<\/title>\n<meta name=\"description\" content=\"Model: T7-1248 ; Size : 8.5\u00d73\u00d73.3 m \/ 27.9\u00d79.8\u00d710.8 ft ; Weight: 125 Kg \/ 275.6 lbs ; Material: 0.55 mm and 0.9 mm PVC Tarpaulin\" \/>\n<meta name=\"robots\" content=\"index, follow, max-snippet:-1, max-image-preview:large, max-video-preview:-1\" \/>\n<link rel=\"canonical\" href=\"https:\/\/www.chinee-inflatable.com\/es\/producto\/t7-1248-pez-payaso-submarino-hinchable-infantil-tema-marino-carrera-de-obstaculos-con-tobogan\/\" \/>\n<meta property=\"og:locale\" content=\"es_ES\" \/>\n<meta property=\"og:type\" content=\"article\" \/>\n<meta property=\"og:title\" content=\"T7-1248 Undersea Clownfish Inflatable Kids Marine Themed Obstacle Course With Slide\" \/>\n<meta property=\"og:description\" content=\"Model: T7-1248 ; Size : 8.5\u00d73\u00d73.3 m \/ 27.9\u00d79.8\u00d710.8 ft ; Weight: 125 Kg \/ 275.6 lbs ; Material: 0.55 mm and 0.9 mm PVC Tarpaulin\" \/>\n<meta property=\"og:url\" content=\"https:\/\/www.chinee-inflatable.com\/es\/producto\/t7-1248-pez-payaso-submarino-hinchable-infantil-tema-marino-carrera-de-obstaculos-con-tobogan\/\" \/>\n<meta property=\"og:site_name\" content=\"Chinee Inflatable\" \/>\n<meta property=\"article:publisher\" content=\"https:\/\/www.facebook.com\/ChineeInflatabletian\/\" \/>\n<meta property=\"article:modified_time\" content=\"2025-08-27T06:54:37+00:00\" \/>\n<meta property=\"og:image\" content=\"https:\/\/www.chinee-inflatable.com\/wp-content\/uploads\/2021\/10\/DSC05070.jpg\" \/>\n\t<meta property=\"og:image:width\" content=\"1200\" \/>\n\t<meta property=\"og:image:height\" content=\"800\" \/>\n\t<meta property=\"og:image:type\" content=\"image\/jpeg\" \/>\n<meta name=\"twitter:card\" content=\"summary_large_image\" \/>\n<meta name=\"twitter:description\" content=\"Model: T7-1248 ; Size : 8.5\u00d73\u00d73.3 m \/ 27.9\u00d79.8\u00d710.8 ft ; Weight: 125 Kg \/ 275.6 lbs ; Material: 0.55 mm and 0.9 mm PVC Tarpaulin\" \/>\n<script type=\"application\/ld+json\" class=\"yoast-schema-graph\">{\"@context\":\"https:\/\/schema.org\",\"@graph\":[{\"@type\":\"WebPage\",\"@id\":\"https:\/\/www.chinee-inflatable.com\/product\/t7-1248-undersea-clownfish-inflatable-kids-marine-themed-obstacle-course-with-slide\/\",\"url\":\"https:\/\/www.chinee-inflatable.com\/product\/t7-1248-undersea-clownfish-inflatable-kids-marine-themed-obstacle-course-with-slide\/\",\"name\":\"T7-1248 Undersea Clownfish Inflatable Kids Marine Themed Obstacle Course With Slide - Chinee Inflatable\",\"isPartOf\":{\"@id\":\"https:\/\/www.chinee-inflatable.com\/#website\"},\"primaryImageOfPage\":{\"@id\":\"https:\/\/www.chinee-inflatable.com\/product\/t7-1248-undersea-clownfish-inflatable-kids-marine-themed-obstacle-course-with-slide\/#primaryimage\"},\"image\":{\"@id\":\"https:\/\/www.chinee-inflatable.com\/product\/t7-1248-undersea-clownfish-inflatable-kids-marine-themed-obstacle-course-with-slide\/#primaryimage\"},\"thumbnailUrl\":\"https:\/\/www.chinee-inflatable.com\/wp-content\/uploads\/2021\/10\/DSC05070.jpg\",\"datePublished\":\"2021-10-15T09:07:48+00:00\",\"dateModified\":\"2025-08-27T06:54:37+00:00\",\"description\":\"Model: T7-1248 ; Size : 8.5\u00d73\u00d73.3 m \/ 27.9\u00d79.8\u00d710.8 ft ; Weight: 125 Kg \/ 275.6 lbs ; Material: 0.55 mm and 0.9 mm PVC Tarpaulin\",\"breadcrumb\":{\"@id\":\"https:\/\/www.chinee-inflatable.com\/product\/t7-1248-undersea-clownfish-inflatable-kids-marine-themed-obstacle-course-with-slide\/#breadcrumb\"},\"inLanguage\":\"es\",\"potentialAction\":[{\"@type\":\"ReadAction\",\"target\":[\"https:\/\/www.chinee-inflatable.com\/product\/t7-1248-undersea-clownfish-inflatable-kids-marine-themed-obstacle-course-with-slide\/\"]}]},{\"@type\":\"ImageObject\",\"inLanguage\":\"es\",\"@id\":\"https:\/\/www.chinee-inflatable.com\/product\/t7-1248-undersea-clownfish-inflatable-kids-marine-themed-obstacle-course-with-slide\/#primaryimage\",\"url\":\"https:\/\/www.chinee-inflatable.com\/wp-content\/uploads\/2021\/10\/DSC05070.jpg\",\"contentUrl\":\"https:\/\/www.chinee-inflatable.com\/wp-content\/uploads\/2021\/10\/DSC05070.jpg\",\"width\":1200,\"height\":800},{\"@type\":\"BreadcrumbList\",\"@id\":\"https:\/\/www.chinee-inflatable.com\/product\/t7-1248-undersea-clownfish-inflatable-kids-marine-themed-obstacle-course-with-slide\/#breadcrumb\",\"itemListElement\":[{\"@type\":\"ListItem\",\"position\":1,\"name\":\"Home\",\"item\":\"https:\/\/www.chinee-inflatable.com\/\"},{\"@type\":\"ListItem\",\"position\":2,\"name\":\"Products\",\"item\":\"https:\/\/www.chinee-inflatable.com\/shop\/\"},{\"@type\":\"ListItem\",\"position\":3,\"name\":\"T7-1248 Undersea Clownfish Inflatable Kids Marine Themed Obstacle Course With Slide\"}]},{\"@type\":\"WebSite\",\"@id\":\"https:\/\/www.chinee-inflatable.com\/#website\",\"url\":\"https:\/\/www.chinee-inflatable.com\/\",\"name\":\"Chinee Inflatable Factory\",\"description\":\"Offer you lower price &amp; higher quality inflatables.\",\"publisher\":{\"@id\":\"https:\/\/www.chinee-inflatable.com\/#organization\"},\"alternateName\":\"Chinee Inflatable Bounce\",\"potentialAction\":[{\"@type\":\"SearchAction\",\"target\":{\"@type\":\"EntryPoint\",\"urlTemplate\":\"https:\/\/www.chinee-inflatable.com\/?s={search_term_string}\"},\"query-input\":{\"@type\":\"PropertyValueSpecification\",\"valueRequired\":true,\"valueName\":\"search_term_string\"}}],\"inLanguage\":\"es\"},{\"@type\":\"Organization\",\"@id\":\"https:\/\/www.chinee-inflatable.com\/#organization\",\"name\":\"Chinee Inflatable\",\"alternateName\":\"Chinee Inflatable Bounce\",\"url\":\"https:\/\/www.chinee-inflatable.com\/\",\"logo\":{\"@type\":\"ImageObject\",\"inLanguage\":\"es\",\"@id\":\"https:\/\/www.chinee-inflatable.com\/#\/schema\/logo\/image\/\",\"url\":\"https:\/\/www.chinee-inflatable.com\/wp-content\/uploads\/2021\/11\/cropped-CHINEE-INFLATABLE-LOGO.png\",\"contentUrl\":\"https:\/\/www.chinee-inflatable.com\/wp-content\/uploads\/2021\/11\/cropped-CHINEE-INFLATABLE-LOGO.png\",\"width\":200,\"height\":190,\"caption\":\"Chinee Inflatable\"},\"image\":{\"@id\":\"https:\/\/www.chinee-inflatable.com\/#\/schema\/logo\/image\/\"},\"sameAs\":[\"https:\/\/www.facebook.com\/ChineeInflatabletian\/\"],\"description\":\"Chinee Inflatable established in 1998, Chinee has grown to become one of the largest inflatable manufacturers in China.At Chinee, we take pride in our skilled workforce and our ability to cater to the unique needs of our clients. We specialize in producing custom inflatable designs, providing our clients with a diverse range of options for their specific requirements.\",\"email\":\"info@chinee-inflatable.com\",\"telephone\":\"+86-18826065077\",\"legalName\":\"Chinee Inflatable\",\"foundingDate\":\"1998-01-02\",\"numberOfEmployees\":{\"@type\":\"QuantitativeValue\",\"minValue\":\"501\",\"maxValue\":\"1000\"}}]}<\/script>\n<!-- \/ Yoast SEO Premium plugin. -->","yoast_head_json":{"title":"T7-1248 Undersea Clownfish Inflatable Kids Marine Themed Obstacle Course With Slide - Chinee Inflatable","description":"Model: T7-1248 ; Size : 8.5\u00d73\u00d73.3 m \/ 27.9\u00d79.8\u00d710.8 ft ; Weight: 125 Kg \/ 275.6 lbs ; Material: 0.55 mm and 0.9 mm PVC Tarpaulin","robots":{"index":"index","follow":"follow","max-snippet":"max-snippet:-1","max-image-preview":"max-image-preview:large","max-video-preview":"max-video-preview:-1"},"canonical":"https:\/\/www.chinee-inflatable.com\/es\/producto\/t7-1248-pez-payaso-submarino-hinchable-infantil-tema-marino-carrera-de-obstaculos-con-tobogan\/","og_locale":"es_ES","og_type":"article","og_title":"T7-1248 Undersea Clownfish Inflatable Kids Marine Themed Obstacle Course With Slide","og_description":"Model: T7-1248 ; Size : 8.5\u00d73\u00d73.3 m \/ 27.9\u00d79.8\u00d710.8 ft ; Weight: 125 Kg \/ 275.6 lbs ; Material: 0.55 mm and 0.9 mm PVC Tarpaulin","og_url":"https:\/\/www.chinee-inflatable.com\/es\/producto\/t7-1248-pez-payaso-submarino-hinchable-infantil-tema-marino-carrera-de-obstaculos-con-tobogan\/","og_site_name":"Chinee Inflatable","article_publisher":"https:\/\/www.facebook.com\/ChineeInflatabletian\/","article_modified_time":"2025-08-27T06:54:37+00:00","og_image":[{"width":1200,"height":800,"url":"https:\/\/www.chinee-inflatable.com\/wp-content\/uploads\/2021\/10\/DSC05070.jpg","type":"image\/jpeg"}],"twitter_card":"summary_large_image","twitter_description":"Model: T7-1248 ; Size : 8.5\u00d73\u00d73.3 m \/ 27.9\u00d79.8\u00d710.8 ft ; Weight: 125 Kg \/ 275.6 lbs ; Material: 0.55 mm and 0.9 mm PVC Tarpaulin","schema":{"@context":"https:\/\/schema.org","@graph":[{"@type":"WebPage","@id":"https:\/\/www.chinee-inflatable.com\/product\/t7-1248-undersea-clownfish-inflatable-kids-marine-themed-obstacle-course-with-slide\/","url":"https:\/\/www.chinee-inflatable.com\/product\/t7-1248-undersea-clownfish-inflatable-kids-marine-themed-obstacle-course-with-slide\/","name":"T7-1248 Undersea Clownfish Inflatable Kids Marine Themed Obstacle Course With Slide - Chinee Inflatable","isPartOf":{"@id":"https:\/\/www.chinee-inflatable.com\/#website"},"primaryImageOfPage":{"@id":"https:\/\/www.chinee-inflatable.com\/product\/t7-1248-undersea-clownfish-inflatable-kids-marine-themed-obstacle-course-with-slide\/#primaryimage"},"image":{"@id":"https:\/\/www.chinee-inflatable.com\/product\/t7-1248-undersea-clownfish-inflatable-kids-marine-themed-obstacle-course-with-slide\/#primaryimage"},"thumbnailUrl":"https:\/\/www.chinee-inflatable.com\/wp-content\/uploads\/2021\/10\/DSC05070.jpg","datePublished":"2021-10-15T09:07:48+00:00","dateModified":"2025-08-27T06:54:37+00:00","description":"Model: T7-1248 ; Size : 8.5\u00d73\u00d73.3 m \/ 27.9\u00d79.8\u00d710.8 ft ; Weight: 125 Kg \/ 275.6 lbs ; Material: 0.55 mm and 0.9 mm PVC Tarpaulin","breadcrumb":{"@id":"https:\/\/www.chinee-inflatable.com\/product\/t7-1248-undersea-clownfish-inflatable-kids-marine-themed-obstacle-course-with-slide\/#breadcrumb"},"inLanguage":"es","potentialAction":[{"@type":"ReadAction","target":["https:\/\/www.chinee-inflatable.com\/product\/t7-1248-undersea-clownfish-inflatable-kids-marine-themed-obstacle-course-with-slide\/"]}]},{"@type":"ImageObject","inLanguage":"es","@id":"https:\/\/www.chinee-inflatable.com\/product\/t7-1248-undersea-clownfish-inflatable-kids-marine-themed-obstacle-course-with-slide\/#primaryimage","url":"https:\/\/www.chinee-inflatable.com\/wp-content\/uploads\/2021\/10\/DSC05070.jpg","contentUrl":"https:\/\/www.chinee-inflatable.com\/wp-content\/uploads\/2021\/10\/DSC05070.jpg","width":1200,"height":800},{"@type":"BreadcrumbList","@id":"https:\/\/www.chinee-inflatable.com\/product\/t7-1248-undersea-clownfish-inflatable-kids-marine-themed-obstacle-course-with-slide\/#breadcrumb","itemListElement":[{"@type":"ListItem","position":1,"name":"Home","item":"https:\/\/www.chinee-inflatable.com\/"},{"@type":"ListItem","position":2,"name":"Products","item":"https:\/\/www.chinee-inflatable.com\/shop\/"},{"@type":"ListItem","position":3,"name":"T7-1248 Undersea Clownfish Inflatable Kids Marine Themed Obstacle Course With Slide"}]},{"@type":"WebSite","@id":"https:\/\/www.chinee-inflatable.com\/#website","url":"https:\/\/www.chinee-inflatable.com\/","name":"Chinee Inflatable Factory","description":"Offer you lower price &amp; higher quality inflatables.","publisher":{"@id":"https:\/\/www.chinee-inflatable.com\/#organization"},"alternateName":"Chinee Inflatable Bounce","potentialAction":[{"@type":"SearchAction","target":{"@type":"EntryPoint","urlTemplate":"https:\/\/www.chinee-inflatable.com\/?s={search_term_string}"},"query-input":{"@type":"PropertyValueSpecification","valueRequired":true,"valueName":"search_term_string"}}],"inLanguage":"es"},{"@type":"Organization","@id":"https:\/\/www.chinee-inflatable.com\/#organization","name":"Chinee Inflatable","alternateName":"Chinee Inflatable Bounce","url":"https:\/\/www.chinee-inflatable.com\/","logo":{"@type":"ImageObject","inLanguage":"es","@id":"https:\/\/www.chinee-inflatable.com\/#\/schema\/logo\/image\/","url":"https:\/\/www.chinee-inflatable.com\/wp-content\/uploads\/2021\/11\/cropped-CHINEE-INFLATABLE-LOGO.png","contentUrl":"https:\/\/www.chinee-inflatable.com\/wp-content\/uploads\/2021\/11\/cropped-CHINEE-INFLATABLE-LOGO.png","width":200,"height":190,"caption":"Chinee Inflatable"},"image":{"@id":"https:\/\/www.chinee-inflatable.com\/#\/schema\/logo\/image\/"},"sameAs":["https:\/\/www.facebook.com\/ChineeInflatabletian\/"],"description":"Chinee Inflatable established in 1998, Chinee has grown to become one of the largest inflatable manufacturers in China.At Chinee, we take pride in our skilled workforce and our ability to cater to the unique needs of our clients. We specialize in producing custom inflatable designs, providing our clients with a diverse range of options for their specific requirements.","email":"info@chinee-inflatable.com","telephone":"+86-18826065077","legalName":"Chinee Inflatable","foundingDate":"1998-01-02","numberOfEmployees":{"@type":"QuantitativeValue","minValue":"501","maxValue":"1000"}}]}},"_links":{"self":[{"href":"https:\/\/www.chinee-inflatable.com\/es\/wp-json\/wp\/v2\/product\/6611","targetHints":{"allow":["GET"]}}],"collection":[{"href":"https:\/\/www.chinee-inflatable.com\/es\/wp-json\/wp\/v2\/product"}],"about":[{"href":"https:\/\/www.chinee-inflatable.com\/es\/wp-json\/wp\/v2\/types\/product"}],"wp:featuredmedia":[{"embeddable":true,"href":"https:\/\/www.chinee-inflatable.com\/es\/wp-json\/wp\/v2\/media\/6749"}],"wp:attachment":[{"href":"https:\/\/www.chinee-inflatable.com\/es\/wp-json\/wp\/v2\/media?parent=6611"}],"wp:term":[{"taxonomy":"product_brand","embeddable":true,"href":"https:\/\/www.chinee-inflatable.com\/es\/wp-json\/wp\/v2\/product_brand?post=6611"},{"taxonomy":"product_cat","embeddable":true,"href":"https:\/\/www.chinee-inflatable.com\/es\/wp-json\/wp\/v2\/product_cat?post=6611"},{"taxonomy":"product_tag","embeddable":true,"href":"https:\/\/www.chinee-inflatable.com\/es\/wp-json\/wp\/v2\/product_tag?post=6611"}],"curies":[{"name":"wp","href":"https:\/\/api.w.org\/{rel}","templated":true}]}}