{"id":52151,"date":"2022-05-12T16:17:19","date_gmt":"2022-05-12T08:17:19","guid":{"rendered":"http:\/\/www.chinee-inflatable.com\/product\/inflatable-advertising-event-big-blue-tent\/"},"modified":"2022-05-12T16:27:10","modified_gmt":"2022-05-12T08:27:10","slug":"hinchable-publicitario-evento-gran-carpa-azul","status":"publish","type":"product","link":"https:\/\/www.chinee-inflatable.com\/es\/producto\/hinchable-publicitario-evento-gran-carpa-azul\/","title":{"rendered":"hinchable publicitario evento gran carpa azul"},"content":{"rendered":"","protected":false},"excerpt":{"rendered":"<p>Tienda inflable gigante al aire libre Camping Fiesta Publicidad Evento gran carpa azul 18X18m tent1-700<\/p>\n<p>Esta tienda inflable es de tama\u00f1o 18 X 18 metros y se puede separar en 3 secciones, cada secci\u00f3n de 18 X 6 metros.<br \/>\nLas 3 secciones se pueden unir para usarlas y tambi\u00e9n se pueden usar individualmente.<br \/>\nHay muchos botones de anclaje y ojales y velcro y cuerdas para la fijaci\u00f3n y la instalaci\u00f3n , tambi\u00e9n puede soportar la nieve y el viento .<br \/>\nParedes extremas desmontables que crean un espacio vers\u00e1til.<\/p>","protected":false},"featured_media":52077,"template":"","meta":{"_acf_changed":false},"product_brand":[],"product_cat":[155],"product_tag":[],"class_list":{"0":"post-52151","1":"product","2":"type-product","3":"status-publish","4":"has-post-thumbnail","6":"product_cat-inflatable-tent","8":"first","9":"instock","10":"shipping-taxable","11":"product-type-simple"},"acf":[],"gallery_images":[52072,52073,52074,52075,52076],"yoast_head":"<!-- This site is optimized with the Yoast SEO Premium plugin v24.1 (Yoast SEO v25.0) - https:\/\/yoast.com\/wordpress\/plugins\/seo\/ -->\n<title>inflatable advertising event big blue tent - Chinee Inflatable<\/title>\n<meta name=\"description\" content=\"Model: H6-0158 ; Size : 18\u00d718 m \/ 59.1\u00d759.1 ft ; Weight: Customized ; Material: 0.55 mm and 0.9 mm PVC Tarpaulin\" \/>\n<meta name=\"robots\" content=\"index, follow, max-snippet:-1, max-image-preview:large, max-video-preview:-1\" \/>\n<link rel=\"canonical\" href=\"https:\/\/www.chinee-inflatable.com\/es\/producto\/hinchable-publicitario-evento-gran-carpa-azul\/\" \/>\n<meta property=\"og:locale\" content=\"es_ES\" \/>\n<meta property=\"og:type\" content=\"article\" \/>\n<meta property=\"og:title\" content=\"inflatable advertising event big blue tent\" \/>\n<meta property=\"og:description\" content=\"Model: H6-0158 ; Size : 18\u00d718 m \/ 59.1\u00d759.1 ft ; Weight: Customized ; Material: 0.55 mm and 0.9 mm PVC Tarpaulin\" \/>\n<meta property=\"og:url\" content=\"https:\/\/www.chinee-inflatable.com\/es\/producto\/hinchable-publicitario-evento-gran-carpa-azul\/\" \/>\n<meta property=\"og:site_name\" content=\"Chinee Inflatable\" \/>\n<meta property=\"article:publisher\" content=\"https:\/\/www.facebook.com\/ChineeInflatabletian\/\" \/>\n<meta property=\"article:modified_time\" content=\"2022-05-12T08:27:10+00:00\" \/>\n<meta property=\"og:image\" content=\"https:\/\/www.chinee-inflatable.com\/wp-content\/uploads\/2022\/05\/H6-0158.jpg\" \/>\n\t<meta property=\"og:image:width\" content=\"750\" \/>\n\t<meta property=\"og:image:height\" content=\"750\" \/>\n\t<meta property=\"og:image:type\" content=\"image\/jpeg\" \/>\n<meta name=\"twitter:card\" content=\"summary_large_image\" \/>\n<meta name=\"twitter:description\" content=\"Model: H6-0158 ; Size : 18\u00d718 m \/ 59.1\u00d759.1 ft ; Weight: Customized ; Material: 0.55 mm and 0.9 mm PVC Tarpaulin\" \/>\n<script type=\"application\/ld+json\" class=\"yoast-schema-graph\">{\"@context\":\"https:\/\/schema.org\",\"@graph\":[{\"@type\":\"WebPage\",\"@id\":\"https:\/\/www.chinee-inflatable.com\/product\/inflatable-advertising-event-big-blue-tent\/\",\"url\":\"https:\/\/www.chinee-inflatable.com\/product\/inflatable-advertising-event-big-blue-tent\/\",\"name\":\"inflatable advertising event big blue tent - Chinee Inflatable\",\"isPartOf\":{\"@id\":\"https:\/\/www.chinee-inflatable.com\/#website\"},\"primaryImageOfPage\":{\"@id\":\"https:\/\/www.chinee-inflatable.com\/product\/inflatable-advertising-event-big-blue-tent\/#primaryimage\"},\"image\":{\"@id\":\"https:\/\/www.chinee-inflatable.com\/product\/inflatable-advertising-event-big-blue-tent\/#primaryimage\"},\"thumbnailUrl\":\"https:\/\/www.chinee-inflatable.com\/wp-content\/uploads\/2022\/05\/H6-0158.jpg\",\"datePublished\":\"2022-05-12T08:17:19+00:00\",\"dateModified\":\"2022-05-12T08:27:10+00:00\",\"description\":\"Model: H6-0158 ; Size : 18\u00d718 m \/ 59.1\u00d759.1 ft ; Weight: Customized ; Material: 0.55 mm and 0.9 mm PVC Tarpaulin\",\"breadcrumb\":{\"@id\":\"https:\/\/www.chinee-inflatable.com\/product\/inflatable-advertising-event-big-blue-tent\/#breadcrumb\"},\"inLanguage\":\"es\",\"potentialAction\":[{\"@type\":\"ReadAction\",\"target\":[\"https:\/\/www.chinee-inflatable.com\/product\/inflatable-advertising-event-big-blue-tent\/\"]}]},{\"@type\":\"ImageObject\",\"inLanguage\":\"es\",\"@id\":\"https:\/\/www.chinee-inflatable.com\/product\/inflatable-advertising-event-big-blue-tent\/#primaryimage\",\"url\":\"https:\/\/www.chinee-inflatable.com\/wp-content\/uploads\/2022\/05\/H6-0158.jpg\",\"contentUrl\":\"https:\/\/www.chinee-inflatable.com\/wp-content\/uploads\/2022\/05\/H6-0158.jpg\",\"width\":750,\"height\":750,\"caption\":\"DCIM102MEDIADJI_0505.JPG\"},{\"@type\":\"BreadcrumbList\",\"@id\":\"https:\/\/www.chinee-inflatable.com\/product\/inflatable-advertising-event-big-blue-tent\/#breadcrumb\",\"itemListElement\":[{\"@type\":\"ListItem\",\"position\":1,\"name\":\"Home\",\"item\":\"https:\/\/www.chinee-inflatable.com\/\"},{\"@type\":\"ListItem\",\"position\":2,\"name\":\"Products\",\"item\":\"https:\/\/www.chinee-inflatable.com\/shop\/\"},{\"@type\":\"ListItem\",\"position\":3,\"name\":\"inflatable advertising event big blue tent\"}]},{\"@type\":\"WebSite\",\"@id\":\"https:\/\/www.chinee-inflatable.com\/#website\",\"url\":\"https:\/\/www.chinee-inflatable.com\/\",\"name\":\"Chinee Inflatable Factory\",\"description\":\"Offer you lower price &amp; higher quality inflatables.\",\"publisher\":{\"@id\":\"https:\/\/www.chinee-inflatable.com\/#organization\"},\"alternateName\":\"Chinee Inflatable Bounce\",\"potentialAction\":[{\"@type\":\"SearchAction\",\"target\":{\"@type\":\"EntryPoint\",\"urlTemplate\":\"https:\/\/www.chinee-inflatable.com\/?s={search_term_string}\"},\"query-input\":{\"@type\":\"PropertyValueSpecification\",\"valueRequired\":true,\"valueName\":\"search_term_string\"}}],\"inLanguage\":\"es\"},{\"@type\":\"Organization\",\"@id\":\"https:\/\/www.chinee-inflatable.com\/#organization\",\"name\":\"Chinee Inflatable\",\"alternateName\":\"Chinee Inflatable Bounce\",\"url\":\"https:\/\/www.chinee-inflatable.com\/\",\"logo\":{\"@type\":\"ImageObject\",\"inLanguage\":\"es\",\"@id\":\"https:\/\/www.chinee-inflatable.com\/#\/schema\/logo\/image\/\",\"url\":\"https:\/\/www.chinee-inflatable.com\/wp-content\/uploads\/2021\/11\/cropped-CHINEE-INFLATABLE-LOGO.png\",\"contentUrl\":\"https:\/\/www.chinee-inflatable.com\/wp-content\/uploads\/2021\/11\/cropped-CHINEE-INFLATABLE-LOGO.png\",\"width\":200,\"height\":190,\"caption\":\"Chinee Inflatable\"},\"image\":{\"@id\":\"https:\/\/www.chinee-inflatable.com\/#\/schema\/logo\/image\/\"},\"sameAs\":[\"https:\/\/www.facebook.com\/ChineeInflatabletian\/\"],\"description\":\"Chinee Inflatable established in 1998, Chinee has grown to become one of the largest inflatable manufacturers in China.At Chinee, we take pride in our skilled workforce and our ability to cater to the unique needs of our clients. We specialize in producing custom inflatable designs, providing our clients with a diverse range of options for their specific requirements.\",\"email\":\"info@chinee-inflatable.com\",\"telephone\":\"+86-18826065077\",\"legalName\":\"Chinee Inflatable\",\"foundingDate\":\"1998-01-02\",\"numberOfEmployees\":{\"@type\":\"QuantitativeValue\",\"minValue\":\"501\",\"maxValue\":\"1000\"}}]}<\/script>\n<!-- \/ Yoast SEO Premium plugin. -->","yoast_head_json":{"title":"inflatable advertising event big blue tent - Chinee Inflatable","description":"Model: H6-0158 ; Size : 18\u00d718 m \/ 59.1\u00d759.1 ft ; Weight: Customized ; Material: 0.55 mm and 0.9 mm PVC Tarpaulin","robots":{"index":"index","follow":"follow","max-snippet":"max-snippet:-1","max-image-preview":"max-image-preview:large","max-video-preview":"max-video-preview:-1"},"canonical":"https:\/\/www.chinee-inflatable.com\/es\/producto\/hinchable-publicitario-evento-gran-carpa-azul\/","og_locale":"es_ES","og_type":"article","og_title":"inflatable advertising event big blue tent","og_description":"Model: H6-0158 ; Size : 18\u00d718 m \/ 59.1\u00d759.1 ft ; Weight: Customized ; Material: 0.55 mm and 0.9 mm PVC Tarpaulin","og_url":"https:\/\/www.chinee-inflatable.com\/es\/producto\/hinchable-publicitario-evento-gran-carpa-azul\/","og_site_name":"Chinee Inflatable","article_publisher":"https:\/\/www.facebook.com\/ChineeInflatabletian\/","article_modified_time":"2022-05-12T08:27:10+00:00","og_image":[{"width":750,"height":750,"url":"https:\/\/www.chinee-inflatable.com\/wp-content\/uploads\/2022\/05\/H6-0158.jpg","type":"image\/jpeg"}],"twitter_card":"summary_large_image","twitter_description":"Model: H6-0158 ; Size : 18\u00d718 m \/ 59.1\u00d759.1 ft ; Weight: Customized ; Material: 0.55 mm and 0.9 mm PVC Tarpaulin","schema":{"@context":"https:\/\/schema.org","@graph":[{"@type":"WebPage","@id":"https:\/\/www.chinee-inflatable.com\/product\/inflatable-advertising-event-big-blue-tent\/","url":"https:\/\/www.chinee-inflatable.com\/product\/inflatable-advertising-event-big-blue-tent\/","name":"inflatable advertising event big blue tent - Chinee Inflatable","isPartOf":{"@id":"https:\/\/www.chinee-inflatable.com\/#website"},"primaryImageOfPage":{"@id":"https:\/\/www.chinee-inflatable.com\/product\/inflatable-advertising-event-big-blue-tent\/#primaryimage"},"image":{"@id":"https:\/\/www.chinee-inflatable.com\/product\/inflatable-advertising-event-big-blue-tent\/#primaryimage"},"thumbnailUrl":"https:\/\/www.chinee-inflatable.com\/wp-content\/uploads\/2022\/05\/H6-0158.jpg","datePublished":"2022-05-12T08:17:19+00:00","dateModified":"2022-05-12T08:27:10+00:00","description":"Model: H6-0158 ; Size : 18\u00d718 m \/ 59.1\u00d759.1 ft ; Weight: Customized ; Material: 0.55 mm and 0.9 mm PVC Tarpaulin","breadcrumb":{"@id":"https:\/\/www.chinee-inflatable.com\/product\/inflatable-advertising-event-big-blue-tent\/#breadcrumb"},"inLanguage":"es","potentialAction":[{"@type":"ReadAction","target":["https:\/\/www.chinee-inflatable.com\/product\/inflatable-advertising-event-big-blue-tent\/"]}]},{"@type":"ImageObject","inLanguage":"es","@id":"https:\/\/www.chinee-inflatable.com\/product\/inflatable-advertising-event-big-blue-tent\/#primaryimage","url":"https:\/\/www.chinee-inflatable.com\/wp-content\/uploads\/2022\/05\/H6-0158.jpg","contentUrl":"https:\/\/www.chinee-inflatable.com\/wp-content\/uploads\/2022\/05\/H6-0158.jpg","width":750,"height":750,"caption":"DCIM102MEDIADJI_0505.JPG"},{"@type":"BreadcrumbList","@id":"https:\/\/www.chinee-inflatable.com\/product\/inflatable-advertising-event-big-blue-tent\/#breadcrumb","itemListElement":[{"@type":"ListItem","position":1,"name":"Home","item":"https:\/\/www.chinee-inflatable.com\/"},{"@type":"ListItem","position":2,"name":"Products","item":"https:\/\/www.chinee-inflatable.com\/shop\/"},{"@type":"ListItem","position":3,"name":"inflatable advertising event big blue tent"}]},{"@type":"WebSite","@id":"https:\/\/www.chinee-inflatable.com\/#website","url":"https:\/\/www.chinee-inflatable.com\/","name":"Chinee Inflatable Factory","description":"Offer you lower price &amp; higher quality inflatables.","publisher":{"@id":"https:\/\/www.chinee-inflatable.com\/#organization"},"alternateName":"Chinee Inflatable Bounce","potentialAction":[{"@type":"SearchAction","target":{"@type":"EntryPoint","urlTemplate":"https:\/\/www.chinee-inflatable.com\/?s={search_term_string}"},"query-input":{"@type":"PropertyValueSpecification","valueRequired":true,"valueName":"search_term_string"}}],"inLanguage":"es"},{"@type":"Organization","@id":"https:\/\/www.chinee-inflatable.com\/#organization","name":"Chinee Inflatable","alternateName":"Chinee Inflatable Bounce","url":"https:\/\/www.chinee-inflatable.com\/","logo":{"@type":"ImageObject","inLanguage":"es","@id":"https:\/\/www.chinee-inflatable.com\/#\/schema\/logo\/image\/","url":"https:\/\/www.chinee-inflatable.com\/wp-content\/uploads\/2021\/11\/cropped-CHINEE-INFLATABLE-LOGO.png","contentUrl":"https:\/\/www.chinee-inflatable.com\/wp-content\/uploads\/2021\/11\/cropped-CHINEE-INFLATABLE-LOGO.png","width":200,"height":190,"caption":"Chinee Inflatable"},"image":{"@id":"https:\/\/www.chinee-inflatable.com\/#\/schema\/logo\/image\/"},"sameAs":["https:\/\/www.facebook.com\/ChineeInflatabletian\/"],"description":"Chinee Inflatable established in 1998, Chinee has grown to become one of the largest inflatable manufacturers in China.At Chinee, we take pride in our skilled workforce and our ability to cater to the unique needs of our clients. We specialize in producing custom inflatable designs, providing our clients with a diverse range of options for their specific requirements.","email":"info@chinee-inflatable.com","telephone":"+86-18826065077","legalName":"Chinee Inflatable","foundingDate":"1998-01-02","numberOfEmployees":{"@type":"QuantitativeValue","minValue":"501","maxValue":"1000"}}]}},"_links":{"self":[{"href":"https:\/\/www.chinee-inflatable.com\/es\/wp-json\/wp\/v2\/product\/52151","targetHints":{"allow":["GET"]}}],"collection":[{"href":"https:\/\/www.chinee-inflatable.com\/es\/wp-json\/wp\/v2\/product"}],"about":[{"href":"https:\/\/www.chinee-inflatable.com\/es\/wp-json\/wp\/v2\/types\/product"}],"wp:featuredmedia":[{"embeddable":true,"href":"https:\/\/www.chinee-inflatable.com\/es\/wp-json\/wp\/v2\/media\/52077"}],"wp:attachment":[{"href":"https:\/\/www.chinee-inflatable.com\/es\/wp-json\/wp\/v2\/media?parent=52151"}],"wp:term":[{"taxonomy":"product_brand","embeddable":true,"href":"https:\/\/www.chinee-inflatable.com\/es\/wp-json\/wp\/v2\/product_brand?post=52151"},{"taxonomy":"product_cat","embeddable":true,"href":"https:\/\/www.chinee-inflatable.com\/es\/wp-json\/wp\/v2\/product_cat?post=52151"},{"taxonomy":"product_tag","embeddable":true,"href":"https:\/\/www.chinee-inflatable.com\/es\/wp-json\/wp\/v2\/product_tag?post=52151"}],"curies":[{"name":"wp","href":"https:\/\/api.w.org\/{rel}","templated":true}]}}