{"id":51692,"date":"2022-05-11T11:24:00","date_gmt":"2022-05-11T03:24:00","guid":{"rendered":"http:\/\/www.chinee-inflatable.com\/?post_type=product&#038;p=51692"},"modified":"2022-05-11T11:24:00","modified_gmt":"2022-05-11T03:24:00","slug":"adultos-deporte-aqua-agua-diversion-parque-juego-inflable-flotante-aqua-parque-para-lago","status":"publish","type":"product","link":"https:\/\/www.chinee-inflatable.com\/es\/producto\/adultos-deporte-aqua-agua-diversion-parque-juego-inflable-flotante-aqua-parque-para-lago\/","title":{"rendered":"Adultos Deporte Aqua Water Fun Park Juego Hinchable Flotante Aqua Park Para Lago"},"content":{"rendered":"<p>\"Con su brillante combinaci\u00f3n de colores y su dise\u00f1o \u00fanico, este enorme parque hinchable autocubierto atraer\u00e1 las miradas de ni\u00f1os y ni\u00f1as y seguro que ser\u00e1 una de las atracciones m\u00e1s llamativas de su evento.<br \/>\n1. El equipo cumple las normas de seguridad m\u00e1s exigentes. Los toboganes tienen laterales altos en la zona de escalada para evitar ca\u00eddas accidentales desde los laterales y garantizar la seguridad de los participantes.<br \/>\n2. Es Ideal Para Parques Acu\u00e1ticos, Campamentos De Verano, Excursiones, Creaci\u00f3n De Empresas O Cualquier Actividad Al Aire Libre Donde Los Jugadores Puedan Disfrutar De La Diversi\u00f3n Del Tobog\u00e1n Hinchable Y De La Sensaci\u00f3n Competitiva De La Carrera.\"\t\t<\/p>","protected":false},"excerpt":{"rendered":"<p>Este tobog\u00e1n hinchable cl\u00e1sico es perfecto para fiestas o actividades al aire libre. Es De Alta Calidad Y Se Puede Utilizar Hasta Tres A\u00f1os. \u00c9sta es nuestra diapositiva que sube m\u00e1s desafiadora y muy popular para practicar sus habilidades que suben.\t\t<\/p>","protected":false},"featured_media":51693,"template":"","meta":{"_acf_changed":false},"product_brand":[],"product_cat":[63],"product_tag":[],"class_list":{"0":"post-51692","1":"product","2":"type-product","3":"status-publish","4":"has-post-thumbnail","6":"product_cat-water-park","8":"first","9":"instock","10":"shipping-taxable","11":"product-type-simple"},"acf":[],"gallery_images":[51694,51693,51696,51695],"yoast_head":"<!-- This site is optimized with the Yoast SEO Premium plugin v24.1 (Yoast SEO v25.0) - https:\/\/yoast.com\/wordpress\/plugins\/seo\/ -->\n<title>Adults Sport Aqua Water Fun Park Game Inflatable Floating Aqua Park For Lake - Chinee Inflatable<\/title>\n<meta name=\"description\" content=\"Model: ID-51692 ; Size : Can be customized ; Weight: Customized ; Material: 0.55 mm and 0.9 mm PVC Tarpaulin\" \/>\n<meta name=\"robots\" content=\"index, follow, max-snippet:-1, max-image-preview:large, max-video-preview:-1\" \/>\n<link rel=\"canonical\" href=\"https:\/\/www.chinee-inflatable.com\/es\/producto\/adultos-deporte-aqua-agua-diversion-parque-juego-inflable-flotante-aqua-parque-para-lago\/\" \/>\n<meta property=\"og:locale\" content=\"es_ES\" \/>\n<meta property=\"og:type\" content=\"article\" \/>\n<meta property=\"og:title\" content=\"Adults Sport Aqua Water Fun Park Game Inflatable Floating Aqua Park For Lake\" \/>\n<meta property=\"og:description\" content=\"Model: ID-51692 ; Size : Can be customized ; Weight: Customized ; Material: 0.55 mm and 0.9 mm PVC Tarpaulin\" \/>\n<meta property=\"og:url\" content=\"https:\/\/www.chinee-inflatable.com\/es\/producto\/adultos-deporte-aqua-agua-diversion-parque-juego-inflable-flotante-aqua-parque-para-lago\/\" \/>\n<meta property=\"og:site_name\" content=\"Chinee Inflatable\" \/>\n<meta property=\"article:publisher\" content=\"https:\/\/www.facebook.com\/ChineeInflatabletian\/\" \/>\n<meta property=\"og:image\" content=\"https:\/\/www.chinee-inflatable.com\/wp-content\/uploads\/2022\/05\/aqua-park16_orig.jpg\" \/>\n\t<meta property=\"og:image:width\" content=\"1067\" \/>\n\t<meta property=\"og:image:height\" content=\"800\" \/>\n\t<meta property=\"og:image:type\" content=\"image\/jpeg\" \/>\n<meta name=\"twitter:card\" content=\"summary_large_image\" \/>\n<meta name=\"twitter:description\" content=\"Model: ID-51692 ; Size : Can be customized ; Weight: Customized ; Material: 0.55 mm and 0.9 mm PVC Tarpaulin\" \/>\n<script type=\"application\/ld+json\" class=\"yoast-schema-graph\">{\"@context\":\"https:\/\/schema.org\",\"@graph\":[{\"@type\":\"WebPage\",\"@id\":\"https:\/\/www.chinee-inflatable.com\/product\/adults-sport-aqua-water-fun-park-game-inflatable-floating-aqua-park-for-lake\/\",\"url\":\"https:\/\/www.chinee-inflatable.com\/product\/adults-sport-aqua-water-fun-park-game-inflatable-floating-aqua-park-for-lake\/\",\"name\":\"Adults Sport Aqua Water Fun Park Game Inflatable Floating Aqua Park For Lake - Chinee Inflatable\",\"isPartOf\":{\"@id\":\"https:\/\/www.chinee-inflatable.com\/#website\"},\"primaryImageOfPage\":{\"@id\":\"https:\/\/www.chinee-inflatable.com\/product\/adults-sport-aqua-water-fun-park-game-inflatable-floating-aqua-park-for-lake\/#primaryimage\"},\"image\":{\"@id\":\"https:\/\/www.chinee-inflatable.com\/product\/adults-sport-aqua-water-fun-park-game-inflatable-floating-aqua-park-for-lake\/#primaryimage\"},\"thumbnailUrl\":\"https:\/\/www.chinee-inflatable.com\/wp-content\/uploads\/2022\/05\/aqua-park16_orig.jpg\",\"datePublished\":\"2022-05-11T03:24:00+00:00\",\"description\":\"Model: ID-51692 ; Size : Can be customized ; Weight: Customized ; Material: 0.55 mm and 0.9 mm PVC Tarpaulin\",\"breadcrumb\":{\"@id\":\"https:\/\/www.chinee-inflatable.com\/product\/adults-sport-aqua-water-fun-park-game-inflatable-floating-aqua-park-for-lake\/#breadcrumb\"},\"inLanguage\":\"es\",\"potentialAction\":[{\"@type\":\"ReadAction\",\"target\":[\"https:\/\/www.chinee-inflatable.com\/product\/adults-sport-aqua-water-fun-park-game-inflatable-floating-aqua-park-for-lake\/\"]}]},{\"@type\":\"ImageObject\",\"inLanguage\":\"es\",\"@id\":\"https:\/\/www.chinee-inflatable.com\/product\/adults-sport-aqua-water-fun-park-game-inflatable-floating-aqua-park-for-lake\/#primaryimage\",\"url\":\"https:\/\/www.chinee-inflatable.com\/wp-content\/uploads\/2022\/05\/aqua-park16_orig.jpg\",\"contentUrl\":\"https:\/\/www.chinee-inflatable.com\/wp-content\/uploads\/2022\/05\/aqua-park16_orig.jpg\",\"width\":1067,\"height\":800,\"caption\":\"Inflatable Water Park\"},{\"@type\":\"BreadcrumbList\",\"@id\":\"https:\/\/www.chinee-inflatable.com\/product\/adults-sport-aqua-water-fun-park-game-inflatable-floating-aqua-park-for-lake\/#breadcrumb\",\"itemListElement\":[{\"@type\":\"ListItem\",\"position\":1,\"name\":\"Home\",\"item\":\"https:\/\/www.chinee-inflatable.com\/\"},{\"@type\":\"ListItem\",\"position\":2,\"name\":\"Products\",\"item\":\"https:\/\/www.chinee-inflatable.com\/shop\/\"},{\"@type\":\"ListItem\",\"position\":3,\"name\":\"Adults Sport Aqua Water Fun Park Game Inflatable Floating Aqua Park For Lake\"}]},{\"@type\":\"WebSite\",\"@id\":\"https:\/\/www.chinee-inflatable.com\/#website\",\"url\":\"https:\/\/www.chinee-inflatable.com\/\",\"name\":\"Chinee Inflatable Factory\",\"description\":\"Offer you lower price &amp; higher quality inflatables.\",\"publisher\":{\"@id\":\"https:\/\/www.chinee-inflatable.com\/#organization\"},\"alternateName\":\"Chinee Inflatable Bounce\",\"potentialAction\":[{\"@type\":\"SearchAction\",\"target\":{\"@type\":\"EntryPoint\",\"urlTemplate\":\"https:\/\/www.chinee-inflatable.com\/?s={search_term_string}\"},\"query-input\":{\"@type\":\"PropertyValueSpecification\",\"valueRequired\":true,\"valueName\":\"search_term_string\"}}],\"inLanguage\":\"es\"},{\"@type\":\"Organization\",\"@id\":\"https:\/\/www.chinee-inflatable.com\/#organization\",\"name\":\"Chinee Inflatable\",\"alternateName\":\"Chinee Inflatable Bounce\",\"url\":\"https:\/\/www.chinee-inflatable.com\/\",\"logo\":{\"@type\":\"ImageObject\",\"inLanguage\":\"es\",\"@id\":\"https:\/\/www.chinee-inflatable.com\/#\/schema\/logo\/image\/\",\"url\":\"https:\/\/www.chinee-inflatable.com\/wp-content\/uploads\/2021\/11\/cropped-CHINEE-INFLATABLE-LOGO.png\",\"contentUrl\":\"https:\/\/www.chinee-inflatable.com\/wp-content\/uploads\/2021\/11\/cropped-CHINEE-INFLATABLE-LOGO.png\",\"width\":200,\"height\":190,\"caption\":\"Chinee Inflatable\"},\"image\":{\"@id\":\"https:\/\/www.chinee-inflatable.com\/#\/schema\/logo\/image\/\"},\"sameAs\":[\"https:\/\/www.facebook.com\/ChineeInflatabletian\/\"],\"description\":\"Chinee Inflatable established in 1998, Chinee has grown to become one of the largest inflatable manufacturers in China.At Chinee, we take pride in our skilled workforce and our ability to cater to the unique needs of our clients. We specialize in producing custom inflatable designs, providing our clients with a diverse range of options for their specific requirements.\",\"email\":\"info@chinee-inflatable.com\",\"telephone\":\"+86-18826065077\",\"legalName\":\"Chinee Inflatable\",\"foundingDate\":\"1998-01-02\",\"numberOfEmployees\":{\"@type\":\"QuantitativeValue\",\"minValue\":\"501\",\"maxValue\":\"1000\"}}]}<\/script>\n<!-- \/ Yoast SEO Premium plugin. -->","yoast_head_json":{"title":"Adults Sport Aqua Water Fun Park Game Inflatable Floating Aqua Park For Lake - Chinee Inflatable","description":"Model: ID-51692 ; Size : Can be customized ; Weight: Customized ; Material: 0.55 mm and 0.9 mm PVC Tarpaulin","robots":{"index":"index","follow":"follow","max-snippet":"max-snippet:-1","max-image-preview":"max-image-preview:large","max-video-preview":"max-video-preview:-1"},"canonical":"https:\/\/www.chinee-inflatable.com\/es\/producto\/adultos-deporte-aqua-agua-diversion-parque-juego-inflable-flotante-aqua-parque-para-lago\/","og_locale":"es_ES","og_type":"article","og_title":"Adults Sport Aqua Water Fun Park Game Inflatable Floating Aqua Park For Lake","og_description":"Model: ID-51692 ; Size : Can be customized ; Weight: Customized ; Material: 0.55 mm and 0.9 mm PVC Tarpaulin","og_url":"https:\/\/www.chinee-inflatable.com\/es\/producto\/adultos-deporte-aqua-agua-diversion-parque-juego-inflable-flotante-aqua-parque-para-lago\/","og_site_name":"Chinee Inflatable","article_publisher":"https:\/\/www.facebook.com\/ChineeInflatabletian\/","og_image":[{"width":1067,"height":800,"url":"https:\/\/www.chinee-inflatable.com\/wp-content\/uploads\/2022\/05\/aqua-park16_orig.jpg","type":"image\/jpeg"}],"twitter_card":"summary_large_image","twitter_description":"Model: ID-51692 ; Size : Can be customized ; Weight: Customized ; Material: 0.55 mm and 0.9 mm PVC Tarpaulin","schema":{"@context":"https:\/\/schema.org","@graph":[{"@type":"WebPage","@id":"https:\/\/www.chinee-inflatable.com\/product\/adults-sport-aqua-water-fun-park-game-inflatable-floating-aqua-park-for-lake\/","url":"https:\/\/www.chinee-inflatable.com\/product\/adults-sport-aqua-water-fun-park-game-inflatable-floating-aqua-park-for-lake\/","name":"Adults Sport Aqua Water Fun Park Game Inflatable Floating Aqua Park For Lake - Chinee Inflatable","isPartOf":{"@id":"https:\/\/www.chinee-inflatable.com\/#website"},"primaryImageOfPage":{"@id":"https:\/\/www.chinee-inflatable.com\/product\/adults-sport-aqua-water-fun-park-game-inflatable-floating-aqua-park-for-lake\/#primaryimage"},"image":{"@id":"https:\/\/www.chinee-inflatable.com\/product\/adults-sport-aqua-water-fun-park-game-inflatable-floating-aqua-park-for-lake\/#primaryimage"},"thumbnailUrl":"https:\/\/www.chinee-inflatable.com\/wp-content\/uploads\/2022\/05\/aqua-park16_orig.jpg","datePublished":"2022-05-11T03:24:00+00:00","description":"Model: ID-51692 ; Size : Can be customized ; Weight: Customized ; Material: 0.55 mm and 0.9 mm PVC Tarpaulin","breadcrumb":{"@id":"https:\/\/www.chinee-inflatable.com\/product\/adults-sport-aqua-water-fun-park-game-inflatable-floating-aqua-park-for-lake\/#breadcrumb"},"inLanguage":"es","potentialAction":[{"@type":"ReadAction","target":["https:\/\/www.chinee-inflatable.com\/product\/adults-sport-aqua-water-fun-park-game-inflatable-floating-aqua-park-for-lake\/"]}]},{"@type":"ImageObject","inLanguage":"es","@id":"https:\/\/www.chinee-inflatable.com\/product\/adults-sport-aqua-water-fun-park-game-inflatable-floating-aqua-park-for-lake\/#primaryimage","url":"https:\/\/www.chinee-inflatable.com\/wp-content\/uploads\/2022\/05\/aqua-park16_orig.jpg","contentUrl":"https:\/\/www.chinee-inflatable.com\/wp-content\/uploads\/2022\/05\/aqua-park16_orig.jpg","width":1067,"height":800,"caption":"Inflatable Water Park"},{"@type":"BreadcrumbList","@id":"https:\/\/www.chinee-inflatable.com\/product\/adults-sport-aqua-water-fun-park-game-inflatable-floating-aqua-park-for-lake\/#breadcrumb","itemListElement":[{"@type":"ListItem","position":1,"name":"Home","item":"https:\/\/www.chinee-inflatable.com\/"},{"@type":"ListItem","position":2,"name":"Products","item":"https:\/\/www.chinee-inflatable.com\/shop\/"},{"@type":"ListItem","position":3,"name":"Adults Sport Aqua Water Fun Park Game Inflatable Floating Aqua Park For Lake"}]},{"@type":"WebSite","@id":"https:\/\/www.chinee-inflatable.com\/#website","url":"https:\/\/www.chinee-inflatable.com\/","name":"Chinee Inflatable Factory","description":"Offer you lower price &amp; higher quality inflatables.","publisher":{"@id":"https:\/\/www.chinee-inflatable.com\/#organization"},"alternateName":"Chinee Inflatable Bounce","potentialAction":[{"@type":"SearchAction","target":{"@type":"EntryPoint","urlTemplate":"https:\/\/www.chinee-inflatable.com\/?s={search_term_string}"},"query-input":{"@type":"PropertyValueSpecification","valueRequired":true,"valueName":"search_term_string"}}],"inLanguage":"es"},{"@type":"Organization","@id":"https:\/\/www.chinee-inflatable.com\/#organization","name":"Chinee Inflatable","alternateName":"Chinee Inflatable Bounce","url":"https:\/\/www.chinee-inflatable.com\/","logo":{"@type":"ImageObject","inLanguage":"es","@id":"https:\/\/www.chinee-inflatable.com\/#\/schema\/logo\/image\/","url":"https:\/\/www.chinee-inflatable.com\/wp-content\/uploads\/2021\/11\/cropped-CHINEE-INFLATABLE-LOGO.png","contentUrl":"https:\/\/www.chinee-inflatable.com\/wp-content\/uploads\/2021\/11\/cropped-CHINEE-INFLATABLE-LOGO.png","width":200,"height":190,"caption":"Chinee Inflatable"},"image":{"@id":"https:\/\/www.chinee-inflatable.com\/#\/schema\/logo\/image\/"},"sameAs":["https:\/\/www.facebook.com\/ChineeInflatabletian\/"],"description":"Chinee Inflatable established in 1998, Chinee has grown to become one of the largest inflatable manufacturers in China.At Chinee, we take pride in our skilled workforce and our ability to cater to the unique needs of our clients. We specialize in producing custom inflatable designs, providing our clients with a diverse range of options for their specific requirements.","email":"info@chinee-inflatable.com","telephone":"+86-18826065077","legalName":"Chinee Inflatable","foundingDate":"1998-01-02","numberOfEmployees":{"@type":"QuantitativeValue","minValue":"501","maxValue":"1000"}}]}},"_links":{"self":[{"href":"https:\/\/www.chinee-inflatable.com\/es\/wp-json\/wp\/v2\/product\/51692","targetHints":{"allow":["GET"]}}],"collection":[{"href":"https:\/\/www.chinee-inflatable.com\/es\/wp-json\/wp\/v2\/product"}],"about":[{"href":"https:\/\/www.chinee-inflatable.com\/es\/wp-json\/wp\/v2\/types\/product"}],"wp:featuredmedia":[{"embeddable":true,"href":"https:\/\/www.chinee-inflatable.com\/es\/wp-json\/wp\/v2\/media\/51693"}],"wp:attachment":[{"href":"https:\/\/www.chinee-inflatable.com\/es\/wp-json\/wp\/v2\/media?parent=51692"}],"wp:term":[{"taxonomy":"product_brand","embeddable":true,"href":"https:\/\/www.chinee-inflatable.com\/es\/wp-json\/wp\/v2\/product_brand?post=51692"},{"taxonomy":"product_cat","embeddable":true,"href":"https:\/\/www.chinee-inflatable.com\/es\/wp-json\/wp\/v2\/product_cat?post=51692"},{"taxonomy":"product_tag","embeddable":true,"href":"https:\/\/www.chinee-inflatable.com\/es\/wp-json\/wp\/v2\/product_tag?post=51692"}],"curies":[{"name":"wp","href":"https:\/\/api.w.org\/{rel}","templated":true}]}}