{"id":5082,"date":"2021-10-15T16:27:18","date_gmt":"2021-10-15T08:27:18","guid":{"rendered":"http:\/\/www.chinee-inflatable.com\/?post_type=product&#038;p=5082"},"modified":"2025-07-29T17:43:36","modified_gmt":"2025-07-29T09:43:36","slug":"pool2-713-parque-de-atracciones-inflable-tobogan-piscina-gigante-verano-parque-acuatico-juego","status":"publish","type":"product","link":"https:\/\/www.chinee-inflatable.com\/es\/producto\/pool2-713-parque-de-atracciones-inflable-tobogan-piscina-gigante-verano-parque-acuatico-juego\/","title":{"rendered":"Pool2-713 Ballena Tobog\u00e1n Acu\u00e1tico Hinchable Piscina Parque Acu\u00e1tico"},"content":{"rendered":"","protected":false},"excerpt":{"rendered":"","protected":false},"featured_media":53081,"template":"","meta":{"_acf_changed":false},"product_brand":[],"product_cat":[69],"product_tag":[470,223,399,252],"class_list":{"0":"post-5082","1":"product","2":"type-product","3":"status-publish","4":"has-post-thumbnail","6":"product_cat-pool-water-park","7":"product_tag-ocean-theme","8":"product_tag-pool","9":"product_tag-tropical","10":"product_tag-whale","12":"first","13":"instock","14":"shipping-taxable","15":"product-type-simple"},"acf":[],"gallery_images":[5493,5497,5498],"yoast_head":"<!-- This site is optimized with the Yoast SEO Premium plugin v24.1 (Yoast SEO v25.0) - https:\/\/yoast.com\/wordpress\/plugins\/seo\/ -->\n<title>Pool2-713 Whale Inflatable Water Slide Pool Water Park - Chinee Inflatable<\/title>\n<meta name=\"description\" content=\"Model: Pool2-713 ; Size : 20\u00d710\u00d75.5 m \/ 65.6\u00d732.8\u00d718.0 ft ; Weight: 500 Kg \/ 1,102.3 lbs ; Material: 0.55 mm and 0.9 mm PVC Tarpaulin\" \/>\n<meta name=\"robots\" content=\"index, follow, max-snippet:-1, max-image-preview:large, max-video-preview:-1\" \/>\n<link rel=\"canonical\" href=\"https:\/\/www.chinee-inflatable.com\/es\/producto\/pool2-713-parque-de-atracciones-inflable-tobogan-piscina-gigante-verano-parque-acuatico-juego\/\" \/>\n<meta property=\"og:locale\" content=\"es_ES\" \/>\n<meta property=\"og:type\" content=\"article\" \/>\n<meta property=\"og:title\" content=\"Pool2-713 Whale Inflatable Water Slide Pool Water Park\" \/>\n<meta property=\"og:description\" content=\"Model: Pool2-713 ; Size : 20\u00d710\u00d75.5 m \/ 65.6\u00d732.8\u00d718.0 ft ; Weight: 500 Kg \/ 1,102.3 lbs ; Material: 0.55 mm and 0.9 mm PVC Tarpaulin\" \/>\n<meta property=\"og:url\" content=\"https:\/\/www.chinee-inflatable.com\/es\/producto\/pool2-713-parque-de-atracciones-inflable-tobogan-piscina-gigante-verano-parque-acuatico-juego\/\" \/>\n<meta property=\"og:site_name\" content=\"Chinee Inflatable\" \/>\n<meta property=\"article:publisher\" content=\"https:\/\/www.facebook.com\/ChineeInflatabletian\/\" \/>\n<meta property=\"article:modified_time\" content=\"2025-07-29T09:43:36+00:00\" \/>\n<meta property=\"og:image\" content=\"https:\/\/www.chinee-inflatable.com\/wp-content\/uploads\/2022\/06\/Pool2-713.jpg\" \/>\n\t<meta property=\"og:image:width\" content=\"1000\" \/>\n\t<meta property=\"og:image:height\" content=\"954\" \/>\n\t<meta property=\"og:image:type\" content=\"image\/jpeg\" \/>\n<meta name=\"twitter:card\" content=\"summary_large_image\" \/>\n<meta name=\"twitter:description\" content=\"Model: Pool2-713 ; Size : 20\u00d710\u00d75.5 m \/ 65.6\u00d732.8\u00d718.0 ft ; Weight: 500 Kg \/ 1,102.3 lbs ; Material: 0.55 mm and 0.9 mm PVC Tarpaulin\" \/>\n<script type=\"application\/ld+json\" class=\"yoast-schema-graph\">{\"@context\":\"https:\/\/schema.org\",\"@graph\":[{\"@type\":\"WebPage\",\"@id\":\"https:\/\/www.chinee-inflatable.com\/product\/pool2-713-amusement-park-inflatable-water-slide-pool-giant-summer-water-park-game\/\",\"url\":\"https:\/\/www.chinee-inflatable.com\/product\/pool2-713-amusement-park-inflatable-water-slide-pool-giant-summer-water-park-game\/\",\"name\":\"Pool2-713 Whale Inflatable Water Slide Pool Water Park - Chinee Inflatable\",\"isPartOf\":{\"@id\":\"https:\/\/www.chinee-inflatable.com\/#website\"},\"primaryImageOfPage\":{\"@id\":\"https:\/\/www.chinee-inflatable.com\/product\/pool2-713-amusement-park-inflatable-water-slide-pool-giant-summer-water-park-game\/#primaryimage\"},\"image\":{\"@id\":\"https:\/\/www.chinee-inflatable.com\/product\/pool2-713-amusement-park-inflatable-water-slide-pool-giant-summer-water-park-game\/#primaryimage\"},\"thumbnailUrl\":\"https:\/\/www.chinee-inflatable.com\/wp-content\/uploads\/2022\/06\/Pool2-713.jpg\",\"datePublished\":\"2021-10-15T08:27:18+00:00\",\"dateModified\":\"2025-07-29T09:43:36+00:00\",\"description\":\"Model: Pool2-713 ; Size : 20\u00d710\u00d75.5 m \/ 65.6\u00d732.8\u00d718.0 ft ; Weight: 500 Kg \/ 1,102.3 lbs ; Material: 0.55 mm and 0.9 mm PVC Tarpaulin\",\"breadcrumb\":{\"@id\":\"https:\/\/www.chinee-inflatable.com\/product\/pool2-713-amusement-park-inflatable-water-slide-pool-giant-summer-water-park-game\/#breadcrumb\"},\"inLanguage\":\"es\",\"potentialAction\":[{\"@type\":\"ReadAction\",\"target\":[\"https:\/\/www.chinee-inflatable.com\/product\/pool2-713-amusement-park-inflatable-water-slide-pool-giant-summer-water-park-game\/\"]}]},{\"@type\":\"ImageObject\",\"inLanguage\":\"es\",\"@id\":\"https:\/\/www.chinee-inflatable.com\/product\/pool2-713-amusement-park-inflatable-water-slide-pool-giant-summer-water-park-game\/#primaryimage\",\"url\":\"https:\/\/www.chinee-inflatable.com\/wp-content\/uploads\/2022\/06\/Pool2-713.jpg\",\"contentUrl\":\"https:\/\/www.chinee-inflatable.com\/wp-content\/uploads\/2022\/06\/Pool2-713.jpg\",\"width\":1000,\"height\":954},{\"@type\":\"BreadcrumbList\",\"@id\":\"https:\/\/www.chinee-inflatable.com\/product\/pool2-713-amusement-park-inflatable-water-slide-pool-giant-summer-water-park-game\/#breadcrumb\",\"itemListElement\":[{\"@type\":\"ListItem\",\"position\":1,\"name\":\"Home\",\"item\":\"https:\/\/www.chinee-inflatable.com\/\"},{\"@type\":\"ListItem\",\"position\":2,\"name\":\"Products\",\"item\":\"https:\/\/www.chinee-inflatable.com\/shop\/\"},{\"@type\":\"ListItem\",\"position\":3,\"name\":\"Pool2-713 Whale Inflatable Water Slide Pool Water Park\"}]},{\"@type\":\"WebSite\",\"@id\":\"https:\/\/www.chinee-inflatable.com\/#website\",\"url\":\"https:\/\/www.chinee-inflatable.com\/\",\"name\":\"Chinee Inflatable Factory\",\"description\":\"Offer you lower price &amp; higher quality inflatables.\",\"publisher\":{\"@id\":\"https:\/\/www.chinee-inflatable.com\/#organization\"},\"alternateName\":\"Chinee Inflatable Bounce\",\"potentialAction\":[{\"@type\":\"SearchAction\",\"target\":{\"@type\":\"EntryPoint\",\"urlTemplate\":\"https:\/\/www.chinee-inflatable.com\/?s={search_term_string}\"},\"query-input\":{\"@type\":\"PropertyValueSpecification\",\"valueRequired\":true,\"valueName\":\"search_term_string\"}}],\"inLanguage\":\"es\"},{\"@type\":\"Organization\",\"@id\":\"https:\/\/www.chinee-inflatable.com\/#organization\",\"name\":\"Chinee Inflatable\",\"alternateName\":\"Chinee Inflatable Bounce\",\"url\":\"https:\/\/www.chinee-inflatable.com\/\",\"logo\":{\"@type\":\"ImageObject\",\"inLanguage\":\"es\",\"@id\":\"https:\/\/www.chinee-inflatable.com\/#\/schema\/logo\/image\/\",\"url\":\"https:\/\/www.chinee-inflatable.com\/wp-content\/uploads\/2021\/11\/cropped-CHINEE-INFLATABLE-LOGO.png\",\"contentUrl\":\"https:\/\/www.chinee-inflatable.com\/wp-content\/uploads\/2021\/11\/cropped-CHINEE-INFLATABLE-LOGO.png\",\"width\":200,\"height\":190,\"caption\":\"Chinee Inflatable\"},\"image\":{\"@id\":\"https:\/\/www.chinee-inflatable.com\/#\/schema\/logo\/image\/\"},\"sameAs\":[\"https:\/\/www.facebook.com\/ChineeInflatabletian\/\"],\"description\":\"Chinee Inflatable established in 1998, Chinee has grown to become one of the largest inflatable manufacturers in China.At Chinee, we take pride in our skilled workforce and our ability to cater to the unique needs of our clients. We specialize in producing custom inflatable designs, providing our clients with a diverse range of options for their specific requirements.\",\"email\":\"info@chinee-inflatable.com\",\"telephone\":\"+86-18826065077\",\"legalName\":\"Chinee Inflatable\",\"foundingDate\":\"1998-01-02\",\"numberOfEmployees\":{\"@type\":\"QuantitativeValue\",\"minValue\":\"501\",\"maxValue\":\"1000\"}}]}<\/script>\n<!-- \/ Yoast SEO Premium plugin. -->","yoast_head_json":{"title":"Pool2-713 Whale Inflatable Water Slide Pool Water Park - Chinee Inflatable","description":"Model: Pool2-713 ; Size : 20\u00d710\u00d75.5 m \/ 65.6\u00d732.8\u00d718.0 ft ; Weight: 500 Kg \/ 1,102.3 lbs ; Material: 0.55 mm and 0.9 mm PVC Tarpaulin","robots":{"index":"index","follow":"follow","max-snippet":"max-snippet:-1","max-image-preview":"max-image-preview:large","max-video-preview":"max-video-preview:-1"},"canonical":"https:\/\/www.chinee-inflatable.com\/es\/producto\/pool2-713-parque-de-atracciones-inflable-tobogan-piscina-gigante-verano-parque-acuatico-juego\/","og_locale":"es_ES","og_type":"article","og_title":"Pool2-713 Whale Inflatable Water Slide Pool Water Park","og_description":"Model: Pool2-713 ; Size : 20\u00d710\u00d75.5 m \/ 65.6\u00d732.8\u00d718.0 ft ; Weight: 500 Kg \/ 1,102.3 lbs ; Material: 0.55 mm and 0.9 mm PVC Tarpaulin","og_url":"https:\/\/www.chinee-inflatable.com\/es\/producto\/pool2-713-parque-de-atracciones-inflable-tobogan-piscina-gigante-verano-parque-acuatico-juego\/","og_site_name":"Chinee Inflatable","article_publisher":"https:\/\/www.facebook.com\/ChineeInflatabletian\/","article_modified_time":"2025-07-29T09:43:36+00:00","og_image":[{"width":1000,"height":954,"url":"https:\/\/www.chinee-inflatable.com\/wp-content\/uploads\/2022\/06\/Pool2-713.jpg","type":"image\/jpeg"}],"twitter_card":"summary_large_image","twitter_description":"Model: Pool2-713 ; Size : 20\u00d710\u00d75.5 m \/ 65.6\u00d732.8\u00d718.0 ft ; Weight: 500 Kg \/ 1,102.3 lbs ; Material: 0.55 mm and 0.9 mm PVC Tarpaulin","schema":{"@context":"https:\/\/schema.org","@graph":[{"@type":"WebPage","@id":"https:\/\/www.chinee-inflatable.com\/product\/pool2-713-amusement-park-inflatable-water-slide-pool-giant-summer-water-park-game\/","url":"https:\/\/www.chinee-inflatable.com\/product\/pool2-713-amusement-park-inflatable-water-slide-pool-giant-summer-water-park-game\/","name":"Pool2-713 Whale Inflatable Water Slide Pool Water Park - Chinee Inflatable","isPartOf":{"@id":"https:\/\/www.chinee-inflatable.com\/#website"},"primaryImageOfPage":{"@id":"https:\/\/www.chinee-inflatable.com\/product\/pool2-713-amusement-park-inflatable-water-slide-pool-giant-summer-water-park-game\/#primaryimage"},"image":{"@id":"https:\/\/www.chinee-inflatable.com\/product\/pool2-713-amusement-park-inflatable-water-slide-pool-giant-summer-water-park-game\/#primaryimage"},"thumbnailUrl":"https:\/\/www.chinee-inflatable.com\/wp-content\/uploads\/2022\/06\/Pool2-713.jpg","datePublished":"2021-10-15T08:27:18+00:00","dateModified":"2025-07-29T09:43:36+00:00","description":"Model: Pool2-713 ; Size : 20\u00d710\u00d75.5 m \/ 65.6\u00d732.8\u00d718.0 ft ; Weight: 500 Kg \/ 1,102.3 lbs ; Material: 0.55 mm and 0.9 mm PVC Tarpaulin","breadcrumb":{"@id":"https:\/\/www.chinee-inflatable.com\/product\/pool2-713-amusement-park-inflatable-water-slide-pool-giant-summer-water-park-game\/#breadcrumb"},"inLanguage":"es","potentialAction":[{"@type":"ReadAction","target":["https:\/\/www.chinee-inflatable.com\/product\/pool2-713-amusement-park-inflatable-water-slide-pool-giant-summer-water-park-game\/"]}]},{"@type":"ImageObject","inLanguage":"es","@id":"https:\/\/www.chinee-inflatable.com\/product\/pool2-713-amusement-park-inflatable-water-slide-pool-giant-summer-water-park-game\/#primaryimage","url":"https:\/\/www.chinee-inflatable.com\/wp-content\/uploads\/2022\/06\/Pool2-713.jpg","contentUrl":"https:\/\/www.chinee-inflatable.com\/wp-content\/uploads\/2022\/06\/Pool2-713.jpg","width":1000,"height":954},{"@type":"BreadcrumbList","@id":"https:\/\/www.chinee-inflatable.com\/product\/pool2-713-amusement-park-inflatable-water-slide-pool-giant-summer-water-park-game\/#breadcrumb","itemListElement":[{"@type":"ListItem","position":1,"name":"Home","item":"https:\/\/www.chinee-inflatable.com\/"},{"@type":"ListItem","position":2,"name":"Products","item":"https:\/\/www.chinee-inflatable.com\/shop\/"},{"@type":"ListItem","position":3,"name":"Pool2-713 Whale Inflatable Water Slide Pool Water Park"}]},{"@type":"WebSite","@id":"https:\/\/www.chinee-inflatable.com\/#website","url":"https:\/\/www.chinee-inflatable.com\/","name":"Chinee Inflatable Factory","description":"Offer you lower price &amp; higher quality inflatables.","publisher":{"@id":"https:\/\/www.chinee-inflatable.com\/#organization"},"alternateName":"Chinee Inflatable Bounce","potentialAction":[{"@type":"SearchAction","target":{"@type":"EntryPoint","urlTemplate":"https:\/\/www.chinee-inflatable.com\/?s={search_term_string}"},"query-input":{"@type":"PropertyValueSpecification","valueRequired":true,"valueName":"search_term_string"}}],"inLanguage":"es"},{"@type":"Organization","@id":"https:\/\/www.chinee-inflatable.com\/#organization","name":"Chinee Inflatable","alternateName":"Chinee Inflatable Bounce","url":"https:\/\/www.chinee-inflatable.com\/","logo":{"@type":"ImageObject","inLanguage":"es","@id":"https:\/\/www.chinee-inflatable.com\/#\/schema\/logo\/image\/","url":"https:\/\/www.chinee-inflatable.com\/wp-content\/uploads\/2021\/11\/cropped-CHINEE-INFLATABLE-LOGO.png","contentUrl":"https:\/\/www.chinee-inflatable.com\/wp-content\/uploads\/2021\/11\/cropped-CHINEE-INFLATABLE-LOGO.png","width":200,"height":190,"caption":"Chinee Inflatable"},"image":{"@id":"https:\/\/www.chinee-inflatable.com\/#\/schema\/logo\/image\/"},"sameAs":["https:\/\/www.facebook.com\/ChineeInflatabletian\/"],"description":"Chinee Inflatable established in 1998, Chinee has grown to become one of the largest inflatable manufacturers in China.At Chinee, we take pride in our skilled workforce and our ability to cater to the unique needs of our clients. We specialize in producing custom inflatable designs, providing our clients with a diverse range of options for their specific requirements.","email":"info@chinee-inflatable.com","telephone":"+86-18826065077","legalName":"Chinee Inflatable","foundingDate":"1998-01-02","numberOfEmployees":{"@type":"QuantitativeValue","minValue":"501","maxValue":"1000"}}]}},"_links":{"self":[{"href":"https:\/\/www.chinee-inflatable.com\/es\/wp-json\/wp\/v2\/product\/5082","targetHints":{"allow":["GET"]}}],"collection":[{"href":"https:\/\/www.chinee-inflatable.com\/es\/wp-json\/wp\/v2\/product"}],"about":[{"href":"https:\/\/www.chinee-inflatable.com\/es\/wp-json\/wp\/v2\/types\/product"}],"wp:featuredmedia":[{"embeddable":true,"href":"https:\/\/www.chinee-inflatable.com\/es\/wp-json\/wp\/v2\/media\/53081"}],"wp:attachment":[{"href":"https:\/\/www.chinee-inflatable.com\/es\/wp-json\/wp\/v2\/media?parent=5082"}],"wp:term":[{"taxonomy":"product_brand","embeddable":true,"href":"https:\/\/www.chinee-inflatable.com\/es\/wp-json\/wp\/v2\/product_brand?post=5082"},{"taxonomy":"product_cat","embeddable":true,"href":"https:\/\/www.chinee-inflatable.com\/es\/wp-json\/wp\/v2\/product_cat?post=5082"},{"taxonomy":"product_tag","embeddable":true,"href":"https:\/\/www.chinee-inflatable.com\/es\/wp-json\/wp\/v2\/product_tag?post=5082"}],"curies":[{"name":"wp","href":"https:\/\/api.w.org\/{rel}","templated":true}]}}