{"id":19081,"date":"2021-10-16T17:17:33","date_gmt":"2021-10-16T09:17:33","guid":{"rendered":"http:\/\/www.chinee-inflatable.com\/?post_type=product&#038;p=19081"},"modified":"2026-02-04T11:32:36","modified_gmt":"2026-02-04T03:32:36","slug":"t8-3805-jungle-theme-with-coconut-tree-commercial-party-fun-for-kids-inflatable-water-slide-with-pool","status":"publish","type":"product","link":"https:\/\/www.chinee-inflatable.com\/es\/producto\/t8-3805-jungle-theme-with-coconut-tree-commercial-party-fun-for-kids-inflatable-water-slide-with-pool\/","title":{"rendered":"T8-3805 Tema de la selva con el \u00e1rbol de coco Diversi\u00f3n del partido comercial para los ni\u00f1os tobog\u00e1n acu\u00e1tico inflable con piscina"},"content":{"rendered":"","protected":false},"excerpt":{"rendered":"","protected":false},"featured_media":19171,"template":"","meta":{"_acf_changed":false},"product_brand":[],"product_cat":[62],"product_tag":[23,169,223,399],"class_list":{"0":"post-19081","1":"product","2":"type-product","3":"status-publish","4":"has-post-thumbnail","6":"product_cat-inflatable-water-slide","7":"product_tag-hot-inflatables","8":"product_tag-in-stock-fast-delivery","9":"product_tag-pool","10":"product_tag-tropical","12":"first","13":"instock","14":"featured","15":"shipping-taxable","16":"product-type-simple"},"acf":[],"gallery_images":[19172,19173,19174,19175,19176,19177,19178],"yoast_head":"<!-- This site is optimized with the Yoast SEO Premium plugin v24.1 (Yoast SEO v25.0) - https:\/\/yoast.com\/wordpress\/plugins\/seo\/ -->\n<title>T8-3805 Jungle Theme With Coconut Tree Commercial Party Fun For Kids Inflatable Water Slide With Pool - Chinee Inflatable<\/title>\n<meta name=\"description\" content=\"Model: T8-3805 ; Size : 8\u00d73\u00d75 m \/ 26.2\u00d79.8\u00d716.4 ft ; Weight: 120 Kg \/ 264.6 lbs ; Material: 0.55 mm and 0.9 mm PVC Tarpaulin\" \/>\n<meta name=\"robots\" content=\"index, follow, max-snippet:-1, max-image-preview:large, max-video-preview:-1\" \/>\n<link rel=\"canonical\" href=\"https:\/\/www.chinee-inflatable.com\/es\/producto\/t8-3805-jungle-theme-with-coconut-tree-commercial-party-fun-for-kids-inflatable-water-slide-with-pool\/\" \/>\n<meta property=\"og:locale\" content=\"es_ES\" \/>\n<meta property=\"og:type\" content=\"article\" \/>\n<meta property=\"og:title\" content=\"T8-3805 Jungle Theme With Coconut Tree Commercial Party Fun For Kids Inflatable Water Slide With Pool\" \/>\n<meta property=\"og:description\" content=\"Model: T8-3805 ; Size : 8\u00d73\u00d75 m \/ 26.2\u00d79.8\u00d716.4 ft ; Weight: 120 Kg \/ 264.6 lbs ; Material: 0.55 mm and 0.9 mm PVC Tarpaulin\" \/>\n<meta property=\"og:url\" content=\"https:\/\/www.chinee-inflatable.com\/es\/producto\/t8-3805-jungle-theme-with-coconut-tree-commercial-party-fun-for-kids-inflatable-water-slide-with-pool\/\" \/>\n<meta property=\"og:site_name\" content=\"Chinee Inflatable\" \/>\n<meta property=\"article:publisher\" content=\"https:\/\/www.facebook.com\/ChineeInflatabletian\/\" \/>\n<meta property=\"article:modified_time\" content=\"2026-02-04T03:32:36+00:00\" \/>\n<meta property=\"og:image\" content=\"https:\/\/www.chinee-inflatable.com\/wp-content\/uploads\/2021\/10\/DJI_0714.jpg\" \/>\n\t<meta property=\"og:image:width\" content=\"1199\" \/>\n\t<meta property=\"og:image:height\" content=\"899\" \/>\n\t<meta property=\"og:image:type\" content=\"image\/jpeg\" \/>\n<meta name=\"twitter:card\" content=\"summary_large_image\" \/>\n<meta name=\"twitter:description\" content=\"Model: T8-3805 ; Size : 8\u00d73\u00d75 m \/ 26.2\u00d79.8\u00d716.4 ft ; Weight: 120 Kg \/ 264.6 lbs ; Material: 0.55 mm and 0.9 mm PVC Tarpaulin\" \/>\n<script type=\"application\/ld+json\" class=\"yoast-schema-graph\">{\"@context\":\"https:\/\/schema.org\",\"@graph\":[{\"@type\":\"WebPage\",\"@id\":\"https:\/\/www.chinee-inflatable.com\/product\/t8-3805-jungle-theme-with-coconut-tree-commercial-party-fun-for-kids-inflatable-water-slide-with-pool\/\",\"url\":\"https:\/\/www.chinee-inflatable.com\/product\/t8-3805-jungle-theme-with-coconut-tree-commercial-party-fun-for-kids-inflatable-water-slide-with-pool\/\",\"name\":\"T8-3805 Jungle Theme With Coconut Tree Commercial Party Fun For Kids Inflatable Water Slide With Pool - Chinee Inflatable\",\"isPartOf\":{\"@id\":\"https:\/\/www.chinee-inflatable.com\/#website\"},\"primaryImageOfPage\":{\"@id\":\"https:\/\/www.chinee-inflatable.com\/product\/t8-3805-jungle-theme-with-coconut-tree-commercial-party-fun-for-kids-inflatable-water-slide-with-pool\/#primaryimage\"},\"image\":{\"@id\":\"https:\/\/www.chinee-inflatable.com\/product\/t8-3805-jungle-theme-with-coconut-tree-commercial-party-fun-for-kids-inflatable-water-slide-with-pool\/#primaryimage\"},\"thumbnailUrl\":\"https:\/\/www.chinee-inflatable.com\/wp-content\/uploads\/2021\/10\/DJI_0714.jpg\",\"datePublished\":\"2021-10-16T09:17:33+00:00\",\"dateModified\":\"2026-02-04T03:32:36+00:00\",\"description\":\"Model: T8-3805 ; Size : 8\u00d73\u00d75 m \/ 26.2\u00d79.8\u00d716.4 ft ; Weight: 120 Kg \/ 264.6 lbs ; Material: 0.55 mm and 0.9 mm PVC Tarpaulin\",\"breadcrumb\":{\"@id\":\"https:\/\/www.chinee-inflatable.com\/product\/t8-3805-jungle-theme-with-coconut-tree-commercial-party-fun-for-kids-inflatable-water-slide-with-pool\/#breadcrumb\"},\"inLanguage\":\"es\",\"potentialAction\":[{\"@type\":\"ReadAction\",\"target\":[\"https:\/\/www.chinee-inflatable.com\/product\/t8-3805-jungle-theme-with-coconut-tree-commercial-party-fun-for-kids-inflatable-water-slide-with-pool\/\"]}]},{\"@type\":\"ImageObject\",\"inLanguage\":\"es\",\"@id\":\"https:\/\/www.chinee-inflatable.com\/product\/t8-3805-jungle-theme-with-coconut-tree-commercial-party-fun-for-kids-inflatable-water-slide-with-pool\/#primaryimage\",\"url\":\"https:\/\/www.chinee-inflatable.com\/wp-content\/uploads\/2021\/10\/DJI_0714.jpg\",\"contentUrl\":\"https:\/\/www.chinee-inflatable.com\/wp-content\/uploads\/2021\/10\/DJI_0714.jpg\",\"width\":1199,\"height\":899},{\"@type\":\"BreadcrumbList\",\"@id\":\"https:\/\/www.chinee-inflatable.com\/product\/t8-3805-jungle-theme-with-coconut-tree-commercial-party-fun-for-kids-inflatable-water-slide-with-pool\/#breadcrumb\",\"itemListElement\":[{\"@type\":\"ListItem\",\"position\":1,\"name\":\"Home\",\"item\":\"https:\/\/www.chinee-inflatable.com\/\"},{\"@type\":\"ListItem\",\"position\":2,\"name\":\"Products\",\"item\":\"https:\/\/www.chinee-inflatable.com\/shop\/\"},{\"@type\":\"ListItem\",\"position\":3,\"name\":\"T8-3805 Jungle Theme With Coconut Tree Commercial Party Fun For Kids Inflatable Water Slide With Pool\"}]},{\"@type\":\"WebSite\",\"@id\":\"https:\/\/www.chinee-inflatable.com\/#website\",\"url\":\"https:\/\/www.chinee-inflatable.com\/\",\"name\":\"Chinee Inflatable Factory\",\"description\":\"Offer you lower price &amp; higher quality inflatables.\",\"publisher\":{\"@id\":\"https:\/\/www.chinee-inflatable.com\/#organization\"},\"alternateName\":\"Chinee Inflatable Bounce\",\"potentialAction\":[{\"@type\":\"SearchAction\",\"target\":{\"@type\":\"EntryPoint\",\"urlTemplate\":\"https:\/\/www.chinee-inflatable.com\/?s={search_term_string}\"},\"query-input\":{\"@type\":\"PropertyValueSpecification\",\"valueRequired\":true,\"valueName\":\"search_term_string\"}}],\"inLanguage\":\"es\"},{\"@type\":\"Organization\",\"@id\":\"https:\/\/www.chinee-inflatable.com\/#organization\",\"name\":\"Chinee Inflatable\",\"alternateName\":\"Chinee Inflatable Bounce\",\"url\":\"https:\/\/www.chinee-inflatable.com\/\",\"logo\":{\"@type\":\"ImageObject\",\"inLanguage\":\"es\",\"@id\":\"https:\/\/www.chinee-inflatable.com\/#\/schema\/logo\/image\/\",\"url\":\"https:\/\/www.chinee-inflatable.com\/wp-content\/uploads\/2021\/11\/cropped-CHINEE-INFLATABLE-LOGO.png\",\"contentUrl\":\"https:\/\/www.chinee-inflatable.com\/wp-content\/uploads\/2021\/11\/cropped-CHINEE-INFLATABLE-LOGO.png\",\"width\":200,\"height\":190,\"caption\":\"Chinee Inflatable\"},\"image\":{\"@id\":\"https:\/\/www.chinee-inflatable.com\/#\/schema\/logo\/image\/\"},\"sameAs\":[\"https:\/\/www.facebook.com\/ChineeInflatabletian\/\"],\"description\":\"Chinee Inflatable established in 1998, Chinee has grown to become one of the largest inflatable manufacturers in China.At Chinee, we take pride in our skilled workforce and our ability to cater to the unique needs of our clients. We specialize in producing custom inflatable designs, providing our clients with a diverse range of options for their specific requirements.\",\"email\":\"info@chinee-inflatable.com\",\"telephone\":\"+86-18826065077\",\"legalName\":\"Chinee Inflatable\",\"foundingDate\":\"1998-01-02\",\"numberOfEmployees\":{\"@type\":\"QuantitativeValue\",\"minValue\":\"501\",\"maxValue\":\"1000\"}}]}<\/script>\n<!-- \/ Yoast SEO Premium plugin. -->","yoast_head_json":{"title":"T8-3805 Jungle Theme With Coconut Tree Commercial Party Fun For Kids Inflatable Water Slide With Pool - Chinee Inflatable","description":"Model: T8-3805 ; Size : 8\u00d73\u00d75 m \/ 26.2\u00d79.8\u00d716.4 ft ; Weight: 120 Kg \/ 264.6 lbs ; Material: 0.55 mm and 0.9 mm PVC Tarpaulin","robots":{"index":"index","follow":"follow","max-snippet":"max-snippet:-1","max-image-preview":"max-image-preview:large","max-video-preview":"max-video-preview:-1"},"canonical":"https:\/\/www.chinee-inflatable.com\/es\/producto\/t8-3805-jungle-theme-with-coconut-tree-commercial-party-fun-for-kids-inflatable-water-slide-with-pool\/","og_locale":"es_ES","og_type":"article","og_title":"T8-3805 Jungle Theme With Coconut Tree Commercial Party Fun For Kids Inflatable Water Slide With Pool","og_description":"Model: T8-3805 ; Size : 8\u00d73\u00d75 m \/ 26.2\u00d79.8\u00d716.4 ft ; Weight: 120 Kg \/ 264.6 lbs ; Material: 0.55 mm and 0.9 mm PVC Tarpaulin","og_url":"https:\/\/www.chinee-inflatable.com\/es\/producto\/t8-3805-jungle-theme-with-coconut-tree-commercial-party-fun-for-kids-inflatable-water-slide-with-pool\/","og_site_name":"Chinee Inflatable","article_publisher":"https:\/\/www.facebook.com\/ChineeInflatabletian\/","article_modified_time":"2026-02-04T03:32:36+00:00","og_image":[{"width":1199,"height":899,"url":"https:\/\/www.chinee-inflatable.com\/wp-content\/uploads\/2021\/10\/DJI_0714.jpg","type":"image\/jpeg"}],"twitter_card":"summary_large_image","twitter_description":"Model: T8-3805 ; Size : 8\u00d73\u00d75 m \/ 26.2\u00d79.8\u00d716.4 ft ; Weight: 120 Kg \/ 264.6 lbs ; Material: 0.55 mm and 0.9 mm PVC Tarpaulin","schema":{"@context":"https:\/\/schema.org","@graph":[{"@type":"WebPage","@id":"https:\/\/www.chinee-inflatable.com\/product\/t8-3805-jungle-theme-with-coconut-tree-commercial-party-fun-for-kids-inflatable-water-slide-with-pool\/","url":"https:\/\/www.chinee-inflatable.com\/product\/t8-3805-jungle-theme-with-coconut-tree-commercial-party-fun-for-kids-inflatable-water-slide-with-pool\/","name":"T8-3805 Jungle Theme With Coconut Tree Commercial Party Fun For Kids Inflatable Water Slide With Pool - Chinee Inflatable","isPartOf":{"@id":"https:\/\/www.chinee-inflatable.com\/#website"},"primaryImageOfPage":{"@id":"https:\/\/www.chinee-inflatable.com\/product\/t8-3805-jungle-theme-with-coconut-tree-commercial-party-fun-for-kids-inflatable-water-slide-with-pool\/#primaryimage"},"image":{"@id":"https:\/\/www.chinee-inflatable.com\/product\/t8-3805-jungle-theme-with-coconut-tree-commercial-party-fun-for-kids-inflatable-water-slide-with-pool\/#primaryimage"},"thumbnailUrl":"https:\/\/www.chinee-inflatable.com\/wp-content\/uploads\/2021\/10\/DJI_0714.jpg","datePublished":"2021-10-16T09:17:33+00:00","dateModified":"2026-02-04T03:32:36+00:00","description":"Model: T8-3805 ; Size : 8\u00d73\u00d75 m \/ 26.2\u00d79.8\u00d716.4 ft ; Weight: 120 Kg \/ 264.6 lbs ; Material: 0.55 mm and 0.9 mm PVC Tarpaulin","breadcrumb":{"@id":"https:\/\/www.chinee-inflatable.com\/product\/t8-3805-jungle-theme-with-coconut-tree-commercial-party-fun-for-kids-inflatable-water-slide-with-pool\/#breadcrumb"},"inLanguage":"es","potentialAction":[{"@type":"ReadAction","target":["https:\/\/www.chinee-inflatable.com\/product\/t8-3805-jungle-theme-with-coconut-tree-commercial-party-fun-for-kids-inflatable-water-slide-with-pool\/"]}]},{"@type":"ImageObject","inLanguage":"es","@id":"https:\/\/www.chinee-inflatable.com\/product\/t8-3805-jungle-theme-with-coconut-tree-commercial-party-fun-for-kids-inflatable-water-slide-with-pool\/#primaryimage","url":"https:\/\/www.chinee-inflatable.com\/wp-content\/uploads\/2021\/10\/DJI_0714.jpg","contentUrl":"https:\/\/www.chinee-inflatable.com\/wp-content\/uploads\/2021\/10\/DJI_0714.jpg","width":1199,"height":899},{"@type":"BreadcrumbList","@id":"https:\/\/www.chinee-inflatable.com\/product\/t8-3805-jungle-theme-with-coconut-tree-commercial-party-fun-for-kids-inflatable-water-slide-with-pool\/#breadcrumb","itemListElement":[{"@type":"ListItem","position":1,"name":"Home","item":"https:\/\/www.chinee-inflatable.com\/"},{"@type":"ListItem","position":2,"name":"Products","item":"https:\/\/www.chinee-inflatable.com\/shop\/"},{"@type":"ListItem","position":3,"name":"T8-3805 Jungle Theme With Coconut Tree Commercial Party Fun For Kids Inflatable Water Slide With Pool"}]},{"@type":"WebSite","@id":"https:\/\/www.chinee-inflatable.com\/#website","url":"https:\/\/www.chinee-inflatable.com\/","name":"Chinee Inflatable Factory","description":"Offer you lower price &amp; higher quality inflatables.","publisher":{"@id":"https:\/\/www.chinee-inflatable.com\/#organization"},"alternateName":"Chinee Inflatable Bounce","potentialAction":[{"@type":"SearchAction","target":{"@type":"EntryPoint","urlTemplate":"https:\/\/www.chinee-inflatable.com\/?s={search_term_string}"},"query-input":{"@type":"PropertyValueSpecification","valueRequired":true,"valueName":"search_term_string"}}],"inLanguage":"es"},{"@type":"Organization","@id":"https:\/\/www.chinee-inflatable.com\/#organization","name":"Chinee Inflatable","alternateName":"Chinee Inflatable Bounce","url":"https:\/\/www.chinee-inflatable.com\/","logo":{"@type":"ImageObject","inLanguage":"es","@id":"https:\/\/www.chinee-inflatable.com\/#\/schema\/logo\/image\/","url":"https:\/\/www.chinee-inflatable.com\/wp-content\/uploads\/2021\/11\/cropped-CHINEE-INFLATABLE-LOGO.png","contentUrl":"https:\/\/www.chinee-inflatable.com\/wp-content\/uploads\/2021\/11\/cropped-CHINEE-INFLATABLE-LOGO.png","width":200,"height":190,"caption":"Chinee Inflatable"},"image":{"@id":"https:\/\/www.chinee-inflatable.com\/#\/schema\/logo\/image\/"},"sameAs":["https:\/\/www.facebook.com\/ChineeInflatabletian\/"],"description":"Chinee Inflatable established in 1998, Chinee has grown to become one of the largest inflatable manufacturers in China.At Chinee, we take pride in our skilled workforce and our ability to cater to the unique needs of our clients. We specialize in producing custom inflatable designs, providing our clients with a diverse range of options for their specific requirements.","email":"info@chinee-inflatable.com","telephone":"+86-18826065077","legalName":"Chinee Inflatable","foundingDate":"1998-01-02","numberOfEmployees":{"@type":"QuantitativeValue","minValue":"501","maxValue":"1000"}}]}},"_links":{"self":[{"href":"https:\/\/www.chinee-inflatable.com\/es\/wp-json\/wp\/v2\/product\/19081","targetHints":{"allow":["GET"]}}],"collection":[{"href":"https:\/\/www.chinee-inflatable.com\/es\/wp-json\/wp\/v2\/product"}],"about":[{"href":"https:\/\/www.chinee-inflatable.com\/es\/wp-json\/wp\/v2\/types\/product"}],"wp:featuredmedia":[{"embeddable":true,"href":"https:\/\/www.chinee-inflatable.com\/es\/wp-json\/wp\/v2\/media\/19171"}],"wp:attachment":[{"href":"https:\/\/www.chinee-inflatable.com\/es\/wp-json\/wp\/v2\/media?parent=19081"}],"wp:term":[{"taxonomy":"product_brand","embeddable":true,"href":"https:\/\/www.chinee-inflatable.com\/es\/wp-json\/wp\/v2\/product_brand?post=19081"},{"taxonomy":"product_cat","embeddable":true,"href":"https:\/\/www.chinee-inflatable.com\/es\/wp-json\/wp\/v2\/product_cat?post=19081"},{"taxonomy":"product_tag","embeddable":true,"href":"https:\/\/www.chinee-inflatable.com\/es\/wp-json\/wp\/v2\/product_tag?post=19081"}],"curies":[{"name":"wp","href":"https:\/\/api.w.org\/{rel}","templated":true}]}}