{"id":51298,"date":"2022-04-27T11:17:46","date_gmt":"2022-04-27T03:17:46","guid":{"rendered":"http:\/\/www.chinee-inflatable.com\/?page_id=51298"},"modified":"2026-01-29T10:08:22","modified_gmt":"2026-01-29T02:08:22","slug":"privacy-policy","status":"publish","type":"page","link":"https:\/\/www.chinee-inflatable.com\/es\/privacy-policy\/","title":{"rendered":"Pol\u00edtica de privacidad"},"content":{"rendered":"<div data-elementor-type=\"wp-page\" data-elementor-id=\"51298\" class=\"elementor elementor-51298\" data-elementor-post-type=\"page\">\n\t\t\t\t\t\t<section class=\"elementor-section elementor-top-section elementor-element elementor-element-6cfe4af elementor-section-boxed elementor-section-height-default elementor-section-height-default\" data-id=\"6cfe4af\" data-element_type=\"section\">\n\t\t\t\t\t\t<div class=\"elementor-container elementor-column-gap-default\">\n\t\t\t\t\t<div class=\"elementor-column elementor-col-100 elementor-top-column elementor-element elementor-element-3c5ffec\" data-id=\"3c5ffec\" data-element_type=\"column\">\n\t\t\t<div class=\"elementor-widget-wrap elementor-element-populated\">\n\t\t\t\t\t\t<div class=\"elementor-element elementor-element-89c6fff elementor-widget elementor-widget-heading\" data-id=\"89c6fff\" data-element_type=\"widget\" data-widget_type=\"heading.default\">\n\t\t\t\t<div class=\"elementor-widget-container\">\n\t\t\t\t\t<h2 class=\"elementor-heading-title elementor-size-default\">Pol\u00edtica de privacidad<\/h2>\t\t\t\t<\/div>\n\t\t\t\t<\/div>\n\t\t\t\t<div class=\"elementor-element elementor-element-da50e06 elementor-widget elementor-widget-text-editor\" data-id=\"da50e06\" data-element_type=\"widget\" data-widget_type=\"text-editor.default\">\n\t\t\t\t<div class=\"elementor-widget-container\">\n\t\t\t\t\t\t\t\t\tLa privacidad es un derecho importante para usted, y proporcionarnos su informaci\u00f3n personal se basa en la confianza en nosotros y en que trataremos su informaci\u00f3n personal de forma responsable. Creemos que la informaci\u00f3n que nos proporciona s\u00f3lo puede utilizarse para ayudarnos a ofrecerle un mejor servicio. Por lo tanto, hemos formulado nuestro sistema de confidencialidad de la informaci\u00f3n personal en l\u00ednea para proteger su informaci\u00f3n personal. A continuaci\u00f3n encontrar\u00e1 un resumen de nuestra pol\u00edtica de confidencialidad de la informaci\u00f3n personal:\t\t\t\t\t\t\t\t<\/div>\n\t\t\t\t<\/div>\n\t\t\t\t<div class=\"elementor-element elementor-element-4a06e3d elementor-widget elementor-widget-heading\" data-id=\"4a06e3d\" data-element_type=\"widget\" data-widget_type=\"heading.default\">\n\t\t\t\t<div class=\"elementor-widget-container\">\n\t\t\t\t\t<h3 class=\"elementor-heading-title elementor-size-default\">1. Sobre la recogida de sus datos<\/h3>\t\t\t\t<\/div>\n\t\t\t\t<\/div>\n\t\t\t\t<div class=\"elementor-element elementor-element-90a72d1 elementor-widget elementor-widget-text-editor\" data-id=\"90a72d1\" data-element_type=\"widget\" data-widget_type=\"text-editor.default\">\n\t\t\t\t<div class=\"elementor-widget-container\">\n\t\t\t\t\t\t\t\t\tEn nuestro sitio web puede pedir productos o solicitar asistencia. En estas p\u00e1ginas, la informaci\u00f3n personal que debe facilitar incluye: nombre, direcci\u00f3n de correo electr\u00f3nico, n\u00famero de tel\u00e9fono y contenido del mensaje. Para poder ofrecerle un mejor servicio y ayudarle a resolver problemas relacionados con sus necesidades, tomaremos la iniciativa de responder a su correo electr\u00f3nico despu\u00e9s de que deje un mensaje. Usted decide si desea unirse o no. Mejoraremos continuamente nuestros productos y servicios para crear y ofrecer productos y servicios que satisfagan mejor sus necesidades, y tambi\u00e9n podemos pedirle que nos proporcione informaci\u00f3n sobre sus intereses personales o profesionales, datos demogr\u00e1ficos, experiencia en el uso de nuestros productos y sus datos de contacto favoritos, etc.\t\t\t\t\t\t\t\t<\/div>\n\t\t\t\t<\/div>\n\t\t\t\t<div class=\"elementor-element elementor-element-6a73b70 elementor-widget elementor-widget-heading\" data-id=\"6a73b70\" data-element_type=\"widget\" data-widget_type=\"heading.default\">\n\t\t\t\t<div class=\"elementor-widget-container\">\n\t\t\t\t\t<h3 class=\"elementor-heading-title elementor-size-default\">2. Sobre su uso de la informaci\u00f3n<\/h3>\t\t\t\t<\/div>\n\t\t\t\t<\/div>\n\t\t\t\t<div class=\"elementor-element elementor-element-3ed6c15 elementor-widget elementor-widget-text-editor\" data-id=\"3ed6c15\" data-element_type=\"widget\" data-widget_type=\"text-editor.default\">\n\t\t\t\t<div class=\"elementor-widget-container\">\n\t\t\t\t\t\t\t\t\tLa informaci\u00f3n que nos facilite ser\u00e1 estrictamente confidencial. Nuestra empresa utiliza su informaci\u00f3n \u00fanicamente para comprender mejor sus necesidades y ofrecerle mejores servicios, ayudarle a completar las transacciones de compra, ponerse en contacto con usted en el futuro y actualizar los servicios en su beneficio, as\u00ed como proporcionarle informaci\u00f3n sobre productos que satisfagan mejor sus intereses personales.\t\t\t\t\t\t\t\t<\/div>\n\t\t\t\t<\/div>\n\t\t\t\t<div class=\"elementor-element elementor-element-a981b9f elementor-widget elementor-widget-heading\" data-id=\"a981b9f\" data-element_type=\"widget\" data-widget_type=\"heading.default\">\n\t\t\t\t<div class=\"elementor-widget-container\">\n\t\t\t\t\t<h2 class=\"elementor-heading-title elementor-size-default\">3. Sobre el control de su informaci\u00f3n<\/h2>\t\t\t\t<\/div>\n\t\t\t\t<\/div>\n\t\t\t\t<div class=\"elementor-element elementor-element-689b2fc elementor-widget elementor-widget-text-editor\" data-id=\"689b2fc\" data-element_type=\"widget\" data-widget_type=\"text-editor.default\">\n\t\t\t\t<div class=\"elementor-widget-container\">\n\t\t\t\t\t\t\t\t\tCuando nos proporcione informaci\u00f3n personal dejando un mensaje o de otro modo, nuestra empresa no vender\u00e1 ni alquilar\u00e1 su informaci\u00f3n personal identificable a terceros. Una vez que nuestros agentes est\u00e9n autorizados a utilizar su informaci\u00f3n personal y la informaci\u00f3n de la encuesta, dicha informaci\u00f3n debe mantenerse estrictamente confidencial y no se utilizar\u00e1 para ning\u00fan fin distinto de los autorizados por nuestra empresa. Nuestra empresa no utilizar\u00e1 ni compartir\u00e1 libremente la informaci\u00f3n personal identificable que usted nos proporcione de forma no relacionada con lo anterior sin su previo conocimiento y autorizaci\u00f3n. Su licencia siempre est\u00e1 garantizada en primer lugar, y nunca compartiremos su informaci\u00f3n con ning\u00fan tercero que no represente a nuestra empresa y no est\u00e9 obligado por nuestra pol\u00edtica de privacidad.\nPodemos organizar o combinar la informaci\u00f3n recogida en el sitio web con datos de terceros y utilizarla para ofrecerle productos o servicios.\n\t\t\t\t\t\t\t\t<\/div>\n\t\t\t\t<\/div>\n\t\t\t\t<div class=\"elementor-element elementor-element-b053d07 elementor-widget elementor-widget-heading\" data-id=\"b053d07\" data-element_type=\"widget\" data-widget_type=\"heading.default\">\n\t\t\t\t<div class=\"elementor-widget-container\">\n\t\t\t\t\t<h2 class=\"elementor-heading-title elementor-size-default\">4. Acceso a su informaci\u00f3n<\/h2>\t\t\t\t<\/div>\n\t\t\t\t<\/div>\n\t\t\t\t<div class=\"elementor-element elementor-element-2b4d1b6 elementor-widget elementor-widget-text-editor\" data-id=\"2b4d1b6\" data-element_type=\"widget\" data-widget_type=\"text-editor.default\">\n\t\t\t\t<div class=\"elementor-widget-container\">\n\t\t\t\t\t\t\t\t\tCon el fin de proteger su privacidad y seguridad, nuestra empresa tomar\u00e1 medidas razonables para verificar su identidad antes de enviarnos informaci\u00f3n. Y proporcionarle m\u00e1s informaci\u00f3n sobre los productos que visita en el sitio web. Para que pueda obtener los servicios o productos que desee.\t\t\t\t\t\t\t\t<\/div>\n\t\t\t\t<\/div>\n\t\t\t\t<div class=\"elementor-element elementor-element-1e09273 elementor-widget elementor-widget-heading\" data-id=\"1e09273\" data-element_type=\"widget\" data-widget_type=\"heading.default\">\n\t\t\t\t<div class=\"elementor-widget-container\">\n\t\t\t\t\t<h2 class=\"elementor-heading-title elementor-size-default\">5. Seguridad de su informaci\u00f3n<\/h2>\t\t\t\t<\/div>\n\t\t\t\t<\/div>\n\t\t\t\t<div class=\"elementor-element elementor-element-c51df80 elementor-widget elementor-widget-text-editor\" data-id=\"c51df80\" data-element_type=\"widget\" data-widget_type=\"text-editor.default\">\n\t\t\t\t<div class=\"elementor-widget-container\">\n\t\t\t\t\t\t\t\t\tPonemos especial cuidado en proteger sus datos de p\u00e9rdidas, usos indebidos, accesos no autorizados o divulgaci\u00f3n, alteraci\u00f3n o destrucci\u00f3n. Dentro de la empresa, los datos se almacenan en servidores controlados por contrase\u00f1a, y el acceso est\u00e1 restringido.\nNos esforzaremos sinceramente por ponernos en contacto con usted a tiempo para responder a sus necesidades.\t\t\t\t\t\t\t\t<\/div>\n\t\t\t\t<\/div>\n\t\t\t\t<div class=\"elementor-element elementor-element-2260901 elementor-widget elementor-widget-heading\" data-id=\"2260901\" data-element_type=\"widget\" data-widget_type=\"heading.default\">\n\t\t\t\t<div class=\"elementor-widget-container\">\n\t\t\t\t\t<h2 class=\"elementor-heading-title elementor-size-default\">6. Acerca del uso de la tecnolog\u00eda cookie<\/h2>\t\t\t\t<\/div>\n\t\t\t\t<\/div>\n\t\t\t\t<div class=\"elementor-element elementor-element-44f8556 elementor-widget elementor-widget-text-editor\" data-id=\"44f8556\" data-element_type=\"widget\" data-widget_type=\"text-editor.default\">\n\t\t\t\t<div class=\"elementor-widget-container\">\n\t\t\t\t\t\t\t\t\tCon la aplicaci\u00f3n de diversas nuevas tecnolog\u00edas en Internet, nuestra empresa aporta una experiencia personalizada a los visitantes. Utilizamos la tecnolog\u00eda de las cookies para analizar el uso de nuestras p\u00e1ginas web. Una cookie es un fragmento de texto que se coloca en el disco duro de su ordenador y que le pide permiso. El uso de esta tecnolog\u00eda no significa que obtengamos autom\u00e1ticamente ninguna informaci\u00f3n sobre usted. Podemos determinar el tipo de ordenador que utiliza, pero el objetivo principal del uso de cookies es ofrecerle una mejor experiencia al visitar nuestro sitio web. No pretendemos en absoluto vulnerar su intimidad cuando utilice nuestro sitio web.<br>\nTambi\u00e9n puede configurar su navegador de Internet (Microsoft Internet Explorer o Netscape Navigator) para que le notifique las solicitudes de instalaci\u00f3n de cookies o para rechazarlas por completo. Puede eliminar los archivos que contienen cookies; estos archivos se guardan como parte de su navegador de Internet.\n\t\t\t\t\t\t\t\t<\/div>\n\t\t\t\t<\/div>\n\t\t\t\t<div class=\"elementor-element elementor-element-5dc16ca elementor-widget elementor-widget-heading\" data-id=\"5dc16ca\" data-element_type=\"widget\" data-widget_type=\"heading.default\">\n\t\t\t\t<div class=\"elementor-widget-container\">\n\t\t\t\t\t<h2 class=\"elementor-heading-title elementor-size-default\">7. Modificaciones de esta Declaraci\u00f3n<\/h2>\t\t\t\t<\/div>\n\t\t\t\t<\/div>\n\t\t\t\t<div class=\"elementor-element elementor-element-d2be824 elementor-widget elementor-widget-text-editor\" data-id=\"d2be824\" data-element_type=\"widget\" data-widget_type=\"text-editor.default\">\n\t\t\t\t<div class=\"elementor-widget-container\">\n\t\t\t\t\t\t\t\t\tEl derecho a interpretar esta declaraci\u00f3n y el derecho a interpretar el uso de este sitio web se atribuye a nuestra empresa. Ocasionalmente actualizamos esta Declaraci\u00f3n de Privacidad. Al actualizarla, tambi\u00e9n revisaremos la fecha de \"\u00daltima actualizaci\u00f3n\" que aparece en la parte inferior de la Declaraci\u00f3n de privacidad. Si se producen cambios sustanciales en esta declaraci\u00f3n, nuestra empresa lo notificar\u00e1 a los usuarios colocando un aviso destacado en el sitio web.\t\t\t\t\t\t\t\t<\/div>\n\t\t\t\t<\/div>\n\t\t\t\t\t<\/div>\n\t\t<\/div>\n\t\t\t\t\t<\/div>\n\t\t<\/section>\n\t\t\t\t<\/div>","protected":false},"excerpt":{"rendered":"<p>Privacy Policy Privacy is your important right, and providing us with your personal information is based on trusting us and trusting that we will treat your personal information responsibly. We believe that the information you provide can only be used to help us provide you with better service. Therefore, we have formulated our online personal &#8230; <a title=\"Pol\u00edtica de privacidad\" class=\"read-more\" href=\"https:\/\/www.chinee-inflatable.com\/es\/privacy-policy\/\" aria-label=\"M\u00e1s en Privacy Policy\">Leer m\u00e1s<\/a><\/p>","protected":false},"author":1,"featured_media":0,"parent":0,"menu_order":0,"comment_status":"closed","ping_status":"closed","template":"elementor_header_footer","meta":{"_acf_changed":false,"footnotes":""},"class_list":["post-51298","page","type-page","status-publish"],"acf":[],"yoast_head":"<!-- This site is optimized with the Yoast SEO Premium plugin v24.1 (Yoast SEO v25.0) - https:\/\/yoast.com\/wordpress\/plugins\/seo\/ -->\n<title>Privacy Policy - Chinee Inflatable<\/title>\n<meta name=\"description\" content=\"Privacy Policy Chinee Inflatable\" \/>\n<meta name=\"robots\" content=\"index, follow, max-snippet:-1, max-image-preview:large, max-video-preview:-1\" \/>\n<link rel=\"canonical\" href=\"https:\/\/www.chinee-inflatable.com\/es\/privacy-policy\/\" \/>\n<meta property=\"og:locale\" content=\"es_ES\" \/>\n<meta property=\"og:type\" content=\"article\" \/>\n<meta property=\"og:title\" content=\"Privacy Policy Chinee Inflatable\" \/>\n<meta property=\"og:description\" content=\"Privacy Policy Chinee Inflatable\" \/>\n<meta property=\"og:url\" content=\"https:\/\/www.chinee-inflatable.com\/es\/privacy-policy\/\" \/>\n<meta property=\"og:site_name\" content=\"Chinee Inflatable\" \/>\n<meta property=\"article:publisher\" content=\"https:\/\/www.facebook.com\/ChineeInflatabletian\/\" \/>\n<meta property=\"article:modified_time\" content=\"2026-01-29T02:08:22+00:00\" \/>\n<meta property=\"og:image\" content=\"https:\/\/www.chinee-inflatable.com\/wp-content\/uploads\/2024\/11\/DJI_0267.jpg\" \/>\n\t<meta property=\"og:image:width\" content=\"1200\" \/>\n\t<meta property=\"og:image:height\" content=\"900\" \/>\n\t<meta property=\"og:image:type\" content=\"image\/jpeg\" \/>\n<meta name=\"twitter:card\" content=\"summary_large_image\" \/>\n<meta name=\"twitter:label1\" content=\"Tiempo de lectura\" \/>\n\t<meta name=\"twitter:data1\" content=\"4 minutos\" \/>\n<script type=\"application\/ld+json\" class=\"yoast-schema-graph\">{\"@context\":\"https:\/\/schema.org\",\"@graph\":[{\"@type\":\"WebPage\",\"@id\":\"https:\/\/www.chinee-inflatable.com\/privacy-policy\/\",\"url\":\"https:\/\/www.chinee-inflatable.com\/privacy-policy\/\",\"name\":\"Privacy Policy - Chinee Inflatable\",\"isPartOf\":{\"@id\":\"https:\/\/www.chinee-inflatable.com\/#website\"},\"datePublished\":\"2022-04-27T03:17:46+00:00\",\"dateModified\":\"2026-01-29T02:08:22+00:00\",\"description\":\"Privacy Policy Chinee Inflatable\",\"breadcrumb\":{\"@id\":\"https:\/\/www.chinee-inflatable.com\/privacy-policy\/#breadcrumb\"},\"inLanguage\":\"es\",\"potentialAction\":[{\"@type\":\"ReadAction\",\"target\":[\"https:\/\/www.chinee-inflatable.com\/privacy-policy\/\"]}]},{\"@type\":\"BreadcrumbList\",\"@id\":\"https:\/\/www.chinee-inflatable.com\/privacy-policy\/#breadcrumb\",\"itemListElement\":[{\"@type\":\"ListItem\",\"position\":1,\"name\":\"Home\",\"item\":\"https:\/\/www.chinee-inflatable.com\/\"},{\"@type\":\"ListItem\",\"position\":2,\"name\":\"Privacy Policy\"}]},{\"@type\":\"WebSite\",\"@id\":\"https:\/\/www.chinee-inflatable.com\/#website\",\"url\":\"https:\/\/www.chinee-inflatable.com\/\",\"name\":\"Chinee Inflatable Factory\",\"description\":\"Offer you lower price &amp; higher quality inflatables.\",\"publisher\":{\"@id\":\"https:\/\/www.chinee-inflatable.com\/#organization\"},\"alternateName\":\"Chinee Inflatable Bounce\",\"potentialAction\":[{\"@type\":\"SearchAction\",\"target\":{\"@type\":\"EntryPoint\",\"urlTemplate\":\"https:\/\/www.chinee-inflatable.com\/?s={search_term_string}\"},\"query-input\":{\"@type\":\"PropertyValueSpecification\",\"valueRequired\":true,\"valueName\":\"search_term_string\"}}],\"inLanguage\":\"es\"},{\"@type\":\"Organization\",\"@id\":\"https:\/\/www.chinee-inflatable.com\/#organization\",\"name\":\"Chinee Inflatable\",\"alternateName\":\"Chinee Inflatable Bounce\",\"url\":\"https:\/\/www.chinee-inflatable.com\/\",\"logo\":{\"@type\":\"ImageObject\",\"inLanguage\":\"es\",\"@id\":\"https:\/\/www.chinee-inflatable.com\/#\/schema\/logo\/image\/\",\"url\":\"https:\/\/www.chinee-inflatable.com\/wp-content\/uploads\/2021\/11\/cropped-CHINEE-INFLATABLE-LOGO.png\",\"contentUrl\":\"https:\/\/www.chinee-inflatable.com\/wp-content\/uploads\/2021\/11\/cropped-CHINEE-INFLATABLE-LOGO.png\",\"width\":200,\"height\":190,\"caption\":\"Chinee Inflatable\"},\"image\":{\"@id\":\"https:\/\/www.chinee-inflatable.com\/#\/schema\/logo\/image\/\"},\"sameAs\":[\"https:\/\/www.facebook.com\/ChineeInflatabletian\/\"],\"description\":\"Chinee Inflatable established in 1998, Chinee has grown to become one of the largest inflatable manufacturers in China.At Chinee, we take pride in our skilled workforce and our ability to cater to the unique needs of our clients. We specialize in producing custom inflatable designs, providing our clients with a diverse range of options for their specific requirements.\",\"email\":\"info@chinee-inflatable.com\",\"telephone\":\"+86-18826065077\",\"legalName\":\"Chinee Inflatable\",\"foundingDate\":\"1998-01-02\",\"numberOfEmployees\":{\"@type\":\"QuantitativeValue\",\"minValue\":\"501\",\"maxValue\":\"1000\"}}]}<\/script>\n<!-- \/ Yoast SEO Premium plugin. -->","yoast_head_json":{"title":"Privacy Policy - Chinee Inflatable","description":"Privacy Policy Chinee Inflatable","robots":{"index":"index","follow":"follow","max-snippet":"max-snippet:-1","max-image-preview":"max-image-preview:large","max-video-preview":"max-video-preview:-1"},"canonical":"https:\/\/www.chinee-inflatable.com\/es\/privacy-policy\/","og_locale":"es_ES","og_type":"article","og_title":"Privacy Policy Chinee Inflatable","og_description":"Privacy Policy Chinee Inflatable","og_url":"https:\/\/www.chinee-inflatable.com\/es\/privacy-policy\/","og_site_name":"Chinee Inflatable","article_publisher":"https:\/\/www.facebook.com\/ChineeInflatabletian\/","article_modified_time":"2026-01-29T02:08:22+00:00","og_image":[{"width":1200,"height":900,"url":"https:\/\/www.chinee-inflatable.com\/wp-content\/uploads\/2024\/11\/DJI_0267.jpg","type":"image\/jpeg"}],"twitter_card":"summary_large_image","twitter_misc":{"Tiempo de lectura":"4 minutos"},"schema":{"@context":"https:\/\/schema.org","@graph":[{"@type":"WebPage","@id":"https:\/\/www.chinee-inflatable.com\/privacy-policy\/","url":"https:\/\/www.chinee-inflatable.com\/privacy-policy\/","name":"Privacy Policy - Chinee Inflatable","isPartOf":{"@id":"https:\/\/www.chinee-inflatable.com\/#website"},"datePublished":"2022-04-27T03:17:46+00:00","dateModified":"2026-01-29T02:08:22+00:00","description":"Privacy Policy Chinee Inflatable","breadcrumb":{"@id":"https:\/\/www.chinee-inflatable.com\/privacy-policy\/#breadcrumb"},"inLanguage":"es","potentialAction":[{"@type":"ReadAction","target":["https:\/\/www.chinee-inflatable.com\/privacy-policy\/"]}]},{"@type":"BreadcrumbList","@id":"https:\/\/www.chinee-inflatable.com\/privacy-policy\/#breadcrumb","itemListElement":[{"@type":"ListItem","position":1,"name":"Home","item":"https:\/\/www.chinee-inflatable.com\/"},{"@type":"ListItem","position":2,"name":"Privacy Policy"}]},{"@type":"WebSite","@id":"https:\/\/www.chinee-inflatable.com\/#website","url":"https:\/\/www.chinee-inflatable.com\/","name":"Chinee Inflatable Factory","description":"Offer you lower price &amp; higher quality inflatables.","publisher":{"@id":"https:\/\/www.chinee-inflatable.com\/#organization"},"alternateName":"Chinee Inflatable Bounce","potentialAction":[{"@type":"SearchAction","target":{"@type":"EntryPoint","urlTemplate":"https:\/\/www.chinee-inflatable.com\/?s={search_term_string}"},"query-input":{"@type":"PropertyValueSpecification","valueRequired":true,"valueName":"search_term_string"}}],"inLanguage":"es"},{"@type":"Organization","@id":"https:\/\/www.chinee-inflatable.com\/#organization","name":"Chinee Inflatable","alternateName":"Chinee Inflatable Bounce","url":"https:\/\/www.chinee-inflatable.com\/","logo":{"@type":"ImageObject","inLanguage":"es","@id":"https:\/\/www.chinee-inflatable.com\/#\/schema\/logo\/image\/","url":"https:\/\/www.chinee-inflatable.com\/wp-content\/uploads\/2021\/11\/cropped-CHINEE-INFLATABLE-LOGO.png","contentUrl":"https:\/\/www.chinee-inflatable.com\/wp-content\/uploads\/2021\/11\/cropped-CHINEE-INFLATABLE-LOGO.png","width":200,"height":190,"caption":"Chinee Inflatable"},"image":{"@id":"https:\/\/www.chinee-inflatable.com\/#\/schema\/logo\/image\/"},"sameAs":["https:\/\/www.facebook.com\/ChineeInflatabletian\/"],"description":"Chinee Inflatable established in 1998, Chinee has grown to become one of the largest inflatable manufacturers in China.At Chinee, we take pride in our skilled workforce and our ability to cater to the unique needs of our clients. We specialize in producing custom inflatable designs, providing our clients with a diverse range of options for their specific requirements.","email":"info@chinee-inflatable.com","telephone":"+86-18826065077","legalName":"Chinee Inflatable","foundingDate":"1998-01-02","numberOfEmployees":{"@type":"QuantitativeValue","minValue":"501","maxValue":"1000"}}]}},"_links":{"self":[{"href":"https:\/\/www.chinee-inflatable.com\/es\/wp-json\/wp\/v2\/pages\/51298","targetHints":{"allow":["GET"]}}],"collection":[{"href":"https:\/\/www.chinee-inflatable.com\/es\/wp-json\/wp\/v2\/pages"}],"about":[{"href":"https:\/\/www.chinee-inflatable.com\/es\/wp-json\/wp\/v2\/types\/page"}],"author":[{"embeddable":true,"href":"https:\/\/www.chinee-inflatable.com\/es\/wp-json\/wp\/v2\/users\/1"}],"replies":[{"embeddable":true,"href":"https:\/\/www.chinee-inflatable.com\/es\/wp-json\/wp\/v2\/comments?post=51298"}],"version-history":[{"count":1,"href":"https:\/\/www.chinee-inflatable.com\/es\/wp-json\/wp\/v2\/pages\/51298\/revisions"}],"predecessor-version":[{"id":87142,"href":"https:\/\/www.chinee-inflatable.com\/es\/wp-json\/wp\/v2\/pages\/51298\/revisions\/87142"}],"wp:attachment":[{"href":"https:\/\/www.chinee-inflatable.com\/es\/wp-json\/wp\/v2\/media?parent=51298"}],"curies":[{"name":"wp","href":"https:\/\/api.w.org\/{rel}","templated":true}]}}