{"id":82232,"date":"2025-08-21T15:05:48","date_gmt":"2025-08-21T07:05:48","guid":{"rendered":"https:\/\/www.chinee-inflatable.com\/product\/t6-889-pokemon-park\/"},"modified":"2025-08-21T16:21:30","modified_gmt":"2025-08-21T08:21:30","slug":"t6-889-pokemon-park","status":"publish","type":"product","link":"https:\/\/www.chinee-inflatable.com\/ar\/%d8%a7%d9%84%d9%85%d9%86%d8%aa%d8%ac\/t6-889-pokemon-park\/","title":{"rendered":"\u062d\u062f\u064a\u0642\u0629 \u0628\u0648\u0643\u064a\u0645\u0648\u0646 T6-889 \u0628\u0648\u0643\u064a\u0645\u0648\u0646 \u0628\u0627\u0631\u0643"},"content":{"rendered":"","protected":false},"excerpt":{"rendered":"","protected":false},"featured_media":82231,"template":"","meta":{"_acf_changed":false},"product_brand":[],"product_cat":[54],"product_tag":[331],"class_list":{"0":"post-82232","1":"product","2":"type-product","3":"status-publish","4":"has-post-thumbnail","6":"product_cat-inflatable-funcity-giant-inflatable-products","7":"product_tag-pokemon","9":"first","10":"instock","11":"shipping-taxable","12":"product-type-simple"},"acf":[],"gallery_images":[82233],"yoast_head":"<!-- This site is optimized with the Yoast SEO Premium plugin v24.1 (Yoast SEO v25.0) - https:\/\/yoast.com\/wordpress\/plugins\/seo\/ -->\n<title>T6-889 Pok\u00e9mon Park - Chinee Inflatable<\/title>\n<meta name=\"description\" content=\"Model: T6-889 ; Size : 10.2\u00d78.6\u00d78.7 m \/ 33.5\u00d728.2\u00d728.5 ft ; Weight: 460 Kg \/ 1,014.1 lbs ; Material: 0.55 mm and 0.9 mm PVC Tarpaulin\" \/>\n<meta name=\"robots\" content=\"index, follow, max-snippet:-1, max-image-preview:large, max-video-preview:-1\" \/>\n<link rel=\"canonical\" href=\"https:\/\/www.chinee-inflatable.com\/ar\/\u0627\u0644\u0645\u0646\u062a\u062c\/t6-889-pokemon-park\/\" \/>\n<meta property=\"og:locale\" content=\"ar_AR\" \/>\n<meta property=\"og:type\" content=\"article\" \/>\n<meta property=\"og:title\" content=\"T6-889 Pok\u00e9mon Park\" \/>\n<meta property=\"og:description\" content=\"Model: T6-889 ; Size : 10.2\u00d78.6\u00d78.7 m \/ 33.5\u00d728.2\u00d728.5 ft ; Weight: 460 Kg \/ 1,014.1 lbs ; Material: 0.55 mm and 0.9 mm PVC Tarpaulin\" \/>\n<meta property=\"og:url\" content=\"https:\/\/www.chinee-inflatable.com\/ar\/\u0627\u0644\u0645\u0646\u062a\u062c\/t6-889-pokemon-park\/\" \/>\n<meta property=\"og:site_name\" content=\"Chinee Inflatable\" \/>\n<meta property=\"article:publisher\" content=\"https:\/\/www.facebook.com\/ChineeInflatabletian\/\" \/>\n<meta property=\"article:modified_time\" content=\"2025-08-21T08:21:30+00:00\" \/>\n<meta property=\"og:image\" content=\"https:\/\/www.chinee-inflatable.com\/wp-content\/uploads\/2025\/08\/T6-889.jpg\" \/>\n\t<meta property=\"og:image:width\" content=\"1000\" \/>\n\t<meta property=\"og:image:height\" content=\"954\" \/>\n\t<meta property=\"og:image:type\" content=\"image\/jpeg\" \/>\n<meta name=\"twitter:card\" content=\"summary_large_image\" \/>\n<meta name=\"twitter:description\" content=\"Model: T6-889 ; Size : 10.2\u00d78.6\u00d78.7 m \/ 33.5\u00d728.2\u00d728.5 ft ; Weight: 460 Kg \/ 1,014.1 lbs ; Material: 0.55 mm and 0.9 mm PVC Tarpaulin\" \/>\n<script type=\"application\/ld+json\" class=\"yoast-schema-graph\">{\"@context\":\"https:\/\/schema.org\",\"@graph\":[{\"@type\":\"WebPage\",\"@id\":\"https:\/\/www.chinee-inflatable.com\/product\/t6-889-pokemon-park\/\",\"url\":\"https:\/\/www.chinee-inflatable.com\/product\/t6-889-pokemon-park\/\",\"name\":\"T6-889 Pok\u00e9mon Park - Chinee Inflatable\",\"isPartOf\":{\"@id\":\"https:\/\/www.chinee-inflatable.com\/#website\"},\"primaryImageOfPage\":{\"@id\":\"https:\/\/www.chinee-inflatable.com\/product\/t6-889-pokemon-park\/#primaryimage\"},\"image\":{\"@id\":\"https:\/\/www.chinee-inflatable.com\/product\/t6-889-pokemon-park\/#primaryimage\"},\"thumbnailUrl\":\"https:\/\/www.chinee-inflatable.com\/wp-content\/uploads\/2025\/08\/T6-889.jpg\",\"datePublished\":\"2025-08-21T07:05:48+00:00\",\"dateModified\":\"2025-08-21T08:21:30+00:00\",\"description\":\"Model: T6-889 ; Size : 10.2\u00d78.6\u00d78.7 m \/ 33.5\u00d728.2\u00d728.5 ft ; Weight: 460 Kg \/ 1,014.1 lbs ; Material: 0.55 mm and 0.9 mm PVC Tarpaulin\",\"breadcrumb\":{\"@id\":\"https:\/\/www.chinee-inflatable.com\/product\/t6-889-pokemon-park\/#breadcrumb\"},\"inLanguage\":\"ar\",\"potentialAction\":[{\"@type\":\"ReadAction\",\"target\":[\"https:\/\/www.chinee-inflatable.com\/product\/t6-889-pokemon-park\/\"]}]},{\"@type\":\"ImageObject\",\"inLanguage\":\"ar\",\"@id\":\"https:\/\/www.chinee-inflatable.com\/product\/t6-889-pokemon-park\/#primaryimage\",\"url\":\"https:\/\/www.chinee-inflatable.com\/wp-content\/uploads\/2025\/08\/T6-889.jpg\",\"contentUrl\":\"https:\/\/www.chinee-inflatable.com\/wp-content\/uploads\/2025\/08\/T6-889.jpg\",\"width\":1000,\"height\":954,\"caption\":\"Inflatable Funcity\"},{\"@type\":\"BreadcrumbList\",\"@id\":\"https:\/\/www.chinee-inflatable.com\/product\/t6-889-pokemon-park\/#breadcrumb\",\"itemListElement\":[{\"@type\":\"ListItem\",\"position\":1,\"name\":\"Home\",\"item\":\"https:\/\/www.chinee-inflatable.com\/\"},{\"@type\":\"ListItem\",\"position\":2,\"name\":\"Products\",\"item\":\"https:\/\/www.chinee-inflatable.com\/shop\/\"},{\"@type\":\"ListItem\",\"position\":3,\"name\":\"T6-889 Pok\u00e9mon Park\"}]},{\"@type\":\"WebSite\",\"@id\":\"https:\/\/www.chinee-inflatable.com\/#website\",\"url\":\"https:\/\/www.chinee-inflatable.com\/\",\"name\":\"Chinee Inflatable Factory\",\"description\":\"Offer you lower price &amp; higher quality inflatables.\",\"publisher\":{\"@id\":\"https:\/\/www.chinee-inflatable.com\/#organization\"},\"alternateName\":\"Chinee Inflatable Bounce\",\"potentialAction\":[{\"@type\":\"SearchAction\",\"target\":{\"@type\":\"EntryPoint\",\"urlTemplate\":\"https:\/\/www.chinee-inflatable.com\/?s={search_term_string}\"},\"query-input\":{\"@type\":\"PropertyValueSpecification\",\"valueRequired\":true,\"valueName\":\"search_term_string\"}}],\"inLanguage\":\"ar\"},{\"@type\":\"Organization\",\"@id\":\"https:\/\/www.chinee-inflatable.com\/#organization\",\"name\":\"Chinee Inflatable\",\"alternateName\":\"Chinee Inflatable Bounce\",\"url\":\"https:\/\/www.chinee-inflatable.com\/\",\"logo\":{\"@type\":\"ImageObject\",\"inLanguage\":\"ar\",\"@id\":\"https:\/\/www.chinee-inflatable.com\/#\/schema\/logo\/image\/\",\"url\":\"https:\/\/www.chinee-inflatable.com\/wp-content\/uploads\/2021\/11\/cropped-CHINEE-INFLATABLE-LOGO.png\",\"contentUrl\":\"https:\/\/www.chinee-inflatable.com\/wp-content\/uploads\/2021\/11\/cropped-CHINEE-INFLATABLE-LOGO.png\",\"width\":200,\"height\":190,\"caption\":\"Chinee Inflatable\"},\"image\":{\"@id\":\"https:\/\/www.chinee-inflatable.com\/#\/schema\/logo\/image\/\"},\"sameAs\":[\"https:\/\/www.facebook.com\/ChineeInflatabletian\/\"],\"description\":\"Chinee Inflatable established in 1998, Chinee has grown to become one of the largest inflatable manufacturers in China.At Chinee, we take pride in our skilled workforce and our ability to cater to the unique needs of our clients. We specialize in producing custom inflatable designs, providing our clients with a diverse range of options for their specific requirements.\",\"email\":\"info@chinee-inflatable.com\",\"telephone\":\"+86-18826065077\",\"legalName\":\"Chinee Inflatable\",\"foundingDate\":\"1998-01-02\",\"numberOfEmployees\":{\"@type\":\"QuantitativeValue\",\"minValue\":\"501\",\"maxValue\":\"1000\"}}]}<\/script>\n<!-- \/ Yoast SEO Premium plugin. -->","yoast_head_json":{"title":"T6-889 Pok\u00e9mon Park - Chinee Inflatable","description":"Model: T6-889 ; Size : 10.2\u00d78.6\u00d78.7 m \/ 33.5\u00d728.2\u00d728.5 ft ; Weight: 460 Kg \/ 1,014.1 lbs ; Material: 0.55 mm and 0.9 mm PVC Tarpaulin","robots":{"index":"index","follow":"follow","max-snippet":"max-snippet:-1","max-image-preview":"max-image-preview:large","max-video-preview":"max-video-preview:-1"},"canonical":"https:\/\/www.chinee-inflatable.com\/ar\/\u0627\u0644\u0645\u0646\u062a\u062c\/t6-889-pokemon-park\/","og_locale":"ar_AR","og_type":"article","og_title":"T6-889 Pok\u00e9mon Park","og_description":"Model: T6-889 ; Size : 10.2\u00d78.6\u00d78.7 m \/ 33.5\u00d728.2\u00d728.5 ft ; Weight: 460 Kg \/ 1,014.1 lbs ; Material: 0.55 mm and 0.9 mm PVC Tarpaulin","og_url":"https:\/\/www.chinee-inflatable.com\/ar\/\u0627\u0644\u0645\u0646\u062a\u062c\/t6-889-pokemon-park\/","og_site_name":"Chinee Inflatable","article_publisher":"https:\/\/www.facebook.com\/ChineeInflatabletian\/","article_modified_time":"2025-08-21T08:21:30+00:00","og_image":[{"width":1000,"height":954,"url":"https:\/\/www.chinee-inflatable.com\/wp-content\/uploads\/2025\/08\/T6-889.jpg","type":"image\/jpeg"}],"twitter_card":"summary_large_image","twitter_description":"Model: T6-889 ; Size : 10.2\u00d78.6\u00d78.7 m \/ 33.5\u00d728.2\u00d728.5 ft ; Weight: 460 Kg \/ 1,014.1 lbs ; Material: 0.55 mm and 0.9 mm PVC Tarpaulin","schema":{"@context":"https:\/\/schema.org","@graph":[{"@type":"WebPage","@id":"https:\/\/www.chinee-inflatable.com\/product\/t6-889-pokemon-park\/","url":"https:\/\/www.chinee-inflatable.com\/product\/t6-889-pokemon-park\/","name":"T6-889 Pok\u00e9mon Park - Chinee Inflatable","isPartOf":{"@id":"https:\/\/www.chinee-inflatable.com\/#website"},"primaryImageOfPage":{"@id":"https:\/\/www.chinee-inflatable.com\/product\/t6-889-pokemon-park\/#primaryimage"},"image":{"@id":"https:\/\/www.chinee-inflatable.com\/product\/t6-889-pokemon-park\/#primaryimage"},"thumbnailUrl":"https:\/\/www.chinee-inflatable.com\/wp-content\/uploads\/2025\/08\/T6-889.jpg","datePublished":"2025-08-21T07:05:48+00:00","dateModified":"2025-08-21T08:21:30+00:00","description":"Model: T6-889 ; Size : 10.2\u00d78.6\u00d78.7 m \/ 33.5\u00d728.2\u00d728.5 ft ; Weight: 460 Kg \/ 1,014.1 lbs ; Material: 0.55 mm and 0.9 mm PVC Tarpaulin","breadcrumb":{"@id":"https:\/\/www.chinee-inflatable.com\/product\/t6-889-pokemon-park\/#breadcrumb"},"inLanguage":"ar","potentialAction":[{"@type":"ReadAction","target":["https:\/\/www.chinee-inflatable.com\/product\/t6-889-pokemon-park\/"]}]},{"@type":"ImageObject","inLanguage":"ar","@id":"https:\/\/www.chinee-inflatable.com\/product\/t6-889-pokemon-park\/#primaryimage","url":"https:\/\/www.chinee-inflatable.com\/wp-content\/uploads\/2025\/08\/T6-889.jpg","contentUrl":"https:\/\/www.chinee-inflatable.com\/wp-content\/uploads\/2025\/08\/T6-889.jpg","width":1000,"height":954,"caption":"Inflatable Funcity"},{"@type":"BreadcrumbList","@id":"https:\/\/www.chinee-inflatable.com\/product\/t6-889-pokemon-park\/#breadcrumb","itemListElement":[{"@type":"ListItem","position":1,"name":"Home","item":"https:\/\/www.chinee-inflatable.com\/"},{"@type":"ListItem","position":2,"name":"Products","item":"https:\/\/www.chinee-inflatable.com\/shop\/"},{"@type":"ListItem","position":3,"name":"T6-889 Pok\u00e9mon Park"}]},{"@type":"WebSite","@id":"https:\/\/www.chinee-inflatable.com\/#website","url":"https:\/\/www.chinee-inflatable.com\/","name":"Chinee Inflatable Factory","description":"Offer you lower price &amp; higher quality inflatables.","publisher":{"@id":"https:\/\/www.chinee-inflatable.com\/#organization"},"alternateName":"Chinee Inflatable Bounce","potentialAction":[{"@type":"SearchAction","target":{"@type":"EntryPoint","urlTemplate":"https:\/\/www.chinee-inflatable.com\/?s={search_term_string}"},"query-input":{"@type":"PropertyValueSpecification","valueRequired":true,"valueName":"search_term_string"}}],"inLanguage":"ar"},{"@type":"Organization","@id":"https:\/\/www.chinee-inflatable.com\/#organization","name":"Chinee Inflatable","alternateName":"Chinee Inflatable Bounce","url":"https:\/\/www.chinee-inflatable.com\/","logo":{"@type":"ImageObject","inLanguage":"ar","@id":"https:\/\/www.chinee-inflatable.com\/#\/schema\/logo\/image\/","url":"https:\/\/www.chinee-inflatable.com\/wp-content\/uploads\/2021\/11\/cropped-CHINEE-INFLATABLE-LOGO.png","contentUrl":"https:\/\/www.chinee-inflatable.com\/wp-content\/uploads\/2021\/11\/cropped-CHINEE-INFLATABLE-LOGO.png","width":200,"height":190,"caption":"Chinee Inflatable"},"image":{"@id":"https:\/\/www.chinee-inflatable.com\/#\/schema\/logo\/image\/"},"sameAs":["https:\/\/www.facebook.com\/ChineeInflatabletian\/"],"description":"Chinee Inflatable established in 1998, Chinee has grown to become one of the largest inflatable manufacturers in China.At Chinee, we take pride in our skilled workforce and our ability to cater to the unique needs of our clients. We specialize in producing custom inflatable designs, providing our clients with a diverse range of options for their specific requirements.","email":"info@chinee-inflatable.com","telephone":"+86-18826065077","legalName":"Chinee Inflatable","foundingDate":"1998-01-02","numberOfEmployees":{"@type":"QuantitativeValue","minValue":"501","maxValue":"1000"}}]}},"_links":{"self":[{"href":"https:\/\/www.chinee-inflatable.com\/ar\/wp-json\/wp\/v2\/product\/82232","targetHints":{"allow":["GET"]}}],"collection":[{"href":"https:\/\/www.chinee-inflatable.com\/ar\/wp-json\/wp\/v2\/product"}],"about":[{"href":"https:\/\/www.chinee-inflatable.com\/ar\/wp-json\/wp\/v2\/types\/product"}],"wp:featuredmedia":[{"embeddable":true,"href":"https:\/\/www.chinee-inflatable.com\/ar\/wp-json\/wp\/v2\/media\/82231"}],"wp:attachment":[{"href":"https:\/\/www.chinee-inflatable.com\/ar\/wp-json\/wp\/v2\/media?parent=82232"}],"wp:term":[{"taxonomy":"product_brand","embeddable":true,"href":"https:\/\/www.chinee-inflatable.com\/ar\/wp-json\/wp\/v2\/product_brand?post=82232"},{"taxonomy":"product_cat","embeddable":true,"href":"https:\/\/www.chinee-inflatable.com\/ar\/wp-json\/wp\/v2\/product_cat?post=82232"},{"taxonomy":"product_tag","embeddable":true,"href":"https:\/\/www.chinee-inflatable.com\/ar\/wp-json\/wp\/v2\/product_tag?post=82232"}],"curies":[{"name":"wp","href":"https:\/\/api.w.org\/{rel}","templated":true}]}}